{"id":32288,"date":"2016-07-21T12:39:06","date_gmt":"2016-07-21T10:39:06","guid":{"rendered":"https:\/\/www.burg.biz\/?post_type=product&#038;p=32288"},"modified":"2020-10-08T14:05:53","modified_gmt":"2020-10-08T12:05:53","slug":"kiel","status":"publish","type":"product","link":"https:\/\/test.burgwaechterservice.de\/fr\/p\/boites-aux-lettres\/kiel\/","title":{"rendered":"Kiel"},"content":{"rendered":"<p><img decoding=\"async\" class=\"alignnone wp-image-164057\" src=\"https:\/\/test.burgwaechterservice.de\/fr\/wp-content\/uploads\/sites\/4\/2016\/07\/Piano-Pearl-Kiel-Malm\u00f6-Verona-1.jpg\" alt=\"\" width=\"329\" height=\"118\" srcset=\"https:\/\/test.burgwaechterservice.de\/fr\/wp-content\/uploads\/sites\/4\/2016\/07\/Piano-Pearl-Kiel-Malm\u00f6-Verona-1.jpg 890w, https:\/\/test.burgwaechterservice.de\/fr\/wp-content\/uploads\/sites\/4\/2016\/07\/Piano-Pearl-Kiel-Malm\u00f6-Verona-1-300x108.jpg 300w, https:\/\/test.burgwaechterservice.de\/fr\/wp-content\/uploads\/sites\/4\/2016\/07\/Piano-Pearl-Kiel-Malm\u00f6-Verona-1-768x275.jpg 768w, https:\/\/test.burgwaechterservice.de\/fr\/wp-content\/uploads\/sites\/4\/2016\/07\/Piano-Pearl-Kiel-Malm\u00f6-Verona-1-600x215.jpg 600w\" sizes=\"(max-width: 329px) 100vw, 329px\" \/><a href=\"https:\/\/warranty.burg.biz\/bk\/\" target=\"_blank\" rel=\"noopener noreferrer\"><img decoding=\"async\" class=\"alignright wp-image-254979\" src=\"https:\/\/test.burgwaechterservice.de\/fr\/wp-content\/uploads\/sites\/4\/2016\/07\/Siegel_5_Jahre_Garantie_FR_-295x300.jpg\" alt=\"\" width=\"214\" height=\"218\" srcset=\"https:\/\/test.burgwaechterservice.de\/fr\/wp-content\/uploads\/sites\/4\/2016\/07\/Siegel_5_Jahre_Garantie_FR_-295x300.jpg 295w, https:\/\/test.burgwaechterservice.de\/fr\/wp-content\/uploads\/sites\/4\/2016\/07\/Siegel_5_Jahre_Garantie_FR_.jpg 485w\" sizes=\"(max-width: 214px) 100vw, 214px\" \/><br \/>\n<\/a><\/p>\n<h2>Bo\u00eete aux lettres Kiel\u00a0: le mariage du design et de la fonctionnalit\u00e9<\/h2>\n<p>La bo\u00eete aux lettres galb\u00e9e en PVC Kiel de BURG-W\u00c4CHTER n&#8217;est pas uniquement <strong>chic<\/strong>, mais elle est aussi <strong>tr\u00e8s pratique<\/strong>.<\/p>\n<h3>PVC de qualit\u00e9 r\u00e9sistant aux intemp\u00e9ries<\/h3>\n<p>La bo\u00eete aux lettres Kiel en <strong>PVC de qualit\u00e9 ne craint rien<\/strong>, et <strong>pas la m\u00e9t\u00e9o<\/strong>, et jouit donc d&#8217;une <strong>longue dur\u00e9e de vie<\/strong>. La surface galb\u00e9e est tr\u00e8s <strong>facile d&#8217;entretien<\/strong>\u00a0: il suffit de passer r\u00e9guli\u00e8rement un coup de chiffon humide et propre.<\/p>\n<h3>Design fonctionnel<\/h3>\n<p>Votre courrier peut prendre ses aises dans la bo\u00eete aux lettres Kiel. Votre quotidien peut \u00eatre livr\u00e9 et cherch\u00e9 s\u00e9par\u00e9ment gr\u00e2ce au <strong>porte-journaux int\u00e9gr\u00e9<\/strong>. Le passage de courrier au format DIN C4 (325 x 34 mm) facilite le travail du facteur et la porte pratique avec <strong>syst\u00e8me d&#8217;arr\u00eat <\/strong>vous permet de prendre ais\u00e9ment votre courrier.<\/p>\n<h3>Montage conseill\u00e9<\/h3>\n<p>Notre recommandation\u00a0: placez votre bo\u00eete aux lettres Kiel \u00e0 un <strong>endroit \u00e0 l&#8217;abri des intemp\u00e9ries<\/strong>. M\u00eame si elle ne craint pas la m\u00e9t\u00e9o, elle ne devrait pas \u00eatre expos\u00e9e directement et en permanence \u00e0 ses caprices. Votre bo\u00eete aux lettres en PVC vous apportera ainsi ses services pendant longtemps.<br \/>\nVous pouvez aussi acheter en option un pied de bo\u00eete aux lettres adapt\u00e9. Vous avez ainsi la possibilit\u00e9 de placer votre mod\u00e8le Kiel l\u00e0 o\u00f9 vous le souhaitez tant qu&#8217;il est prot\u00e9g\u00e9.<\/p>\n<p><a href=\"https:\/\/test.burgwaechterservice.de\/fr\/c\/boites-aux-lettres\/boites-aux-lettres-en-batterie-individuelles-sur-pieds-et-poteaux\/\">D\u00e9couvrez ici nos pieds de bo\u00eete aux lettres<\/a>.<\/p>\n<h3>En bref\u00a0: Bo\u00eete aux lettres en PVC Kiel<\/h3>\n<ul>\n<li>Design pratique et \u00e9l\u00e9gant<\/li>\n<li>R\u00e9pond \u00e0 la norme EN 13724<\/li>\n<li>PVC facile d&#8217;entretien<\/li>\n<li>Avec porte-journaux int\u00e9gr\u00e9<\/li>\n<li>Vaste volume<\/li>\n<li>Passage confortable du courrier<\/li>\n<li>Format de fente\u00a0: DIN C4<br \/>\n(L x H\u00a0: 325 x 34 mm)<\/li>\n<li>Dimensions L x l x H\u00a0: 400 x 380 x 178 mm<\/li>\n<li>Mat\u00e9riel de fixation compris dans la livraison<\/li>\n<\/ul>\n<table class=\"ausfuehrung\">\n<thead>\n<tr>\n<td>Article<\/td>\n<td>Couleur<\/td>\n<td>H x L x P<\/td>\n<td>Fente<\/td>\n<\/tr>\n<tr>\n<td class=\"subdesc\"><\/td>\n<td><\/td>\n<td class=\"subdesc\">mm<\/td>\n<td class=\"subdesc\">L x H (mm)<\/td>\n<\/tr>\n<\/thead>\n<tbody>\n<tr>\n<td>886 W<\/td>\n<td>blanc<\/td>\n<td>400 x 380 x 178<\/td>\n<td>325 x 34<\/td>\n<\/tr>\n<tr>\n<td>886 Si<\/td>\n<td>argent<\/td>\n<td>400 x 380 x 178<\/td>\n<td>325 x 34<\/td>\n<\/tr>\n<tr>\n<td>886 GR<\/td>\n<td>vert<\/td>\n<td>400 x 380 x 178<\/td>\n<td>325 x 34<\/td>\n<\/tr>\n<tr>\n<td>886 S<\/td>\n<td>noir<\/td>\n<td>400 x 380 x 178<\/td>\n<td>325 x 34<\/td>\n<\/tr>\n<\/tbody>\n<\/table>\n","protected":false},"excerpt":{"rendered":"<p>Bo\u00eete aux lettres Kiel\u00a0: le mariage du design et de la fonctionnalit\u00e9 La bo\u00eete aux lettres galb\u00e9e en PVC Kiel de BURG-W\u00c4CHTER n&#8217;est pas uniquement chic, mais elle est aussi tr\u00e8s pratique. PVC de qualit\u00e9 r\u00e9sistant aux intemp\u00e9ries La bo\u00eete &hellip; <a class=\"kt-excerpt-readmore\" href=\"https:\/\/test.burgwaechterservice.de\/fr\/p\/boites-aux-lettres\/kiel\/\" aria-label=\"Kiel\">Lire la suite<\/a><\/p>\n","protected":false},"featured_media":462528,"comment_status":"closed","ping_status":"closed","template":"","meta":[],"product_cat":[23,28],"product_tag":[],"yoast_head":"<!-- This site is optimized with the Yoast SEO Premium plugin v18.4 (Yoast SEO v19.13) - https:\/\/yoast.com\/wordpress\/plugins\/seo\/ -->\n<title>Kiel<\/title>\n<meta name=\"description\" content=\"Bo\u00eete aux lettres Kiel\u00a0: le mariage du design et de la fonctionnalit\u00e9 La bo\u00eete aux lettres galb\u00e9e en PVC Kiel de BURG-W\u00c4CHTER n&#039;est pas uniquement chic,\" \/>\n<meta name=\"robots\" content=\"index, follow, max-snippet:-1, max-image-preview:large, max-video-preview:-1\" \/>\n<link rel=\"canonical\" href=\"https:\/\/test.burgwaechterservice.de\/fr\/p\/boites-aux-lettres\/kiel\/\" \/>\n<meta property=\"og:locale\" content=\"fr_FR\" \/>\n<meta property=\"og:type\" content=\"article\" \/>\n<meta property=\"og:title\" content=\"Kiel\" \/>\n<meta property=\"og:description\" content=\"Bo\u00eete aux lettres Kiel\u00a0: le mariage du design et de la fonctionnalit\u00e9 La bo\u00eete aux lettres galb\u00e9e en PVC Kiel de BURG-W\u00c4CHTER n&#039;est pas uniquement chic,\" \/>\n<meta property=\"og:url\" content=\"https:\/\/test.burgwaechterservice.de\/fr\/p\/boites-aux-lettres\/kiel\/\" \/>\n<meta property=\"og:site_name\" content=\"Burg-W\u00e4chter France\" \/>\n<meta property=\"article:modified_time\" content=\"2020-10-08T12:05:53+00:00\" \/>\n<meta property=\"og:image\" content=\"https:\/\/test.burgwaechterservice.de\/fr\/wp-content\/uploads\/sites\/4\/2016\/07\/886-SI.png\" \/>\n\t<meta property=\"og:image:width\" content=\"600\" \/>\n\t<meta property=\"og:image:height\" content=\"512\" \/>\n\t<meta property=\"og:image:type\" content=\"image\/png\" \/>\n<meta name=\"twitter:card\" content=\"summary_large_image\" \/>\n<meta name=\"twitter:label1\" content=\"Dur\u00e9e de lecture estim\u00e9e\" \/>\n\t<meta name=\"twitter:data1\" content=\"2 minutes\" \/>\n<!-- \/ Yoast SEO Premium plugin. -->","yoast_head_json":{"title":"Kiel","description":"Bo\u00eete aux lettres Kiel\u00a0: le mariage du design et de la fonctionnalit\u00e9 La bo\u00eete aux lettres galb\u00e9e en PVC Kiel de BURG-W\u00c4CHTER n'est pas uniquement chic,","robots":{"index":"index","follow":"follow","max-snippet":"max-snippet:-1","max-image-preview":"max-image-preview:large","max-video-preview":"max-video-preview:-1"},"canonical":"https:\/\/test.burgwaechterservice.de\/fr\/p\/boites-aux-lettres\/kiel\/","og_locale":"fr_FR","og_type":"article","og_title":"Kiel","og_description":"Bo\u00eete aux lettres Kiel\u00a0: le mariage du design et de la fonctionnalit\u00e9 La bo\u00eete aux lettres galb\u00e9e en PVC Kiel de BURG-W\u00c4CHTER n'est pas uniquement chic,","og_url":"https:\/\/test.burgwaechterservice.de\/fr\/p\/boites-aux-lettres\/kiel\/","og_site_name":"Burg-W\u00e4chter France","article_modified_time":"2020-10-08T12:05:53+00:00","og_image":[{"width":600,"height":512,"url":"https:\/\/test.burgwaechterservice.de\/fr\/wp-content\/uploads\/sites\/4\/2016\/07\/886-SI.png","type":"image\/png"}],"twitter_card":"summary_large_image","twitter_misc":{"Dur\u00e9e de lecture estim\u00e9e":"2 minutes"},"schema":{"@context":"https:\/\/schema.org","@graph":[{"@type":"WebPage","@id":"https:\/\/test.burgwaechterservice.de\/fr\/p\/boites-aux-lettres\/kiel\/","url":"https:\/\/test.burgwaechterservice.de\/fr\/p\/boites-aux-lettres\/kiel\/","name":"Kiel","isPartOf":{"@id":"https:\/\/test.burgwaechterservice.de\/fr\/#website"},"datePublished":"2016-07-21T10:39:06+00:00","dateModified":"2020-10-08T12:05:53+00:00","description":"Bo\u00eete aux lettres Kiel\u00a0: le mariage du design et de la fonctionnalit\u00e9 La bo\u00eete aux lettres galb\u00e9e en PVC Kiel de BURG-W\u00c4CHTER n'est pas uniquement chic,","breadcrumb":{"@id":"https:\/\/test.burgwaechterservice.de\/fr\/p\/boites-aux-lettres\/kiel\/#breadcrumb"},"inLanguage":"fr-FR","potentialAction":[{"@type":"ReadAction","target":["https:\/\/test.burgwaechterservice.de\/fr\/p\/boites-aux-lettres\/kiel\/"]}]},{"@type":"BreadcrumbList","@id":"https:\/\/test.burgwaechterservice.de\/fr\/p\/boites-aux-lettres\/kiel\/#breadcrumb","itemListElement":[{"@type":"ListItem","position":1,"name":"Accueil","item":"https:\/\/test.burgwaechterservice.de\/fr\/"},{"@type":"ListItem","position":2,"name":"Produits","item":"https:\/\/test.burgwaechterservice.de\/fr\/p\/"},{"@type":"ListItem","position":3,"name":"Kiel"}]},{"@type":"WebSite","@id":"https:\/\/test.burgwaechterservice.de\/fr\/#website","url":"https:\/\/test.burgwaechterservice.de\/fr\/","name":"Burg-W\u00e4chter France","description":"Le choix le plus s\u00fbr!","potentialAction":[{"@type":"SearchAction","target":{"@type":"EntryPoint","urlTemplate":"https:\/\/test.burgwaechterservice.de\/fr\/?s={search_term_string}"},"query-input":"required name=search_term_string"}],"inLanguage":"fr-FR"}]}},"_links":{"self":[{"href":"https:\/\/test.burgwaechterservice.de\/fr\/wp-json\/wp\/v2\/product\/32288"}],"collection":[{"href":"https:\/\/test.burgwaechterservice.de\/fr\/wp-json\/wp\/v2\/product"}],"about":[{"href":"https:\/\/test.burgwaechterservice.de\/fr\/wp-json\/wp\/v2\/types\/product"}],"replies":[{"embeddable":true,"href":"https:\/\/test.burgwaechterservice.de\/fr\/wp-json\/wp\/v2\/comments?post=32288"}],"wp:featuredmedia":[{"embeddable":true,"href":"https:\/\/test.burgwaechterservice.de\/fr\/wp-json\/wp\/v2\/media\/462528"}],"wp:attachment":[{"href":"https:\/\/test.burgwaechterservice.de\/fr\/wp-json\/wp\/v2\/media?parent=32288"}],"wp:term":[{"taxonomy":"product_cat","embeddable":true,"href":"https:\/\/test.burgwaechterservice.de\/fr\/wp-json\/wp\/v2\/product_cat?post=32288"},{"taxonomy":"product_tag","embeddable":true,"href":"https:\/\/test.burgwaechterservice.de\/fr\/wp-json\/wp\/v2\/product_tag?post=32288"}],"curies":[{"name":"wp","href":"https:\/\/api.w.org\/{rel}","templated":true}]}}