{"id":32282,"date":"2016-07-21T08:28:52","date_gmt":"2016-07-21T06:28:52","guid":{"rendered":"https:\/\/www.burg.biz\/?post_type=product&#038;p=32282"},"modified":"2020-10-08T14:06:38","modified_gmt":"2020-10-08T12:06:38","slug":"bremen","status":"publish","type":"product","link":"https:\/\/test.burgwaechterservice.de\/fr\/p\/boites-aux-lettres\/bremen\/","title":{"rendered":"Bremen"},"content":{"rendered":"<p><img decoding=\"async\" class=\"alignnone wp-image-41817\" src=\"https:\/\/test.burgwaechterservice.de\/fr\/wp-content\/uploads\/sites\/4\/2016\/07\/Bremen-Bayreuth-Modena-857-Esprit-Classico-Vivo.jpg\" alt=\"BUW-Icons-BK 4c OK.indd\" width=\"333\" height=\"118\" srcset=\"https:\/\/test.burgwaechterservice.de\/fr\/wp-content\/uploads\/sites\/4\/2016\/07\/Bremen-Bayreuth-Modena-857-Esprit-Classico-Vivo.jpg 899w, https:\/\/test.burgwaechterservice.de\/fr\/wp-content\/uploads\/sites\/4\/2016\/07\/Bremen-Bayreuth-Modena-857-Esprit-Classico-Vivo-300x106.jpg 300w, https:\/\/test.burgwaechterservice.de\/fr\/wp-content\/uploads\/sites\/4\/2016\/07\/Bremen-Bayreuth-Modena-857-Esprit-Classico-Vivo-768x273.jpg 768w\" sizes=\"(max-width: 333px) 100vw, 333px\" \/><a href=\"https:\/\/warranty.burg.biz\/bk\/\" target=\"_blank\" rel=\"noopener noreferrer\"><img decoding=\"async\" class=\"alignright wp-image-254979\" src=\"https:\/\/test.burgwaechterservice.de\/fr\/wp-content\/uploads\/sites\/4\/2016\/07\/Siegel_5_Jahre_Garantie_FR_-295x300.jpg\" alt=\"\" width=\"214\" height=\"218\" srcset=\"https:\/\/test.burgwaechterservice.de\/fr\/wp-content\/uploads\/sites\/4\/2016\/07\/Siegel_5_Jahre_Garantie_FR_-295x300.jpg 295w, https:\/\/test.burgwaechterservice.de\/fr\/wp-content\/uploads\/sites\/4\/2016\/07\/Siegel_5_Jahre_Garantie_FR_.jpg 485w\" sizes=\"(max-width: 214px) 100vw, 214px\" \/><br \/>\n<\/a><\/p>\n<h2>Notre mod\u00e8le de pr\u00e9dilection\u00a0: la bo\u00eete aux lettres Bremen<\/h2>\n<p>Ce mod\u00e8le est un concentr\u00e9 de d\u00e9tails pratiques et esth\u00e9tiques.<\/p>\n<h3>Porte-journaux int\u00e9gr\u00e9<\/h3>\n<p>Le <strong>porte-journaux<\/strong> pratique et esth\u00e9tique est, une fois n&#8217;est pas coutume, plac\u00e9 \u00e0 l&#8217;avant de la bo\u00eete aux lettres. Cela permet de prendre facilement vos abonnements sans les ab\u00eemer. Cette bo\u00eete aux lettres <strong>r\u00e9pond \u00e0 la norme EN 13724<\/strong> et garantit un passage ais\u00e9 et s\u00e9curis\u00e9 du courrier gr\u00e2ce \u00e0 sa fente au format DIN C4. Le <strong>syst\u00e8me d&#8217;arr\u00eat pratique<\/strong> de la porte vous aide \u00e0 vider confortablement votre bo\u00eete aux lettres.<\/p>\n<p>Ce mod\u00e8le en PVC est disponible en blanc ou marron.<\/p>\n<h3>PVC r\u00e9sistant et haut de gamme<\/h3>\n<p>Le PVC est connu pour \u00eatre particuli\u00e8rement <strong>facile d&#8217;entretien<\/strong>. C&#8217;est pourquoi une bo\u00eete aux lettres fabriqu\u00e9e dans ce mat\u00e9riau ne <strong>craint absolument rien<\/strong> et dispose <strong>d&#8217;une longue dur\u00e9e de vie<\/strong>. Et ce n&#8217;est pas tout\u00a0: il <strong>r\u00e9siste aux intemp\u00e9ries<\/strong> et embellit encore davantage l&#8217;ext\u00e9rieur du mod\u00e8le Bremen. Vous pouvez mettre ces caract\u00e9ristiques encore plus en avant avec les bons gestes d&#8217;entretien\u00a0: il vous suffit de nettoyer r\u00e9guli\u00e8rement votre bo\u00eete aux lettres Bremen avec un tissu humide et propre.<\/p>\n<h3>Recommandation de montage<\/h3>\n<p>Notre conseil\u00a0: placez votre bo\u00eete aux lettres en PVC \u00e0 un <strong>endroit prot\u00e9g\u00e9 des intemp\u00e9ries<\/strong>. M\u00eame si elle ne craint aucune m\u00e9t\u00e9o, vous la conservez ainsi encore plus longtemps dans un \u00e9tat optimal.<br \/>\nSi jamais vous souhaitez placer votre bo\u00eete aux lettres \u00e0 un endroit d\u00e9pourvu de support, BURG-W\u00c4CHTER vous propose des <strong>pieds adapt\u00e9s<\/strong>. Que diriez-vous par exemple du mod\u00e8le Rondo qui s&#8217;harmonise parfaitement bien\u00a0? Votre bo\u00eete aux lettres Bremen aura ainsi encore plus fi\u00e8re allure. <a href=\"https:\/\/test.burgwaechterservice.de\/fr\/c\/boites-aux-lettres\/boites-aux-lettres-en-batterie-individuelles-sur-pieds-et-poteaux\/\">D\u00e9couvrir ici nos pieds de bo\u00eete aux lettres<\/a>.<\/p>\n<h3>La bo\u00eete aux lettres Bremen de BURG-W\u00c4CHTER en bref\u00a0:<\/h3>\n<ul>\n<li>notre mod\u00e8le de pr\u00e9dilection en PVC<\/li>\n<li>R\u00e9pond \u00e0 la norme EN 13724<\/li>\n<li>Avec porte-journaux int\u00e9gr\u00e9<\/li>\n<li>Porte avec syst\u00e8me d&#8217;arr\u00eat<\/li>\n<li>Finitions \u00e9l\u00e9gantes<\/li>\n<li>Format de fente\u00a0: DIN C4<br \/>\n(L x H\u00a0: 330 x 30 mm)<\/li>\n<li>Dimensions L x l x H\u00a0: 320 x 405 x 155 mm<\/li>\n<li>Mat\u00e9riel de fixation compris dans la livraison<\/li>\n<\/ul>\n<table class=\"ausfuehrung\">\n<thead>\n<tr>\n<td>Article<\/td>\n<td>Couleur<\/td>\n<td>H x\u00a0L x P<\/td>\n<td>Fente<\/td>\n<\/tr>\n<tr>\n<td class=\"subdesc\"><\/td>\n<td><\/td>\n<td class=\"subdesc\">mm<\/td>\n<td class=\"subdesc\">L\u00a0x H (mm)<\/td>\n<\/tr>\n<\/thead>\n<tbody>\n<tr>\n<td>885 W<\/td>\n<td>blanc<\/td>\n<td>320 x 405 x 155<\/td>\n<td>330 x 30<\/td>\n<\/tr>\n<tr>\n<td>885 BR<\/td>\n<td>brun<\/td>\n<td>320 x 405 x 155<\/td>\n<td>330 x 30<\/td>\n<\/tr>\n<\/tbody>\n<\/table>\n","protected":false},"excerpt":{"rendered":"<p>Notre mod\u00e8le de pr\u00e9dilection\u00a0: la bo\u00eete aux lettres Bremen Ce mod\u00e8le est un concentr\u00e9 de d\u00e9tails pratiques et esth\u00e9tiques. Porte-journaux int\u00e9gr\u00e9 Le porte-journaux pratique et esth\u00e9tique est, une fois n&#8217;est pas coutume, plac\u00e9 \u00e0 l&#8217;avant de la bo\u00eete aux lettres. &hellip; <a class=\"kt-excerpt-readmore\" href=\"https:\/\/test.burgwaechterservice.de\/fr\/p\/boites-aux-lettres\/bremen\/\" aria-label=\"Bremen\">Lire la suite<\/a><\/p>\n","protected":false},"featured_media":462530,"comment_status":"closed","ping_status":"closed","template":"","meta":[],"product_cat":[23,28],"product_tag":[],"yoast_head":"<!-- This site is optimized with the Yoast SEO Premium plugin v18.4 (Yoast SEO v19.13) - https:\/\/yoast.com\/wordpress\/plugins\/seo\/ -->\n<title>Bremen<\/title>\n<meta name=\"description\" content=\"Notre mod\u00e8le de pr\u00e9dilection\u00a0: la bo\u00eete aux lettres Bremen Ce mod\u00e8le est un concentr\u00e9 de d\u00e9tails pratiques et esth\u00e9tiques. Porte-journaux int\u00e9gr\u00e9 Le\" \/>\n<meta name=\"robots\" content=\"index, follow, max-snippet:-1, max-image-preview:large, max-video-preview:-1\" \/>\n<link rel=\"canonical\" href=\"https:\/\/test.burgwaechterservice.de\/fr\/p\/boites-aux-lettres\/bremen\/\" \/>\n<meta property=\"og:locale\" content=\"fr_FR\" \/>\n<meta property=\"og:type\" content=\"article\" \/>\n<meta property=\"og:title\" content=\"Bremen\" \/>\n<meta property=\"og:description\" content=\"Notre mod\u00e8le de pr\u00e9dilection\u00a0: la bo\u00eete aux lettres Bremen Ce mod\u00e8le est un concentr\u00e9 de d\u00e9tails pratiques et esth\u00e9tiques. Porte-journaux int\u00e9gr\u00e9 Le\" \/>\n<meta property=\"og:url\" content=\"https:\/\/test.burgwaechterservice.de\/fr\/p\/boites-aux-lettres\/bremen\/\" \/>\n<meta property=\"og:site_name\" content=\"Burg-W\u00e4chter France\" \/>\n<meta property=\"article:modified_time\" content=\"2020-10-08T12:06:38+00:00\" \/>\n<meta property=\"og:image\" content=\"https:\/\/test.burgwaechterservice.de\/fr\/wp-content\/uploads\/sites\/4\/2016\/07\/885-W_Seitenansicht.png\" \/>\n\t<meta property=\"og:image:width\" content=\"548\" \/>\n\t<meta property=\"og:image:height\" content=\"500\" \/>\n\t<meta property=\"og:image:type\" content=\"image\/png\" \/>\n<meta name=\"twitter:card\" content=\"summary_large_image\" \/>\n<meta name=\"twitter:label1\" content=\"Dur\u00e9e de lecture estim\u00e9e\" \/>\n\t<meta name=\"twitter:data1\" content=\"2 minutes\" \/>\n<!-- \/ Yoast SEO Premium plugin. -->","yoast_head_json":{"title":"Bremen","description":"Notre mod\u00e8le de pr\u00e9dilection\u00a0: la bo\u00eete aux lettres Bremen Ce mod\u00e8le est un concentr\u00e9 de d\u00e9tails pratiques et esth\u00e9tiques. Porte-journaux int\u00e9gr\u00e9 Le","robots":{"index":"index","follow":"follow","max-snippet":"max-snippet:-1","max-image-preview":"max-image-preview:large","max-video-preview":"max-video-preview:-1"},"canonical":"https:\/\/test.burgwaechterservice.de\/fr\/p\/boites-aux-lettres\/bremen\/","og_locale":"fr_FR","og_type":"article","og_title":"Bremen","og_description":"Notre mod\u00e8le de pr\u00e9dilection\u00a0: la bo\u00eete aux lettres Bremen Ce mod\u00e8le est un concentr\u00e9 de d\u00e9tails pratiques et esth\u00e9tiques. Porte-journaux int\u00e9gr\u00e9 Le","og_url":"https:\/\/test.burgwaechterservice.de\/fr\/p\/boites-aux-lettres\/bremen\/","og_site_name":"Burg-W\u00e4chter France","article_modified_time":"2020-10-08T12:06:38+00:00","og_image":[{"width":548,"height":500,"url":"https:\/\/test.burgwaechterservice.de\/fr\/wp-content\/uploads\/sites\/4\/2016\/07\/885-W_Seitenansicht.png","type":"image\/png"}],"twitter_card":"summary_large_image","twitter_misc":{"Dur\u00e9e de lecture estim\u00e9e":"2 minutes"},"schema":{"@context":"https:\/\/schema.org","@graph":[{"@type":"WebPage","@id":"https:\/\/test.burgwaechterservice.de\/fr\/p\/boites-aux-lettres\/bremen\/","url":"https:\/\/test.burgwaechterservice.de\/fr\/p\/boites-aux-lettres\/bremen\/","name":"Bremen","isPartOf":{"@id":"https:\/\/test.burgwaechterservice.de\/fr\/#website"},"datePublished":"2016-07-21T06:28:52+00:00","dateModified":"2020-10-08T12:06:38+00:00","description":"Notre mod\u00e8le de pr\u00e9dilection\u00a0: la bo\u00eete aux lettres Bremen Ce mod\u00e8le est un concentr\u00e9 de d\u00e9tails pratiques et esth\u00e9tiques. Porte-journaux int\u00e9gr\u00e9 Le","breadcrumb":{"@id":"https:\/\/test.burgwaechterservice.de\/fr\/p\/boites-aux-lettres\/bremen\/#breadcrumb"},"inLanguage":"fr-FR","potentialAction":[{"@type":"ReadAction","target":["https:\/\/test.burgwaechterservice.de\/fr\/p\/boites-aux-lettres\/bremen\/"]}]},{"@type":"BreadcrumbList","@id":"https:\/\/test.burgwaechterservice.de\/fr\/p\/boites-aux-lettres\/bremen\/#breadcrumb","itemListElement":[{"@type":"ListItem","position":1,"name":"Accueil","item":"https:\/\/test.burgwaechterservice.de\/fr\/"},{"@type":"ListItem","position":2,"name":"Produits","item":"https:\/\/test.burgwaechterservice.de\/fr\/p\/"},{"@type":"ListItem","position":3,"name":"Bremen"}]},{"@type":"WebSite","@id":"https:\/\/test.burgwaechterservice.de\/fr\/#website","url":"https:\/\/test.burgwaechterservice.de\/fr\/","name":"Burg-W\u00e4chter France","description":"Le choix le plus s\u00fbr!","potentialAction":[{"@type":"SearchAction","target":{"@type":"EntryPoint","urlTemplate":"https:\/\/test.burgwaechterservice.de\/fr\/?s={search_term_string}"},"query-input":"required name=search_term_string"}],"inLanguage":"fr-FR"}]}},"_links":{"self":[{"href":"https:\/\/test.burgwaechterservice.de\/fr\/wp-json\/wp\/v2\/product\/32282"}],"collection":[{"href":"https:\/\/test.burgwaechterservice.de\/fr\/wp-json\/wp\/v2\/product"}],"about":[{"href":"https:\/\/test.burgwaechterservice.de\/fr\/wp-json\/wp\/v2\/types\/product"}],"replies":[{"embeddable":true,"href":"https:\/\/test.burgwaechterservice.de\/fr\/wp-json\/wp\/v2\/comments?post=32282"}],"wp:featuredmedia":[{"embeddable":true,"href":"https:\/\/test.burgwaechterservice.de\/fr\/wp-json\/wp\/v2\/media\/462530"}],"wp:attachment":[{"href":"https:\/\/test.burgwaechterservice.de\/fr\/wp-json\/wp\/v2\/media?parent=32282"}],"wp:term":[{"taxonomy":"product_cat","embeddable":true,"href":"https:\/\/test.burgwaechterservice.de\/fr\/wp-json\/wp\/v2\/product_cat?post=32282"},{"taxonomy":"product_tag","embeddable":true,"href":"https:\/\/test.burgwaechterservice.de\/fr\/wp-json\/wp\/v2\/product_tag?post=32282"}],"curies":[{"name":"wp","href":"https:\/\/api.w.org\/{rel}","templated":true}]}}