{"id":32278,"date":"2016-07-20T16:05:24","date_gmt":"2016-07-20T14:05:24","guid":{"rendered":"https:\/\/www.burg.biz\/?post_type=product&#038;p=32278"},"modified":"2019-05-28T11:07:37","modified_gmt":"2019-05-28T09:07:37","slug":"pearl","status":"publish","type":"product","link":"https:\/\/test.burgwaechterservice.de\/fr\/p\/boites-aux-lettres\/pearl\/","title":{"rendered":"Pearl"},"content":{"rendered":"<p><img decoding=\"async\" class=\"alignnone wp-image-164057\" src=\"https:\/\/test.burgwaechterservice.de\/fr\/wp-content\/uploads\/sites\/4\/2016\/07\/Piano-Pearl-Kiel-Malm\u00f6-Verona-1.jpg\" alt=\"\" width=\"329\" height=\"118\" srcset=\"https:\/\/test.burgwaechterservice.de\/fr\/wp-content\/uploads\/sites\/4\/2016\/07\/Piano-Pearl-Kiel-Malm\u00f6-Verona-1.jpg 890w, https:\/\/test.burgwaechterservice.de\/fr\/wp-content\/uploads\/sites\/4\/2016\/07\/Piano-Pearl-Kiel-Malm\u00f6-Verona-1-300x108.jpg 300w, https:\/\/test.burgwaechterservice.de\/fr\/wp-content\/uploads\/sites\/4\/2016\/07\/Piano-Pearl-Kiel-Malm\u00f6-Verona-1-768x275.jpg 768w, https:\/\/test.burgwaechterservice.de\/fr\/wp-content\/uploads\/sites\/4\/2016\/07\/Piano-Pearl-Kiel-Malm\u00f6-Verona-1-600x215.jpg 600w\" sizes=\"(max-width: 329px) 100vw, 329px\" \/><a href=\"https:\/\/warranty.burg.biz\/bk\/\" target=\"_blank\" rel=\"noopener noreferrer\"><img decoding=\"async\" class=\"alignright wp-image-254979\" src=\"https:\/\/test.burgwaechterservice.de\/fr\/wp-content\/uploads\/sites\/4\/2016\/07\/Siegel_5_Jahre_Garantie_FR_-295x300.jpg\" alt=\"\" width=\"214\" height=\"218\" srcset=\"https:\/\/test.burgwaechterservice.de\/fr\/wp-content\/uploads\/sites\/4\/2016\/07\/Siegel_5_Jahre_Garantie_FR_-295x300.jpg 295w, https:\/\/test.burgwaechterservice.de\/fr\/wp-content\/uploads\/sites\/4\/2016\/07\/Siegel_5_Jahre_Garantie_FR_.jpg 485w\" sizes=\"(max-width: 214px) 100vw, 214px\" \/><br \/>\n<\/a><\/p>\n<h2>La bo\u00eete aux lettres \u00e9l\u00e9gante Pearl \u00e0 la finition mate<\/h2>\n<p>Si ce que vous pr\u00e9f\u00e9rez chez une bo\u00eete aux lettres c&#8217;est une <strong>\u00e9l\u00e9gance simple <\/strong>et un <strong>confort d&#8217;utilisation<\/strong>, alors BURG-W\u00c4CHTER a exactement celle qu&#8217;il vous faut\u00a0: la bo\u00eete aux lettres Pearl s\u00e9duit par sa surface incroyablement douce et son <strong>vernis mat <\/strong>moderne et<strong> \u00e9l\u00e9gant<\/strong> au ton granit.<\/p>\n<h3>PVC facile d&#8217;entretien<\/h3>\n<p>Les bo\u00eetes aux lettres en PVC de qualit\u00e9 sont <strong>extr\u00eamement r\u00e9sistantes<\/strong> et <strong>faciles d&#8217;entretien<\/strong>. De plus, elles <strong>ne craignent aucune m\u00e9t\u00e9o<\/strong>. Ainsi, votre bo\u00eete aux lettres vous servira pendant de longues ann\u00e9es.<br \/>\n<strong>Conseil d&#8217;entretien\u00a0:<\/strong> Nettoyez r\u00e9guli\u00e8rement votre bo\u00eete aux lettres Pearl avec un tissu humide et propre.<\/p>\n<h3>Design utile<\/h3>\n<p>Le mod\u00e8le Pearl dispose d&#8217;un <strong>vaste volume<\/strong> pour contenir \u00e9norm\u00e9ment de courrier. Un <strong>porte-journaux int\u00e9gr\u00e9<\/strong> apporte un espace en plus pour vos journaux, magazines et revues. La fente (format 325 x 34 mm) correspond au format DIN C4 et permet ainsi un passage de courrier confortable et s\u00fbr.<br \/>\nLe contenu est en outre parfaitement prot\u00e9g\u00e9 de l&#8217;humidit\u00e9 en toute situation. La porte de la bo\u00eete aux lettres avec <strong>syst\u00e8me d&#8217;arr\u00eat<\/strong> assure confort et s\u00e9curit\u00e9 lorsque vous cherchez votre courrier.<br \/>\nLa bo\u00eete aux lettres Pearl r\u00e9pond \u00e0 la norme europ\u00e9enne EN 13724.<\/p>\n<h3>Montage conseill\u00e9 de la bo\u00eete aux lettres<\/h3>\n<p><strong>BURG-W\u00c4CHTER<\/strong> vous <strong>conseille<\/strong> de ne pas exposer la bo\u00eete aux lettres Pearl directement et en permanence aux intemp\u00e9ries. Montez-la sur la fa\u00e7ade de votre maison <strong>\u00e0 un endroit prot\u00e9g\u00e9 des intemp\u00e9ries<\/strong> afin qu&#8217;elle vous serve pendant longtemps. Vous pouvez sinon aussi acheter un pied adapt\u00e9. Vous avez ainsi la possibilit\u00e9 de placer votre Pearl \u00e0 un endroit prot\u00e9g\u00e9 de votre choix. <a href=\"https:\/\/test.burgwaechterservice.de\/fr\/c\/boites-aux-lettres\/boites-aux-lettres-en-batterie-individuelles-sur-pieds-et-poteaux\/\">Choisissez ici un pied adapt\u00e9 \u00e0 votre bo\u00eete aux lettres.<\/a><\/p>\n<h3>La bo\u00eete aux lettres Pearl en un coup d&#8217;\u0153il\u00a0:<\/h3>\n<ul>\n<li>Vernis mat \u00e9l\u00e9gant<\/li>\n<li>Couleur\u00a0: granit (RAL 7016)<\/li>\n<li>R\u00e9pond \u00e0 la norme EN 13724<\/li>\n<li>Bo\u00eete aux lettres double fonction dans un superbe design<\/li>\n<li>Vaste volume<\/li>\n<li>Avec porte-journaux int\u00e9gr\u00e9<\/li>\n<li>Avec syst\u00e8me d&#8217;arr\u00eat pratique<\/li>\n<li>Facile d&#8217;entretien<\/li>\n<li>Format de fente\u00a0: DIN C4<br \/>\n(L x H\u00a0: 325 x 34 mm)<\/li>\n<li>Dimensions L x l x H\u00a0: 400 x 380 x 178 mm<\/li>\n<li>Mat\u00e9riel de fixation compris dans la livraison<\/li>\n<\/ul>\n<table class=\"ausfuehrung\">\n<thead>\n<tr>\n<td>Article<\/td>\n<td>Couleurs<\/td>\n<td>H x\u00a0L x P<\/td>\n<td>Fente<\/td>\n<\/tr>\n<tr>\n<td class=\"subdesc\"><\/td>\n<td class=\"subdesc\"><\/td>\n<td class=\"subdesc\">mm<\/td>\n<td class=\"subdesc\">L\u00a0x H (mm)<\/td>\n<\/tr>\n<\/thead>\n<tbody>\n<tr>\n<td>Pearl 886 GR<\/td>\n<td>gris<\/td>\n<td>400 x 380 x 178<\/td>\n<td>325 x 34<\/td>\n<\/tr>\n<\/tbody>\n<\/table>\n","protected":false},"excerpt":{"rendered":"<p>La bo\u00eete aux lettres \u00e9l\u00e9gante Pearl \u00e0 la finition mate Si ce que vous pr\u00e9f\u00e9rez chez une bo\u00eete aux lettres c&#8217;est une \u00e9l\u00e9gance simple et un confort d&#8217;utilisation, alors BURG-W\u00c4CHTER a exactement celle qu&#8217;il vous faut\u00a0: la bo\u00eete aux lettres &hellip; <a class=\"kt-excerpt-readmore\" href=\"https:\/\/test.burgwaechterservice.de\/fr\/p\/boites-aux-lettres\/pearl\/\" aria-label=\"Pearl\">Lire la suite<\/a><\/p>\n","protected":false},"featured_media":32279,"comment_status":"closed","ping_status":"closed","template":"","meta":[],"product_cat":[23,28],"product_tag":[],"yoast_head":"<!-- This site is optimized with the Yoast SEO Premium plugin v18.4 (Yoast SEO v19.13) - https:\/\/yoast.com\/wordpress\/plugins\/seo\/ -->\n<title>Pearl<\/title>\n<meta name=\"description\" content=\"La bo\u00eete aux lettres \u00e9l\u00e9gante Pearl \u00e0 la finition mate Si ce que vous pr\u00e9f\u00e9rez chez une bo\u00eete aux lettres c&#039;est une \u00e9l\u00e9gance simple et un confort\" \/>\n<meta name=\"robots\" content=\"index, follow, max-snippet:-1, max-image-preview:large, max-video-preview:-1\" \/>\n<link rel=\"canonical\" href=\"https:\/\/test.burgwaechterservice.de\/fr\/p\/boites-aux-lettres\/pearl\/\" \/>\n<meta property=\"og:locale\" content=\"fr_FR\" \/>\n<meta property=\"og:type\" content=\"article\" \/>\n<meta property=\"og:title\" content=\"Pearl\" \/>\n<meta property=\"og:description\" content=\"La bo\u00eete aux lettres \u00e9l\u00e9gante Pearl \u00e0 la finition mate Si ce que vous pr\u00e9f\u00e9rez chez une bo\u00eete aux lettres c&#039;est une \u00e9l\u00e9gance simple et un confort\" \/>\n<meta property=\"og:url\" content=\"https:\/\/test.burgwaechterservice.de\/fr\/p\/boites-aux-lettres\/pearl\/\" \/>\n<meta property=\"og:site_name\" content=\"Burg-W\u00e4chter France\" \/>\n<meta property=\"article:modified_time\" content=\"2019-05-28T09:07:37+00:00\" \/>\n<meta property=\"og:image\" content=\"https:\/\/test.burgwaechterservice.de\/fr\/wp-content\/uploads\/sites\/4\/2016\/07\/Briefkasten_Pearl_886_GR_356500-01.jpg\" \/>\n\t<meta property=\"og:image:width\" content=\"4961\" \/>\n\t<meta property=\"og:image:height\" content=\"4961\" \/>\n\t<meta property=\"og:image:type\" content=\"image\/jpeg\" \/>\n<meta name=\"twitter:card\" content=\"summary_large_image\" \/>\n<meta name=\"twitter:label1\" content=\"Dur\u00e9e de lecture estim\u00e9e\" \/>\n\t<meta name=\"twitter:data1\" content=\"2 minutes\" \/>\n<!-- \/ Yoast SEO Premium plugin. -->","yoast_head_json":{"title":"Pearl","description":"La bo\u00eete aux lettres \u00e9l\u00e9gante Pearl \u00e0 la finition mate Si ce que vous pr\u00e9f\u00e9rez chez une bo\u00eete aux lettres c'est une \u00e9l\u00e9gance simple et un confort","robots":{"index":"index","follow":"follow","max-snippet":"max-snippet:-1","max-image-preview":"max-image-preview:large","max-video-preview":"max-video-preview:-1"},"canonical":"https:\/\/test.burgwaechterservice.de\/fr\/p\/boites-aux-lettres\/pearl\/","og_locale":"fr_FR","og_type":"article","og_title":"Pearl","og_description":"La bo\u00eete aux lettres \u00e9l\u00e9gante Pearl \u00e0 la finition mate Si ce que vous pr\u00e9f\u00e9rez chez une bo\u00eete aux lettres c'est une \u00e9l\u00e9gance simple et un confort","og_url":"https:\/\/test.burgwaechterservice.de\/fr\/p\/boites-aux-lettres\/pearl\/","og_site_name":"Burg-W\u00e4chter France","article_modified_time":"2019-05-28T09:07:37+00:00","og_image":[{"width":4961,"height":4961,"url":"https:\/\/test.burgwaechterservice.de\/fr\/wp-content\/uploads\/sites\/4\/2016\/07\/Briefkasten_Pearl_886_GR_356500-01.jpg","type":"image\/jpeg"}],"twitter_card":"summary_large_image","twitter_misc":{"Dur\u00e9e de lecture estim\u00e9e":"2 minutes"},"schema":{"@context":"https:\/\/schema.org","@graph":[{"@type":"WebPage","@id":"https:\/\/test.burgwaechterservice.de\/fr\/p\/boites-aux-lettres\/pearl\/","url":"https:\/\/test.burgwaechterservice.de\/fr\/p\/boites-aux-lettres\/pearl\/","name":"Pearl","isPartOf":{"@id":"https:\/\/test.burgwaechterservice.de\/fr\/#website"},"datePublished":"2016-07-20T14:05:24+00:00","dateModified":"2019-05-28T09:07:37+00:00","description":"La bo\u00eete aux lettres \u00e9l\u00e9gante Pearl \u00e0 la finition mate Si ce que vous pr\u00e9f\u00e9rez chez une bo\u00eete aux lettres c'est une \u00e9l\u00e9gance simple et un confort","breadcrumb":{"@id":"https:\/\/test.burgwaechterservice.de\/fr\/p\/boites-aux-lettres\/pearl\/#breadcrumb"},"inLanguage":"fr-FR","potentialAction":[{"@type":"ReadAction","target":["https:\/\/test.burgwaechterservice.de\/fr\/p\/boites-aux-lettres\/pearl\/"]}]},{"@type":"BreadcrumbList","@id":"https:\/\/test.burgwaechterservice.de\/fr\/p\/boites-aux-lettres\/pearl\/#breadcrumb","itemListElement":[{"@type":"ListItem","position":1,"name":"Accueil","item":"https:\/\/test.burgwaechterservice.de\/fr\/"},{"@type":"ListItem","position":2,"name":"Produits","item":"https:\/\/test.burgwaechterservice.de\/fr\/p\/"},{"@type":"ListItem","position":3,"name":"Pearl"}]},{"@type":"WebSite","@id":"https:\/\/test.burgwaechterservice.de\/fr\/#website","url":"https:\/\/test.burgwaechterservice.de\/fr\/","name":"Burg-W\u00e4chter France","description":"Le choix le plus s\u00fbr!","potentialAction":[{"@type":"SearchAction","target":{"@type":"EntryPoint","urlTemplate":"https:\/\/test.burgwaechterservice.de\/fr\/?s={search_term_string}"},"query-input":"required name=search_term_string"}],"inLanguage":"fr-FR"}]}},"_links":{"self":[{"href":"https:\/\/test.burgwaechterservice.de\/fr\/wp-json\/wp\/v2\/product\/32278"}],"collection":[{"href":"https:\/\/test.burgwaechterservice.de\/fr\/wp-json\/wp\/v2\/product"}],"about":[{"href":"https:\/\/test.burgwaechterservice.de\/fr\/wp-json\/wp\/v2\/types\/product"}],"replies":[{"embeddable":true,"href":"https:\/\/test.burgwaechterservice.de\/fr\/wp-json\/wp\/v2\/comments?post=32278"}],"wp:featuredmedia":[{"embeddable":true,"href":"https:\/\/test.burgwaechterservice.de\/fr\/wp-json\/wp\/v2\/media\/32279"}],"wp:attachment":[{"href":"https:\/\/test.burgwaechterservice.de\/fr\/wp-json\/wp\/v2\/media?parent=32278"}],"wp:term":[{"taxonomy":"product_cat","embeddable":true,"href":"https:\/\/test.burgwaechterservice.de\/fr\/wp-json\/wp\/v2\/product_cat?post=32278"},{"taxonomy":"product_tag","embeddable":true,"href":"https:\/\/test.burgwaechterservice.de\/fr\/wp-json\/wp\/v2\/product_tag?post=32278"}],"curies":[{"name":"wp","href":"https:\/\/api.w.org\/{rel}","templated":true}]}}