{"id":32212,"date":"2016-07-20T13:47:48","date_gmt":"2016-07-20T11:47:48","guid":{"rendered":"https:\/\/www.burg.biz\/?post_type=product&#038;p=32212"},"modified":"2021-01-21T13:05:01","modified_gmt":"2021-01-21T12:05:01","slug":"piano","status":"publish","type":"product","link":"https:\/\/test.burgwaechterservice.de\/fr\/p\/boites-aux-lettres\/piano\/","title":{"rendered":"Piano"},"content":{"rendered":"<p><img decoding=\"async\" class=\"alignnone wp-image-164057\" src=\"https:\/\/test.burgwaechterservice.de\/fr\/wp-content\/uploads\/sites\/4\/2016\/07\/Piano-Pearl-Kiel-Malm\u00f6-Verona-1.jpg\" alt=\"\" width=\"329\" height=\"118\" srcset=\"https:\/\/test.burgwaechterservice.de\/fr\/wp-content\/uploads\/sites\/4\/2016\/07\/Piano-Pearl-Kiel-Malm\u00f6-Verona-1.jpg 890w, https:\/\/test.burgwaechterservice.de\/fr\/wp-content\/uploads\/sites\/4\/2016\/07\/Piano-Pearl-Kiel-Malm\u00f6-Verona-1-300x108.jpg 300w, https:\/\/test.burgwaechterservice.de\/fr\/wp-content\/uploads\/sites\/4\/2016\/07\/Piano-Pearl-Kiel-Malm\u00f6-Verona-1-768x275.jpg 768w, https:\/\/test.burgwaechterservice.de\/fr\/wp-content\/uploads\/sites\/4\/2016\/07\/Piano-Pearl-Kiel-Malm\u00f6-Verona-1-600x215.jpg 600w\" sizes=\"(max-width: 329px) 100vw, 329px\" \/><a href=\"https:\/\/warranty.burg.biz\/bk\/\" target=\"_blank\" rel=\"noopener noreferrer\"><img decoding=\"async\" class=\"alignright wp-image-254979\" src=\"https:\/\/test.burgwaechterservice.de\/fr\/wp-content\/uploads\/sites\/4\/2016\/07\/Siegel_5_Jahre_Garantie_FR_-295x300.jpg\" alt=\"\" width=\"214\" height=\"218\" srcset=\"https:\/\/test.burgwaechterservice.de\/fr\/wp-content\/uploads\/sites\/4\/2016\/07\/Siegel_5_Jahre_Garantie_FR_-295x300.jpg 295w, https:\/\/test.burgwaechterservice.de\/fr\/wp-content\/uploads\/sites\/4\/2016\/07\/Siegel_5_Jahre_Garantie_FR_.jpg 485w\" sizes=\"(max-width: 214px) 100vw, 214px\" \/><br \/>\n<\/a><\/p>\n<h2>La bo\u00eete aux lettres PIANO avec effet laque de piano<\/h2>\n<p>Cette bo\u00eete aux lettres <strong>embellit <\/strong>l&#8217;entr\u00e9e de la maison<\/p>\n<p>de tous ceux pour qui design ET fonctionnalit\u00e9 sont indissociables. Avec son <strong>fini laque de piano<\/strong> \u00e9l\u00e9gant, le mod\u00e8le PIANO est vraiment un OVNI parmi les bo\u00eetes aux lettres traditionnelles. Ses <strong>courbes<\/strong> arrondies <strong>uniques<\/strong> s\u00e9duisent le regard tout comme sa surface les mains.<\/p>\n<p>Choisissez votre bo\u00eete aux lettres personnelle parmi <strong>8 couleurs inattendues.<\/strong><br \/>\nChacun est s\u00fbr d&#8217;y trouver le bon ton pour son mod\u00e8le PIANO.<\/p>\n<h3>PVC haut de gamme et facile d&#8217;entretien<\/h3>\n<p>Le <strong>PVC de qualit\u00e9<\/strong> de la bo\u00eete aux lettres est extr\u00eamement <strong>r\u00e9sistant <\/strong>et <strong>ne craint pas les intemp\u00e9ries<\/strong>. Sa surface remarquable est facile \u00e0 entretenir. Nettoyez r\u00e9guli\u00e8rement et sans peine votre bo\u00eete aux lettres avec un chiffon humide et propre. Ainsi, elle gardera son \u00e9clat pendant longtemps.<\/p>\n<h3>Design pratique<\/h3>\n<p>Le mod\u00e8le PIANO poss\u00e8de non seulement <strong>de belles formes<\/strong> mais il est extr\u00eamement <strong>pratique <\/strong>d&#8217;utilisation. Son int\u00e9rieur est <strong>tr\u00e8s spacieux<\/strong> et peut contenir \u00e9norm\u00e9ment de courrier. Le format de fente DIN C4 (325 x 34 mm) permet un passage simple et s\u00fbr des lettres si bien qu&#8217;elles vous parviennent intactes.\u00a0 La bo\u00eete aux lettres PIANO dispose \u00e9galement d&#8217;un <strong>porte-journaux int\u00e9gr\u00e9<\/strong> afin que vos journaux et revues arrivent chez vous dans leur \u00e9tat d&#8217;origine.<\/p>\n<h3>Montage mural ou \u00e0 un endroit ind\u00e9pendant<\/h3>\n<p><strong>Nous recommandons <\/strong>le montage mural ou de mani\u00e8re ind\u00e9pendante <strong>\u00e0 un endroit prot\u00e9g\u00e9 des intemp\u00e9ries<\/strong>. Dans le meilleur des cas, la bo\u00eete aux lettres en PVC ne devrait pas \u00eatre expos\u00e9e constamment et directement aux caprices de la m\u00e9t\u00e9o.<br \/>\nVous pouvez \u00e9galement acheter s\u00e9par\u00e9ment un pied de bo\u00eete aux lettres pour pouvoir la placer o\u00f9 vous le souhaiter. <a href=\"https:\/\/test.burgwaechterservice.de\/fr\/c\/boites-aux-lettres\/boites-aux-lettres-en-batterie-individuelles-sur-pieds-et-poteaux\/\">Choisissez ici un pied pour votre bo\u00eete aux lettres PIANO<\/a>.<\/p>\n<h3>Le mod\u00e8le PIANO de BURG-W\u00c4CHTER<\/h3>\n<ul>\n<li>Bo\u00eete aux lettres de qualit\u00e9 en PVC avec fini laque de piano<\/li>\n<li>R\u00e9pond \u00e0 la norme EN 13724<\/li>\n<li>Bo\u00eete aux lettres \u00e0 double fonction<\/li>\n<li>Avec porte-journaux int\u00e9gr\u00e9<\/li>\n<li>Vaste volume<\/li>\n<li>Porte avec syst\u00e8me d&#8217;arr\u00eat<\/li>\n<li>Facile d&#8217;entretien<\/li>\n<li>Format de fente\u00a0: DIN C4<br \/>\n(L x H\u00a0: 325 x 34 mm)<\/li>\n<li>Dimensions L x l x H\u00a0: 400 x 380 x 178 mm<\/li>\n<li>Disponible en\u00a0: merlot, granit, Light Blue, Fresh Green, Marine Blue, rouge, noir et blanc<\/li>\n<li>Mat\u00e9riel de fixation compris dans la livraison<\/li>\n<\/ul>\n<p>&nbsp;<\/p>\n<table class=\"ausfuehrung\">\n<thead>\n<tr>\n<td>Article<\/td>\n<td>Couleurs<\/td>\n<td>H x\u00a0L x P<\/td>\n<td>Fente<\/td>\n<\/tr>\n<tr>\n<td class=\"subdesc\"><\/td>\n<td><\/td>\n<td class=\"subdesc\">\u00a0mm<\/td>\n<td class=\"subdesc\">L\u00a0x H (mm)<\/td>\n<\/tr>\n<\/thead>\n<tbody>\n<tr>\n<td>\u00a0Piano 886 M<\/td>\n<td>merlot<\/td>\n<td>400 x 380\u00a0 178<\/td>\n<td>325 x 34<\/td>\n<\/tr>\n<tr>\n<td>\u00a0Piano 886 G<\/td>\n<td>gris<\/td>\n<td>400 x 380 x 178<\/td>\n<td>325 x 34<\/td>\n<\/tr>\n<tr>\n<td>Piano 886 LB<\/td>\n<td>light blue<\/td>\n<td>400 x 380 178<\/td>\n<td>325 x 34<\/td>\n<\/tr>\n<tr>\n<td>Piano 886 FG<\/td>\n<td>fresh vert<\/td>\n<td>400 x 380 x 178<\/td>\n<td>325 x 34<\/td>\n<\/tr>\n<tr>\n<td>Piano 886 MB<\/td>\n<td>marine blue<\/td>\n<td>400 x 380 178<\/td>\n<td>325 x 34<\/td>\n<\/tr>\n<tr>\n<td>Piano 886 R<\/td>\n<td>rouge<\/td>\n<td>400 x 380 x 178<\/td>\n<td>325 x 34<\/td>\n<\/tr>\n<tr>\n<td>Piano 886 S<\/td>\n<td>noir<\/td>\n<td>400 x 380 178<\/td>\n<td>325 x 34<\/td>\n<\/tr>\n<tr>\n<td>Piano 886 W<\/td>\n<td>blanc<\/td>\n<td>400 x 380 x 178<\/td>\n<td>325 x 34<\/td>\n<\/tr>\n<\/tbody>\n<\/table>\n","protected":false},"excerpt":{"rendered":"<p>La bo\u00eete aux lettres PIANO avec effet laque de piano Cette bo\u00eete aux lettres embellit l&#8217;entr\u00e9e de la maison de tous ceux pour qui design ET fonctionnalit\u00e9 sont indissociables. Avec son fini laque de piano \u00e9l\u00e9gant, le mod\u00e8le PIANO est &hellip; <a class=\"kt-excerpt-readmore\" href=\"https:\/\/test.burgwaechterservice.de\/fr\/p\/boites-aux-lettres\/piano\/\" aria-label=\"Piano\">Lire la suite<\/a><\/p>\n","protected":false},"featured_media":462529,"comment_status":"closed","ping_status":"closed","template":"","meta":[],"product_cat":[23,28],"product_tag":[],"yoast_head":"<!-- This site is optimized with the Yoast SEO Premium plugin v18.4 (Yoast SEO v19.13) - https:\/\/yoast.com\/wordpress\/plugins\/seo\/ -->\n<title>Piano - BURG-W\u00c4CHTER<\/title>\n<meta name=\"description\" content=\"La bo\u00eete aux lettres PIANO avec effet laque de piano Cette bo\u00eete aux lettres embellit l&#039;entr\u00e9e de la maison de tous ceux pour qui design ET fonctionnalit\u00e9\" \/>\n<meta name=\"robots\" content=\"index, follow, max-snippet:-1, max-image-preview:large, max-video-preview:-1\" \/>\n<link rel=\"canonical\" href=\"https:\/\/test.burgwaechterservice.de\/fr\/p\/boites-aux-lettres\/piano\/\" \/>\n<meta property=\"og:locale\" content=\"fr_FR\" \/>\n<meta property=\"og:type\" content=\"article\" \/>\n<meta property=\"og:title\" content=\"Piano\" \/>\n<meta property=\"og:description\" content=\"La bo\u00eete aux lettres PIANO avec effet laque de piano Cette bo\u00eete aux lettres embellit l&#039;entr\u00e9e de la maison de tous ceux pour qui design ET fonctionnalit\u00e9\" \/>\n<meta property=\"og:url\" content=\"https:\/\/test.burgwaechterservice.de\/fr\/p\/boites-aux-lettres\/piano\/\" \/>\n<meta property=\"og:site_name\" content=\"Burg-W\u00e4chter France\" \/>\n<meta property=\"article:modified_time\" content=\"2021-01-21T12:05:01+00:00\" \/>\n<meta property=\"og:image\" content=\"https:\/\/test.burgwaechterservice.de\/fr\/wp-content\/uploads\/sites\/4\/2016\/07\/PIANO-886-R.png\" \/>\n\t<meta property=\"og:image:width\" content=\"500\" \/>\n\t<meta property=\"og:image:height\" content=\"500\" \/>\n\t<meta property=\"og:image:type\" content=\"image\/png\" \/>\n<meta name=\"twitter:card\" content=\"summary_large_image\" \/>\n<meta name=\"twitter:label1\" content=\"Dur\u00e9e de lecture estim\u00e9e\" \/>\n\t<meta name=\"twitter:data1\" content=\"2 minutes\" \/>\n<!-- \/ Yoast SEO Premium plugin. -->","yoast_head_json":{"title":"Piano - BURG-W\u00c4CHTER","description":"La bo\u00eete aux lettres PIANO avec effet laque de piano Cette bo\u00eete aux lettres embellit l'entr\u00e9e de la maison de tous ceux pour qui design ET fonctionnalit\u00e9","robots":{"index":"index","follow":"follow","max-snippet":"max-snippet:-1","max-image-preview":"max-image-preview:large","max-video-preview":"max-video-preview:-1"},"canonical":"https:\/\/test.burgwaechterservice.de\/fr\/p\/boites-aux-lettres\/piano\/","og_locale":"fr_FR","og_type":"article","og_title":"Piano","og_description":"La bo\u00eete aux lettres PIANO avec effet laque de piano Cette bo\u00eete aux lettres embellit l'entr\u00e9e de la maison de tous ceux pour qui design ET fonctionnalit\u00e9","og_url":"https:\/\/test.burgwaechterservice.de\/fr\/p\/boites-aux-lettres\/piano\/","og_site_name":"Burg-W\u00e4chter France","article_modified_time":"2021-01-21T12:05:01+00:00","og_image":[{"width":500,"height":500,"url":"https:\/\/test.burgwaechterservice.de\/fr\/wp-content\/uploads\/sites\/4\/2016\/07\/PIANO-886-R.png","type":"image\/png"}],"twitter_card":"summary_large_image","twitter_misc":{"Dur\u00e9e de lecture estim\u00e9e":"2 minutes"},"schema":{"@context":"https:\/\/schema.org","@graph":[{"@type":"WebPage","@id":"https:\/\/test.burgwaechterservice.de\/fr\/p\/boites-aux-lettres\/piano\/","url":"https:\/\/test.burgwaechterservice.de\/fr\/p\/boites-aux-lettres\/piano\/","name":"Piano - BURG-W\u00c4CHTER","isPartOf":{"@id":"https:\/\/test.burgwaechterservice.de\/fr\/#website"},"datePublished":"2016-07-20T11:47:48+00:00","dateModified":"2021-01-21T12:05:01+00:00","description":"La bo\u00eete aux lettres PIANO avec effet laque de piano Cette bo\u00eete aux lettres embellit l'entr\u00e9e de la maison de tous ceux pour qui design ET fonctionnalit\u00e9","breadcrumb":{"@id":"https:\/\/test.burgwaechterservice.de\/fr\/p\/boites-aux-lettres\/piano\/#breadcrumb"},"inLanguage":"fr-FR","potentialAction":[{"@type":"ReadAction","target":["https:\/\/test.burgwaechterservice.de\/fr\/p\/boites-aux-lettres\/piano\/"]}]},{"@type":"BreadcrumbList","@id":"https:\/\/test.burgwaechterservice.de\/fr\/p\/boites-aux-lettres\/piano\/#breadcrumb","itemListElement":[{"@type":"ListItem","position":1,"name":"Accueil","item":"https:\/\/test.burgwaechterservice.de\/fr\/"},{"@type":"ListItem","position":2,"name":"Produits","item":"https:\/\/test.burgwaechterservice.de\/fr\/p\/"},{"@type":"ListItem","position":3,"name":"Piano"}]},{"@type":"WebSite","@id":"https:\/\/test.burgwaechterservice.de\/fr\/#website","url":"https:\/\/test.burgwaechterservice.de\/fr\/","name":"Burg-W\u00e4chter France","description":"Le choix le plus s\u00fbr!","potentialAction":[{"@type":"SearchAction","target":{"@type":"EntryPoint","urlTemplate":"https:\/\/test.burgwaechterservice.de\/fr\/?s={search_term_string}"},"query-input":"required name=search_term_string"}],"inLanguage":"fr-FR"}]}},"_links":{"self":[{"href":"https:\/\/test.burgwaechterservice.de\/fr\/wp-json\/wp\/v2\/product\/32212"}],"collection":[{"href":"https:\/\/test.burgwaechterservice.de\/fr\/wp-json\/wp\/v2\/product"}],"about":[{"href":"https:\/\/test.burgwaechterservice.de\/fr\/wp-json\/wp\/v2\/types\/product"}],"replies":[{"embeddable":true,"href":"https:\/\/test.burgwaechterservice.de\/fr\/wp-json\/wp\/v2\/comments?post=32212"}],"wp:featuredmedia":[{"embeddable":true,"href":"https:\/\/test.burgwaechterservice.de\/fr\/wp-json\/wp\/v2\/media\/462529"}],"wp:attachment":[{"href":"https:\/\/test.burgwaechterservice.de\/fr\/wp-json\/wp\/v2\/media?parent=32212"}],"wp:term":[{"taxonomy":"product_cat","embeddable":true,"href":"https:\/\/test.burgwaechterservice.de\/fr\/wp-json\/wp\/v2\/product_cat?post=32212"},{"taxonomy":"product_tag","embeddable":true,"href":"https:\/\/test.burgwaechterservice.de\/fr\/wp-json\/wp\/v2\/product_tag?post=32212"}],"curies":[{"name":"wp","href":"https:\/\/api.w.org\/{rel}","templated":true}]}}