{"id":32191,"date":"2016-07-20T11:34:50","date_gmt":"2016-07-20T09:34:50","guid":{"rendered":"https:\/\/www.burg.biz\/?post_type=product&#038;p=32191"},"modified":"2016-09-08T14:21:27","modified_gmt":"2016-09-08T12:21:27","slug":"6900","status":"publish","type":"product","link":"https:\/\/test.burgwaechterservice.de\/fr\/p\/caisse-a-monnaie-boitier-a-clef\/6900\/","title":{"rendered":"6900"},"content":{"rendered":"<p><img decoding=\"async\" class=\"alignnone size-full wp-image-33911\" src=\"https:\/\/test.burgwaechterservice.de\/fr\/wp-content\/uploads\/sites\/4\/2016\/07\/Schliessanlagen.jpg\" alt=\"Schliessanlagen\" width=\"80\" height=\"80\" \/><\/p>\n<h2>Armoire \u00e0 cl\u00e9s de grande capacit\u00e9<\/h2>\n<ul>\n<li>Avec panneaux t\u00e9lescopiques<\/li>\n<li>Mod\u00e8les 1000 et 2000 avec cinq panneaux, mod\u00e8les 1500 et 3000 Avec sept panneaux<\/li>\n<li>Barrettes r\u00e9glables<\/li>\n<li>Registre de cl\u00e9 pratique dans la Porte<\/li>\n<li>Couleur : gris clair<\/li>\n<li>Version V-PZ: Peut \u00eatre int\u00e9gr\u00e9 \u00e0 un organigramme: pr\u00e9par\u00e9 pour demi-cylindre (longueur normale), livr\u00e9 sans cylindre.<\/li>\n<\/ul>\n<table class=\"ausfuehrung\">\n<thead>\n<tr>\n<td>Article<\/td>\n<td>H\u00a0x\u00a0L x P<\/td>\n<td>Poids<\/td>\n<td>Crochets<\/td>\n<\/tr>\n<tr>\n<td class=\"subdesc\"><\/td>\n<td class=\"subdesc\">\u00a0mm<\/td>\n<td class=\"subdesc\">kg<\/td>\n<td class=\"subdesc\"><\/td>\n<\/tr>\n<\/thead>\n<tbody>\n<tr>\n<td>6900\/1000<\/td>\n<td>850 x 500 x 420<\/td>\n<td>\u00a084<\/td>\n<td>1000<\/td>\n<\/tr>\n<tr>\n<td>6900\/1500<\/td>\n<td>850 x 780 x 420<\/td>\n<td>111<\/td>\n<td>1500<\/td>\n<\/tr>\n<tr>\n<td>6900\/2000<\/td>\n<td>1700 x\u00a0 600 x 420<\/td>\n<td>161<\/td>\n<td>2000<\/td>\n<\/tr>\n<tr>\n<td>6900\/3000<\/td>\n<td>1700 x 800 x 420<\/td>\n<td>202<\/td>\n<td>3000<\/td>\n<\/tr>\n<tr>\n<td>\u00a06900\/1000 V-PZ<\/td>\n<td>\u00a0850 x 500 x 420<\/td>\n<td>\u00a084<\/td>\n<td>1000<\/td>\n<\/tr>\n<tr>\n<td>\u00a06900\/1500 V-PZ<\/td>\n<td>\u00a0850 x 780 x 420<\/td>\n<td>\u00a0111<\/td>\n<td>1500<\/td>\n<\/tr>\n<tr>\n<td>\u00a06900\/2000 V-PZ<\/td>\n<td>\u00a01700 x\u00a0 600 x 420<\/td>\n<td>\u00a0161<\/td>\n<td>2000<\/td>\n<\/tr>\n<tr>\n<td>\u00a06900\/3000 V-PZ<\/td>\n<td>\u00a01700 x 800 x 420<\/td>\n<td>\u00a0202<\/td>\n<td>3000<\/td>\n<\/tr>\n<\/tbody>\n<\/table>\n","protected":false},"excerpt":{"rendered":"<p>Armoire \u00e0 cl\u00e9s de grande capacit\u00e9 Avec panneaux t\u00e9lescopiques Mod\u00e8les 1000 et 2000 avec cinq panneaux, mod\u00e8les 1500 et 3000 Avec sept panneaux Barrettes r\u00e9glables Registre de cl\u00e9 pratique dans la Porte Couleur : gris clair Version V-PZ: Peut \u00eatre &hellip; <a class=\"kt-excerpt-readmore\" href=\"https:\/\/test.burgwaechterservice.de\/fr\/p\/caisse-a-monnaie-boitier-a-clef\/6900\/\" aria-label=\"6900\">Lire la suite<\/a><\/p>\n","protected":false},"featured_media":32241,"comment_status":"closed","ping_status":"closed","template":"","meta":[],"product_cat":[27,32],"product_tag":[],"yoast_head":"<!-- This site is optimized with the Yoast SEO Premium plugin v18.4 (Yoast SEO v19.13) - https:\/\/yoast.com\/wordpress\/plugins\/seo\/ -->\n<title>6900 - Burg-W\u00e4chter<\/title>\n<meta name=\"description\" content=\"Armoire \u00e0 cl\u00e9s de grande capacit\u00e9 Avec panneaux t\u00e9lescopiques Mod\u00e8les 1000 et 2000 avec cinq panneaux, mod\u00e8les 1500 et 3000 Avec sept panneaux Barrettes\" \/>\n<meta name=\"robots\" content=\"index, follow, max-snippet:-1, max-image-preview:large, max-video-preview:-1\" \/>\n<link rel=\"canonical\" href=\"https:\/\/test.burgwaechterservice.de\/fr\/p\/caisse-a-monnaie-boitier-a-clef\/6900\/\" \/>\n<meta property=\"og:locale\" content=\"fr_FR\" \/>\n<meta property=\"og:type\" content=\"article\" \/>\n<meta property=\"og:title\" content=\"6900\" \/>\n<meta property=\"og:description\" content=\"Armoire \u00e0 cl\u00e9s de grande capacit\u00e9 Avec panneaux t\u00e9lescopiques Mod\u00e8les 1000 et 2000 avec cinq panneaux, mod\u00e8les 1500 et 3000 Avec sept panneaux Barrettes\" \/>\n<meta property=\"og:url\" content=\"https:\/\/test.burgwaechterservice.de\/fr\/p\/caisse-a-monnaie-boitier-a-clef\/6900\/\" \/>\n<meta property=\"og:site_name\" content=\"Burg-W\u00e4chter France\" \/>\n<meta property=\"article:modified_time\" content=\"2016-09-08T12:21:27+00:00\" \/>\n<meta property=\"og:image\" content=\"https:\/\/test.burgwaechterservice.de\/fr\/wp-content\/uploads\/sites\/4\/2016\/07\/Schl\u00fcsselschrank_6900_3000_116906-05.jpg\" \/>\n\t<meta property=\"og:image:width\" content=\"1000\" \/>\n\t<meta property=\"og:image:height\" content=\"1000\" \/>\n\t<meta property=\"og:image:type\" content=\"image\/jpeg\" \/>\n<meta name=\"twitter:card\" content=\"summary_large_image\" \/>\n<!-- \/ Yoast SEO Premium plugin. -->","yoast_head_json":{"title":"6900 - Burg-W\u00e4chter","description":"Armoire \u00e0 cl\u00e9s de grande capacit\u00e9 Avec panneaux t\u00e9lescopiques Mod\u00e8les 1000 et 2000 avec cinq panneaux, mod\u00e8les 1500 et 3000 Avec sept panneaux Barrettes","robots":{"index":"index","follow":"follow","max-snippet":"max-snippet:-1","max-image-preview":"max-image-preview:large","max-video-preview":"max-video-preview:-1"},"canonical":"https:\/\/test.burgwaechterservice.de\/fr\/p\/caisse-a-monnaie-boitier-a-clef\/6900\/","og_locale":"fr_FR","og_type":"article","og_title":"6900","og_description":"Armoire \u00e0 cl\u00e9s de grande capacit\u00e9 Avec panneaux t\u00e9lescopiques Mod\u00e8les 1000 et 2000 avec cinq panneaux, mod\u00e8les 1500 et 3000 Avec sept panneaux Barrettes","og_url":"https:\/\/test.burgwaechterservice.de\/fr\/p\/caisse-a-monnaie-boitier-a-clef\/6900\/","og_site_name":"Burg-W\u00e4chter France","article_modified_time":"2016-09-08T12:21:27+00:00","og_image":[{"width":1000,"height":1000,"url":"https:\/\/test.burgwaechterservice.de\/fr\/wp-content\/uploads\/sites\/4\/2016\/07\/Schl\u00fcsselschrank_6900_3000_116906-05.jpg","type":"image\/jpeg"}],"twitter_card":"summary_large_image","schema":{"@context":"https:\/\/schema.org","@graph":[{"@type":"WebPage","@id":"https:\/\/test.burgwaechterservice.de\/fr\/p\/caisse-a-monnaie-boitier-a-clef\/6900\/","url":"https:\/\/test.burgwaechterservice.de\/fr\/p\/caisse-a-monnaie-boitier-a-clef\/6900\/","name":"6900 - Burg-W\u00e4chter","isPartOf":{"@id":"https:\/\/test.burgwaechterservice.de\/fr\/#website"},"datePublished":"2016-07-20T09:34:50+00:00","dateModified":"2016-09-08T12:21:27+00:00","description":"Armoire \u00e0 cl\u00e9s de grande capacit\u00e9 Avec panneaux t\u00e9lescopiques Mod\u00e8les 1000 et 2000 avec cinq panneaux, mod\u00e8les 1500 et 3000 Avec sept panneaux Barrettes","breadcrumb":{"@id":"https:\/\/test.burgwaechterservice.de\/fr\/p\/caisse-a-monnaie-boitier-a-clef\/6900\/#breadcrumb"},"inLanguage":"fr-FR","potentialAction":[{"@type":"ReadAction","target":["https:\/\/test.burgwaechterservice.de\/fr\/p\/caisse-a-monnaie-boitier-a-clef\/6900\/"]}]},{"@type":"BreadcrumbList","@id":"https:\/\/test.burgwaechterservice.de\/fr\/p\/caisse-a-monnaie-boitier-a-clef\/6900\/#breadcrumb","itemListElement":[{"@type":"ListItem","position":1,"name":"Accueil","item":"https:\/\/test.burgwaechterservice.de\/fr\/"},{"@type":"ListItem","position":2,"name":"Produits","item":"https:\/\/test.burgwaechterservice.de\/fr\/p\/"},{"@type":"ListItem","position":3,"name":"6900"}]},{"@type":"WebSite","@id":"https:\/\/test.burgwaechterservice.de\/fr\/#website","url":"https:\/\/test.burgwaechterservice.de\/fr\/","name":"Burg-W\u00e4chter France","description":"Le choix le plus s\u00fbr!","potentialAction":[{"@type":"SearchAction","target":{"@type":"EntryPoint","urlTemplate":"https:\/\/test.burgwaechterservice.de\/fr\/?s={search_term_string}"},"query-input":"required name=search_term_string"}],"inLanguage":"fr-FR"}]}},"_links":{"self":[{"href":"https:\/\/test.burgwaechterservice.de\/fr\/wp-json\/wp\/v2\/product\/32191"}],"collection":[{"href":"https:\/\/test.burgwaechterservice.de\/fr\/wp-json\/wp\/v2\/product"}],"about":[{"href":"https:\/\/test.burgwaechterservice.de\/fr\/wp-json\/wp\/v2\/types\/product"}],"replies":[{"embeddable":true,"href":"https:\/\/test.burgwaechterservice.de\/fr\/wp-json\/wp\/v2\/comments?post=32191"}],"wp:featuredmedia":[{"embeddable":true,"href":"https:\/\/test.burgwaechterservice.de\/fr\/wp-json\/wp\/v2\/media\/32241"}],"wp:attachment":[{"href":"https:\/\/test.burgwaechterservice.de\/fr\/wp-json\/wp\/v2\/media?parent=32191"}],"wp:term":[{"taxonomy":"product_cat","embeddable":true,"href":"https:\/\/test.burgwaechterservice.de\/fr\/wp-json\/wp\/v2\/product_cat?post=32191"},{"taxonomy":"product_tag","embeddable":true,"href":"https:\/\/test.burgwaechterservice.de\/fr\/wp-json\/wp\/v2\/product_tag?post=32191"}],"curies":[{"name":"wp","href":"https:\/\/api.w.org\/{rel}","templated":true}]}}