{"id":32154,"date":"2016-07-20T10:06:39","date_gmt":"2016-07-20T08:06:39","guid":{"rendered":"https:\/\/www.burg.biz\/?post_type=product&#038;p=32154"},"modified":"2019-06-12T10:01:18","modified_gmt":"2019-06-12T08:01:18","slug":"s-6500","status":"publish","type":"product","link":"https:\/\/test.burgwaechterservice.de\/fr\/p\/caisse-a-monnaie-boitier-a-clef\/s-6500\/","title":{"rendered":"6500"},"content":{"rendered":"<h2>Armoire \u00e0 cl\u00e9s extra fort<\/h2>\n<ul>\n<li>L\u2019armoire \u00e0 cl\u00e9s est compos\u00e9e de 2 parties qui s\u2018ouvrent \u00e0 180\u00b0<\/li>\n<li>En t\u00f4le d\u2019acier repli\u00e9<\/li>\n<li>Barrettes num\u00e9rot\u00e9es r\u00e9glables<\/li>\n<li>Couleur : gris clair<\/li>\n<li>Version 6500 Z : pour cl\u00e9s de cylindres<\/li>\n<li>R= ex\u00e9cution standard, charni\u00e8re \u00e0 droite<\/li>\n<li>L= ex\u00e9cution sp\u00e9ciale sans majoration, charni\u00e8re \u00e0 gauche<\/li>\n<li>Z= petits \u00e9carts entre les crochets, sp\u00e9cialement pour cl\u00e9s de cylindres<\/li>\n<\/ul>\n<table class=\"ausfuehrung\">\n<thead>\n<tr>\n<td>Article<\/td>\n<td>H\u00a0x\u00a0L x\u00a0P (mm)<\/td>\n<td>Crochets<\/td>\n<\/tr>\n<\/thead>\n<tbody>\n<tr>\n<td>6500\/48 R<\/td>\n<td>350 x 265 x 80<\/td>\n<td>48<\/td>\n<\/tr>\n<tr>\n<td>6500\/48 L<\/td>\n<td>350 x 265 x 80<\/td>\n<td>48<\/td>\n<\/tr>\n<tr>\n<td>6500\/78 R<\/td>\n<td>450 x 325 x 80<\/td>\n<td>78<\/td>\n<\/tr>\n<tr>\n<td>6500\/78 L<\/td>\n<td>450 x 325 x 80<\/td>\n<td>78<\/td>\n<\/tr>\n<tr>\n<td>6500\/120 R<\/td>\n<td>550 x 385 x 80<\/td>\n<td>120<\/td>\n<\/tr>\n<tr>\n<td>6500\/120 L<\/td>\n<td>550 x 385 x 80<\/td>\n<td>120<\/td>\n<\/tr>\n<tr>\n<td>6500 Z\/64 R<\/td>\n<td>350 x 265 x 80<\/td>\n<td>64<\/td>\n<\/tr>\n<tr>\n<td>6500 Z\/64 L<\/td>\n<td>350 x 265 x 80<\/td>\n<td>64<\/td>\n<\/tr>\n<tr>\n<td>6500 Z\/98 R<\/td>\n<td>450 x 325 x 80<\/td>\n<td>98<\/td>\n<\/tr>\n<tr>\n<td>6500 Z\/98 L<\/td>\n<td>450 x 325 x 80<\/td>\n<td>98<\/td>\n<\/tr>\n<tr>\n<td>6500 Z\/144 R<\/td>\n<td>550 x 385 x 80<\/td>\n<td>144<\/td>\n<\/tr>\n<tr>\n<td>6500 Z\/144 L<\/td>\n<td>550 x 385 x 80<\/td>\n<td>144<\/td>\n<\/tr>\n<\/tbody>\n<\/table>\n","protected":false},"excerpt":{"rendered":"<p>Armoire \u00e0 cl\u00e9s extra fort L\u2019armoire \u00e0 cl\u00e9s est compos\u00e9e de 2 parties qui s\u2018ouvrent \u00e0 180\u00b0 En t\u00f4le d\u2019acier repli\u00e9 Barrettes num\u00e9rot\u00e9es r\u00e9glables Couleur : gris clair Version 6500 Z : pour cl\u00e9s de cylindres R= ex\u00e9cution standard, charni\u00e8re &hellip; <a class=\"kt-excerpt-readmore\" href=\"https:\/\/test.burgwaechterservice.de\/fr\/p\/caisse-a-monnaie-boitier-a-clef\/s-6500\/\" aria-label=\"6500\">Lire la suite<\/a><\/p>\n","protected":false},"featured_media":32245,"comment_status":"closed","ping_status":"closed","template":"","meta":[],"product_cat":[27,32],"product_tag":[],"yoast_head":"<!-- This site is optimized with the Yoast SEO Premium plugin v18.4 (Yoast SEO v19.13) - https:\/\/yoast.com\/wordpress\/plugins\/seo\/ -->\n<title>6500 - Burg-W\u00e4chter<\/title>\n<meta name=\"description\" content=\"Armoire \u00e0 cl\u00e9s extra fort L\u2019armoire \u00e0 cl\u00e9s est compos\u00e9e de 2 parties qui s\u2018ouvrent \u00e0 180\u00b0 En t\u00f4le d\u2019acier repli\u00e9 Barrettes num\u00e9rot\u00e9es r\u00e9glables Couleur :\" \/>\n<meta name=\"robots\" content=\"index, follow, max-snippet:-1, max-image-preview:large, max-video-preview:-1\" \/>\n<link rel=\"canonical\" href=\"https:\/\/test.burgwaechterservice.de\/fr\/p\/caisse-a-monnaie-boitier-a-clef\/s-6500\/\" \/>\n<meta property=\"og:locale\" content=\"fr_FR\" \/>\n<meta property=\"og:type\" content=\"article\" \/>\n<meta property=\"og:title\" content=\"6500\" \/>\n<meta property=\"og:description\" content=\"Armoire \u00e0 cl\u00e9s extra fort L\u2019armoire \u00e0 cl\u00e9s est compos\u00e9e de 2 parties qui s\u2018ouvrent \u00e0 180\u00b0 En t\u00f4le d\u2019acier repli\u00e9 Barrettes num\u00e9rot\u00e9es r\u00e9glables Couleur :\" \/>\n<meta property=\"og:url\" content=\"https:\/\/test.burgwaechterservice.de\/fr\/p\/caisse-a-monnaie-boitier-a-clef\/s-6500\/\" \/>\n<meta property=\"og:site_name\" content=\"Burg-W\u00e4chter France\" \/>\n<meta property=\"article:modified_time\" content=\"2019-06-12T08:01:18+00:00\" \/>\n<meta property=\"og:image\" content=\"https:\/\/test.burgwaechterservice.de\/fr\/wp-content\/uploads\/sites\/4\/2016\/07\/Schl\u00fcsselschrank_6500_48_R_066904-05.jpg\" \/>\n\t<meta property=\"og:image:width\" content=\"1000\" \/>\n\t<meta property=\"og:image:height\" content=\"1000\" \/>\n\t<meta property=\"og:image:type\" content=\"image\/jpeg\" \/>\n<meta name=\"twitter:card\" content=\"summary_large_image\" \/>\n<meta name=\"twitter:label1\" content=\"Dur\u00e9e de lecture estim\u00e9e\" \/>\n\t<meta name=\"twitter:data1\" content=\"1 minute\" \/>\n<!-- \/ Yoast SEO Premium plugin. -->","yoast_head_json":{"title":"6500 - Burg-W\u00e4chter","description":"Armoire \u00e0 cl\u00e9s extra fort L\u2019armoire \u00e0 cl\u00e9s est compos\u00e9e de 2 parties qui s\u2018ouvrent \u00e0 180\u00b0 En t\u00f4le d\u2019acier repli\u00e9 Barrettes num\u00e9rot\u00e9es r\u00e9glables Couleur :","robots":{"index":"index","follow":"follow","max-snippet":"max-snippet:-1","max-image-preview":"max-image-preview:large","max-video-preview":"max-video-preview:-1"},"canonical":"https:\/\/test.burgwaechterservice.de\/fr\/p\/caisse-a-monnaie-boitier-a-clef\/s-6500\/","og_locale":"fr_FR","og_type":"article","og_title":"6500","og_description":"Armoire \u00e0 cl\u00e9s extra fort L\u2019armoire \u00e0 cl\u00e9s est compos\u00e9e de 2 parties qui s\u2018ouvrent \u00e0 180\u00b0 En t\u00f4le d\u2019acier repli\u00e9 Barrettes num\u00e9rot\u00e9es r\u00e9glables Couleur :","og_url":"https:\/\/test.burgwaechterservice.de\/fr\/p\/caisse-a-monnaie-boitier-a-clef\/s-6500\/","og_site_name":"Burg-W\u00e4chter France","article_modified_time":"2019-06-12T08:01:18+00:00","og_image":[{"width":1000,"height":1000,"url":"https:\/\/test.burgwaechterservice.de\/fr\/wp-content\/uploads\/sites\/4\/2016\/07\/Schl\u00fcsselschrank_6500_48_R_066904-05.jpg","type":"image\/jpeg"}],"twitter_card":"summary_large_image","twitter_misc":{"Dur\u00e9e de lecture estim\u00e9e":"1 minute"},"schema":{"@context":"https:\/\/schema.org","@graph":[{"@type":"WebPage","@id":"https:\/\/test.burgwaechterservice.de\/fr\/p\/caisse-a-monnaie-boitier-a-clef\/s-6500\/","url":"https:\/\/test.burgwaechterservice.de\/fr\/p\/caisse-a-monnaie-boitier-a-clef\/s-6500\/","name":"6500 - Burg-W\u00e4chter","isPartOf":{"@id":"https:\/\/test.burgwaechterservice.de\/fr\/#website"},"datePublished":"2016-07-20T08:06:39+00:00","dateModified":"2019-06-12T08:01:18+00:00","description":"Armoire \u00e0 cl\u00e9s extra fort L\u2019armoire \u00e0 cl\u00e9s est compos\u00e9e de 2 parties qui s\u2018ouvrent \u00e0 180\u00b0 En t\u00f4le d\u2019acier repli\u00e9 Barrettes num\u00e9rot\u00e9es r\u00e9glables Couleur :","breadcrumb":{"@id":"https:\/\/test.burgwaechterservice.de\/fr\/p\/caisse-a-monnaie-boitier-a-clef\/s-6500\/#breadcrumb"},"inLanguage":"fr-FR","potentialAction":[{"@type":"ReadAction","target":["https:\/\/test.burgwaechterservice.de\/fr\/p\/caisse-a-monnaie-boitier-a-clef\/s-6500\/"]}]},{"@type":"BreadcrumbList","@id":"https:\/\/test.burgwaechterservice.de\/fr\/p\/caisse-a-monnaie-boitier-a-clef\/s-6500\/#breadcrumb","itemListElement":[{"@type":"ListItem","position":1,"name":"Accueil","item":"https:\/\/test.burgwaechterservice.de\/fr\/"},{"@type":"ListItem","position":2,"name":"Produits","item":"https:\/\/test.burgwaechterservice.de\/fr\/p\/"},{"@type":"ListItem","position":3,"name":"6500"}]},{"@type":"WebSite","@id":"https:\/\/test.burgwaechterservice.de\/fr\/#website","url":"https:\/\/test.burgwaechterservice.de\/fr\/","name":"Burg-W\u00e4chter France","description":"Le choix le plus s\u00fbr!","potentialAction":[{"@type":"SearchAction","target":{"@type":"EntryPoint","urlTemplate":"https:\/\/test.burgwaechterservice.de\/fr\/?s={search_term_string}"},"query-input":"required name=search_term_string"}],"inLanguage":"fr-FR"}]}},"_links":{"self":[{"href":"https:\/\/test.burgwaechterservice.de\/fr\/wp-json\/wp\/v2\/product\/32154"}],"collection":[{"href":"https:\/\/test.burgwaechterservice.de\/fr\/wp-json\/wp\/v2\/product"}],"about":[{"href":"https:\/\/test.burgwaechterservice.de\/fr\/wp-json\/wp\/v2\/types\/product"}],"replies":[{"embeddable":true,"href":"https:\/\/test.burgwaechterservice.de\/fr\/wp-json\/wp\/v2\/comments?post=32154"}],"wp:featuredmedia":[{"embeddable":true,"href":"https:\/\/test.burgwaechterservice.de\/fr\/wp-json\/wp\/v2\/media\/32245"}],"wp:attachment":[{"href":"https:\/\/test.burgwaechterservice.de\/fr\/wp-json\/wp\/v2\/media?parent=32154"}],"wp:term":[{"taxonomy":"product_cat","embeddable":true,"href":"https:\/\/test.burgwaechterservice.de\/fr\/wp-json\/wp\/v2\/product_cat?post=32154"},{"taxonomy":"product_tag","embeddable":true,"href":"https:\/\/test.burgwaechterservice.de\/fr\/wp-json\/wp\/v2\/product_tag?post=32154"}],"curies":[{"name":"wp","href":"https:\/\/api.w.org\/{rel}","templated":true}]}}