{"id":32141,"date":"2016-07-20T09:37:32","date_gmt":"2016-07-20T07:37:32","guid":{"rendered":"https:\/\/www.burg.biz\/?post_type=product&#038;p=32141"},"modified":"2019-06-12T10:01:42","modified_gmt":"2019-06-12T08:01:42","slug":"s-6700","status":"publish","type":"product","link":"https:\/\/test.burgwaechterservice.de\/fr\/p\/caisse-a-monnaie-boitier-a-clef\/s-6700\/","title":{"rendered":"6700"},"content":{"rendered":"<p><img decoding=\"async\" class=\"alignnone size-full wp-image-33911\" src=\"https:\/\/test.burgwaechterservice.de\/fr\/wp-content\/uploads\/sites\/4\/2016\/07\/Schliessanlagen.jpg\" alt=\"Schliessanlagen\" width=\"80\" height=\"80\" \/><\/p>\n<h2>Armoire \u00e0 cl\u00e9s \u00e0 prix avantageux. Avec tableaux \u00e0 cl\u00e9s pliables.<\/h2>\n<ul>\n<li>Avec serrure \u00e0 cylindre<\/li>\n<li>Laqu\u00e9e bicolore : corps gris fonc\u00e9, porte gris clair<\/li>\n<li>Version V-PZ: Peut \u00eatre int\u00e9gr\u00e9 \u00e0 un organigramme: pr\u00e9par\u00e9 pour demi-cylindre (longueur normale), livr\u00e9 sans cylindre.<br \/>\nImportant : le r\u00e9glage de l\u2018entra\u00eeneur \u00e0 90\u00b0 gauche est imp\u00e9ratif<\/li>\n<\/ul>\n<table class=\"ausfuehrung\">\n<thead>\n<tr>\n<td>Article<\/td>\n<td>H\u00a0x\u00a0L x\u00a0P (mm)<\/td>\n<td>Crochets<\/td>\n<\/tr>\n<\/thead>\n<tbody>\n<tr>\n<td>6700\/57 R<\/td>\n<td>280 x 215 x 70<\/td>\n<td>57<\/td>\n<\/tr>\n<tr>\n<td>6700\/74 R<\/td>\n<td>330 x 245 x 85<\/td>\n<td>74<\/td>\n<\/tr>\n<tr>\n<td>6700\/108 R<\/td>\n<td>380 x 285 x 105<\/td>\n<td>108<\/td>\n<\/tr>\n<tr>\n<td>6700\/176 R<\/td>\n<td>380 x 285 x 105<\/td>\n<td>176<\/td>\n<\/tr>\n<tr>\n<td>6700\/204 R<\/td>\n<td>430 x 325 x 125<\/td>\n<td>204<\/td>\n<\/tr>\n<tr>\n<td>6700\/57 R V-PZ<\/td>\n<td>280 x 215 x 70<\/td>\n<td>\u00a057<\/td>\n<\/tr>\n<tr>\n<td>6700\/74 R V-PZ<\/td>\n<td>330 x 245 x 85<\/td>\n<td>\u00a074<\/td>\n<\/tr>\n<tr>\n<td>6700\/108 R V-PZ<\/td>\n<td>380 x 285 x 105<\/td>\n<td>\u00a0108<\/td>\n<\/tr>\n<tr>\n<td>6700\/176R V-PZ<\/td>\n<td>380 x 285 x 105<\/td>\n<td>\u00a0176<\/td>\n<\/tr>\n<tr>\n<td>6700\/204 R V-PZ<\/td>\n<td>430 x 325 x 125<\/td>\n<td>\u00a0204<\/td>\n<\/tr>\n<\/tbody>\n<\/table>\n","protected":false},"excerpt":{"rendered":"<p>Armoire \u00e0 cl\u00e9s \u00e0 prix avantageux. Avec tableaux \u00e0 cl\u00e9s pliables. Avec serrure \u00e0 cylindre Laqu\u00e9e bicolore : corps gris fonc\u00e9, porte gris clair Version V-PZ: Peut \u00eatre int\u00e9gr\u00e9 \u00e0 un organigramme: pr\u00e9par\u00e9 pour demi-cylindre (longueur normale), livr\u00e9 sans cylindre. &hellip; <a class=\"kt-excerpt-readmore\" href=\"https:\/\/test.burgwaechterservice.de\/fr\/p\/caisse-a-monnaie-boitier-a-clef\/s-6700\/\" aria-label=\"6700\">Lire la suite<\/a><\/p>\n","protected":false},"featured_media":32246,"comment_status":"closed","ping_status":"closed","template":"","meta":[],"product_cat":[27,32],"product_tag":[],"yoast_head":"<!-- This site is optimized with the Yoast SEO Premium plugin v18.4 (Yoast SEO v19.13) - https:\/\/yoast.com\/wordpress\/plugins\/seo\/ -->\n<title>6700 - Burg-W\u00e4chter<\/title>\n<meta name=\"description\" content=\"Armoire \u00e0 cl\u00e9s \u00e0 prix avantageux. Avec tableaux \u00e0 cl\u00e9s pliables. Avec serrure \u00e0 cylindre Laqu\u00e9e bicolore : corps gris fonc\u00e9, porte gris clair Version\" \/>\n<meta name=\"robots\" content=\"index, follow, max-snippet:-1, max-image-preview:large, max-video-preview:-1\" \/>\n<link rel=\"canonical\" href=\"https:\/\/test.burgwaechterservice.de\/fr\/p\/caisse-a-monnaie-boitier-a-clef\/s-6700\/\" \/>\n<meta property=\"og:locale\" content=\"fr_FR\" \/>\n<meta property=\"og:type\" content=\"article\" \/>\n<meta property=\"og:title\" content=\"6700\" \/>\n<meta property=\"og:description\" content=\"Armoire \u00e0 cl\u00e9s \u00e0 prix avantageux. Avec tableaux \u00e0 cl\u00e9s pliables. Avec serrure \u00e0 cylindre Laqu\u00e9e bicolore : corps gris fonc\u00e9, porte gris clair Version\" \/>\n<meta property=\"og:url\" content=\"https:\/\/test.burgwaechterservice.de\/fr\/p\/caisse-a-monnaie-boitier-a-clef\/s-6700\/\" \/>\n<meta property=\"og:site_name\" content=\"Burg-W\u00e4chter France\" \/>\n<meta property=\"article:modified_time\" content=\"2019-06-12T08:01:42+00:00\" \/>\n<meta property=\"og:image\" content=\"https:\/\/test.burgwaechterservice.de\/fr\/wp-content\/uploads\/sites\/4\/2016\/07\/Schl\u00fcsselschrank_6700_57_R_131503-05.jpg\" \/>\n\t<meta property=\"og:image:width\" content=\"1000\" \/>\n\t<meta property=\"og:image:height\" content=\"1000\" \/>\n\t<meta property=\"og:image:type\" content=\"image\/jpeg\" \/>\n<meta name=\"twitter:card\" content=\"summary_large_image\" \/>\n<!-- \/ Yoast SEO Premium plugin. -->","yoast_head_json":{"title":"6700 - Burg-W\u00e4chter","description":"Armoire \u00e0 cl\u00e9s \u00e0 prix avantageux. Avec tableaux \u00e0 cl\u00e9s pliables. Avec serrure \u00e0 cylindre Laqu\u00e9e bicolore : corps gris fonc\u00e9, porte gris clair Version","robots":{"index":"index","follow":"follow","max-snippet":"max-snippet:-1","max-image-preview":"max-image-preview:large","max-video-preview":"max-video-preview:-1"},"canonical":"https:\/\/test.burgwaechterservice.de\/fr\/p\/caisse-a-monnaie-boitier-a-clef\/s-6700\/","og_locale":"fr_FR","og_type":"article","og_title":"6700","og_description":"Armoire \u00e0 cl\u00e9s \u00e0 prix avantageux. Avec tableaux \u00e0 cl\u00e9s pliables. Avec serrure \u00e0 cylindre Laqu\u00e9e bicolore : corps gris fonc\u00e9, porte gris clair Version","og_url":"https:\/\/test.burgwaechterservice.de\/fr\/p\/caisse-a-monnaie-boitier-a-clef\/s-6700\/","og_site_name":"Burg-W\u00e4chter France","article_modified_time":"2019-06-12T08:01:42+00:00","og_image":[{"width":1000,"height":1000,"url":"https:\/\/test.burgwaechterservice.de\/fr\/wp-content\/uploads\/sites\/4\/2016\/07\/Schl\u00fcsselschrank_6700_57_R_131503-05.jpg","type":"image\/jpeg"}],"twitter_card":"summary_large_image","schema":{"@context":"https:\/\/schema.org","@graph":[{"@type":"WebPage","@id":"https:\/\/test.burgwaechterservice.de\/fr\/p\/caisse-a-monnaie-boitier-a-clef\/s-6700\/","url":"https:\/\/test.burgwaechterservice.de\/fr\/p\/caisse-a-monnaie-boitier-a-clef\/s-6700\/","name":"6700 - Burg-W\u00e4chter","isPartOf":{"@id":"https:\/\/test.burgwaechterservice.de\/fr\/#website"},"datePublished":"2016-07-20T07:37:32+00:00","dateModified":"2019-06-12T08:01:42+00:00","description":"Armoire \u00e0 cl\u00e9s \u00e0 prix avantageux. Avec tableaux \u00e0 cl\u00e9s pliables. Avec serrure \u00e0 cylindre Laqu\u00e9e bicolore : corps gris fonc\u00e9, porte gris clair Version","breadcrumb":{"@id":"https:\/\/test.burgwaechterservice.de\/fr\/p\/caisse-a-monnaie-boitier-a-clef\/s-6700\/#breadcrumb"},"inLanguage":"fr-FR","potentialAction":[{"@type":"ReadAction","target":["https:\/\/test.burgwaechterservice.de\/fr\/p\/caisse-a-monnaie-boitier-a-clef\/s-6700\/"]}]},{"@type":"BreadcrumbList","@id":"https:\/\/test.burgwaechterservice.de\/fr\/p\/caisse-a-monnaie-boitier-a-clef\/s-6700\/#breadcrumb","itemListElement":[{"@type":"ListItem","position":1,"name":"Accueil","item":"https:\/\/test.burgwaechterservice.de\/fr\/"},{"@type":"ListItem","position":2,"name":"Produits","item":"https:\/\/test.burgwaechterservice.de\/fr\/p\/"},{"@type":"ListItem","position":3,"name":"6700"}]},{"@type":"WebSite","@id":"https:\/\/test.burgwaechterservice.de\/fr\/#website","url":"https:\/\/test.burgwaechterservice.de\/fr\/","name":"Burg-W\u00e4chter France","description":"Le choix le plus s\u00fbr!","potentialAction":[{"@type":"SearchAction","target":{"@type":"EntryPoint","urlTemplate":"https:\/\/test.burgwaechterservice.de\/fr\/?s={search_term_string}"},"query-input":"required name=search_term_string"}],"inLanguage":"fr-FR"}]}},"_links":{"self":[{"href":"https:\/\/test.burgwaechterservice.de\/fr\/wp-json\/wp\/v2\/product\/32141"}],"collection":[{"href":"https:\/\/test.burgwaechterservice.de\/fr\/wp-json\/wp\/v2\/product"}],"about":[{"href":"https:\/\/test.burgwaechterservice.de\/fr\/wp-json\/wp\/v2\/types\/product"}],"replies":[{"embeddable":true,"href":"https:\/\/test.burgwaechterservice.de\/fr\/wp-json\/wp\/v2\/comments?post=32141"}],"wp:featuredmedia":[{"embeddable":true,"href":"https:\/\/test.burgwaechterservice.de\/fr\/wp-json\/wp\/v2\/media\/32246"}],"wp:attachment":[{"href":"https:\/\/test.burgwaechterservice.de\/fr\/wp-json\/wp\/v2\/media?parent=32141"}],"wp:term":[{"taxonomy":"product_cat","embeddable":true,"href":"https:\/\/test.burgwaechterservice.de\/fr\/wp-json\/wp\/v2\/product_cat?post=32141"},{"taxonomy":"product_tag","embeddable":true,"href":"https:\/\/test.burgwaechterservice.de\/fr\/wp-json\/wp\/v2\/product_tag?post=32141"}],"curies":[{"name":"wp","href":"https:\/\/api.w.org\/{rel}","templated":true}]}}