{"id":32114,"date":"2016-07-20T08:36:14","date_gmt":"2016-07-20T06:36:14","guid":{"rendered":"https:\/\/www.burg.biz\/?post_type=product&#038;p=32114"},"modified":"2019-06-12T10:02:00","modified_gmt":"2019-06-12T08:02:00","slug":"s-6750","status":"publish","type":"product","link":"https:\/\/test.burgwaechterservice.de\/fr\/p\/caisse-a-monnaie-boitier-a-clef\/s-6750\/","title":{"rendered":"6750"},"content":{"rendered":"<h2>Armoire \u00e0 cl\u00e9s \u00e0 prix avantageux<\/h2>\n<ul>\n<li>anotation possible sur les barrettes\u00a0de crochets<\/li>\n<li>pratique : Porte-cl\u00e9s (inclus)\u00a0\u00a0peuvent porter une inscription et\u00a0\u00eatre accroch\u00e9s<\/li>\n<li>rangement ais\u00e9 des cl\u00e9s<\/li>\n<li>porte avec aimant et serrure\u00a0cylindrique avec 2 cl\u00e9s<\/li>\n<li>pr\u00e9vu pour la \ufb01 xation au mur<\/li>\n<li>utilisation universelle en industrie,\u00a0P.M.E. et priv\u00e9<\/li>\n<\/ul>\n<p><strong>Version\u00a0KT 6750: Porte-cl\u00e9s<\/strong><\/p>\n<ul>\n<li>facilitent le rangement<\/li>\n<li>compatible avec la s\u00e9rie 6750 ou\u00a0\u00a0\u00e0 utiliser individuellement<\/li>\n<\/ul>\n<table class=\"ausfuehrung\">\n<thead>\n<tr>\n<td>Article<\/td>\n<td>H\u00a0x\u00a0L x\u00a0P (mm)<\/td>\n<td>Crochets<\/td>\n<\/tr>\n<\/thead>\n<tbody>\n<tr>\n<td>6750\/48 R<\/td>\n<td>560 x 280 x 50<\/td>\n<td>48<\/td>\n<\/tr>\n<tr>\n<td>6750\/72 R<\/td>\n<td>455 x 380 x 50<\/td>\n<td>72<\/td>\n<\/tr>\n<tr>\n<td>6750\/96 R<\/td>\n<td>595 x 380 x 50<\/td>\n<td>96<\/td>\n<\/tr>\n<tr>\n<td>6750\/120 R<\/td>\n<td>710 x 380 x 50<\/td>\n<td>120<\/td>\n<\/tr>\n<tr>\n<td>KT 6750<\/td>\n<td><\/td>\n<td><\/td>\n<\/tr>\n<\/tbody>\n<\/table>\n","protected":false},"excerpt":{"rendered":"<p>Armoire \u00e0 cl\u00e9s \u00e0 prix avantageux anotation possible sur les barrettes\u00a0de crochets pratique : Porte-cl\u00e9s (inclus)\u00a0\u00a0peuvent porter une inscription et\u00a0\u00eatre accroch\u00e9s rangement ais\u00e9 des cl\u00e9s porte avec aimant et serrure\u00a0cylindrique avec 2 cl\u00e9s pr\u00e9vu pour la \ufb01 xation au mur &hellip; <a class=\"kt-excerpt-readmore\" href=\"https:\/\/test.burgwaechterservice.de\/fr\/p\/caisse-a-monnaie-boitier-a-clef\/s-6750\/\" aria-label=\"6750\">Lire la suite<\/a><\/p>\n","protected":false},"featured_media":32247,"comment_status":"closed","ping_status":"closed","template":"","meta":[],"product_cat":[27,32],"product_tag":[],"yoast_head":"<!-- This site is optimized with the Yoast SEO Premium plugin v18.4 (Yoast SEO v19.13) - https:\/\/yoast.com\/wordpress\/plugins\/seo\/ -->\n<title>6750 - Burg-W\u00e4chter<\/title>\n<meta name=\"description\" content=\"Armoire \u00e0 cl\u00e9s \u00e0 prix avantageux anotation possible sur les barrettes\u00a0de crochets pratique : Porte-cl\u00e9s (inclus)\u00a0\u00a0peuvent porter une inscription et\u00a0\u00eatre\" \/>\n<meta name=\"robots\" content=\"index, follow, max-snippet:-1, max-image-preview:large, max-video-preview:-1\" \/>\n<link rel=\"canonical\" href=\"https:\/\/test.burgwaechterservice.de\/fr\/p\/caisse-a-monnaie-boitier-a-clef\/s-6750\/\" \/>\n<meta property=\"og:locale\" content=\"fr_FR\" \/>\n<meta property=\"og:type\" content=\"article\" \/>\n<meta property=\"og:title\" content=\"6750\" \/>\n<meta property=\"og:description\" content=\"Armoire \u00e0 cl\u00e9s \u00e0 prix avantageux anotation possible sur les barrettes\u00a0de crochets pratique : Porte-cl\u00e9s (inclus)\u00a0\u00a0peuvent porter une inscription et\u00a0\u00eatre\" \/>\n<meta property=\"og:url\" content=\"https:\/\/test.burgwaechterservice.de\/fr\/p\/caisse-a-monnaie-boitier-a-clef\/s-6750\/\" \/>\n<meta property=\"og:site_name\" content=\"Burg-W\u00e4chter France\" \/>\n<meta property=\"article:modified_time\" content=\"2019-06-12T08:02:00+00:00\" \/>\n<meta property=\"og:image\" content=\"https:\/\/test.burgwaechterservice.de\/fr\/wp-content\/uploads\/sites\/4\/2016\/07\/Schl\u00fcsselschrank_6750_48_R_104606-01.jpg\" \/>\n\t<meta property=\"og:image:width\" content=\"1181\" \/>\n\t<meta property=\"og:image:height\" content=\"1181\" \/>\n\t<meta property=\"og:image:type\" content=\"image\/jpeg\" \/>\n<meta name=\"twitter:card\" content=\"summary_large_image\" \/>\n<!-- \/ Yoast SEO Premium plugin. -->","yoast_head_json":{"title":"6750 - Burg-W\u00e4chter","description":"Armoire \u00e0 cl\u00e9s \u00e0 prix avantageux anotation possible sur les barrettes\u00a0de crochets pratique : Porte-cl\u00e9s (inclus)\u00a0\u00a0peuvent porter une inscription et\u00a0\u00eatre","robots":{"index":"index","follow":"follow","max-snippet":"max-snippet:-1","max-image-preview":"max-image-preview:large","max-video-preview":"max-video-preview:-1"},"canonical":"https:\/\/test.burgwaechterservice.de\/fr\/p\/caisse-a-monnaie-boitier-a-clef\/s-6750\/","og_locale":"fr_FR","og_type":"article","og_title":"6750","og_description":"Armoire \u00e0 cl\u00e9s \u00e0 prix avantageux anotation possible sur les barrettes\u00a0de crochets pratique : Porte-cl\u00e9s (inclus)\u00a0\u00a0peuvent porter une inscription et\u00a0\u00eatre","og_url":"https:\/\/test.burgwaechterservice.de\/fr\/p\/caisse-a-monnaie-boitier-a-clef\/s-6750\/","og_site_name":"Burg-W\u00e4chter France","article_modified_time":"2019-06-12T08:02:00+00:00","og_image":[{"width":1181,"height":1181,"url":"https:\/\/test.burgwaechterservice.de\/fr\/wp-content\/uploads\/sites\/4\/2016\/07\/Schl\u00fcsselschrank_6750_48_R_104606-01.jpg","type":"image\/jpeg"}],"twitter_card":"summary_large_image","schema":{"@context":"https:\/\/schema.org","@graph":[{"@type":"WebPage","@id":"https:\/\/test.burgwaechterservice.de\/fr\/p\/caisse-a-monnaie-boitier-a-clef\/s-6750\/","url":"https:\/\/test.burgwaechterservice.de\/fr\/p\/caisse-a-monnaie-boitier-a-clef\/s-6750\/","name":"6750 - Burg-W\u00e4chter","isPartOf":{"@id":"https:\/\/test.burgwaechterservice.de\/fr\/#website"},"datePublished":"2016-07-20T06:36:14+00:00","dateModified":"2019-06-12T08:02:00+00:00","description":"Armoire \u00e0 cl\u00e9s \u00e0 prix avantageux anotation possible sur les barrettes\u00a0de crochets pratique : Porte-cl\u00e9s (inclus)\u00a0\u00a0peuvent porter une inscription et\u00a0\u00eatre","breadcrumb":{"@id":"https:\/\/test.burgwaechterservice.de\/fr\/p\/caisse-a-monnaie-boitier-a-clef\/s-6750\/#breadcrumb"},"inLanguage":"fr-FR","potentialAction":[{"@type":"ReadAction","target":["https:\/\/test.burgwaechterservice.de\/fr\/p\/caisse-a-monnaie-boitier-a-clef\/s-6750\/"]}]},{"@type":"BreadcrumbList","@id":"https:\/\/test.burgwaechterservice.de\/fr\/p\/caisse-a-monnaie-boitier-a-clef\/s-6750\/#breadcrumb","itemListElement":[{"@type":"ListItem","position":1,"name":"Accueil","item":"https:\/\/test.burgwaechterservice.de\/fr\/"},{"@type":"ListItem","position":2,"name":"Produits","item":"https:\/\/test.burgwaechterservice.de\/fr\/p\/"},{"@type":"ListItem","position":3,"name":"6750"}]},{"@type":"WebSite","@id":"https:\/\/test.burgwaechterservice.de\/fr\/#website","url":"https:\/\/test.burgwaechterservice.de\/fr\/","name":"Burg-W\u00e4chter France","description":"Le choix le plus s\u00fbr!","potentialAction":[{"@type":"SearchAction","target":{"@type":"EntryPoint","urlTemplate":"https:\/\/test.burgwaechterservice.de\/fr\/?s={search_term_string}"},"query-input":"required name=search_term_string"}],"inLanguage":"fr-FR"}]}},"_links":{"self":[{"href":"https:\/\/test.burgwaechterservice.de\/fr\/wp-json\/wp\/v2\/product\/32114"}],"collection":[{"href":"https:\/\/test.burgwaechterservice.de\/fr\/wp-json\/wp\/v2\/product"}],"about":[{"href":"https:\/\/test.burgwaechterservice.de\/fr\/wp-json\/wp\/v2\/types\/product"}],"replies":[{"embeddable":true,"href":"https:\/\/test.burgwaechterservice.de\/fr\/wp-json\/wp\/v2\/comments?post=32114"}],"wp:featuredmedia":[{"embeddable":true,"href":"https:\/\/test.burgwaechterservice.de\/fr\/wp-json\/wp\/v2\/media\/32247"}],"wp:attachment":[{"href":"https:\/\/test.burgwaechterservice.de\/fr\/wp-json\/wp\/v2\/media?parent=32114"}],"wp:term":[{"taxonomy":"product_cat","embeddable":true,"href":"https:\/\/test.burgwaechterservice.de\/fr\/wp-json\/wp\/v2\/product_cat?post=32114"},{"taxonomy":"product_tag","embeddable":true,"href":"https:\/\/test.burgwaechterservice.de\/fr\/wp-json\/wp\/v2\/product_tag?post=32114"}],"curies":[{"name":"wp","href":"https:\/\/api.w.org\/{rel}","templated":true}]}}