{"id":32091,"date":"2016-07-19T15:13:21","date_gmt":"2016-07-19T13:13:21","guid":{"rendered":"https:\/\/www.burg.biz\/?post_type=product&#038;p=32091"},"modified":"2018-07-30T15:50:57","modified_gmt":"2018-07-30T13:50:57","slug":"key-box","status":"publish","type":"product","link":"https:\/\/test.burgwaechterservice.de\/fr\/p\/caisse-a-monnaie-boitier-a-clef\/key-box\/","title":{"rendered":"Key Box"},"content":{"rendered":"<h2>Armoire \u00e0 cl\u00e9s \u00e9conomique<\/h2>\n<ul>\n<li>nouvelle forme arrondie<\/li>\n<li>S : noir<\/li>\n<li>W : blanc<\/li>\n<\/ul>\n<table class=\"ausfuehrung\">\n<thead>\n<tr>\n<td>Article<\/td>\n<td>H\u00a0x\u00a0L x P<\/td>\n<td>Crochets<\/td>\n<\/tr>\n<\/thead>\n<tbody>\n<tr>\n<td>KB 15 W<\/td>\n<td>202 x 157 x 75<\/td>\n<td>15<\/td>\n<\/tr>\n<tr>\n<td>KB 15 S<\/td>\n<td>202 x 157 x 75<\/td>\n<td>15<\/td>\n<\/tr>\n<tr>\n<td>KB 24 W<\/td>\n<td>255 x 200 x 75<\/td>\n<td>24<\/td>\n<\/tr>\n<tr>\n<td>KB 24 S<\/td>\n<td>255 x 200 x 75<\/td>\n<td>24<\/td>\n<\/tr>\n<tr>\n<td>KB 35 W<\/td>\n<td>330 x 235 x 75<\/td>\n<td>35<\/td>\n<\/tr>\n<\/tbody>\n<\/table>\n","protected":false},"excerpt":{"rendered":"<p>Armoire \u00e0 cl\u00e9s \u00e9conomique nouvelle forme arrondie S : noir W : blanc Article H\u00a0x\u00a0L x P Crochets KB 15 W 202 x 157 x 75 15 KB 15 S 202 x 157 x 75 15 KB 24 W 255 &hellip; <a class=\"kt-excerpt-readmore\" href=\"https:\/\/test.burgwaechterservice.de\/fr\/p\/caisse-a-monnaie-boitier-a-clef\/key-box\/\" aria-label=\"Key Box\">Lire la suite<\/a><\/p>\n","protected":false},"featured_media":32679,"comment_status":"closed","ping_status":"closed","template":"","meta":[],"product_cat":[27,47],"product_tag":[],"yoast_head":"<!-- This site is optimized with the Yoast SEO Premium plugin v18.4 (Yoast SEO v19.13) - https:\/\/yoast.com\/wordpress\/plugins\/seo\/ -->\n<title>Armoires \u00e0 cl\u00e9s Key Box - Burg-W\u00e4chter<\/title>\n<meta name=\"description\" content=\"Armoire \u00e0 cl\u00e9s \u00e9conomique nouvelle forme arrondie S : noir W : blanc Article H\u00a0x\u00a0L x P Crochets KB 15 W 202 x 157 x 75 15 KB 15 S 202 x 157 x 75 15 KB 24\" \/>\n<meta name=\"robots\" content=\"index, follow, max-snippet:-1, max-image-preview:large, max-video-preview:-1\" \/>\n<link rel=\"canonical\" href=\"https:\/\/test.burgwaechterservice.de\/fr\/p\/caisse-a-monnaie-boitier-a-clef\/key-box\/\" \/>\n<meta property=\"og:locale\" content=\"fr_FR\" \/>\n<meta property=\"og:type\" content=\"article\" \/>\n<meta property=\"og:title\" content=\"Key Box\" \/>\n<meta property=\"og:description\" content=\"Armoire \u00e0 cl\u00e9s \u00e9conomique nouvelle forme arrondie S : noir W : blanc Article H\u00a0x\u00a0L x P Crochets KB 15 W 202 x 157 x 75 15 KB 15 S 202 x 157 x 75 15 KB 24\" \/>\n<meta property=\"og:url\" content=\"https:\/\/test.burgwaechterservice.de\/fr\/p\/caisse-a-monnaie-boitier-a-clef\/key-box\/\" \/>\n<meta property=\"og:site_name\" content=\"Burg-W\u00e4chter France\" \/>\n<meta property=\"article:modified_time\" content=\"2018-07-30T13:50:57+00:00\" \/>\n<meta property=\"og:image\" content=\"https:\/\/test.burgwaechterservice.de\/fr\/wp-content\/uploads\/sites\/4\/2016\/07\/Schl\u00fcsselbox_Key_Box_KB_24_S_282502-01.jpg\" \/>\n\t<meta property=\"og:image:width\" content=\"1000\" \/>\n\t<meta property=\"og:image:height\" content=\"1000\" \/>\n\t<meta property=\"og:image:type\" content=\"image\/jpeg\" \/>\n<meta name=\"twitter:card\" content=\"summary_large_image\" \/>\n<!-- \/ Yoast SEO Premium plugin. -->","yoast_head_json":{"title":"Armoires \u00e0 cl\u00e9s Key Box - Burg-W\u00e4chter","description":"Armoire \u00e0 cl\u00e9s \u00e9conomique nouvelle forme arrondie S : noir W : blanc Article H\u00a0x\u00a0L x P Crochets KB 15 W 202 x 157 x 75 15 KB 15 S 202 x 157 x 75 15 KB 24","robots":{"index":"index","follow":"follow","max-snippet":"max-snippet:-1","max-image-preview":"max-image-preview:large","max-video-preview":"max-video-preview:-1"},"canonical":"https:\/\/test.burgwaechterservice.de\/fr\/p\/caisse-a-monnaie-boitier-a-clef\/key-box\/","og_locale":"fr_FR","og_type":"article","og_title":"Key Box","og_description":"Armoire \u00e0 cl\u00e9s \u00e9conomique nouvelle forme arrondie S : noir W : blanc Article H\u00a0x\u00a0L x P Crochets KB 15 W 202 x 157 x 75 15 KB 15 S 202 x 157 x 75 15 KB 24","og_url":"https:\/\/test.burgwaechterservice.de\/fr\/p\/caisse-a-monnaie-boitier-a-clef\/key-box\/","og_site_name":"Burg-W\u00e4chter France","article_modified_time":"2018-07-30T13:50:57+00:00","og_image":[{"width":1000,"height":1000,"url":"https:\/\/test.burgwaechterservice.de\/fr\/wp-content\/uploads\/sites\/4\/2016\/07\/Schl\u00fcsselbox_Key_Box_KB_24_S_282502-01.jpg","type":"image\/jpeg"}],"twitter_card":"summary_large_image","schema":{"@context":"https:\/\/schema.org","@graph":[{"@type":"WebPage","@id":"https:\/\/test.burgwaechterservice.de\/fr\/p\/caisse-a-monnaie-boitier-a-clef\/key-box\/","url":"https:\/\/test.burgwaechterservice.de\/fr\/p\/caisse-a-monnaie-boitier-a-clef\/key-box\/","name":"Armoires \u00e0 cl\u00e9s Key Box - Burg-W\u00e4chter","isPartOf":{"@id":"https:\/\/test.burgwaechterservice.de\/fr\/#website"},"datePublished":"2016-07-19T13:13:21+00:00","dateModified":"2018-07-30T13:50:57+00:00","description":"Armoire \u00e0 cl\u00e9s \u00e9conomique nouvelle forme arrondie S : noir W : blanc Article H\u00a0x\u00a0L x P Crochets KB 15 W 202 x 157 x 75 15 KB 15 S 202 x 157 x 75 15 KB 24","breadcrumb":{"@id":"https:\/\/test.burgwaechterservice.de\/fr\/p\/caisse-a-monnaie-boitier-a-clef\/key-box\/#breadcrumb"},"inLanguage":"fr-FR","potentialAction":[{"@type":"ReadAction","target":["https:\/\/test.burgwaechterservice.de\/fr\/p\/caisse-a-monnaie-boitier-a-clef\/key-box\/"]}]},{"@type":"BreadcrumbList","@id":"https:\/\/test.burgwaechterservice.de\/fr\/p\/caisse-a-monnaie-boitier-a-clef\/key-box\/#breadcrumb","itemListElement":[{"@type":"ListItem","position":1,"name":"Accueil","item":"https:\/\/test.burgwaechterservice.de\/fr\/"},{"@type":"ListItem","position":2,"name":"Produits","item":"https:\/\/test.burgwaechterservice.de\/fr\/p\/"},{"@type":"ListItem","position":3,"name":"Key Box"}]},{"@type":"WebSite","@id":"https:\/\/test.burgwaechterservice.de\/fr\/#website","url":"https:\/\/test.burgwaechterservice.de\/fr\/","name":"Burg-W\u00e4chter France","description":"Le choix le plus s\u00fbr!","potentialAction":[{"@type":"SearchAction","target":{"@type":"EntryPoint","urlTemplate":"https:\/\/test.burgwaechterservice.de\/fr\/?s={search_term_string}"},"query-input":"required name=search_term_string"}],"inLanguage":"fr-FR"}]}},"_links":{"self":[{"href":"https:\/\/test.burgwaechterservice.de\/fr\/wp-json\/wp\/v2\/product\/32091"}],"collection":[{"href":"https:\/\/test.burgwaechterservice.de\/fr\/wp-json\/wp\/v2\/product"}],"about":[{"href":"https:\/\/test.burgwaechterservice.de\/fr\/wp-json\/wp\/v2\/types\/product"}],"replies":[{"embeddable":true,"href":"https:\/\/test.burgwaechterservice.de\/fr\/wp-json\/wp\/v2\/comments?post=32091"}],"wp:featuredmedia":[{"embeddable":true,"href":"https:\/\/test.burgwaechterservice.de\/fr\/wp-json\/wp\/v2\/media\/32679"}],"wp:attachment":[{"href":"https:\/\/test.burgwaechterservice.de\/fr\/wp-json\/wp\/v2\/media?parent=32091"}],"wp:term":[{"taxonomy":"product_cat","embeddable":true,"href":"https:\/\/test.burgwaechterservice.de\/fr\/wp-json\/wp\/v2\/product_cat?post=32091"},{"taxonomy":"product_tag","embeddable":true,"href":"https:\/\/test.burgwaechterservice.de\/fr\/wp-json\/wp\/v2\/product_tag?post=32091"}],"curies":[{"name":"wp","href":"https:\/\/api.w.org\/{rel}","templated":true}]}}