{"id":32070,"date":"2016-07-19T14:22:23","date_gmt":"2016-07-19T12:22:23","guid":{"rendered":"https:\/\/www.burg.biz\/?post_type=product&#038;p=32070"},"modified":"2016-09-15T15:09:33","modified_gmt":"2016-09-15T13:09:33","slug":"armoire-a-cles-motif","status":"publish","type":"product","link":"https:\/\/test.burgwaechterservice.de\/fr\/p\/caisse-a-monnaie-boitier-a-clef\/armoire-a-cles-motif\/","title":{"rendered":"Armoire \u00e0 cl\u00e9s avec motif"},"content":{"rendered":"<p><img decoding=\"async\" class=\"alignnone size-full wp-image-33888\" src=\"https:\/\/test.burgwaechterservice.de\/fr\/wp-content\/uploads\/sites\/4\/2016\/07\/Rostfrei.jpg\" alt=\"Rostfrei\" width=\"82\" height=\"81\" \/><\/p>\n<h2>Armoire \u00e0 cl\u00e9s ayant une porte en acier inoxydable avec impression de haute qualit\u00e9<\/h2>\n<ul>\n<li>Serrure magn\u00e9tique pratique<\/li>\n<li>Corps en acier galvanis\u00e9 Noir<\/li>\n<\/ul>\n<table class=\"ausfuehrung\">\n<thead>\n<tr>\n<td>Article<\/td>\n<td>H\u00a0x\u00a0L x P<\/td>\n<td>Crochets<\/td>\n<\/tr>\n<\/thead>\n<tbody>\n<tr>\n<td>6204\/10 Ni Skyline NY<\/td>\n<td>240 x 210 x 70<\/td>\n<td>10<\/td>\n<\/tr>\n<tr>\n<td>6204\/10 Ni Pissenlit<\/td>\n<td>240 x 210 x 70<\/td>\n<td>10<\/td>\n<\/tr>\n<tr>\n<td>6204\/10 Ni Paris Metro<\/td>\n<td>240 x 210 x 70<\/td>\n<td>10<\/td>\n<\/tr>\n<tr>\n<td>6204\/10 Ni Berlin at night<\/td>\n<td>240 x 210 x 70<\/td>\n<td>10<\/td>\n<\/tr>\n<\/tbody>\n<\/table>\n","protected":false},"excerpt":{"rendered":"<p>Armoire \u00e0 cl\u00e9s ayant une porte en acier inoxydable avec impression de haute qualit\u00e9 Serrure magn\u00e9tique pratique Corps en acier galvanis\u00e9 Noir Article H\u00a0x\u00a0L x P Crochets 6204\/10 Ni Skyline NY 240 x 210 x 70 10 6204\/10 Ni Pissenlit &hellip; <a class=\"kt-excerpt-readmore\" href=\"https:\/\/test.burgwaechterservice.de\/fr\/p\/caisse-a-monnaie-boitier-a-clef\/armoire-a-cles-motif\/\" aria-label=\"Armoire \u00e0 cl\u00e9s avec motif\">Lire la suite<\/a><\/p>\n","protected":false},"featured_media":32254,"comment_status":"closed","ping_status":"closed","template":"","meta":[],"product_cat":[27,47],"product_tag":[],"yoast_head":"<!-- This site is optimized with the Yoast SEO Premium plugin v18.4 (Yoast SEO v19.13) - https:\/\/yoast.com\/wordpress\/plugins\/seo\/ -->\n<title>Armoire \u00e0 cl\u00e9s avec motif - BURG-W\u00c4CHTER<\/title>\n<meta name=\"description\" content=\"Armoire \u00e0 cl\u00e9s ayant une porte en acier inoxydable avec impression de haute qualit\u00e9 Serrure magn\u00e9tique pratique Corps en acier galvanis\u00e9 Noir Article\" \/>\n<meta name=\"robots\" content=\"index, follow, max-snippet:-1, max-image-preview:large, max-video-preview:-1\" \/>\n<link rel=\"canonical\" href=\"https:\/\/test.burgwaechterservice.de\/fr\/p\/caisse-a-monnaie-boitier-a-clef\/armoire-a-cles-motif\/\" \/>\n<meta property=\"og:locale\" content=\"fr_FR\" \/>\n<meta property=\"og:type\" content=\"article\" \/>\n<meta property=\"og:title\" content=\"Armoire \u00e0 cl\u00e9s avec motif\" \/>\n<meta property=\"og:description\" content=\"Armoire \u00e0 cl\u00e9s ayant une porte en acier inoxydable avec impression de haute qualit\u00e9 Serrure magn\u00e9tique pratique Corps en acier galvanis\u00e9 Noir Article\" \/>\n<meta property=\"og:url\" content=\"https:\/\/test.burgwaechterservice.de\/fr\/p\/caisse-a-monnaie-boitier-a-clef\/armoire-a-cles-motif\/\" \/>\n<meta property=\"og:site_name\" content=\"Burg-W\u00e4chter France\" \/>\n<meta property=\"article:modified_time\" content=\"2016-09-15T13:09:33+00:00\" \/>\n<meta property=\"og:image\" content=\"https:\/\/test.burgwaechterservice.de\/fr\/wp-content\/uploads\/sites\/4\/2016\/07\/Schl\u00fcsselbox_Motiv_6204_10_Ni_Pusteblume_38950rt8-01.jpg\" \/>\n\t<meta property=\"og:image:width\" content=\"2303\" \/>\n\t<meta property=\"og:image:height\" content=\"2686\" \/>\n\t<meta property=\"og:image:type\" content=\"image\/jpeg\" \/>\n<meta name=\"twitter:card\" content=\"summary_large_image\" \/>\n<!-- \/ Yoast SEO Premium plugin. -->","yoast_head_json":{"title":"Armoire \u00e0 cl\u00e9s avec motif - BURG-W\u00c4CHTER","description":"Armoire \u00e0 cl\u00e9s ayant une porte en acier inoxydable avec impression de haute qualit\u00e9 Serrure magn\u00e9tique pratique Corps en acier galvanis\u00e9 Noir Article","robots":{"index":"index","follow":"follow","max-snippet":"max-snippet:-1","max-image-preview":"max-image-preview:large","max-video-preview":"max-video-preview:-1"},"canonical":"https:\/\/test.burgwaechterservice.de\/fr\/p\/caisse-a-monnaie-boitier-a-clef\/armoire-a-cles-motif\/","og_locale":"fr_FR","og_type":"article","og_title":"Armoire \u00e0 cl\u00e9s avec motif","og_description":"Armoire \u00e0 cl\u00e9s ayant une porte en acier inoxydable avec impression de haute qualit\u00e9 Serrure magn\u00e9tique pratique Corps en acier galvanis\u00e9 Noir Article","og_url":"https:\/\/test.burgwaechterservice.de\/fr\/p\/caisse-a-monnaie-boitier-a-clef\/armoire-a-cles-motif\/","og_site_name":"Burg-W\u00e4chter France","article_modified_time":"2016-09-15T13:09:33+00:00","og_image":[{"width":2303,"height":2686,"url":"https:\/\/test.burgwaechterservice.de\/fr\/wp-content\/uploads\/sites\/4\/2016\/07\/Schl\u00fcsselbox_Motiv_6204_10_Ni_Pusteblume_38950rt8-01.jpg","type":"image\/jpeg"}],"twitter_card":"summary_large_image","schema":{"@context":"https:\/\/schema.org","@graph":[{"@type":"WebPage","@id":"https:\/\/test.burgwaechterservice.de\/fr\/p\/caisse-a-monnaie-boitier-a-clef\/armoire-a-cles-motif\/","url":"https:\/\/test.burgwaechterservice.de\/fr\/p\/caisse-a-monnaie-boitier-a-clef\/armoire-a-cles-motif\/","name":"Armoire \u00e0 cl\u00e9s avec motif - BURG-W\u00c4CHTER","isPartOf":{"@id":"https:\/\/test.burgwaechterservice.de\/fr\/#website"},"datePublished":"2016-07-19T12:22:23+00:00","dateModified":"2016-09-15T13:09:33+00:00","description":"Armoire \u00e0 cl\u00e9s ayant une porte en acier inoxydable avec impression de haute qualit\u00e9 Serrure magn\u00e9tique pratique Corps en acier galvanis\u00e9 Noir Article","breadcrumb":{"@id":"https:\/\/test.burgwaechterservice.de\/fr\/p\/caisse-a-monnaie-boitier-a-clef\/armoire-a-cles-motif\/#breadcrumb"},"inLanguage":"fr-FR","potentialAction":[{"@type":"ReadAction","target":["https:\/\/test.burgwaechterservice.de\/fr\/p\/caisse-a-monnaie-boitier-a-clef\/armoire-a-cles-motif\/"]}]},{"@type":"BreadcrumbList","@id":"https:\/\/test.burgwaechterservice.de\/fr\/p\/caisse-a-monnaie-boitier-a-clef\/armoire-a-cles-motif\/#breadcrumb","itemListElement":[{"@type":"ListItem","position":1,"name":"Accueil","item":"https:\/\/test.burgwaechterservice.de\/fr\/"},{"@type":"ListItem","position":2,"name":"Produits","item":"https:\/\/test.burgwaechterservice.de\/fr\/p\/"},{"@type":"ListItem","position":3,"name":"Armoire \u00e0 cl\u00e9s avec motif"}]},{"@type":"WebSite","@id":"https:\/\/test.burgwaechterservice.de\/fr\/#website","url":"https:\/\/test.burgwaechterservice.de\/fr\/","name":"Burg-W\u00e4chter France","description":"Le choix le plus s\u00fbr!","potentialAction":[{"@type":"SearchAction","target":{"@type":"EntryPoint","urlTemplate":"https:\/\/test.burgwaechterservice.de\/fr\/?s={search_term_string}"},"query-input":"required name=search_term_string"}],"inLanguage":"fr-FR"}]}},"_links":{"self":[{"href":"https:\/\/test.burgwaechterservice.de\/fr\/wp-json\/wp\/v2\/product\/32070"}],"collection":[{"href":"https:\/\/test.burgwaechterservice.de\/fr\/wp-json\/wp\/v2\/product"}],"about":[{"href":"https:\/\/test.burgwaechterservice.de\/fr\/wp-json\/wp\/v2\/types\/product"}],"replies":[{"embeddable":true,"href":"https:\/\/test.burgwaechterservice.de\/fr\/wp-json\/wp\/v2\/comments?post=32070"}],"wp:featuredmedia":[{"embeddable":true,"href":"https:\/\/test.burgwaechterservice.de\/fr\/wp-json\/wp\/v2\/media\/32254"}],"wp:attachment":[{"href":"https:\/\/test.burgwaechterservice.de\/fr\/wp-json\/wp\/v2\/media?parent=32070"}],"wp:term":[{"taxonomy":"product_cat","embeddable":true,"href":"https:\/\/test.burgwaechterservice.de\/fr\/wp-json\/wp\/v2\/product_cat?post=32070"},{"taxonomy":"product_tag","embeddable":true,"href":"https:\/\/test.burgwaechterservice.de\/fr\/wp-json\/wp\/v2\/product_tag?post=32070"}],"curies":[{"name":"wp","href":"https:\/\/api.w.org\/{rel}","templated":true}]}}