{"id":32067,"date":"2016-07-19T12:44:30","date_gmt":"2016-07-19T10:44:30","guid":{"rendered":"https:\/\/www.burg.biz\/?post_type=product&#038;p=32067"},"modified":"2017-05-17T11:55:45","modified_gmt":"2017-05-17T09:55:45","slug":"32067","status":"publish","type":"product","link":"https:\/\/test.burgwaechterservice.de\/fr\/p\/caisse-a-monnaie-boitier-a-clef\/32067\/","title":{"rendered":"Quad"},"content":{"rendered":"<p><img decoding=\"async\" class=\"alignnone size-full wp-image-33888\" src=\"https:\/\/test.burgwaechterservice.de\/fr\/wp-content\/uploads\/sites\/4\/2016\/07\/Rostfrei.jpg\" alt=\"Rostfrei\" width=\"82\" height=\"81\" \/><\/p>\n<h2>Armoire \u00e0 cl\u00e9s avec porte design en acier inoxydable<\/h2>\n<ul>\n<li>stockage clair par 10 crochets<\/li>\n<li>pratique,\u00a0 rapide ouverture et fermeture avec serrure magn\u00e9tique pratique, la force d\u2018 aimant r\u00e9glable \u00e0 l\u2019aide de 2 vis<\/li>\n<li>armoire \u00e0 cl\u00e9s avec une porte en acier inoxydable et corps en acier galvanis\u00e9 noir en conception simple, la porte en acier inoxydable avec charni\u00e8re \u00e0 gauche qui s\u2019ouvre \u00a0\u00e0 90 \u00b0<\/li>\n<li>uitilisation universelle pour la maison et pour le bureau<\/li>\n<\/ul>\n<table class=\"ausfuehrung\">\n<thead>\n<tr>\n<td>Article<\/td>\n<td>H\u00a0x\u00a0L x P<\/td>\n<td>Crochets<\/td>\n<\/tr>\n<\/thead>\n<tbody>\n<tr>\n<td>6204\/10 Ni<\/td>\n<td>240 x 210 x 70<\/td>\n<td>10<\/td>\n<\/tr>\n<\/tbody>\n<\/table>\n","protected":false},"excerpt":{"rendered":"<p>Armoire \u00e0 cl\u00e9s avec porte design en acier inoxydable stockage clair par 10 crochets pratique,\u00a0 rapide ouverture et fermeture avec serrure magn\u00e9tique pratique, la force d\u2018 aimant r\u00e9glable \u00e0 l\u2019aide de 2 vis armoire \u00e0 cl\u00e9s avec une porte en &hellip; <a class=\"kt-excerpt-readmore\" href=\"https:\/\/test.burgwaechterservice.de\/fr\/p\/caisse-a-monnaie-boitier-a-clef\/32067\/\" aria-label=\"Quad\">Lire la suite<\/a><\/p>\n","protected":false},"featured_media":32672,"comment_status":"closed","ping_status":"closed","template":"","meta":[],"product_cat":[27,47],"product_tag":[],"yoast_head":"<!-- This site is optimized with the Yoast SEO Premium plugin v18.4 (Yoast SEO v19.13) - https:\/\/yoast.com\/wordpress\/plugins\/seo\/ -->\n<title>Quad - Burg-W\u00e4chter<\/title>\n<meta name=\"description\" content=\"Armoire \u00e0 cl\u00e9s avec porte design en acier inoxydable stockage clair par 10 crochets pratique,\u00a0 rapide ouverture et fermeture avec serrure magn\u00e9tique\" \/>\n<meta name=\"robots\" content=\"index, follow, max-snippet:-1, max-image-preview:large, max-video-preview:-1\" \/>\n<link rel=\"canonical\" href=\"https:\/\/test.burgwaechterservice.de\/fr\/p\/caisse-a-monnaie-boitier-a-clef\/32067\/\" \/>\n<meta property=\"og:locale\" content=\"fr_FR\" \/>\n<meta property=\"og:type\" content=\"article\" \/>\n<meta property=\"og:title\" content=\"Quad\" \/>\n<meta property=\"og:description\" content=\"Armoire \u00e0 cl\u00e9s avec porte design en acier inoxydable stockage clair par 10 crochets pratique,\u00a0 rapide ouverture et fermeture avec serrure magn\u00e9tique\" \/>\n<meta property=\"og:url\" content=\"https:\/\/test.burgwaechterservice.de\/fr\/p\/caisse-a-monnaie-boitier-a-clef\/32067\/\" \/>\n<meta property=\"og:site_name\" content=\"Burg-W\u00e4chter France\" \/>\n<meta property=\"article:modified_time\" content=\"2017-05-17T09:55:45+00:00\" \/>\n<meta property=\"og:image\" content=\"https:\/\/test.burgwaechterservice.de\/fr\/wp-content\/uploads\/sites\/4\/2016\/07\/Edelstahl_Schl\u00fcsseltafel_Quad_6204_10_Ni_335208-01-1.jpg\" \/>\n\t<meta property=\"og:image:width\" content=\"1000\" \/>\n\t<meta property=\"og:image:height\" content=\"1000\" \/>\n\t<meta property=\"og:image:type\" content=\"image\/jpeg\" \/>\n<meta name=\"twitter:card\" content=\"summary_large_image\" \/>\n<!-- \/ Yoast SEO Premium plugin. -->","yoast_head_json":{"title":"Quad - Burg-W\u00e4chter","description":"Armoire \u00e0 cl\u00e9s avec porte design en acier inoxydable stockage clair par 10 crochets pratique,\u00a0 rapide ouverture et fermeture avec serrure magn\u00e9tique","robots":{"index":"index","follow":"follow","max-snippet":"max-snippet:-1","max-image-preview":"max-image-preview:large","max-video-preview":"max-video-preview:-1"},"canonical":"https:\/\/test.burgwaechterservice.de\/fr\/p\/caisse-a-monnaie-boitier-a-clef\/32067\/","og_locale":"fr_FR","og_type":"article","og_title":"Quad","og_description":"Armoire \u00e0 cl\u00e9s avec porte design en acier inoxydable stockage clair par 10 crochets pratique,\u00a0 rapide ouverture et fermeture avec serrure magn\u00e9tique","og_url":"https:\/\/test.burgwaechterservice.de\/fr\/p\/caisse-a-monnaie-boitier-a-clef\/32067\/","og_site_name":"Burg-W\u00e4chter France","article_modified_time":"2017-05-17T09:55:45+00:00","og_image":[{"width":1000,"height":1000,"url":"https:\/\/test.burgwaechterservice.de\/fr\/wp-content\/uploads\/sites\/4\/2016\/07\/Edelstahl_Schl\u00fcsseltafel_Quad_6204_10_Ni_335208-01-1.jpg","type":"image\/jpeg"}],"twitter_card":"summary_large_image","schema":{"@context":"https:\/\/schema.org","@graph":[{"@type":"WebPage","@id":"https:\/\/test.burgwaechterservice.de\/fr\/p\/caisse-a-monnaie-boitier-a-clef\/32067\/","url":"https:\/\/test.burgwaechterservice.de\/fr\/p\/caisse-a-monnaie-boitier-a-clef\/32067\/","name":"Quad - Burg-W\u00e4chter","isPartOf":{"@id":"https:\/\/test.burgwaechterservice.de\/fr\/#website"},"datePublished":"2016-07-19T10:44:30+00:00","dateModified":"2017-05-17T09:55:45+00:00","description":"Armoire \u00e0 cl\u00e9s avec porte design en acier inoxydable stockage clair par 10 crochets pratique,\u00a0 rapide ouverture et fermeture avec serrure magn\u00e9tique","breadcrumb":{"@id":"https:\/\/test.burgwaechterservice.de\/fr\/p\/caisse-a-monnaie-boitier-a-clef\/32067\/#breadcrumb"},"inLanguage":"fr-FR","potentialAction":[{"@type":"ReadAction","target":["https:\/\/test.burgwaechterservice.de\/fr\/p\/caisse-a-monnaie-boitier-a-clef\/32067\/"]}]},{"@type":"BreadcrumbList","@id":"https:\/\/test.burgwaechterservice.de\/fr\/p\/caisse-a-monnaie-boitier-a-clef\/32067\/#breadcrumb","itemListElement":[{"@type":"ListItem","position":1,"name":"Accueil","item":"https:\/\/test.burgwaechterservice.de\/fr\/"},{"@type":"ListItem","position":2,"name":"Produits","item":"https:\/\/test.burgwaechterservice.de\/fr\/p\/"},{"@type":"ListItem","position":3,"name":"Quad"}]},{"@type":"WebSite","@id":"https:\/\/test.burgwaechterservice.de\/fr\/#website","url":"https:\/\/test.burgwaechterservice.de\/fr\/","name":"Burg-W\u00e4chter France","description":"Le choix le plus s\u00fbr!","potentialAction":[{"@type":"SearchAction","target":{"@type":"EntryPoint","urlTemplate":"https:\/\/test.burgwaechterservice.de\/fr\/?s={search_term_string}"},"query-input":"required name=search_term_string"}],"inLanguage":"fr-FR"}]}},"_links":{"self":[{"href":"https:\/\/test.burgwaechterservice.de\/fr\/wp-json\/wp\/v2\/product\/32067"}],"collection":[{"href":"https:\/\/test.burgwaechterservice.de\/fr\/wp-json\/wp\/v2\/product"}],"about":[{"href":"https:\/\/test.burgwaechterservice.de\/fr\/wp-json\/wp\/v2\/types\/product"}],"replies":[{"embeddable":true,"href":"https:\/\/test.burgwaechterservice.de\/fr\/wp-json\/wp\/v2\/comments?post=32067"}],"wp:featuredmedia":[{"embeddable":true,"href":"https:\/\/test.burgwaechterservice.de\/fr\/wp-json\/wp\/v2\/media\/32672"}],"wp:attachment":[{"href":"https:\/\/test.burgwaechterservice.de\/fr\/wp-json\/wp\/v2\/media?parent=32067"}],"wp:term":[{"taxonomy":"product_cat","embeddable":true,"href":"https:\/\/test.burgwaechterservice.de\/fr\/wp-json\/wp\/v2\/product_cat?post=32067"},{"taxonomy":"product_tag","embeddable":true,"href":"https:\/\/test.burgwaechterservice.de\/fr\/wp-json\/wp\/v2\/product_tag?post=32067"}],"curies":[{"name":"wp","href":"https:\/\/api.w.org\/{rel}","templated":true}]}}