{"id":32058,"date":"2016-07-19T12:21:57","date_gmt":"2016-07-19T10:21:57","guid":{"rendered":"https:\/\/www.burg.biz\/?post_type=product&#038;p=32058"},"modified":"2016-09-07T11:02:54","modified_gmt":"2016-09-07T09:02:54","slug":"nuvola","status":"publish","type":"product","link":"https:\/\/test.burgwaechterservice.de\/fr\/p\/caisse-a-monnaie-boitier-a-clef\/nuvola\/","title":{"rendered":"Nuvola"},"content":{"rendered":"<p><img decoding=\"async\" class=\"alignnone size-full wp-image-33888\" src=\"https:\/\/test.burgwaechterservice.de\/fr\/wp-content\/uploads\/sites\/4\/2016\/07\/Rostfrei.jpg\" alt=\"Rostfrei\" width=\"82\" height=\"81\" \/><\/p>\n<h2>Platine \u00e0 cl\u00e9s en acier inoxydable<\/h2>\n<ul>\n<li>En forme de nuage.<\/li>\n<li>Fixation sans vis apparentes.<\/li>\n<\/ul>\n<table class=\"ausfuehrung\">\n<thead>\n<tr>\n<td>Article<\/td>\n<td>H\u00a0x\u00a0L x P<\/td>\n<td>Crochets<\/td>\n<\/tr>\n<\/thead>\n<tbody>\n<tr>\n<td>6400\/6 Ni<\/td>\n<td>170 x 332 x 31<\/td>\n<td>6<\/td>\n<\/tr>\n<\/tbody>\n<\/table>\n","protected":false},"excerpt":{"rendered":"<p>Platine \u00e0 cl\u00e9s en acier inoxydable En forme de nuage. Fixation sans vis apparentes. Article H\u00a0x\u00a0L x P Crochets 6400\/6 Ni 170 x 332 x 31 6<\/p>\n","protected":false},"featured_media":32664,"comment_status":"closed","ping_status":"closed","template":"","meta":[],"product_cat":[27,47],"product_tag":[],"yoast_head":"<!-- This site is optimized with the Yoast SEO Premium plugin v18.4 (Yoast SEO v19.13) - https:\/\/yoast.com\/wordpress\/plugins\/seo\/ -->\n<title>Nuvola - Burg-W\u00e4chter<\/title>\n<meta name=\"description\" content=\"Platine \u00e0 cl\u00e9s en acier inoxydable En forme de nuage. Fixation sans vis apparentes. Article H\u00a0x\u00a0L x P Crochets 6400\/6 Ni 170 x 332 x 31\" \/>\n<meta name=\"robots\" content=\"index, follow, max-snippet:-1, max-image-preview:large, max-video-preview:-1\" \/>\n<link rel=\"canonical\" href=\"https:\/\/test.burgwaechterservice.de\/fr\/p\/caisse-a-monnaie-boitier-a-clef\/nuvola\/\" \/>\n<meta property=\"og:locale\" content=\"fr_FR\" \/>\n<meta property=\"og:type\" content=\"article\" \/>\n<meta property=\"og:title\" content=\"Nuvola\" \/>\n<meta property=\"og:description\" content=\"Platine \u00e0 cl\u00e9s en acier inoxydable En forme de nuage. Fixation sans vis apparentes. Article H\u00a0x\u00a0L x P Crochets 6400\/6 Ni 170 x 332 x 31\" \/>\n<meta property=\"og:url\" content=\"https:\/\/test.burgwaechterservice.de\/fr\/p\/caisse-a-monnaie-boitier-a-clef\/nuvola\/\" \/>\n<meta property=\"og:site_name\" content=\"Burg-W\u00e4chter France\" \/>\n<meta property=\"article:modified_time\" content=\"2016-09-07T09:02:54+00:00\" \/>\n<meta property=\"og:image\" content=\"https:\/\/test.burgwaechterservice.de\/fr\/wp-content\/uploads\/sites\/4\/2016\/07\/Edelstahl_Schl\u00fcsseltafel_Nuvola_6400_6_Ni_094303-01.jpg\" \/>\n\t<meta property=\"og:image:width\" content=\"1000\" \/>\n\t<meta property=\"og:image:height\" content=\"1000\" \/>\n\t<meta property=\"og:image:type\" content=\"image\/jpeg\" \/>\n<meta name=\"twitter:card\" content=\"summary_large_image\" \/>\n<!-- \/ Yoast SEO Premium plugin. -->","yoast_head_json":{"title":"Nuvola - Burg-W\u00e4chter","description":"Platine \u00e0 cl\u00e9s en acier inoxydable En forme de nuage. Fixation sans vis apparentes. Article H\u00a0x\u00a0L x P Crochets 6400\/6 Ni 170 x 332 x 31","robots":{"index":"index","follow":"follow","max-snippet":"max-snippet:-1","max-image-preview":"max-image-preview:large","max-video-preview":"max-video-preview:-1"},"canonical":"https:\/\/test.burgwaechterservice.de\/fr\/p\/caisse-a-monnaie-boitier-a-clef\/nuvola\/","og_locale":"fr_FR","og_type":"article","og_title":"Nuvola","og_description":"Platine \u00e0 cl\u00e9s en acier inoxydable En forme de nuage. Fixation sans vis apparentes. Article H\u00a0x\u00a0L x P Crochets 6400\/6 Ni 170 x 332 x 31","og_url":"https:\/\/test.burgwaechterservice.de\/fr\/p\/caisse-a-monnaie-boitier-a-clef\/nuvola\/","og_site_name":"Burg-W\u00e4chter France","article_modified_time":"2016-09-07T09:02:54+00:00","og_image":[{"width":1000,"height":1000,"url":"https:\/\/test.burgwaechterservice.de\/fr\/wp-content\/uploads\/sites\/4\/2016\/07\/Edelstahl_Schl\u00fcsseltafel_Nuvola_6400_6_Ni_094303-01.jpg","type":"image\/jpeg"}],"twitter_card":"summary_large_image","schema":{"@context":"https:\/\/schema.org","@graph":[{"@type":"WebPage","@id":"https:\/\/test.burgwaechterservice.de\/fr\/p\/caisse-a-monnaie-boitier-a-clef\/nuvola\/","url":"https:\/\/test.burgwaechterservice.de\/fr\/p\/caisse-a-monnaie-boitier-a-clef\/nuvola\/","name":"Nuvola - Burg-W\u00e4chter","isPartOf":{"@id":"https:\/\/test.burgwaechterservice.de\/fr\/#website"},"datePublished":"2016-07-19T10:21:57+00:00","dateModified":"2016-09-07T09:02:54+00:00","description":"Platine \u00e0 cl\u00e9s en acier inoxydable En forme de nuage. Fixation sans vis apparentes. Article H\u00a0x\u00a0L x P Crochets 6400\/6 Ni 170 x 332 x 31","breadcrumb":{"@id":"https:\/\/test.burgwaechterservice.de\/fr\/p\/caisse-a-monnaie-boitier-a-clef\/nuvola\/#breadcrumb"},"inLanguage":"fr-FR","potentialAction":[{"@type":"ReadAction","target":["https:\/\/test.burgwaechterservice.de\/fr\/p\/caisse-a-monnaie-boitier-a-clef\/nuvola\/"]}]},{"@type":"BreadcrumbList","@id":"https:\/\/test.burgwaechterservice.de\/fr\/p\/caisse-a-monnaie-boitier-a-clef\/nuvola\/#breadcrumb","itemListElement":[{"@type":"ListItem","position":1,"name":"Accueil","item":"https:\/\/test.burgwaechterservice.de\/fr\/"},{"@type":"ListItem","position":2,"name":"Produits","item":"https:\/\/test.burgwaechterservice.de\/fr\/p\/"},{"@type":"ListItem","position":3,"name":"Nuvola"}]},{"@type":"WebSite","@id":"https:\/\/test.burgwaechterservice.de\/fr\/#website","url":"https:\/\/test.burgwaechterservice.de\/fr\/","name":"Burg-W\u00e4chter France","description":"Le choix le plus s\u00fbr!","potentialAction":[{"@type":"SearchAction","target":{"@type":"EntryPoint","urlTemplate":"https:\/\/test.burgwaechterservice.de\/fr\/?s={search_term_string}"},"query-input":"required name=search_term_string"}],"inLanguage":"fr-FR"}]}},"_links":{"self":[{"href":"https:\/\/test.burgwaechterservice.de\/fr\/wp-json\/wp\/v2\/product\/32058"}],"collection":[{"href":"https:\/\/test.burgwaechterservice.de\/fr\/wp-json\/wp\/v2\/product"}],"about":[{"href":"https:\/\/test.burgwaechterservice.de\/fr\/wp-json\/wp\/v2\/types\/product"}],"replies":[{"embeddable":true,"href":"https:\/\/test.burgwaechterservice.de\/fr\/wp-json\/wp\/v2\/comments?post=32058"}],"wp:featuredmedia":[{"embeddable":true,"href":"https:\/\/test.burgwaechterservice.de\/fr\/wp-json\/wp\/v2\/media\/32664"}],"wp:attachment":[{"href":"https:\/\/test.burgwaechterservice.de\/fr\/wp-json\/wp\/v2\/media?parent=32058"}],"wp:term":[{"taxonomy":"product_cat","embeddable":true,"href":"https:\/\/test.burgwaechterservice.de\/fr\/wp-json\/wp\/v2\/product_cat?post=32058"},{"taxonomy":"product_tag","embeddable":true,"href":"https:\/\/test.burgwaechterservice.de\/fr\/wp-json\/wp\/v2\/product_tag?post=32058"}],"curies":[{"name":"wp","href":"https:\/\/api.w.org\/{rel}","templated":true}]}}