{"id":32039,"date":"2016-07-19T11:34:31","date_gmt":"2016-07-19T09:34:31","guid":{"rendered":"https:\/\/www.burg.biz\/?post_type=product&#038;p=32039"},"modified":"2018-07-30T13:56:31","modified_gmt":"2018-07-30T11:56:31","slug":"caissettes-a-monnayeur","status":"publish","type":"product","link":"https:\/\/test.burgwaechterservice.de\/fr\/p\/caisse-a-monnaie-boitier-a-clef\/caissettes-a-monnayeur\/","title":{"rendered":"ZK 7250 EURO"},"content":{"rendered":"<h2>Caissettes \u00e0 monnayeur<\/h2>\n<p>Adapt\u00e9es \u00e0 l\u2019EURO, avec monnayeur et compartiments pour les billets. Possibilit\u00e9 de placer le monnayeur dans le couvercle ouvert.<br \/>\nAvec compartiment sp\u00e9cial pour rouleaux de pi\u00e8ces. Le monnayeur est extractible. Une insertion en mousse de nylon dans le couvercle prot\u00e8ge les pi\u00e8ces lors du transport.<br \/>\nEn-dessous du compartiment \u00e0 billets le coffret offre de la place suppl\u00e9men-taire.<\/p>\n<table class=\"ausfuehrung\">\n<thead>\n<tr>\n<td>Article<\/td>\n<td>L x P x H<\/td>\n<\/tr>\n<\/thead>\n<tbody>\n<tr>\n<td>ZK 7250 EURO<\/td>\n<td>255 x 200 x 102<\/td>\n<\/tr>\n<tr>\n<td>ZK 7300 EURO<\/td>\n<td>330 x 235 x 119<\/td>\n<\/tr>\n<\/tbody>\n<\/table>\n","protected":false},"excerpt":{"rendered":"<p>Caissettes \u00e0 monnayeur Adapt\u00e9es \u00e0 l\u2019EURO, avec monnayeur et compartiments pour les billets. Possibilit\u00e9 de placer le monnayeur dans le couvercle ouvert. Avec compartiment sp\u00e9cial pour rouleaux de pi\u00e8ces. Le monnayeur est extractible. Une insertion en mousse de nylon dans &hellip; <a class=\"kt-excerpt-readmore\" href=\"https:\/\/test.burgwaechterservice.de\/fr\/p\/caisse-a-monnaie-boitier-a-clef\/caissettes-a-monnayeur\/\" aria-label=\"ZK 7250 EURO\">Lire la suite<\/a><\/p>\n","protected":false},"featured_media":32659,"comment_status":"closed","ping_status":"closed","template":"","meta":[],"product_cat":[27,54],"product_tag":[],"yoast_head":"<!-- This site is optimized with the Yoast SEO Premium plugin v18.4 (Yoast SEO v19.13) - https:\/\/yoast.com\/wordpress\/plugins\/seo\/ -->\n<title>Caissettes \u00e0 monnayeur ZK 7250 EURO - Burg-W\u00e4chter<\/title>\n<meta name=\"description\" content=\"Adapt\u00e9es \u00e0 l\u2019EURO, avec monnayeur et compartiments pour les billets. Avec compartiment sp\u00e9cial pour rouleaux de pi\u00e8ces.\" \/>\n<meta name=\"robots\" content=\"index, follow, max-snippet:-1, max-image-preview:large, max-video-preview:-1\" \/>\n<link rel=\"canonical\" href=\"https:\/\/test.burgwaechterservice.de\/fr\/p\/caisse-a-monnaie-boitier-a-clef\/caissettes-a-monnayeur\/\" \/>\n<meta property=\"og:locale\" content=\"fr_FR\" \/>\n<meta property=\"og:type\" content=\"article\" \/>\n<meta property=\"og:title\" content=\"ZK 7250 EURO\" \/>\n<meta property=\"og:description\" content=\"Adapt\u00e9es \u00e0 l\u2019EURO, avec monnayeur et compartiments pour les billets. Avec compartiment sp\u00e9cial pour rouleaux de pi\u00e8ces.\" \/>\n<meta property=\"og:url\" content=\"https:\/\/test.burgwaechterservice.de\/fr\/p\/caisse-a-monnaie-boitier-a-clef\/caissettes-a-monnayeur\/\" \/>\n<meta property=\"og:site_name\" content=\"Burg-W\u00e4chter France\" \/>\n<meta property=\"article:modified_time\" content=\"2018-07-30T11:56:31+00:00\" \/>\n<meta property=\"og:image\" content=\"https:\/\/test.burgwaechterservice.de\/fr\/wp-content\/uploads\/sites\/4\/2016\/07\/Business_Geldz\u00e4hl_Kassette_ZK_7300_EURO_246504-02.jpg\" \/>\n\t<meta property=\"og:image:width\" content=\"1000\" \/>\n\t<meta property=\"og:image:height\" content=\"1000\" \/>\n\t<meta property=\"og:image:type\" content=\"image\/jpeg\" \/>\n<meta name=\"twitter:card\" content=\"summary_large_image\" \/>\n<!-- \/ Yoast SEO Premium plugin. -->","yoast_head_json":{"title":"Caissettes \u00e0 monnayeur ZK 7250 EURO - Burg-W\u00e4chter","description":"Adapt\u00e9es \u00e0 l\u2019EURO, avec monnayeur et compartiments pour les billets. Avec compartiment sp\u00e9cial pour rouleaux de pi\u00e8ces.","robots":{"index":"index","follow":"follow","max-snippet":"max-snippet:-1","max-image-preview":"max-image-preview:large","max-video-preview":"max-video-preview:-1"},"canonical":"https:\/\/test.burgwaechterservice.de\/fr\/p\/caisse-a-monnaie-boitier-a-clef\/caissettes-a-monnayeur\/","og_locale":"fr_FR","og_type":"article","og_title":"ZK 7250 EURO","og_description":"Adapt\u00e9es \u00e0 l\u2019EURO, avec monnayeur et compartiments pour les billets. Avec compartiment sp\u00e9cial pour rouleaux de pi\u00e8ces.","og_url":"https:\/\/test.burgwaechterservice.de\/fr\/p\/caisse-a-monnaie-boitier-a-clef\/caissettes-a-monnayeur\/","og_site_name":"Burg-W\u00e4chter France","article_modified_time":"2018-07-30T11:56:31+00:00","og_image":[{"width":1000,"height":1000,"url":"https:\/\/test.burgwaechterservice.de\/fr\/wp-content\/uploads\/sites\/4\/2016\/07\/Business_Geldz\u00e4hl_Kassette_ZK_7300_EURO_246504-02.jpg","type":"image\/jpeg"}],"twitter_card":"summary_large_image","schema":{"@context":"https:\/\/schema.org","@graph":[{"@type":"WebPage","@id":"https:\/\/test.burgwaechterservice.de\/fr\/p\/caisse-a-monnaie-boitier-a-clef\/caissettes-a-monnayeur\/","url":"https:\/\/test.burgwaechterservice.de\/fr\/p\/caisse-a-monnaie-boitier-a-clef\/caissettes-a-monnayeur\/","name":"Caissettes \u00e0 monnayeur ZK 7250 EURO - Burg-W\u00e4chter","isPartOf":{"@id":"https:\/\/test.burgwaechterservice.de\/fr\/#website"},"datePublished":"2016-07-19T09:34:31+00:00","dateModified":"2018-07-30T11:56:31+00:00","description":"Adapt\u00e9es \u00e0 l\u2019EURO, avec monnayeur et compartiments pour les billets. Avec compartiment sp\u00e9cial pour rouleaux de pi\u00e8ces.","breadcrumb":{"@id":"https:\/\/test.burgwaechterservice.de\/fr\/p\/caisse-a-monnaie-boitier-a-clef\/caissettes-a-monnayeur\/#breadcrumb"},"inLanguage":"fr-FR","potentialAction":[{"@type":"ReadAction","target":["https:\/\/test.burgwaechterservice.de\/fr\/p\/caisse-a-monnaie-boitier-a-clef\/caissettes-a-monnayeur\/"]}]},{"@type":"BreadcrumbList","@id":"https:\/\/test.burgwaechterservice.de\/fr\/p\/caisse-a-monnaie-boitier-a-clef\/caissettes-a-monnayeur\/#breadcrumb","itemListElement":[{"@type":"ListItem","position":1,"name":"Accueil","item":"https:\/\/test.burgwaechterservice.de\/fr\/"},{"@type":"ListItem","position":2,"name":"Produits","item":"https:\/\/test.burgwaechterservice.de\/fr\/p\/"},{"@type":"ListItem","position":3,"name":"ZK 7250 EURO"}]},{"@type":"WebSite","@id":"https:\/\/test.burgwaechterservice.de\/fr\/#website","url":"https:\/\/test.burgwaechterservice.de\/fr\/","name":"Burg-W\u00e4chter France","description":"Le choix le plus s\u00fbr!","potentialAction":[{"@type":"SearchAction","target":{"@type":"EntryPoint","urlTemplate":"https:\/\/test.burgwaechterservice.de\/fr\/?s={search_term_string}"},"query-input":"required name=search_term_string"}],"inLanguage":"fr-FR"}]}},"_links":{"self":[{"href":"https:\/\/test.burgwaechterservice.de\/fr\/wp-json\/wp\/v2\/product\/32039"}],"collection":[{"href":"https:\/\/test.burgwaechterservice.de\/fr\/wp-json\/wp\/v2\/product"}],"about":[{"href":"https:\/\/test.burgwaechterservice.de\/fr\/wp-json\/wp\/v2\/types\/product"}],"replies":[{"embeddable":true,"href":"https:\/\/test.burgwaechterservice.de\/fr\/wp-json\/wp\/v2\/comments?post=32039"}],"wp:featuredmedia":[{"embeddable":true,"href":"https:\/\/test.burgwaechterservice.de\/fr\/wp-json\/wp\/v2\/media\/32659"}],"wp:attachment":[{"href":"https:\/\/test.burgwaechterservice.de\/fr\/wp-json\/wp\/v2\/media?parent=32039"}],"wp:term":[{"taxonomy":"product_cat","embeddable":true,"href":"https:\/\/test.burgwaechterservice.de\/fr\/wp-json\/wp\/v2\/product_cat?post=32039"},{"taxonomy":"product_tag","embeddable":true,"href":"https:\/\/test.burgwaechterservice.de\/fr\/wp-json\/wp\/v2\/product_tag?post=32039"}],"curies":[{"name":"wp","href":"https:\/\/api.w.org\/{rel}","templated":true}]}}