{"id":32019,"date":"2016-07-19T10:43:32","date_gmt":"2016-07-19T08:43:32","guid":{"rendered":"https:\/\/www.burg.biz\/?post_type=product&#038;p=32019"},"modified":"2021-04-07T11:15:34","modified_gmt":"2021-04-07T09:15:34","slug":"money","status":"publish","type":"product","link":"https:\/\/test.burgwaechterservice.de\/fr\/p\/caisse-a-monnaie-boitier-a-clef\/money\/","title":{"rendered":"Caisse \u00e0 monnaie Money"},"content":{"rendered":"<h2>La caisse \u00e0 monnaie Money par BURG-W\u00c4CHTER<\/h2>\n<p>Vous souhaitez mettre sous cl\u00e9 vos bijoux, votre argent liquide, d&#8217;autres objets de valeur ou papiers importants? Avec la caisse \u00e0 monnaie Money, il n&#8217;y a pas de probl\u00e8me. Ce mod\u00e8le est abordable et disponible en <strong>diff\u00e9rentes tailles<\/strong>. Par ailleurs, la caisse \u00e0 monnaie Money existe en diff\u00e9rents coloris : vert, bleu, noir, rouge ou gris, et elle peut faire office de tirelire avec la fente d&#8217;insertion ou de caisse de comptabilit\u00e9 avec le support pour pi\u00e8ces de monnaie. Ainsi, vous trouverez sans aucun doute le mod\u00e8le adapt\u00e9 pour votre utilisation.<\/p>\n<h3>Des cassettes \u00e0 monnaie pratiques pour votre la maison<\/h3>\n<p>La cassette Money a plusieurs avantages. D&#8217;une part, la poign\u00e9e est int\u00e9gr\u00e9e dans le couvercle de la cassette \u00e0 monnaie. Gr\u00e2ce \u00e0 cela, elle peut \u00eatre rang\u00e9e tr\u00e8s facilement dans des placards ou tiroirs. D&#8217;autre part, chaque mod\u00e8le est fabriqu\u00e9 en s\u00e9rie avec un <strong>casier pour pi\u00e8ces de monnaie<\/strong>. On ajoutera que les objets de valeur qui y sont rang\u00e9s peuvent \u00eatre class\u00e9s de mani\u00e8re claire et ordonn\u00e9e.<\/p>\n<h3>La cassette \u00e0 monnaie Money avec support de compta&#8217;<\/h3>\n<p>Par ailleurs, le mod\u00e8le 5030 Euro dispose d&#8217;un support pour billets et pi\u00e8ces. Le support de maintient sort de lui-m\u00eame lors de l&#8217;ouverture de la cassette. La partie en mousse dans le couvercle maintient les pi\u00e8ces pendant le transport. La cassette monnaie ZK Money 5030 Euro a d\u00e9j\u00e0 fait ses preuves en tant que caisse d&#8217;association ainsi que pour de petits \u00e9v\u00e8nements.<\/p>\n<h3>Nouveaut\u00e9 : Cassette \u00e0 monnaie avec serrure \u00e0 code<\/h3>\n<p>Pour quiconque souhaite se passer d&#8217;une cl\u00e9 pour l&#8217;ouverture de sa cassette \u00e0 monnaie, le mod\u00e8le Money Code est exactement le bon choix. Vous pouvez bien s\u00fbr choisir vous-m\u00eame la <strong>combinaison \u00e0 trois chiffres<\/strong> en toute libert\u00e9. Le mod\u00e8le Money Code existe en deux tailles et deux couleurs diff\u00e9rentes. Une fois le code correctement saisi, la caissette s&#8217;ouvre \u00e0 l&#8217;aide du pommeau (lequel d\u00e9passe de 15 mm du corps).<\/p>\n<h3>La cassette \u00e0 monnaie Money devient une tirelire<\/h3>\n<p>Pour les \u00e9pargnants petits et grands, la caissette \u00e0 monnaie 5012 tr\u00e8s pratique d&#8217;utilisation dispose d&#8217;une fente pour les pi\u00e8ces. Ainsi,<strong> la cassette \u00e0 monnaie devient tirelire<\/strong>. La caissette Money 5012 est disponible en trois coloris. Afin que vous puissiez ouvrir la cassette \u00e0 monnaie m\u00eame en cas de perte de cl\u00e9, une <strong>seconde cl\u00e9<\/strong> est fournie avec chaque mod\u00e8le de la caissette.<\/p>\n<p>Si vous recherchez une plus haute s\u00e9curit\u00e9 et une protection plus \u00e9lev\u00e9e contre l&#8217;effraction, vous trouverez ce que vous cherchez avec nos cassettes \u00e0 monnaie <a href=\"https:\/\/test.burgwaechterservice.de\/fr\/p\/caisse-a-monnaie-boitier-a-clef\/royal-a\/\">Royal 300<\/a> ou <a href=\"https:\/\/test.burgwaechterservice.de\/fr\/p\/caisse-a-monnaie-boitier-a-clef\/business\/\">Business<\/a>.<\/p>\n<table class=\"ausfuehrung\">\n<thead>\n<tr>\n<td>Article<\/td>\n<td>larg. x profond. x h<\/td>\n<td>Couleur<\/td>\n<\/tr>\n<\/thead>\n<tbody>\n<tr>\n<td>Money 5012 (avec fente d&#8217;insertion)<\/td>\n<td>125 x 95 x 60<\/td>\n<td>rouge, bleu, blanc<\/td>\n<\/tr>\n<tr>\n<td>Money 5015<\/td>\n<td>150 x 120 x 80<\/td>\n<td>vert, rouge<\/td>\n<\/tr>\n<tr>\n<td>Money 5020<\/td>\n<td>200 x 160 x 90<\/td>\n<td>bleu, gris lumineux<\/td>\n<\/tr>\n<tr>\n<td>Money 5025<\/td>\n<td>250 x 180 x 90<\/td>\n<td>noir, rouge<\/td>\n<\/tr>\n<tr>\n<td>Money 5030<\/td>\n<td>300 x 240 x 90<\/td>\n<td>gris lumineux<\/td>\n<\/tr>\n<tr>\n<td>ZK Money 5030 Euro (avec support de comptabilit\u00e9 pi\u00e8ces et billets)<\/td>\n<td>300 x 240 x 90<\/td>\n<td>noir<\/td>\n<\/tr>\n<tr>\n<td>Money Code 5020 (avec serrure \u00e0 code)<\/td>\n<td>200 x 160 x 90<\/td>\n<td>rouge<\/td>\n<\/tr>\n<tr>\n<td>Money Code 5025 (avec serrure \u00e0 code)<\/td>\n<td>250 x 180 x 90<\/td>\n<td>bleu<\/td>\n<\/tr>\n<\/tbody>\n<\/table>\n","protected":false},"excerpt":{"rendered":"<p>La caisse \u00e0 monnaie Money par BURG-W\u00c4CHTER Vous souhaitez mettre sous cl\u00e9 vos bijoux, votre argent liquide, d&#8217;autres objets de valeur ou papiers importants? Avec la caisse \u00e0 monnaie Money, il n&#8217;y a pas de probl\u00e8me. Ce mod\u00e8le est abordable &hellip; <a class=\"kt-excerpt-readmore\" href=\"https:\/\/test.burgwaechterservice.de\/fr\/p\/caisse-a-monnaie-boitier-a-clef\/money\/\" aria-label=\"Caisse \u00e0 monnaie Money\">Lire la suite<\/a><\/p>\n","protected":false},"featured_media":32669,"comment_status":"closed","ping_status":"closed","template":"","meta":[],"product_cat":[27,54],"product_tag":[],"yoast_head":"<!-- This site is optimized with the Yoast SEO Premium plugin v18.4 (Yoast SEO v19.13) - https:\/\/yoast.com\/wordpress\/plugins\/seo\/ -->\n<title>Cassette \u00e0 monnaie Money du fabricant BURG-W\u00c4CHTER<\/title>\n<meta name=\"description\" content=\"Caissette Money par BURG-W\u00c4CHTER. Nombreuses couleurs et tailles diff\u00e9rentes. Syst\u00e8me d&#039;ouverture \u00e0 cl\u00e9 (deux cl\u00e9s fournies) ou \u00e0 code selon mod\u00e8le\" \/>\n<meta name=\"robots\" content=\"index, follow, max-snippet:-1, max-image-preview:large, max-video-preview:-1\" \/>\n<link rel=\"canonical\" href=\"https:\/\/test.burgwaechterservice.de\/fr\/p\/caisse-a-monnaie-boitier-a-clef\/money\/\" \/>\n<meta property=\"og:locale\" content=\"fr_FR\" \/>\n<meta property=\"og:type\" content=\"article\" \/>\n<meta property=\"og:title\" content=\"Caisse \u00e0 monnaie Money\" \/>\n<meta property=\"og:description\" content=\"Caissette Money par BURG-W\u00c4CHTER. Nombreuses couleurs et tailles diff\u00e9rentes. Syst\u00e8me d&#039;ouverture \u00e0 cl\u00e9 (deux cl\u00e9s fournies) ou \u00e0 code selon mod\u00e8le\" \/>\n<meta property=\"og:url\" content=\"https:\/\/test.burgwaechterservice.de\/fr\/p\/caisse-a-monnaie-boitier-a-clef\/money\/\" \/>\n<meta property=\"og:site_name\" content=\"Burg-W\u00e4chter France\" \/>\n<meta property=\"article:modified_time\" content=\"2021-04-07T09:15:34+00:00\" \/>\n<meta property=\"og:image\" content=\"https:\/\/test.burgwaechterservice.de\/fr\/wp-content\/uploads\/sites\/4\/2016\/07\/Kassette_Money_5025_S_107003-02.jpg\" \/>\n\t<meta property=\"og:image:width\" content=\"1181\" \/>\n\t<meta property=\"og:image:height\" content=\"1181\" \/>\n\t<meta property=\"og:image:type\" content=\"image\/jpeg\" \/>\n<meta name=\"twitter:card\" content=\"summary_large_image\" \/>\n<meta name=\"twitter:label1\" content=\"Dur\u00e9e de lecture estim\u00e9e\" \/>\n\t<meta name=\"twitter:data1\" content=\"3 minutes\" \/>\n<!-- \/ Yoast SEO Premium plugin. -->","yoast_head_json":{"title":"Cassette \u00e0 monnaie Money du fabricant BURG-W\u00c4CHTER","description":"Caissette Money par BURG-W\u00c4CHTER. Nombreuses couleurs et tailles diff\u00e9rentes. Syst\u00e8me d'ouverture \u00e0 cl\u00e9 (deux cl\u00e9s fournies) ou \u00e0 code selon mod\u00e8le","robots":{"index":"index","follow":"follow","max-snippet":"max-snippet:-1","max-image-preview":"max-image-preview:large","max-video-preview":"max-video-preview:-1"},"canonical":"https:\/\/test.burgwaechterservice.de\/fr\/p\/caisse-a-monnaie-boitier-a-clef\/money\/","og_locale":"fr_FR","og_type":"article","og_title":"Caisse \u00e0 monnaie Money","og_description":"Caissette Money par BURG-W\u00c4CHTER. Nombreuses couleurs et tailles diff\u00e9rentes. Syst\u00e8me d'ouverture \u00e0 cl\u00e9 (deux cl\u00e9s fournies) ou \u00e0 code selon mod\u00e8le","og_url":"https:\/\/test.burgwaechterservice.de\/fr\/p\/caisse-a-monnaie-boitier-a-clef\/money\/","og_site_name":"Burg-W\u00e4chter France","article_modified_time":"2021-04-07T09:15:34+00:00","og_image":[{"width":1181,"height":1181,"url":"https:\/\/test.burgwaechterservice.de\/fr\/wp-content\/uploads\/sites\/4\/2016\/07\/Kassette_Money_5025_S_107003-02.jpg","type":"image\/jpeg"}],"twitter_card":"summary_large_image","twitter_misc":{"Dur\u00e9e de lecture estim\u00e9e":"3 minutes"},"schema":{"@context":"https:\/\/schema.org","@graph":[{"@type":"WebPage","@id":"https:\/\/test.burgwaechterservice.de\/fr\/p\/caisse-a-monnaie-boitier-a-clef\/money\/","url":"https:\/\/test.burgwaechterservice.de\/fr\/p\/caisse-a-monnaie-boitier-a-clef\/money\/","name":"Cassette \u00e0 monnaie Money du fabricant BURG-W\u00c4CHTER","isPartOf":{"@id":"https:\/\/test.burgwaechterservice.de\/fr\/#website"},"datePublished":"2016-07-19T08:43:32+00:00","dateModified":"2021-04-07T09:15:34+00:00","description":"Caissette Money par BURG-W\u00c4CHTER. Nombreuses couleurs et tailles diff\u00e9rentes. Syst\u00e8me d'ouverture \u00e0 cl\u00e9 (deux cl\u00e9s fournies) ou \u00e0 code selon mod\u00e8le","breadcrumb":{"@id":"https:\/\/test.burgwaechterservice.de\/fr\/p\/caisse-a-monnaie-boitier-a-clef\/money\/#breadcrumb"},"inLanguage":"fr-FR","potentialAction":[{"@type":"ReadAction","target":["https:\/\/test.burgwaechterservice.de\/fr\/p\/caisse-a-monnaie-boitier-a-clef\/money\/"]}]},{"@type":"BreadcrumbList","@id":"https:\/\/test.burgwaechterservice.de\/fr\/p\/caisse-a-monnaie-boitier-a-clef\/money\/#breadcrumb","itemListElement":[{"@type":"ListItem","position":1,"name":"Accueil","item":"https:\/\/test.burgwaechterservice.de\/fr\/"},{"@type":"ListItem","position":2,"name":"Produits","item":"https:\/\/test.burgwaechterservice.de\/fr\/p\/"},{"@type":"ListItem","position":3,"name":"Caisse \u00e0 monnaie Money"}]},{"@type":"WebSite","@id":"https:\/\/test.burgwaechterservice.de\/fr\/#website","url":"https:\/\/test.burgwaechterservice.de\/fr\/","name":"Burg-W\u00e4chter France","description":"Le choix le plus s\u00fbr!","potentialAction":[{"@type":"SearchAction","target":{"@type":"EntryPoint","urlTemplate":"https:\/\/test.burgwaechterservice.de\/fr\/?s={search_term_string}"},"query-input":"required name=search_term_string"}],"inLanguage":"fr-FR"}]}},"_links":{"self":[{"href":"https:\/\/test.burgwaechterservice.de\/fr\/wp-json\/wp\/v2\/product\/32019"}],"collection":[{"href":"https:\/\/test.burgwaechterservice.de\/fr\/wp-json\/wp\/v2\/product"}],"about":[{"href":"https:\/\/test.burgwaechterservice.de\/fr\/wp-json\/wp\/v2\/types\/product"}],"replies":[{"embeddable":true,"href":"https:\/\/test.burgwaechterservice.de\/fr\/wp-json\/wp\/v2\/comments?post=32019"}],"wp:featuredmedia":[{"embeddable":true,"href":"https:\/\/test.burgwaechterservice.de\/fr\/wp-json\/wp\/v2\/media\/32669"}],"wp:attachment":[{"href":"https:\/\/test.burgwaechterservice.de\/fr\/wp-json\/wp\/v2\/media?parent=32019"}],"wp:term":[{"taxonomy":"product_cat","embeddable":true,"href":"https:\/\/test.burgwaechterservice.de\/fr\/wp-json\/wp\/v2\/product_cat?post=32019"},{"taxonomy":"product_tag","embeddable":true,"href":"https:\/\/test.burgwaechterservice.de\/fr\/wp-json\/wp\/v2\/product_tag?post=32019"}],"curies":[{"name":"wp","href":"https:\/\/api.w.org\/{rel}","templated":true}]}}