{"id":31992,"date":"2016-07-19T08:57:32","date_gmt":"2016-07-19T06:57:32","guid":{"rendered":"https:\/\/www.burg.biz\/?post_type=product&#038;p=31992"},"modified":"2021-01-27T09:12:59","modified_gmt":"2021-01-27T08:12:59","slug":"business","status":"publish","type":"product","link":"https:\/\/test.burgwaechterservice.de\/fr\/p\/caisse-a-monnaie-boitier-a-clef\/business\/","title":{"rendered":"Business"},"content":{"rendered":"<p>La caissette de haute qualit\u00e9.<br \/>\nForme arrondie \u00e9l\u00e9gante avec couver-cle convexe. Avec serrure \u00e0 cylindre de pr\u00e9cision. Avec casier pour pi\u00e8ces.<\/p>\n<table class=\"ausfuehrung\">\n<thead>\n<tr>\n<td>Article<\/td>\n<td>L x P x H (mm)<\/td>\n<\/tr>\n<\/thead>\n<tbody>\n<tr>\n<td>Royal 7200<\/td>\n<td>202 x 157 x 88<\/td>\n<\/tr>\n<tr>\n<td>Royal 7250<\/td>\n<td>255 x 200 x 102<\/td>\n<\/tr>\n<\/tbody>\n<\/table>\n","protected":false},"excerpt":{"rendered":"<p>La caissette de haute qualit\u00e9. Forme arrondie \u00e9l\u00e9gante avec couver-cle convexe. Avec serrure \u00e0 cylindre de pr\u00e9cision. Avec casier pour pi\u00e8ces. Article L x P x H (mm) Royal 7200 202 x 157 x 88 Royal 7250 255 x 200 &hellip; <a class=\"kt-excerpt-readmore\" href=\"https:\/\/test.burgwaechterservice.de\/fr\/p\/caisse-a-monnaie-boitier-a-clef\/business\/\" aria-label=\"Business\">Lire la suite<\/a><\/p>\n","protected":false},"featured_media":493121,"comment_status":"closed","ping_status":"closed","template":"","meta":[],"product_cat":[27,54],"product_tag":[],"yoast_head":"<!-- This site is optimized with the Yoast SEO Premium plugin v18.4 (Yoast SEO v19.13) - https:\/\/yoast.com\/wordpress\/plugins\/seo\/ -->\n<title>Caissette Business - Burg-W\u00e4chter<\/title>\n<meta name=\"description\" content=\"La caissette de haute qualit\u00e9. Forme arrondie \u00e9l\u00e9gante avec couver-cle convexe. Avec serrure \u00e0 cylindre de pr\u00e9cision. Avec casier pour pi\u00e8ces. Article L x\" \/>\n<meta name=\"robots\" content=\"index, follow, max-snippet:-1, max-image-preview:large, max-video-preview:-1\" \/>\n<link rel=\"canonical\" href=\"https:\/\/test.burgwaechterservice.de\/fr\/p\/caisse-a-monnaie-boitier-a-clef\/business\/\" \/>\n<meta property=\"og:locale\" content=\"fr_FR\" \/>\n<meta property=\"og:type\" content=\"article\" \/>\n<meta property=\"og:title\" content=\"Business\" \/>\n<meta property=\"og:description\" content=\"La caissette de haute qualit\u00e9. Forme arrondie \u00e9l\u00e9gante avec couver-cle convexe. Avec serrure \u00e0 cylindre de pr\u00e9cision. Avec casier pour pi\u00e8ces. Article L x\" \/>\n<meta property=\"og:url\" content=\"https:\/\/test.burgwaechterservice.de\/fr\/p\/caisse-a-monnaie-boitier-a-clef\/business\/\" \/>\n<meta property=\"og:site_name\" content=\"Burg-W\u00e4chter France\" \/>\n<meta property=\"article:modified_time\" content=\"2021-01-27T08:12:59+00:00\" \/>\n<meta property=\"og:image\" content=\"https:\/\/test.burgwaechterservice.de\/fr\/wp-content\/uploads\/sites\/4\/2016\/07\/Tresor_Button_Auslaufmodell_7250_FR.jpg\" \/>\n\t<meta property=\"og:image:width\" content=\"800\" \/>\n\t<meta property=\"og:image:height\" content=\"800\" \/>\n\t<meta property=\"og:image:type\" content=\"image\/jpeg\" \/>\n<meta name=\"twitter:card\" content=\"summary_large_image\" \/>\n<!-- \/ Yoast SEO Premium plugin. -->","yoast_head_json":{"title":"Caissette Business - Burg-W\u00e4chter","description":"La caissette de haute qualit\u00e9. Forme arrondie \u00e9l\u00e9gante avec couver-cle convexe. Avec serrure \u00e0 cylindre de pr\u00e9cision. Avec casier pour pi\u00e8ces. Article L x","robots":{"index":"index","follow":"follow","max-snippet":"max-snippet:-1","max-image-preview":"max-image-preview:large","max-video-preview":"max-video-preview:-1"},"canonical":"https:\/\/test.burgwaechterservice.de\/fr\/p\/caisse-a-monnaie-boitier-a-clef\/business\/","og_locale":"fr_FR","og_type":"article","og_title":"Business","og_description":"La caissette de haute qualit\u00e9. Forme arrondie \u00e9l\u00e9gante avec couver-cle convexe. Avec serrure \u00e0 cylindre de pr\u00e9cision. Avec casier pour pi\u00e8ces. Article L x","og_url":"https:\/\/test.burgwaechterservice.de\/fr\/p\/caisse-a-monnaie-boitier-a-clef\/business\/","og_site_name":"Burg-W\u00e4chter France","article_modified_time":"2021-01-27T08:12:59+00:00","og_image":[{"width":800,"height":800,"url":"https:\/\/test.burgwaechterservice.de\/fr\/wp-content\/uploads\/sites\/4\/2016\/07\/Tresor_Button_Auslaufmodell_7250_FR.jpg","type":"image\/jpeg"}],"twitter_card":"summary_large_image","schema":{"@context":"https:\/\/schema.org","@graph":[{"@type":"WebPage","@id":"https:\/\/test.burgwaechterservice.de\/fr\/p\/caisse-a-monnaie-boitier-a-clef\/business\/","url":"https:\/\/test.burgwaechterservice.de\/fr\/p\/caisse-a-monnaie-boitier-a-clef\/business\/","name":"Caissette Business - Burg-W\u00e4chter","isPartOf":{"@id":"https:\/\/test.burgwaechterservice.de\/fr\/#website"},"datePublished":"2016-07-19T06:57:32+00:00","dateModified":"2021-01-27T08:12:59+00:00","description":"La caissette de haute qualit\u00e9. Forme arrondie \u00e9l\u00e9gante avec couver-cle convexe. Avec serrure \u00e0 cylindre de pr\u00e9cision. Avec casier pour pi\u00e8ces. Article L x","breadcrumb":{"@id":"https:\/\/test.burgwaechterservice.de\/fr\/p\/caisse-a-monnaie-boitier-a-clef\/business\/#breadcrumb"},"inLanguage":"fr-FR","potentialAction":[{"@type":"ReadAction","target":["https:\/\/test.burgwaechterservice.de\/fr\/p\/caisse-a-monnaie-boitier-a-clef\/business\/"]}]},{"@type":"BreadcrumbList","@id":"https:\/\/test.burgwaechterservice.de\/fr\/p\/caisse-a-monnaie-boitier-a-clef\/business\/#breadcrumb","itemListElement":[{"@type":"ListItem","position":1,"name":"Accueil","item":"https:\/\/test.burgwaechterservice.de\/fr\/"},{"@type":"ListItem","position":2,"name":"Produits","item":"https:\/\/test.burgwaechterservice.de\/fr\/p\/"},{"@type":"ListItem","position":3,"name":"Business"}]},{"@type":"WebSite","@id":"https:\/\/test.burgwaechterservice.de\/fr\/#website","url":"https:\/\/test.burgwaechterservice.de\/fr\/","name":"Burg-W\u00e4chter France","description":"Le choix le plus s\u00fbr!","potentialAction":[{"@type":"SearchAction","target":{"@type":"EntryPoint","urlTemplate":"https:\/\/test.burgwaechterservice.de\/fr\/?s={search_term_string}"},"query-input":"required name=search_term_string"}],"inLanguage":"fr-FR"}]}},"_links":{"self":[{"href":"https:\/\/test.burgwaechterservice.de\/fr\/wp-json\/wp\/v2\/product\/31992"}],"collection":[{"href":"https:\/\/test.burgwaechterservice.de\/fr\/wp-json\/wp\/v2\/product"}],"about":[{"href":"https:\/\/test.burgwaechterservice.de\/fr\/wp-json\/wp\/v2\/types\/product"}],"replies":[{"embeddable":true,"href":"https:\/\/test.burgwaechterservice.de\/fr\/wp-json\/wp\/v2\/comments?post=31992"}],"wp:featuredmedia":[{"embeddable":true,"href":"https:\/\/test.burgwaechterservice.de\/fr\/wp-json\/wp\/v2\/media\/493121"}],"wp:attachment":[{"href":"https:\/\/test.burgwaechterservice.de\/fr\/wp-json\/wp\/v2\/media?parent=31992"}],"wp:term":[{"taxonomy":"product_cat","embeddable":true,"href":"https:\/\/test.burgwaechterservice.de\/fr\/wp-json\/wp\/v2\/product_cat?post=31992"},{"taxonomy":"product_tag","embeddable":true,"href":"https:\/\/test.burgwaechterservice.de\/fr\/wp-json\/wp\/v2\/product_tag?post=31992"}],"curies":[{"name":"wp","href":"https:\/\/api.w.org\/{rel}","templated":true}]}}