{"id":31983,"date":"2016-07-18T16:39:45","date_gmt":"2016-07-18T14:39:45","guid":{"rendered":"https:\/\/www.burg.biz\/?post_type=product&#038;p=31983"},"modified":"2018-06-21T07:41:34","modified_gmt":"2018-06-21T05:41:34","slug":"precise-ps-7215","status":"publish","type":"product","link":"https:\/\/test.burgwaechterservice.de\/fr\/p\/appareils-de-mesure\/precise-ps-7215\/","title":{"rendered":"PRECISE PS 7215"},"content":{"rendered":"<p><img decoding=\"async\" class=\"alignnone size-full wp-image-33853\" src=\"https:\/\/test.burgwaechterservice.de\/fr\/wp-content\/uploads\/sites\/4\/2016\/07\/Icons-PRECISE.jpg\" alt=\"Icons-PRECISE\" width=\"383\" height=\"81\" srcset=\"https:\/\/test.burgwaechterservice.de\/fr\/wp-content\/uploads\/sites\/4\/2016\/07\/Icons-PRECISE.jpg 383w, https:\/\/test.burgwaechterservice.de\/fr\/wp-content\/uploads\/sites\/4\/2016\/07\/Icons-PRECISE-300x63.jpg 300w\" sizes=\"(max-width: 383px) 100vw, 383px\" \/><\/p>\n<h2>Pied \u00e0 coulisse digital PRECISE PS 7215<\/h2>\n<p>Mesurez confortablement, facilement et avec une grande pr\u00e9cision les \u00e9carts et les diam\u00e8tres. Avec fonction ZERO \/ ABS pour d\u00e9\ufb01 nir la Position z\u00e9ro.<br \/>\nL\u00b4af\ufb01chage peut \u00e9galement se faire en pouces..<\/p>\n<ul>\n<li>Pr\u00e9cision de mesure: 0.01 mm<\/li>\n<li>Plage de mesure effective: 0\u00a0\u00e0 150 mm<\/li>\n<li>Temp\u00e9rature de Service: \u00a00 \u00e0 +40 \u00b0C<\/li>\n<li>Humidit\u00e9 relative de l\u2018air: &lt; 80%<\/li>\n<li>Temp\u00e9rature de stockage: &#8211;10 \u00b0C \u00e0 +60 \u00b0C<\/li>\n<li>Alimentation \u00e9lectrique: Pile bouton de 1,5 V (p. ex. LR 44)<\/li>\n<li>Dimensions: 245 x 90 x 28 mm (Enveloppe plastique)<\/li>\n<\/ul>\n<p>&nbsp;<\/p>\n<table class=\"ausfuehrung\">\n<thead>\n<tr>\n<td>Article<\/td>\n<td>Info<\/td>\n<\/tr>\n<\/thead>\n<tbody>\n<tr>\n<td>\u00a0PRECISE PS 7215<\/td>\n<td>Piles et enveloppe en plast. incl.<\/td>\n<\/tr>\n<\/tbody>\n<\/table>\n","protected":false},"excerpt":{"rendered":"<p>Pied \u00e0 coulisse digital PRECISE PS 7215 Mesurez confortablement, facilement et avec une grande pr\u00e9cision les \u00e9carts et les diam\u00e8tres. Avec fonction ZERO \/ ABS pour d\u00e9\ufb01 nir la Position z\u00e9ro. L\u00b4af\ufb01chage peut \u00e9galement se faire en pouces.. Pr\u00e9cision de &hellip; <a class=\"kt-excerpt-readmore\" href=\"https:\/\/test.burgwaechterservice.de\/fr\/p\/appareils-de-mesure\/precise-ps-7215\/\" aria-label=\"PRECISE PS 7215\">Lire la suite<\/a><\/p>\n","protected":false},"featured_media":32979,"comment_status":"closed","ping_status":"closed","template":"","meta":[],"product_cat":[585],"product_tag":[],"yoast_head":"<!-- This site is optimized with the Yoast SEO Premium plugin v18.4 (Yoast SEO v19.13) - https:\/\/yoast.com\/wordpress\/plugins\/seo\/ -->\n<title>PRECISE PS 7215 - Burg-W\u00e4chter<\/title>\n<meta name=\"description\" content=\"Pied \u00e0 coulisse digital PRECISE PS 7215 Mesurez confortablement, facilement et avec une grande pr\u00e9cision les \u00e9carts et les diam\u00e8tres. Avec fonction ZERO \/\" \/>\n<meta name=\"robots\" content=\"index, follow, max-snippet:-1, max-image-preview:large, max-video-preview:-1\" \/>\n<link rel=\"canonical\" href=\"https:\/\/test.burgwaechterservice.de\/fr\/p\/appareils-de-mesure\/precise-ps-7215\/\" \/>\n<meta property=\"og:locale\" content=\"fr_FR\" \/>\n<meta property=\"og:type\" content=\"article\" \/>\n<meta property=\"og:title\" content=\"PRECISE PS 7215\" \/>\n<meta property=\"og:description\" content=\"Pied \u00e0 coulisse digital PRECISE PS 7215 Mesurez confortablement, facilement et avec une grande pr\u00e9cision les \u00e9carts et les diam\u00e8tres. Avec fonction ZERO \/\" \/>\n<meta property=\"og:url\" content=\"https:\/\/test.burgwaechterservice.de\/fr\/p\/appareils-de-mesure\/precise-ps-7215\/\" \/>\n<meta property=\"og:site_name\" content=\"Burg-W\u00e4chter France\" \/>\n<meta property=\"article:modified_time\" content=\"2018-06-21T05:41:34+00:00\" \/>\n<meta property=\"og:image\" content=\"https:\/\/test.burgwaechterservice.de\/fr\/wp-content\/uploads\/sites\/4\/2016\/07\/Messschieber_PRECISE_PS_7215_721506-01.jpg\" \/>\n\t<meta property=\"og:image:width\" content=\"1181\" \/>\n\t<meta property=\"og:image:height\" content=\"1181\" \/>\n\t<meta property=\"og:image:type\" content=\"image\/jpeg\" \/>\n<meta name=\"twitter:card\" content=\"summary_large_image\" \/>\n<!-- \/ Yoast SEO Premium plugin. -->","yoast_head_json":{"title":"PRECISE PS 7215 - Burg-W\u00e4chter","description":"Pied \u00e0 coulisse digital PRECISE PS 7215 Mesurez confortablement, facilement et avec une grande pr\u00e9cision les \u00e9carts et les diam\u00e8tres. Avec fonction ZERO \/","robots":{"index":"index","follow":"follow","max-snippet":"max-snippet:-1","max-image-preview":"max-image-preview:large","max-video-preview":"max-video-preview:-1"},"canonical":"https:\/\/test.burgwaechterservice.de\/fr\/p\/appareils-de-mesure\/precise-ps-7215\/","og_locale":"fr_FR","og_type":"article","og_title":"PRECISE PS 7215","og_description":"Pied \u00e0 coulisse digital PRECISE PS 7215 Mesurez confortablement, facilement et avec une grande pr\u00e9cision les \u00e9carts et les diam\u00e8tres. Avec fonction ZERO \/","og_url":"https:\/\/test.burgwaechterservice.de\/fr\/p\/appareils-de-mesure\/precise-ps-7215\/","og_site_name":"Burg-W\u00e4chter France","article_modified_time":"2018-06-21T05:41:34+00:00","og_image":[{"width":1181,"height":1181,"url":"https:\/\/test.burgwaechterservice.de\/fr\/wp-content\/uploads\/sites\/4\/2016\/07\/Messschieber_PRECISE_PS_7215_721506-01.jpg","type":"image\/jpeg"}],"twitter_card":"summary_large_image","schema":{"@context":"https:\/\/schema.org","@graph":[{"@type":"WebPage","@id":"https:\/\/test.burgwaechterservice.de\/fr\/p\/appareils-de-mesure\/precise-ps-7215\/","url":"https:\/\/test.burgwaechterservice.de\/fr\/p\/appareils-de-mesure\/precise-ps-7215\/","name":"PRECISE PS 7215 - Burg-W\u00e4chter","isPartOf":{"@id":"https:\/\/test.burgwaechterservice.de\/fr\/#website"},"datePublished":"2016-07-18T14:39:45+00:00","dateModified":"2018-06-21T05:41:34+00:00","description":"Pied \u00e0 coulisse digital PRECISE PS 7215 Mesurez confortablement, facilement et avec une grande pr\u00e9cision les \u00e9carts et les diam\u00e8tres. Avec fonction ZERO \/","breadcrumb":{"@id":"https:\/\/test.burgwaechterservice.de\/fr\/p\/appareils-de-mesure\/precise-ps-7215\/#breadcrumb"},"inLanguage":"fr-FR","potentialAction":[{"@type":"ReadAction","target":["https:\/\/test.burgwaechterservice.de\/fr\/p\/appareils-de-mesure\/precise-ps-7215\/"]}]},{"@type":"BreadcrumbList","@id":"https:\/\/test.burgwaechterservice.de\/fr\/p\/appareils-de-mesure\/precise-ps-7215\/#breadcrumb","itemListElement":[{"@type":"ListItem","position":1,"name":"Accueil","item":"https:\/\/test.burgwaechterservice.de\/fr\/"},{"@type":"ListItem","position":2,"name":"Produits","item":"https:\/\/test.burgwaechterservice.de\/fr\/p\/"},{"@type":"ListItem","position":3,"name":"PRECISE PS 7215"}]},{"@type":"WebSite","@id":"https:\/\/test.burgwaechterservice.de\/fr\/#website","url":"https:\/\/test.burgwaechterservice.de\/fr\/","name":"Burg-W\u00e4chter France","description":"Le choix le plus s\u00fbr!","potentialAction":[{"@type":"SearchAction","target":{"@type":"EntryPoint","urlTemplate":"https:\/\/test.burgwaechterservice.de\/fr\/?s={search_term_string}"},"query-input":"required name=search_term_string"}],"inLanguage":"fr-FR"}]}},"_links":{"self":[{"href":"https:\/\/test.burgwaechterservice.de\/fr\/wp-json\/wp\/v2\/product\/31983"}],"collection":[{"href":"https:\/\/test.burgwaechterservice.de\/fr\/wp-json\/wp\/v2\/product"}],"about":[{"href":"https:\/\/test.burgwaechterservice.de\/fr\/wp-json\/wp\/v2\/types\/product"}],"replies":[{"embeddable":true,"href":"https:\/\/test.burgwaechterservice.de\/fr\/wp-json\/wp\/v2\/comments?post=31983"}],"wp:featuredmedia":[{"embeddable":true,"href":"https:\/\/test.burgwaechterservice.de\/fr\/wp-json\/wp\/v2\/media\/32979"}],"wp:attachment":[{"href":"https:\/\/test.burgwaechterservice.de\/fr\/wp-json\/wp\/v2\/media?parent=31983"}],"wp:term":[{"taxonomy":"product_cat","embeddable":true,"href":"https:\/\/test.burgwaechterservice.de\/fr\/wp-json\/wp\/v2\/product_cat?post=31983"},{"taxonomy":"product_tag","embeddable":true,"href":"https:\/\/test.burgwaechterservice.de\/fr\/wp-json\/wp\/v2\/product_tag?post=31983"}],"curies":[{"name":"wp","href":"https:\/\/api.w.org\/{rel}","templated":true}]}}