{"id":31980,"date":"2016-07-18T16:14:29","date_gmt":"2016-07-18T14:14:29","guid":{"rendered":"https:\/\/www.burg.biz\/?post_type=product&#038;p=31980"},"modified":"2016-09-06T16:59:15","modified_gmt":"2016-09-06T14:59:15","slug":"tara-ps-7600","status":"publish","type":"product","link":"https:\/\/test.burgwaechterservice.de\/fr\/p\/appareils-de-mesure\/tara-ps-7600\/","title":{"rendered":"TARA PS 7600"},"content":{"rendered":"<p><img decoding=\"async\" class=\"alignnone size-full wp-image-33849\" src=\"https:\/\/test.burgwaechterservice.de\/fr\/wp-content\/uploads\/sites\/4\/2016\/07\/Icons-TARA.jpg\" alt=\"Icons-TARA\" width=\"384\" height=\"81\" srcset=\"https:\/\/test.burgwaechterservice.de\/fr\/wp-content\/uploads\/sites\/4\/2016\/07\/Icons-TARA.jpg 384w, https:\/\/test.burgwaechterservice.de\/fr\/wp-content\/uploads\/sites\/4\/2016\/07\/Icons-TARA-300x63.jpg 300w\" sizes=\"(max-width: 384px) 100vw, 384px\" \/><\/p>\n<h2>Balance digitale manuelle TARA PS 7600<\/h2>\n<p>Pour la d\u00e9termination pr\u00e9cise du poids de coffres, colis etc. Avec fonction de tare pour le pesage progressif. Pratique pour les voyages. Avec un poids de 180 g, piles incluses,<br \/>\ncette balance de coffres tr\u00e8s maniable s\u2018adapte \u00e0 vos bagages \u00e0 main. Af\ufb01 chage \ufb01 able et visible du poids de vos bagages, \u00e9galement changeable de kg \u00e0 lbs pour vos voyages interam\u00e9ricains.<br \/>\nVous pouvez peser \u00e9galement tous les objets appropri\u00e9s pour le crochet tels que des paquets &#8211; de fa\u00e7on progressif jusqu\u2018\u00e0 40 kg.<\/p>\n<ul>\n<li>Temp\u00e9rature de Service: 0\u00b0C \u00e0 40\u00b0C<\/li>\n<li>Temp\u00e9rature de stockage: -10\u00b0C \u00e0 55\u00b0C<\/li>\n<li>Pr\u00e9cision de mesure: 200g &#8211; 40kg<\/li>\n<li>Pr\u00e9cision:\u00a0Poids jusqu&#8217;\u00e0 10 kg +\/- 100g; Poids plus de 10 kg +\/- 1%<\/li>\n<li>Alimentation \u00e9lectrique: 2 pi\u00e8ces 1,5 V AAA Micro (p.ex. LR03)<\/li>\n<li>Poids: 180 g (Piles incl.)<\/li>\n<li>Dimensions: 120 x 59 x 30 (Poign\u00e9e incl.)<\/li>\n<\/ul>\n<p>&nbsp;<\/p>\n<table class=\"ausfuehrung\">\n<thead>\n<tr>\n<td>Article<\/td>\n<td>Info<\/td>\n<\/tr>\n<\/thead>\n<tbody>\n<tr>\n<td>TARA PS 7600<\/td>\n<td>Piles et sac inclus<\/td>\n<\/tr>\n<\/tbody>\n<\/table>\n","protected":false},"excerpt":{"rendered":"<p>Balance digitale manuelle TARA PS 7600 Pour la d\u00e9termination pr\u00e9cise du poids de coffres, colis etc. Avec fonction de tare pour le pesage progressif. Pratique pour les voyages. Avec un poids de 180 g, piles incluses, cette balance de coffres &hellip; <a class=\"kt-excerpt-readmore\" href=\"https:\/\/test.burgwaechterservice.de\/fr\/p\/appareils-de-mesure\/tara-ps-7600\/\" aria-label=\"TARA PS 7600\">Lire la suite<\/a><\/p>\n","protected":false},"featured_media":32271,"comment_status":"closed","ping_status":"closed","template":"","meta":[],"product_cat":[585],"product_tag":[594],"yoast_head":"<!-- This site is optimized with the Yoast SEO Premium plugin v18.4 (Yoast SEO v19.13) - https:\/\/yoast.com\/wordpress\/plugins\/seo\/ -->\n<title>TARA PS 7600 - Burg-W\u00e4chter<\/title>\n<meta name=\"description\" content=\"Balance digitale manuelle TARA PS 7600 Pour la d\u00e9termination pr\u00e9cise du poids de coffres, colis etc. Avec fonction de tare pour le pesage progressif.\" \/>\n<meta name=\"robots\" content=\"index, follow, max-snippet:-1, max-image-preview:large, max-video-preview:-1\" \/>\n<link rel=\"canonical\" href=\"https:\/\/test.burgwaechterservice.de\/fr\/p\/appareils-de-mesure\/tara-ps-7600\/\" \/>\n<meta property=\"og:locale\" content=\"fr_FR\" \/>\n<meta property=\"og:type\" content=\"article\" \/>\n<meta property=\"og:title\" content=\"TARA PS 7600\" \/>\n<meta property=\"og:description\" content=\"Balance digitale manuelle TARA PS 7600 Pour la d\u00e9termination pr\u00e9cise du poids de coffres, colis etc. Avec fonction de tare pour le pesage progressif.\" \/>\n<meta property=\"og:url\" content=\"https:\/\/test.burgwaechterservice.de\/fr\/p\/appareils-de-mesure\/tara-ps-7600\/\" \/>\n<meta property=\"og:site_name\" content=\"Burg-W\u00e4chter France\" \/>\n<meta property=\"article:modified_time\" content=\"2016-09-06T14:59:15+00:00\" \/>\n<meta property=\"og:image\" content=\"https:\/\/test.burgwaechterservice.de\/fr\/wp-content\/uploads\/sites\/4\/2016\/07\/Handwaage_TARA_PS_7600_760000-01.jpg\" \/>\n\t<meta property=\"og:image:width\" content=\"1181\" \/>\n\t<meta property=\"og:image:height\" content=\"1181\" \/>\n\t<meta property=\"og:image:type\" content=\"image\/jpeg\" \/>\n<meta name=\"twitter:card\" content=\"summary_large_image\" \/>\n<meta name=\"twitter:label1\" content=\"Dur\u00e9e de lecture estim\u00e9e\" \/>\n\t<meta name=\"twitter:data1\" content=\"1 minute\" \/>\n<!-- \/ Yoast SEO Premium plugin. -->","yoast_head_json":{"title":"TARA PS 7600 - Burg-W\u00e4chter","description":"Balance digitale manuelle TARA PS 7600 Pour la d\u00e9termination pr\u00e9cise du poids de coffres, colis etc. Avec fonction de tare pour le pesage progressif.","robots":{"index":"index","follow":"follow","max-snippet":"max-snippet:-1","max-image-preview":"max-image-preview:large","max-video-preview":"max-video-preview:-1"},"canonical":"https:\/\/test.burgwaechterservice.de\/fr\/p\/appareils-de-mesure\/tara-ps-7600\/","og_locale":"fr_FR","og_type":"article","og_title":"TARA PS 7600","og_description":"Balance digitale manuelle TARA PS 7600 Pour la d\u00e9termination pr\u00e9cise du poids de coffres, colis etc. Avec fonction de tare pour le pesage progressif.","og_url":"https:\/\/test.burgwaechterservice.de\/fr\/p\/appareils-de-mesure\/tara-ps-7600\/","og_site_name":"Burg-W\u00e4chter France","article_modified_time":"2016-09-06T14:59:15+00:00","og_image":[{"width":1181,"height":1181,"url":"https:\/\/test.burgwaechterservice.de\/fr\/wp-content\/uploads\/sites\/4\/2016\/07\/Handwaage_TARA_PS_7600_760000-01.jpg","type":"image\/jpeg"}],"twitter_card":"summary_large_image","twitter_misc":{"Dur\u00e9e de lecture estim\u00e9e":"1 minute"},"schema":{"@context":"https:\/\/schema.org","@graph":[{"@type":"WebPage","@id":"https:\/\/test.burgwaechterservice.de\/fr\/p\/appareils-de-mesure\/tara-ps-7600\/","url":"https:\/\/test.burgwaechterservice.de\/fr\/p\/appareils-de-mesure\/tara-ps-7600\/","name":"TARA PS 7600 - Burg-W\u00e4chter","isPartOf":{"@id":"https:\/\/test.burgwaechterservice.de\/fr\/#website"},"datePublished":"2016-07-18T14:14:29+00:00","dateModified":"2016-09-06T14:59:15+00:00","description":"Balance digitale manuelle TARA PS 7600 Pour la d\u00e9termination pr\u00e9cise du poids de coffres, colis etc. Avec fonction de tare pour le pesage progressif.","breadcrumb":{"@id":"https:\/\/test.burgwaechterservice.de\/fr\/p\/appareils-de-mesure\/tara-ps-7600\/#breadcrumb"},"inLanguage":"fr-FR","potentialAction":[{"@type":"ReadAction","target":["https:\/\/test.burgwaechterservice.de\/fr\/p\/appareils-de-mesure\/tara-ps-7600\/"]}]},{"@type":"BreadcrumbList","@id":"https:\/\/test.burgwaechterservice.de\/fr\/p\/appareils-de-mesure\/tara-ps-7600\/#breadcrumb","itemListElement":[{"@type":"ListItem","position":1,"name":"Accueil","item":"https:\/\/test.burgwaechterservice.de\/fr\/"},{"@type":"ListItem","position":2,"name":"Produits","item":"https:\/\/test.burgwaechterservice.de\/fr\/p\/"},{"@type":"ListItem","position":3,"name":"TARA PS 7600"}]},{"@type":"WebSite","@id":"https:\/\/test.burgwaechterservice.de\/fr\/#website","url":"https:\/\/test.burgwaechterservice.de\/fr\/","name":"Burg-W\u00e4chter France","description":"Le choix le plus s\u00fbr!","potentialAction":[{"@type":"SearchAction","target":{"@type":"EntryPoint","urlTemplate":"https:\/\/test.burgwaechterservice.de\/fr\/?s={search_term_string}"},"query-input":"required name=search_term_string"}],"inLanguage":"fr-FR"}]}},"_links":{"self":[{"href":"https:\/\/test.burgwaechterservice.de\/fr\/wp-json\/wp\/v2\/product\/31980"}],"collection":[{"href":"https:\/\/test.burgwaechterservice.de\/fr\/wp-json\/wp\/v2\/product"}],"about":[{"href":"https:\/\/test.burgwaechterservice.de\/fr\/wp-json\/wp\/v2\/types\/product"}],"replies":[{"embeddable":true,"href":"https:\/\/test.burgwaechterservice.de\/fr\/wp-json\/wp\/v2\/comments?post=31980"}],"wp:featuredmedia":[{"embeddable":true,"href":"https:\/\/test.burgwaechterservice.de\/fr\/wp-json\/wp\/v2\/media\/32271"}],"wp:attachment":[{"href":"https:\/\/test.burgwaechterservice.de\/fr\/wp-json\/wp\/v2\/media?parent=31980"}],"wp:term":[{"taxonomy":"product_cat","embeddable":true,"href":"https:\/\/test.burgwaechterservice.de\/fr\/wp-json\/wp\/v2\/product_cat?post=31980"},{"taxonomy":"product_tag","embeddable":true,"href":"https:\/\/test.burgwaechterservice.de\/fr\/wp-json\/wp\/v2\/product_tag?post=31980"}],"curies":[{"name":"wp","href":"https:\/\/api.w.org\/{rel}","templated":true}]}}