{"id":31974,"date":"2016-07-18T15:51:51","date_gmt":"2016-07-18T13:51:51","guid":{"rendered":"https:\/\/www.burg.biz\/?post_type=product&#038;p=31974"},"modified":"2016-09-06T16:32:59","modified_gmt":"2016-09-06T14:32:59","slug":"energy-ps-7420","status":"publish","type":"product","link":"https:\/\/test.burgwaechterservice.de\/fr\/p\/appareils-de-mesure\/energy-ps-7420\/","title":{"rendered":"ENERGY PS 7420"},"content":{"rendered":"<p><img decoding=\"async\" class=\"alignnone size-full wp-image-33836\" src=\"https:\/\/test.burgwaechterservice.de\/fr\/wp-content\/uploads\/sites\/4\/2016\/07\/Icons-ENERGY.jpg\" alt=\"Icons-ENERGY\" width=\"485\" height=\"81\" srcset=\"https:\/\/test.burgwaechterservice.de\/fr\/wp-content\/uploads\/sites\/4\/2016\/07\/Icons-ENERGY.jpg 485w, https:\/\/test.burgwaechterservice.de\/fr\/wp-content\/uploads\/sites\/4\/2016\/07\/Icons-ENERGY-300x50.jpg 300w\" sizes=\"(max-width: 485px) 100vw, 485px\" \/><\/p>\n<h2>Appareil de mesure de la temp\u00e9rature ENERGY PS 7420<\/h2>\n<p>Mesure \u00e0 distance, \u00e0 l\u2018aide de la technique infrarouge et du relev\u00e9 laser, par exemple les ponts thermiques dans les maisons\/les appartements, l\u2018\u00e9quilibre des temp\u00e9ratures des unit\u00e9s et les<br \/>\npuissances des climatisations..<\/p>\n<ul>\n<li>Plage de mesure: \u201320 \u00b0C \u00e0 330 \u00b0C (0 \u00b0F \u00e0 626 \u00b0F)<\/li>\n<li>Pr\u00e9cision :<br \/>\n0\u00b0C \u00e0 180\u00b0C: +\/- (2% + 2\u00b0C)<br \/>\n&lt;= 0\u00b0C \u00e0\u00a0-20\u00b0C: +\/- 4%<br \/>\n&gt;= 180\u00b0C \u00e0 330\u00b0C: +\/- 3%<\/li>\n<li>D\u00e9lai de r\u00e9action: &lt;= 1 sec.<\/li>\n<li>Environnment de travail:\u00a00 \u00b0C \u00e0 50 \u00b0C<\/li>\n<li>Alimentation \u00e9lectrique:\u00a0Pile-bloc 9 V (p. ex. 6LR61)<\/li>\n<li>Rapport entre la distance du point de mesure et la taille de l\u2018objet mesur\u00e9: 5:1<\/li>\n<li>Dimensions: 160 x 100 x 45mm<\/li>\n<\/ul>\n<table class=\"ausfuehrung\">\n<thead>\n<tr>\n<td>Article<\/td>\n<td>Info<\/td>\n<\/tr>\n<\/thead>\n<tbody>\n<tr>\n<td>ENERGY PS 7420<\/td>\n<td>\u00a0Piles et sac inclus<\/td>\n<\/tr>\n<\/tbody>\n<\/table>\n","protected":false},"excerpt":{"rendered":"<p>Appareil de mesure de la temp\u00e9rature ENERGY PS 7420 Mesure \u00e0 distance, \u00e0 l\u2018aide de la technique infrarouge et du relev\u00e9 laser, par exemple les ponts thermiques dans les maisons\/les appartements, l\u2018\u00e9quilibre des temp\u00e9ratures des unit\u00e9s et les puissances des &hellip; <a class=\"kt-excerpt-readmore\" href=\"https:\/\/test.burgwaechterservice.de\/fr\/p\/appareils-de-mesure\/energy-ps-7420\/\" aria-label=\"ENERGY PS 7420\">Lire la suite<\/a><\/p>\n","protected":false},"featured_media":32273,"comment_status":"closed","ping_status":"closed","template":"","meta":[],"product_cat":[585],"product_tag":[],"yoast_head":"<!-- This site is optimized with the Yoast SEO Premium plugin v18.4 (Yoast SEO v19.13) - https:\/\/yoast.com\/wordpress\/plugins\/seo\/ -->\n<title>ENERGY PS 7420 - Burg-W\u00e4chter<\/title>\n<meta name=\"description\" content=\"Appareil de mesure de la temp\u00e9rature ENERGY PS 7420 Mesure \u00e0 distance, \u00e0 l\u2018aide de la technique infrarouge et du relev\u00e9 laser, par exemple les ponts\" \/>\n<meta name=\"robots\" content=\"index, follow, max-snippet:-1, max-image-preview:large, max-video-preview:-1\" \/>\n<link rel=\"canonical\" href=\"https:\/\/test.burgwaechterservice.de\/fr\/p\/appareils-de-mesure\/energy-ps-7420\/\" \/>\n<meta property=\"og:locale\" content=\"fr_FR\" \/>\n<meta property=\"og:type\" content=\"article\" \/>\n<meta property=\"og:title\" content=\"ENERGY PS 7420\" \/>\n<meta property=\"og:description\" content=\"Appareil de mesure de la temp\u00e9rature ENERGY PS 7420 Mesure \u00e0 distance, \u00e0 l\u2018aide de la technique infrarouge et du relev\u00e9 laser, par exemple les ponts\" \/>\n<meta property=\"og:url\" content=\"https:\/\/test.burgwaechterservice.de\/fr\/p\/appareils-de-mesure\/energy-ps-7420\/\" \/>\n<meta property=\"og:site_name\" content=\"Burg-W\u00e4chter France\" \/>\n<meta property=\"article:modified_time\" content=\"2016-09-06T14:32:59+00:00\" \/>\n<meta property=\"og:image\" content=\"https:\/\/test.burgwaechterservice.de\/fr\/wp-content\/uploads\/sites\/4\/2016\/07\/Temperatur_Messer_ENERGY_PS_7420_742006-01.jpg\" \/>\n\t<meta property=\"og:image:width\" content=\"1181\" \/>\n\t<meta property=\"og:image:height\" content=\"1181\" \/>\n\t<meta property=\"og:image:type\" content=\"image\/jpeg\" \/>\n<meta name=\"twitter:card\" content=\"summary_large_image\" \/>\n<meta name=\"twitter:label1\" content=\"Dur\u00e9e de lecture estim\u00e9e\" \/>\n\t<meta name=\"twitter:data1\" content=\"1 minute\" \/>\n<!-- \/ Yoast SEO Premium plugin. -->","yoast_head_json":{"title":"ENERGY PS 7420 - Burg-W\u00e4chter","description":"Appareil de mesure de la temp\u00e9rature ENERGY PS 7420 Mesure \u00e0 distance, \u00e0 l\u2018aide de la technique infrarouge et du relev\u00e9 laser, par exemple les ponts","robots":{"index":"index","follow":"follow","max-snippet":"max-snippet:-1","max-image-preview":"max-image-preview:large","max-video-preview":"max-video-preview:-1"},"canonical":"https:\/\/test.burgwaechterservice.de\/fr\/p\/appareils-de-mesure\/energy-ps-7420\/","og_locale":"fr_FR","og_type":"article","og_title":"ENERGY PS 7420","og_description":"Appareil de mesure de la temp\u00e9rature ENERGY PS 7420 Mesure \u00e0 distance, \u00e0 l\u2018aide de la technique infrarouge et du relev\u00e9 laser, par exemple les ponts","og_url":"https:\/\/test.burgwaechterservice.de\/fr\/p\/appareils-de-mesure\/energy-ps-7420\/","og_site_name":"Burg-W\u00e4chter France","article_modified_time":"2016-09-06T14:32:59+00:00","og_image":[{"width":1181,"height":1181,"url":"https:\/\/test.burgwaechterservice.de\/fr\/wp-content\/uploads\/sites\/4\/2016\/07\/Temperatur_Messer_ENERGY_PS_7420_742006-01.jpg","type":"image\/jpeg"}],"twitter_card":"summary_large_image","twitter_misc":{"Dur\u00e9e de lecture estim\u00e9e":"1 minute"},"schema":{"@context":"https:\/\/schema.org","@graph":[{"@type":"WebPage","@id":"https:\/\/test.burgwaechterservice.de\/fr\/p\/appareils-de-mesure\/energy-ps-7420\/","url":"https:\/\/test.burgwaechterservice.de\/fr\/p\/appareils-de-mesure\/energy-ps-7420\/","name":"ENERGY PS 7420 - Burg-W\u00e4chter","isPartOf":{"@id":"https:\/\/test.burgwaechterservice.de\/fr\/#website"},"datePublished":"2016-07-18T13:51:51+00:00","dateModified":"2016-09-06T14:32:59+00:00","description":"Appareil de mesure de la temp\u00e9rature ENERGY PS 7420 Mesure \u00e0 distance, \u00e0 l\u2018aide de la technique infrarouge et du relev\u00e9 laser, par exemple les ponts","breadcrumb":{"@id":"https:\/\/test.burgwaechterservice.de\/fr\/p\/appareils-de-mesure\/energy-ps-7420\/#breadcrumb"},"inLanguage":"fr-FR","potentialAction":[{"@type":"ReadAction","target":["https:\/\/test.burgwaechterservice.de\/fr\/p\/appareils-de-mesure\/energy-ps-7420\/"]}]},{"@type":"BreadcrumbList","@id":"https:\/\/test.burgwaechterservice.de\/fr\/p\/appareils-de-mesure\/energy-ps-7420\/#breadcrumb","itemListElement":[{"@type":"ListItem","position":1,"name":"Accueil","item":"https:\/\/test.burgwaechterservice.de\/fr\/"},{"@type":"ListItem","position":2,"name":"Produits","item":"https:\/\/test.burgwaechterservice.de\/fr\/p\/"},{"@type":"ListItem","position":3,"name":"ENERGY PS 7420"}]},{"@type":"WebSite","@id":"https:\/\/test.burgwaechterservice.de\/fr\/#website","url":"https:\/\/test.burgwaechterservice.de\/fr\/","name":"Burg-W\u00e4chter France","description":"Le choix le plus s\u00fbr!","potentialAction":[{"@type":"SearchAction","target":{"@type":"EntryPoint","urlTemplate":"https:\/\/test.burgwaechterservice.de\/fr\/?s={search_term_string}"},"query-input":"required name=search_term_string"}],"inLanguage":"fr-FR"}]}},"_links":{"self":[{"href":"https:\/\/test.burgwaechterservice.de\/fr\/wp-json\/wp\/v2\/product\/31974"}],"collection":[{"href":"https:\/\/test.burgwaechterservice.de\/fr\/wp-json\/wp\/v2\/product"}],"about":[{"href":"https:\/\/test.burgwaechterservice.de\/fr\/wp-json\/wp\/v2\/types\/product"}],"replies":[{"embeddable":true,"href":"https:\/\/test.burgwaechterservice.de\/fr\/wp-json\/wp\/v2\/comments?post=31974"}],"wp:featuredmedia":[{"embeddable":true,"href":"https:\/\/test.burgwaechterservice.de\/fr\/wp-json\/wp\/v2\/media\/32273"}],"wp:attachment":[{"href":"https:\/\/test.burgwaechterservice.de\/fr\/wp-json\/wp\/v2\/media?parent=31974"}],"wp:term":[{"taxonomy":"product_cat","embeddable":true,"href":"https:\/\/test.burgwaechterservice.de\/fr\/wp-json\/wp\/v2\/product_cat?post=31974"},{"taxonomy":"product_tag","embeddable":true,"href":"https:\/\/test.burgwaechterservice.de\/fr\/wp-json\/wp\/v2\/product_tag?post=31974"}],"curies":[{"name":"wp","href":"https:\/\/api.w.org\/{rel}","templated":true}]}}