{"id":31964,"date":"2016-07-18T15:24:14","date_gmt":"2016-07-18T13:24:14","guid":{"rendered":"https:\/\/www.burg.biz\/?post_type=product&#038;p=31964"},"modified":"2021-10-18T10:30:37","modified_gmt":"2021-10-18T08:30:37","slug":"locate-s-ps-7320","status":"publish","type":"product","link":"https:\/\/test.burgwaechterservice.de\/fr\/p\/appareils-de-mesure\/locate-s-ps-7320\/","title":{"rendered":"LOCATE S PS 7320"},"content":{"rendered":"<p><img decoding=\"async\" class=\"alignnone size-full wp-image-33803\" src=\"https:\/\/test.burgwaechterservice.de\/fr\/wp-content\/uploads\/sites\/4\/2016\/07\/Icons-LOCATE_S.jpg\" alt=\"Icons-LOCATE_S\" width=\"386\" height=\"81\" srcset=\"https:\/\/test.burgwaechterservice.de\/fr\/wp-content\/uploads\/sites\/4\/2016\/07\/Icons-LOCATE_S.jpg 386w, https:\/\/test.burgwaechterservice.de\/fr\/wp-content\/uploads\/sites\/4\/2016\/07\/Icons-LOCATE_S-300x63.jpg 300w\" sizes=\"(max-width: 386px) 100vw, 386px\" \/><\/p>\n<h2>D\u00e9tecteurs multifonctions LOCATE S PS 7320<\/h2>\n<p>Assure la s\u00e9curit\u00e9 pour percer, localise les canalisations m\u00e9talliques, les lignes \u00e9lectriques, contr\u00f4le les ampoules \u00e0 incandescences, les fusibles et les piles.<br \/>\nR\u00e9glage manuel de sensibilit\u00e9.<\/p>\n<ul>\n<li>D\u00e9tecteur de m\u00e9taux: pour objets m\u00e9talliques \u00e0 partir de 20 mm de diam\u00e8tre<\/li>\n<li>Profondeur de d\u00e9tection max: 30mm<\/li>\n<li>Courant alternatif: 70 \u2013 660 VAC<\/li>\n<li>Test de continuit\u00e9 \u00e9lectrique: 0 &#8211; 50 M\u03a9<\/li>\n<li>Test de polarit\u00e9 sous courant continu: 6\u00a0&#8211; 36 VDC<\/li>\n<li>Temp\u00e9rature d\u2018utilisation: \u00a0\u201310 \u00b0C \u00e0 40 \u00b0C<\/li>\n<li>Temp\u00e9rature de stockage: \u00a0\u201310 \u00b0C \u00e0 50 \u00b0C<\/li>\n<li>Alimentation \u00e9lectrique: Pile-bloc 9 V (p. ex. 6LR61)<\/li>\n<li>Dimensions: 170 x 34 x 29 mm<\/li>\n<\/ul>\n<p>&nbsp;<\/p>\n<table class=\"ausfuehrung\">\n<thead>\n<tr>\n<td>Article<\/td>\n<td>Info<\/td>\n<\/tr>\n<\/thead>\n<tbody>\n<tr>\n<td>LOCATE S PS 7320<\/td>\n<td>Piles et sac inclus<\/td>\n<\/tr>\n<\/tbody>\n<\/table>\n","protected":false},"excerpt":{"rendered":"<p>D\u00e9tecteurs multifonctions LOCATE S PS 7320 Assure la s\u00e9curit\u00e9 pour percer, localise les canalisations m\u00e9talliques, les lignes \u00e9lectriques, contr\u00f4le les ampoules \u00e0 incandescences, les fusibles et les piles. R\u00e9glage manuel de sensibilit\u00e9. D\u00e9tecteur de m\u00e9taux: pour objets m\u00e9talliques \u00e0 partir &hellip; <a class=\"kt-excerpt-readmore\" href=\"https:\/\/test.burgwaechterservice.de\/fr\/p\/appareils-de-mesure\/locate-s-ps-7320\/\" aria-label=\"LOCATE S PS 7320\">Lire la suite<\/a><\/p>\n","protected":false},"featured_media":562352,"comment_status":"closed","ping_status":"closed","template":"","meta":[],"product_cat":[585],"product_tag":[593],"yoast_head":"<!-- This site is optimized with the Yoast SEO Premium plugin v18.4 (Yoast SEO v19.13) - https:\/\/yoast.com\/wordpress\/plugins\/seo\/ -->\n<title>LOCATE S PS 7320 - Burg-W\u00e4chter<\/title>\n<meta name=\"description\" content=\"D\u00e9tecteurs multifonctions LOCATE S PS 7320 Assure la s\u00e9curit\u00e9 pour percer, localise les canalisations m\u00e9talliques, les lignes \u00e9lectriques, contr\u00f4le les\" \/>\n<meta name=\"robots\" content=\"index, follow, max-snippet:-1, max-image-preview:large, max-video-preview:-1\" \/>\n<link rel=\"canonical\" href=\"https:\/\/test.burgwaechterservice.de\/fr\/p\/appareils-de-mesure\/locate-s-ps-7320\/\" \/>\n<meta property=\"og:locale\" content=\"fr_FR\" \/>\n<meta property=\"og:type\" content=\"article\" \/>\n<meta property=\"og:title\" content=\"LOCATE S PS 7320\" \/>\n<meta property=\"og:description\" content=\"D\u00e9tecteurs multifonctions LOCATE S PS 7320 Assure la s\u00e9curit\u00e9 pour percer, localise les canalisations m\u00e9talliques, les lignes \u00e9lectriques, contr\u00f4le les\" \/>\n<meta property=\"og:url\" content=\"https:\/\/test.burgwaechterservice.de\/fr\/p\/appareils-de-mesure\/locate-s-ps-7320\/\" \/>\n<meta property=\"og:site_name\" content=\"Burg-W\u00e4chter France\" \/>\n<meta property=\"article:modified_time\" content=\"2021-10-18T08:30:37+00:00\" \/>\n<meta property=\"og:image\" content=\"https:\/\/test.burgwaechterservice.de\/fr\/wp-content\/uploads\/sites\/4\/2016\/07\/Detektor_LOCATE_S_PS_7320_732007-01-FR.jpg\" \/>\n\t<meta property=\"og:image:width\" content=\"800\" \/>\n\t<meta property=\"og:image:height\" content=\"800\" \/>\n\t<meta property=\"og:image:type\" content=\"image\/jpeg\" \/>\n<meta name=\"twitter:card\" content=\"summary_large_image\" \/>\n<meta name=\"twitter:label1\" content=\"Dur\u00e9e de lecture estim\u00e9e\" \/>\n\t<meta name=\"twitter:data1\" content=\"1 minute\" \/>\n<!-- \/ Yoast SEO Premium plugin. -->","yoast_head_json":{"title":"LOCATE S PS 7320 - Burg-W\u00e4chter","description":"D\u00e9tecteurs multifonctions LOCATE S PS 7320 Assure la s\u00e9curit\u00e9 pour percer, localise les canalisations m\u00e9talliques, les lignes \u00e9lectriques, contr\u00f4le les","robots":{"index":"index","follow":"follow","max-snippet":"max-snippet:-1","max-image-preview":"max-image-preview:large","max-video-preview":"max-video-preview:-1"},"canonical":"https:\/\/test.burgwaechterservice.de\/fr\/p\/appareils-de-mesure\/locate-s-ps-7320\/","og_locale":"fr_FR","og_type":"article","og_title":"LOCATE S PS 7320","og_description":"D\u00e9tecteurs multifonctions LOCATE S PS 7320 Assure la s\u00e9curit\u00e9 pour percer, localise les canalisations m\u00e9talliques, les lignes \u00e9lectriques, contr\u00f4le les","og_url":"https:\/\/test.burgwaechterservice.de\/fr\/p\/appareils-de-mesure\/locate-s-ps-7320\/","og_site_name":"Burg-W\u00e4chter France","article_modified_time":"2021-10-18T08:30:37+00:00","og_image":[{"width":800,"height":800,"url":"https:\/\/test.burgwaechterservice.de\/fr\/wp-content\/uploads\/sites\/4\/2016\/07\/Detektor_LOCATE_S_PS_7320_732007-01-FR.jpg","type":"image\/jpeg"}],"twitter_card":"summary_large_image","twitter_misc":{"Dur\u00e9e de lecture estim\u00e9e":"1 minute"},"schema":{"@context":"https:\/\/schema.org","@graph":[{"@type":"WebPage","@id":"https:\/\/test.burgwaechterservice.de\/fr\/p\/appareils-de-mesure\/locate-s-ps-7320\/","url":"https:\/\/test.burgwaechterservice.de\/fr\/p\/appareils-de-mesure\/locate-s-ps-7320\/","name":"LOCATE S PS 7320 - Burg-W\u00e4chter","isPartOf":{"@id":"https:\/\/test.burgwaechterservice.de\/fr\/#website"},"datePublished":"2016-07-18T13:24:14+00:00","dateModified":"2021-10-18T08:30:37+00:00","description":"D\u00e9tecteurs multifonctions LOCATE S PS 7320 Assure la s\u00e9curit\u00e9 pour percer, localise les canalisations m\u00e9talliques, les lignes \u00e9lectriques, contr\u00f4le les","breadcrumb":{"@id":"https:\/\/test.burgwaechterservice.de\/fr\/p\/appareils-de-mesure\/locate-s-ps-7320\/#breadcrumb"},"inLanguage":"fr-FR","potentialAction":[{"@type":"ReadAction","target":["https:\/\/test.burgwaechterservice.de\/fr\/p\/appareils-de-mesure\/locate-s-ps-7320\/"]}]},{"@type":"BreadcrumbList","@id":"https:\/\/test.burgwaechterservice.de\/fr\/p\/appareils-de-mesure\/locate-s-ps-7320\/#breadcrumb","itemListElement":[{"@type":"ListItem","position":1,"name":"Accueil","item":"https:\/\/test.burgwaechterservice.de\/fr\/"},{"@type":"ListItem","position":2,"name":"Produits","item":"https:\/\/test.burgwaechterservice.de\/fr\/p\/"},{"@type":"ListItem","position":3,"name":"LOCATE S PS 7320"}]},{"@type":"WebSite","@id":"https:\/\/test.burgwaechterservice.de\/fr\/#website","url":"https:\/\/test.burgwaechterservice.de\/fr\/","name":"Burg-W\u00e4chter France","description":"Le choix le plus s\u00fbr!","potentialAction":[{"@type":"SearchAction","target":{"@type":"EntryPoint","urlTemplate":"https:\/\/test.burgwaechterservice.de\/fr\/?s={search_term_string}"},"query-input":"required name=search_term_string"}],"inLanguage":"fr-FR"}]}},"_links":{"self":[{"href":"https:\/\/test.burgwaechterservice.de\/fr\/wp-json\/wp\/v2\/product\/31964"}],"collection":[{"href":"https:\/\/test.burgwaechterservice.de\/fr\/wp-json\/wp\/v2\/product"}],"about":[{"href":"https:\/\/test.burgwaechterservice.de\/fr\/wp-json\/wp\/v2\/types\/product"}],"replies":[{"embeddable":true,"href":"https:\/\/test.burgwaechterservice.de\/fr\/wp-json\/wp\/v2\/comments?post=31964"}],"wp:featuredmedia":[{"embeddable":true,"href":"https:\/\/test.burgwaechterservice.de\/fr\/wp-json\/wp\/v2\/media\/562352"}],"wp:attachment":[{"href":"https:\/\/test.burgwaechterservice.de\/fr\/wp-json\/wp\/v2\/media?parent=31964"}],"wp:term":[{"taxonomy":"product_cat","embeddable":true,"href":"https:\/\/test.burgwaechterservice.de\/fr\/wp-json\/wp\/v2\/product_cat?post=31964"},{"taxonomy":"product_tag","embeddable":true,"href":"https:\/\/test.burgwaechterservice.de\/fr\/wp-json\/wp\/v2\/product_tag?post=31964"}],"curies":[{"name":"wp","href":"https:\/\/api.w.org\/{rel}","templated":true}]}}