{"id":31962,"date":"2016-07-18T14:43:54","date_gmt":"2016-07-18T12:43:54","guid":{"rendered":"https:\/\/www.burg.biz\/?post_type=product&#038;p=31962"},"modified":"2021-10-18T10:31:55","modified_gmt":"2021-10-18T08:31:55","slug":"locate-m-ps-7300","status":"publish","type":"product","link":"https:\/\/test.burgwaechterservice.de\/fr\/p\/appareils-de-mesure\/locate-m-ps-7300\/","title":{"rendered":"LOCATE M PS 7300"},"content":{"rendered":"<p><img decoding=\"async\" class=\"alignnone size-full wp-image-33801\" src=\"https:\/\/test.burgwaechterservice.de\/fr\/wp-content\/uploads\/sites\/4\/2016\/07\/Icons-LOCATE.jpg\" alt=\"Icons-LOCATE\" width=\"387\" height=\"82\" srcset=\"https:\/\/test.burgwaechterservice.de\/fr\/wp-content\/uploads\/sites\/4\/2016\/07\/Icons-LOCATE.jpg 387w, https:\/\/test.burgwaechterservice.de\/fr\/wp-content\/uploads\/sites\/4\/2016\/07\/Icons-LOCATE-300x64.jpg 300w\" sizes=\"(max-width: 387px) 100vw, 387px\" \/><\/p>\n<h2>D\u00e9tecteurs multifonctions LOCATE M PS 7300<\/h2>\n<p>Localise les canalisations m\u00e9talliques, les c\u00e2bles \u00e9lectriques, les ossatures en bois (poutres\/cavit\u00e9s) avec af\ufb01 chage visuel et signal sonore.Etalonnage automatique.<\/p>\n<ul>\n<li>Profondeurs de mesure typiques:\n<ul>\n<li>Poutres en bois de 30 x 30 mm &lt;= 30mm<\/li>\n<li>tube m\u00e9tallique \u00f8 20 mm: &lt;= 50 mm<\/li>\n<li>Tension de 220\u00a0&#8211; 260 V<\/li>\n<li>\u00e0 50 \u2013 60 Hz: &lt;= 50mm<\/li>\n<\/ul>\n<\/li>\n<li>Temp\u00e9rature d\u2018utilisation: \u00a0-7\u00b0C \u00e0 40\u00b0C, \u00e0 &lt; 75 % RH<\/li>\n<li>Temp\u00e9rature de stockage: \u00a0-20\u00b0C \u00e0 50\u00b0C, \u00e0 &lt; 85 % RH<\/li>\n<li>Alimentation \u00e9lectrique: Pile-bloc 9 V (p. ex. 6LR61)<\/li>\n<li>Dimensions: 175 x 80 x 60 mm<\/li>\n<\/ul>\n<table class=\"ausfuehrung\">\n<thead>\n<tr>\n<td>Article<\/td>\n<td>Info<\/td>\n<\/tr>\n<\/thead>\n<tbody>\n<tr>\n<td>LOCATE M PS 7300<\/td>\n<td>Piles et sac inclus<\/td>\n<\/tr>\n<\/tbody>\n<\/table>\n","protected":false},"excerpt":{"rendered":"<p>D\u00e9tecteurs multifonctions LOCATE M PS 7300 Localise les canalisations m\u00e9talliques, les c\u00e2bles \u00e9lectriques, les ossatures en bois (poutres\/cavit\u00e9s) avec af\ufb01 chage visuel et signal sonore.Etalonnage automatique. Profondeurs de mesure typiques: Poutres en bois de 30 x 30 mm &lt;= 30mm &hellip; <a class=\"kt-excerpt-readmore\" href=\"https:\/\/test.burgwaechterservice.de\/fr\/p\/appareils-de-mesure\/locate-m-ps-7300\/\" aria-label=\"LOCATE M PS 7300\">Lire la suite<\/a><\/p>\n","protected":false},"featured_media":562353,"comment_status":"closed","ping_status":"closed","template":"","meta":[],"product_cat":[585],"product_tag":[593],"yoast_head":"<!-- This site is optimized with the Yoast SEO Premium plugin v18.4 (Yoast SEO v19.13) - https:\/\/yoast.com\/wordpress\/plugins\/seo\/ -->\n<title>LOCATE M PS 7300 - Burg-W\u00e4chter<\/title>\n<meta name=\"description\" content=\"D\u00e9tecteurs multifonctions LOCATE M PS 7300 Localise les canalisations m\u00e9talliques, les c\u00e2bles \u00e9lectriques, les ossatures en bois (poutres\/cavit\u00e9s) avec\" \/>\n<meta name=\"robots\" content=\"index, follow, max-snippet:-1, max-image-preview:large, max-video-preview:-1\" \/>\n<link rel=\"canonical\" href=\"https:\/\/test.burgwaechterservice.de\/fr\/p\/appareils-de-mesure\/locate-m-ps-7300\/\" \/>\n<meta property=\"og:locale\" content=\"fr_FR\" \/>\n<meta property=\"og:type\" content=\"article\" \/>\n<meta property=\"og:title\" content=\"LOCATE M PS 7300\" \/>\n<meta property=\"og:description\" content=\"D\u00e9tecteurs multifonctions LOCATE M PS 7300 Localise les canalisations m\u00e9talliques, les c\u00e2bles \u00e9lectriques, les ossatures en bois (poutres\/cavit\u00e9s) avec\" \/>\n<meta property=\"og:url\" content=\"https:\/\/test.burgwaechterservice.de\/fr\/p\/appareils-de-mesure\/locate-m-ps-7300\/\" \/>\n<meta property=\"og:site_name\" content=\"Burg-W\u00e4chter France\" \/>\n<meta property=\"article:modified_time\" content=\"2021-10-18T08:31:55+00:00\" \/>\n<meta property=\"og:image\" content=\"https:\/\/test.burgwaechterservice.de\/fr\/wp-content\/uploads\/sites\/4\/2016\/07\/Auslaufmodell_7200_FR.jpg\" \/>\n\t<meta property=\"og:image:width\" content=\"800\" \/>\n\t<meta property=\"og:image:height\" content=\"800\" \/>\n\t<meta property=\"og:image:type\" content=\"image\/jpeg\" \/>\n<meta name=\"twitter:card\" content=\"summary_large_image\" \/>\n<!-- \/ Yoast SEO Premium plugin. -->","yoast_head_json":{"title":"LOCATE M PS 7300 - Burg-W\u00e4chter","description":"D\u00e9tecteurs multifonctions LOCATE M PS 7300 Localise les canalisations m\u00e9talliques, les c\u00e2bles \u00e9lectriques, les ossatures en bois (poutres\/cavit\u00e9s) avec","robots":{"index":"index","follow":"follow","max-snippet":"max-snippet:-1","max-image-preview":"max-image-preview:large","max-video-preview":"max-video-preview:-1"},"canonical":"https:\/\/test.burgwaechterservice.de\/fr\/p\/appareils-de-mesure\/locate-m-ps-7300\/","og_locale":"fr_FR","og_type":"article","og_title":"LOCATE M PS 7300","og_description":"D\u00e9tecteurs multifonctions LOCATE M PS 7300 Localise les canalisations m\u00e9talliques, les c\u00e2bles \u00e9lectriques, les ossatures en bois (poutres\/cavit\u00e9s) avec","og_url":"https:\/\/test.burgwaechterservice.de\/fr\/p\/appareils-de-mesure\/locate-m-ps-7300\/","og_site_name":"Burg-W\u00e4chter France","article_modified_time":"2021-10-18T08:31:55+00:00","og_image":[{"width":800,"height":800,"url":"https:\/\/test.burgwaechterservice.de\/fr\/wp-content\/uploads\/sites\/4\/2016\/07\/Auslaufmodell_7200_FR.jpg","type":"image\/jpeg"}],"twitter_card":"summary_large_image","schema":{"@context":"https:\/\/schema.org","@graph":[{"@type":"WebPage","@id":"https:\/\/test.burgwaechterservice.de\/fr\/p\/appareils-de-mesure\/locate-m-ps-7300\/","url":"https:\/\/test.burgwaechterservice.de\/fr\/p\/appareils-de-mesure\/locate-m-ps-7300\/","name":"LOCATE M PS 7300 - Burg-W\u00e4chter","isPartOf":{"@id":"https:\/\/test.burgwaechterservice.de\/fr\/#website"},"datePublished":"2016-07-18T12:43:54+00:00","dateModified":"2021-10-18T08:31:55+00:00","description":"D\u00e9tecteurs multifonctions LOCATE M PS 7300 Localise les canalisations m\u00e9talliques, les c\u00e2bles \u00e9lectriques, les ossatures en bois (poutres\/cavit\u00e9s) avec","breadcrumb":{"@id":"https:\/\/test.burgwaechterservice.de\/fr\/p\/appareils-de-mesure\/locate-m-ps-7300\/#breadcrumb"},"inLanguage":"fr-FR","potentialAction":[{"@type":"ReadAction","target":["https:\/\/test.burgwaechterservice.de\/fr\/p\/appareils-de-mesure\/locate-m-ps-7300\/"]}]},{"@type":"BreadcrumbList","@id":"https:\/\/test.burgwaechterservice.de\/fr\/p\/appareils-de-mesure\/locate-m-ps-7300\/#breadcrumb","itemListElement":[{"@type":"ListItem","position":1,"name":"Accueil","item":"https:\/\/test.burgwaechterservice.de\/fr\/"},{"@type":"ListItem","position":2,"name":"Produits","item":"https:\/\/test.burgwaechterservice.de\/fr\/p\/"},{"@type":"ListItem","position":3,"name":"LOCATE M PS 7300"}]},{"@type":"WebSite","@id":"https:\/\/test.burgwaechterservice.de\/fr\/#website","url":"https:\/\/test.burgwaechterservice.de\/fr\/","name":"Burg-W\u00e4chter France","description":"Le choix le plus s\u00fbr!","potentialAction":[{"@type":"SearchAction","target":{"@type":"EntryPoint","urlTemplate":"https:\/\/test.burgwaechterservice.de\/fr\/?s={search_term_string}"},"query-input":"required name=search_term_string"}],"inLanguage":"fr-FR"}]}},"_links":{"self":[{"href":"https:\/\/test.burgwaechterservice.de\/fr\/wp-json\/wp\/v2\/product\/31962"}],"collection":[{"href":"https:\/\/test.burgwaechterservice.de\/fr\/wp-json\/wp\/v2\/product"}],"about":[{"href":"https:\/\/test.burgwaechterservice.de\/fr\/wp-json\/wp\/v2\/types\/product"}],"replies":[{"embeddable":true,"href":"https:\/\/test.burgwaechterservice.de\/fr\/wp-json\/wp\/v2\/comments?post=31962"}],"wp:featuredmedia":[{"embeddable":true,"href":"https:\/\/test.burgwaechterservice.de\/fr\/wp-json\/wp\/v2\/media\/562353"}],"wp:attachment":[{"href":"https:\/\/test.burgwaechterservice.de\/fr\/wp-json\/wp\/v2\/media?parent=31962"}],"wp:term":[{"taxonomy":"product_cat","embeddable":true,"href":"https:\/\/test.burgwaechterservice.de\/fr\/wp-json\/wp\/v2\/product_cat?post=31962"},{"taxonomy":"product_tag","embeddable":true,"href":"https:\/\/test.burgwaechterservice.de\/fr\/wp-json\/wp\/v2\/product_tag?post=31962"}],"curies":[{"name":"wp","href":"https:\/\/api.w.org\/{rel}","templated":true}]}}