{"id":31960,"date":"2016-07-18T14:37:26","date_gmt":"2016-07-18T12:37:26","guid":{"rendered":"https:\/\/www.burg.biz\/?post_type=product&#038;p=31960"},"modified":"2019-08-20T10:53:07","modified_gmt":"2019-08-20T08:53:07","slug":"quadro-ps-7350","status":"publish","type":"product","link":"https:\/\/test.burgwaechterservice.de\/fr\/p\/appareils-de-mesure\/quadro-ps-7350\/","title":{"rendered":"QUADRO PS 7350"},"content":{"rendered":"<p><img decoding=\"async\" class=\"alignnone size-full wp-image-33800\" src=\"https:\/\/test.burgwaechterservice.de\/wp-content\/uploads\/2016\/07\/Icons-QUADRO-pikto.jpg\" alt=\"Icons-QUADRO-pikto\" width=\"486\" height=\"81\" \/><\/p>\n<h2>T\u00e9l\u00e9m\u00e8tre QUADRO PS 7350<\/h2>\n<p>Mesure les distances \u00e0 l\u2018aide d\u2018ultrasons et d\u2018un relev\u00e9 laser dans deux directions simultan\u00e9ment.<br \/>\nAvec fonction de calcul des surfaces et des volumes.<\/p>\n<ul>\n<li>Plage de mesure effective: Mesure unilat\u00e9rale: 0,5 \u2013 16 m; Mesure bilat\u00e9rale: 1 \u2013 32 m<\/li>\n<li>Distance de mesure max.: \u00a040 m (dans la proc\u00e9dure d\u2018essai Standard)<\/li>\n<li>R\u00e9glage Standard: Coin gauche, point m\u00e9dian, coin droit<\/li>\n<li>Resolution: 0,01 m<\/li>\n<li>Alimentation \u00e9lectrique: Pile-bloc 9 V (p.ex. 6LR61)<\/li>\n<li>Pr\u00e9cision: +\/- 1 % +\/- 1-chiffre<\/li>\n<li>Extinction automatique: \u00a0L\u2018appareil s\u2018\u00e9teint automatiquement s\u2018il n\u2018est pas utilis\u00e9 pendant plus de 60 secondes<\/li>\n<li>Longueur d\u2018onde du laser : 630 &#8211; 660nm<\/li>\n<li>Temp\u00e9rature de Service : \u00a00 \u00b0C \u00e0 40 \u00b0C (32 \u00b0F \u00e0 104 \u00b0F)<\/li>\n<li>Dimensions : 170 x 85 x 40 mm<\/li>\n<\/ul>\n<p>&nbsp;<\/p>\n<table class=\"ausfuehrung\">\n<thead>\n<tr>\n<td>Article<\/td>\n<td>Info<\/td>\n<\/tr>\n<\/thead>\n<tbody>\n<tr>\n<td>QUADRO PS 7350<\/td>\n<td>Piles et sac inclus<\/td>\n<\/tr>\n<\/tbody>\n<\/table>\n","protected":false},"excerpt":{"rendered":"<p>T\u00e9l\u00e9m\u00e8tre QUADRO PS 7350 Mesure les distances \u00e0 l\u2018aide d\u2018ultrasons et d\u2018un relev\u00e9 laser dans deux directions simultan\u00e9ment. Avec fonction de calcul des surfaces et des volumes. Plage de mesure effective: Mesure unilat\u00e9rale: 0,5 \u2013 16 m; Mesure bilat\u00e9rale: 1 &hellip; <a class=\"kt-excerpt-readmore\" href=\"https:\/\/test.burgwaechterservice.de\/fr\/p\/appareils-de-mesure\/quadro-ps-7350\/\" aria-label=\"QUADRO PS 7350\">Lire la suite<\/a><\/p>\n","protected":false},"featured_media":286125,"comment_status":"closed","ping_status":"closed","template":"","meta":[],"product_cat":[585],"product_tag":[592],"yoast_head":"<!-- This site is optimized with the Yoast SEO Premium plugin v18.4 (Yoast SEO v19.13) - https:\/\/yoast.com\/wordpress\/plugins\/seo\/ -->\n<title>QUADRO PS 7350 - Burg-W\u00e4chter<\/title>\n<meta name=\"description\" content=\"T\u00e9l\u00e9m\u00e8tre QUADRO PS 7350 Mesure les distances \u00e0 l\u2018aide d\u2018ultrasons et d\u2018un relev\u00e9 laser dans deux directions simultan\u00e9ment. Avec fonction de calcul des\" \/>\n<meta name=\"robots\" content=\"index, follow, max-snippet:-1, max-image-preview:large, max-video-preview:-1\" \/>\n<link rel=\"canonical\" href=\"https:\/\/test.burgwaechterservice.de\/fr\/p\/appareils-de-mesure\/quadro-ps-7350\/\" \/>\n<meta property=\"og:locale\" content=\"fr_FR\" \/>\n<meta property=\"og:type\" content=\"article\" \/>\n<meta property=\"og:title\" content=\"QUADRO PS 7350\" \/>\n<meta property=\"og:description\" content=\"T\u00e9l\u00e9m\u00e8tre QUADRO PS 7350 Mesure les distances \u00e0 l\u2018aide d\u2018ultrasons et d\u2018un relev\u00e9 laser dans deux directions simultan\u00e9ment. Avec fonction de calcul des\" \/>\n<meta property=\"og:url\" content=\"https:\/\/test.burgwaechterservice.de\/fr\/p\/appareils-de-mesure\/quadro-ps-7350\/\" \/>\n<meta property=\"og:site_name\" content=\"Burg-W\u00e4chter France\" \/>\n<meta property=\"article:modified_time\" content=\"2019-08-20T08:53:07+00:00\" \/>\n<meta property=\"og:image\" content=\"https:\/\/test.burgwaechterservice.de\/fr\/wp-content\/uploads\/sites\/4\/2016\/07\/Distance-meter-QUADRO-PS_7350.jpg\" \/>\n\t<meta property=\"og:image:width\" content=\"800\" \/>\n\t<meta property=\"og:image:height\" content=\"800\" \/>\n\t<meta property=\"og:image:type\" content=\"image\/jpeg\" \/>\n<meta name=\"twitter:card\" content=\"summary_large_image\" \/>\n<meta name=\"twitter:label1\" content=\"Dur\u00e9e de lecture estim\u00e9e\" \/>\n\t<meta name=\"twitter:data1\" content=\"1 minute\" \/>\n<!-- \/ Yoast SEO Premium plugin. -->","yoast_head_json":{"title":"QUADRO PS 7350 - Burg-W\u00e4chter","description":"T\u00e9l\u00e9m\u00e8tre QUADRO PS 7350 Mesure les distances \u00e0 l\u2018aide d\u2018ultrasons et d\u2018un relev\u00e9 laser dans deux directions simultan\u00e9ment. Avec fonction de calcul des","robots":{"index":"index","follow":"follow","max-snippet":"max-snippet:-1","max-image-preview":"max-image-preview:large","max-video-preview":"max-video-preview:-1"},"canonical":"https:\/\/test.burgwaechterservice.de\/fr\/p\/appareils-de-mesure\/quadro-ps-7350\/","og_locale":"fr_FR","og_type":"article","og_title":"QUADRO PS 7350","og_description":"T\u00e9l\u00e9m\u00e8tre QUADRO PS 7350 Mesure les distances \u00e0 l\u2018aide d\u2018ultrasons et d\u2018un relev\u00e9 laser dans deux directions simultan\u00e9ment. Avec fonction de calcul des","og_url":"https:\/\/test.burgwaechterservice.de\/fr\/p\/appareils-de-mesure\/quadro-ps-7350\/","og_site_name":"Burg-W\u00e4chter France","article_modified_time":"2019-08-20T08:53:07+00:00","og_image":[{"width":800,"height":800,"url":"https:\/\/test.burgwaechterservice.de\/fr\/wp-content\/uploads\/sites\/4\/2016\/07\/Distance-meter-QUADRO-PS_7350.jpg","type":"image\/jpeg"}],"twitter_card":"summary_large_image","twitter_misc":{"Dur\u00e9e de lecture estim\u00e9e":"1 minute"},"schema":{"@context":"https:\/\/schema.org","@graph":[{"@type":"WebPage","@id":"https:\/\/test.burgwaechterservice.de\/fr\/p\/appareils-de-mesure\/quadro-ps-7350\/","url":"https:\/\/test.burgwaechterservice.de\/fr\/p\/appareils-de-mesure\/quadro-ps-7350\/","name":"QUADRO PS 7350 - Burg-W\u00e4chter","isPartOf":{"@id":"https:\/\/test.burgwaechterservice.de\/fr\/#website"},"datePublished":"2016-07-18T12:37:26+00:00","dateModified":"2019-08-20T08:53:07+00:00","description":"T\u00e9l\u00e9m\u00e8tre QUADRO PS 7350 Mesure les distances \u00e0 l\u2018aide d\u2018ultrasons et d\u2018un relev\u00e9 laser dans deux directions simultan\u00e9ment. Avec fonction de calcul des","breadcrumb":{"@id":"https:\/\/test.burgwaechterservice.de\/fr\/p\/appareils-de-mesure\/quadro-ps-7350\/#breadcrumb"},"inLanguage":"fr-FR","potentialAction":[{"@type":"ReadAction","target":["https:\/\/test.burgwaechterservice.de\/fr\/p\/appareils-de-mesure\/quadro-ps-7350\/"]}]},{"@type":"BreadcrumbList","@id":"https:\/\/test.burgwaechterservice.de\/fr\/p\/appareils-de-mesure\/quadro-ps-7350\/#breadcrumb","itemListElement":[{"@type":"ListItem","position":1,"name":"Accueil","item":"https:\/\/test.burgwaechterservice.de\/fr\/"},{"@type":"ListItem","position":2,"name":"Produits","item":"https:\/\/test.burgwaechterservice.de\/fr\/p\/"},{"@type":"ListItem","position":3,"name":"QUADRO PS 7350"}]},{"@type":"WebSite","@id":"https:\/\/test.burgwaechterservice.de\/fr\/#website","url":"https:\/\/test.burgwaechterservice.de\/fr\/","name":"Burg-W\u00e4chter France","description":"Le choix le plus s\u00fbr!","potentialAction":[{"@type":"SearchAction","target":{"@type":"EntryPoint","urlTemplate":"https:\/\/test.burgwaechterservice.de\/fr\/?s={search_term_string}"},"query-input":"required name=search_term_string"}],"inLanguage":"fr-FR"}]}},"_links":{"self":[{"href":"https:\/\/test.burgwaechterservice.de\/fr\/wp-json\/wp\/v2\/product\/31960"}],"collection":[{"href":"https:\/\/test.burgwaechterservice.de\/fr\/wp-json\/wp\/v2\/product"}],"about":[{"href":"https:\/\/test.burgwaechterservice.de\/fr\/wp-json\/wp\/v2\/types\/product"}],"replies":[{"embeddable":true,"href":"https:\/\/test.burgwaechterservice.de\/fr\/wp-json\/wp\/v2\/comments?post=31960"}],"wp:featuredmedia":[{"embeddable":true,"href":"https:\/\/test.burgwaechterservice.de\/fr\/wp-json\/wp\/v2\/media\/286125"}],"wp:attachment":[{"href":"https:\/\/test.burgwaechterservice.de\/fr\/wp-json\/wp\/v2\/media?parent=31960"}],"wp:term":[{"taxonomy":"product_cat","embeddable":true,"href":"https:\/\/test.burgwaechterservice.de\/fr\/wp-json\/wp\/v2\/product_cat?post=31960"},{"taxonomy":"product_tag","embeddable":true,"href":"https:\/\/test.burgwaechterservice.de\/fr\/wp-json\/wp\/v2\/product_tag?post=31960"}],"curies":[{"name":"wp","href":"https:\/\/api.w.org\/{rel}","templated":true}]}}