{"id":31958,"date":"2016-07-18T14:33:32","date_gmt":"2016-07-18T12:33:32","guid":{"rendered":"https:\/\/www.burg.biz\/?post_type=product&#038;p=31958"},"modified":"2019-08-20T10:45:02","modified_gmt":"2019-08-20T08:45:02","slug":"laser-meter-50-ps-7550","status":"publish","type":"product","link":"https:\/\/test.burgwaechterservice.de\/fr\/p\/appareils-de-mesure\/laser-meter-50-ps-7550\/","title":{"rendered":"Laser Meter 50 PS 7550"},"content":{"rendered":"<p><img decoding=\"async\" class=\"alignnone size-full wp-image-33798\" src=\"https:\/\/test.burgwaechterservice.de\/wp-content\/uploads\/2016\/07\/Icons-LASER-METER50-pikto.jpg\" alt=\"Icons-LASER-METER50-pikto\" width=\"488\" height=\"81\" srcset=\"https:\/\/test.burgwaechterservice.de\/fr\/wp-content\/uploads\/sites\/4\/2016\/07\/Icons-LASER-METER50-pikto.jpg 488w, https:\/\/test.burgwaechterservice.de\/fr\/wp-content\/uploads\/sites\/4\/2016\/07\/Icons-LASER-METER50-pikto-300x50.jpg 300w\" sizes=\"(max-width: 488px) 100vw, 488px\" \/><\/p>\n<h2>T\u00e9l\u00e9m\u00e8tre laser Laser Meter 50 PS 7550<\/h2>\n<p>Mesure pr\u00e9cise des distances jusqu\u00b4\u00e0 50 m par laser, pour des distances qui ne sont pas directement accessibles.<br \/>\nPour le calcul de distances, surfaces et volumes.Bonne manipulation gr\u00e2ce aux bonnes dimensions des boutons et de\u00a0 l\u00b4\u00e9cran bien lisible, but\u00e9e de profondeur pour mesure d\u00e9plac\u00e9e.<br \/>\nLe t\u00e9l\u00e9m\u00e8tre id\u00e9al pour les d\u00e9corateurs, entrepreneurs de b\u00e2timent, les ouvriers, les agents immobiliers etc.<\/p>\n<ul>\n<li>Plage de mesure effective: 0,05 m \u00e0 50 m \/ 0,16 \u00e0 164 ft.<\/li>\n<li>Pr\u00e9cision: +\/- 0,002 m*<\/li>\n<li>Resolution: 0,001 m<\/li>\n<li>Unit\u00e9 de mesure: m, in, ft<\/li>\n<li>Type laser: \u03bb=635 mn, Pmax &lt; 1mW<\/li>\n<li>Classe du laser: Classe II<\/li>\n<li>Classe de protection: IP 54<\/li>\n<li>Alimentation \u00e9lectrique: 2 x AA piles Mignon LR6<\/li>\n<li>Arr\u00eat automatique: \u00a0Le laser se d\u00e9branche automatiquement s\u2018il n\u2018est pas utilis\u00e9 pendant plus de 30 secondes<\/li>\n<li>Temp\u00e9rature de Service: 0\u00b0C \u00e0 40\u00b0C<\/li>\n<li>Temp\u00e9rature de stockage: -10\u00b0C \u00e0 60\u00b0C<\/li>\n<li>Dimensions: 115 mm x 60 mm x 29 mm<\/li>\n<li>Poids : ca. 150g (sans piles)<\/li>\n<\/ul>\n<p>*L\u2018allonge et la pr\u00e9cision dependent des conditions de l\u2018environnement. En cas de conditions d\u00e9favorables p.ex. exposition au plein soleil et\/ ou des surfaces \u00e0 m\u00e9surer avec une mauvaise<br \/>\nr\u00e9\ufb02 exion, les valeurs m\u00e9sur\u00e9es peuvent varier de ceux qui sont indiqu\u00e9s dans le Tableau.<\/p>\n<p>&nbsp;<\/p>\n<table class=\"ausfuehrung\">\n<thead>\n<tr>\n<td>Article<\/td>\n<td>Info<\/td>\n<\/tr>\n<\/thead>\n<tbody>\n<tr>\n<td>LASER METER 50 PS 7550<\/td>\n<td>Piles et sac inclus<\/td>\n<\/tr>\n<\/tbody>\n<\/table>\n","protected":false},"excerpt":{"rendered":"<p>T\u00e9l\u00e9m\u00e8tre laser Laser Meter 50 PS 7550 Mesure pr\u00e9cise des distances jusqu\u00b4\u00e0 50 m par laser, pour des distances qui ne sont pas directement accessibles. Pour le calcul de distances, surfaces et volumes.Bonne manipulation gr\u00e2ce aux bonnes dimensions des boutons &hellip; <a class=\"kt-excerpt-readmore\" href=\"https:\/\/test.burgwaechterservice.de\/fr\/p\/appareils-de-mesure\/laser-meter-50-ps-7550\/\" aria-label=\"Laser Meter 50 PS 7550\">Lire la suite<\/a><\/p>\n","protected":false},"featured_media":286124,"comment_status":"closed","ping_status":"closed","template":"","meta":[],"product_cat":[585],"product_tag":[592],"yoast_head":"<!-- This site is optimized with the Yoast SEO Premium plugin v18.4 (Yoast SEO v19.13) - https:\/\/yoast.com\/wordpress\/plugins\/seo\/ -->\n<title>Laser Meter 50 PS 7550 - Burg-W\u00e4chter<\/title>\n<meta name=\"description\" content=\"T\u00e9l\u00e9m\u00e8tre laser Laser Meter 50 PS 7550 Mesure pr\u00e9cise des distances jusqu\u00b4\u00e0 50 m par laser, pour des distances qui ne sont pas directement accessibles.\" \/>\n<meta name=\"robots\" content=\"index, follow, max-snippet:-1, max-image-preview:large, max-video-preview:-1\" \/>\n<link rel=\"canonical\" href=\"https:\/\/test.burgwaechterservice.de\/fr\/p\/appareils-de-mesure\/laser-meter-50-ps-7550\/\" \/>\n<meta property=\"og:locale\" content=\"fr_FR\" \/>\n<meta property=\"og:type\" content=\"article\" \/>\n<meta property=\"og:title\" content=\"Laser Meter 50 PS 7550\" \/>\n<meta property=\"og:description\" content=\"T\u00e9l\u00e9m\u00e8tre laser Laser Meter 50 PS 7550 Mesure pr\u00e9cise des distances jusqu\u00b4\u00e0 50 m par laser, pour des distances qui ne sont pas directement accessibles.\" \/>\n<meta property=\"og:url\" content=\"https:\/\/test.burgwaechterservice.de\/fr\/p\/appareils-de-mesure\/laser-meter-50-ps-7550\/\" \/>\n<meta property=\"og:site_name\" content=\"Burg-W\u00e4chter France\" \/>\n<meta property=\"article:modified_time\" content=\"2019-08-20T08:45:02+00:00\" \/>\n<meta property=\"og:image\" content=\"https:\/\/test.burgwaechterservice.de\/fr\/wp-content\/uploads\/sites\/4\/2016\/07\/Laser-Meter-50-PS-7550.jpg\" \/>\n\t<meta property=\"og:image:width\" content=\"800\" \/>\n\t<meta property=\"og:image:height\" content=\"800\" \/>\n\t<meta property=\"og:image:type\" content=\"image\/jpeg\" \/>\n<meta name=\"twitter:card\" content=\"summary_large_image\" \/>\n<meta name=\"twitter:label1\" content=\"Dur\u00e9e de lecture estim\u00e9e\" \/>\n\t<meta name=\"twitter:data1\" content=\"1 minute\" \/>\n<!-- \/ Yoast SEO Premium plugin. -->","yoast_head_json":{"title":"Laser Meter 50 PS 7550 - Burg-W\u00e4chter","description":"T\u00e9l\u00e9m\u00e8tre laser Laser Meter 50 PS 7550 Mesure pr\u00e9cise des distances jusqu\u00b4\u00e0 50 m par laser, pour des distances qui ne sont pas directement accessibles.","robots":{"index":"index","follow":"follow","max-snippet":"max-snippet:-1","max-image-preview":"max-image-preview:large","max-video-preview":"max-video-preview:-1"},"canonical":"https:\/\/test.burgwaechterservice.de\/fr\/p\/appareils-de-mesure\/laser-meter-50-ps-7550\/","og_locale":"fr_FR","og_type":"article","og_title":"Laser Meter 50 PS 7550","og_description":"T\u00e9l\u00e9m\u00e8tre laser Laser Meter 50 PS 7550 Mesure pr\u00e9cise des distances jusqu\u00b4\u00e0 50 m par laser, pour des distances qui ne sont pas directement accessibles.","og_url":"https:\/\/test.burgwaechterservice.de\/fr\/p\/appareils-de-mesure\/laser-meter-50-ps-7550\/","og_site_name":"Burg-W\u00e4chter France","article_modified_time":"2019-08-20T08:45:02+00:00","og_image":[{"width":800,"height":800,"url":"https:\/\/test.burgwaechterservice.de\/fr\/wp-content\/uploads\/sites\/4\/2016\/07\/Laser-Meter-50-PS-7550.jpg","type":"image\/jpeg"}],"twitter_card":"summary_large_image","twitter_misc":{"Dur\u00e9e de lecture estim\u00e9e":"1 minute"},"schema":{"@context":"https:\/\/schema.org","@graph":[{"@type":"WebPage","@id":"https:\/\/test.burgwaechterservice.de\/fr\/p\/appareils-de-mesure\/laser-meter-50-ps-7550\/","url":"https:\/\/test.burgwaechterservice.de\/fr\/p\/appareils-de-mesure\/laser-meter-50-ps-7550\/","name":"Laser Meter 50 PS 7550 - Burg-W\u00e4chter","isPartOf":{"@id":"https:\/\/test.burgwaechterservice.de\/fr\/#website"},"datePublished":"2016-07-18T12:33:32+00:00","dateModified":"2019-08-20T08:45:02+00:00","description":"T\u00e9l\u00e9m\u00e8tre laser Laser Meter 50 PS 7550 Mesure pr\u00e9cise des distances jusqu\u00b4\u00e0 50 m par laser, pour des distances qui ne sont pas directement accessibles.","breadcrumb":{"@id":"https:\/\/test.burgwaechterservice.de\/fr\/p\/appareils-de-mesure\/laser-meter-50-ps-7550\/#breadcrumb"},"inLanguage":"fr-FR","potentialAction":[{"@type":"ReadAction","target":["https:\/\/test.burgwaechterservice.de\/fr\/p\/appareils-de-mesure\/laser-meter-50-ps-7550\/"]}]},{"@type":"BreadcrumbList","@id":"https:\/\/test.burgwaechterservice.de\/fr\/p\/appareils-de-mesure\/laser-meter-50-ps-7550\/#breadcrumb","itemListElement":[{"@type":"ListItem","position":1,"name":"Accueil","item":"https:\/\/test.burgwaechterservice.de\/fr\/"},{"@type":"ListItem","position":2,"name":"Produits","item":"https:\/\/test.burgwaechterservice.de\/fr\/p\/"},{"@type":"ListItem","position":3,"name":"Laser Meter 50 PS 7550"}]},{"@type":"WebSite","@id":"https:\/\/test.burgwaechterservice.de\/fr\/#website","url":"https:\/\/test.burgwaechterservice.de\/fr\/","name":"Burg-W\u00e4chter France","description":"Le choix le plus s\u00fbr!","potentialAction":[{"@type":"SearchAction","target":{"@type":"EntryPoint","urlTemplate":"https:\/\/test.burgwaechterservice.de\/fr\/?s={search_term_string}"},"query-input":"required name=search_term_string"}],"inLanguage":"fr-FR"}]}},"_links":{"self":[{"href":"https:\/\/test.burgwaechterservice.de\/fr\/wp-json\/wp\/v2\/product\/31958"}],"collection":[{"href":"https:\/\/test.burgwaechterservice.de\/fr\/wp-json\/wp\/v2\/product"}],"about":[{"href":"https:\/\/test.burgwaechterservice.de\/fr\/wp-json\/wp\/v2\/types\/product"}],"replies":[{"embeddable":true,"href":"https:\/\/test.burgwaechterservice.de\/fr\/wp-json\/wp\/v2\/comments?post=31958"}],"wp:featuredmedia":[{"embeddable":true,"href":"https:\/\/test.burgwaechterservice.de\/fr\/wp-json\/wp\/v2\/media\/286124"}],"wp:attachment":[{"href":"https:\/\/test.burgwaechterservice.de\/fr\/wp-json\/wp\/v2\/media?parent=31958"}],"wp:term":[{"taxonomy":"product_cat","embeddable":true,"href":"https:\/\/test.burgwaechterservice.de\/fr\/wp-json\/wp\/v2\/product_cat?post=31958"},{"taxonomy":"product_tag","embeddable":true,"href":"https:\/\/test.burgwaechterservice.de\/fr\/wp-json\/wp\/v2\/product_tag?post=31958"}],"curies":[{"name":"wp","href":"https:\/\/api.w.org\/{rel}","templated":true}]}}