{"id":31954,"date":"2016-07-18T14:21:21","date_gmt":"2016-07-18T12:21:21","guid":{"rendered":"https:\/\/www.burg.biz\/?post_type=product&#038;p=31954"},"modified":"2018-06-21T07:43:59","modified_gmt":"2018-06-21T05:43:59","slug":"dry-ps-7400","status":"publish","type":"product","link":"https:\/\/test.burgwaechterservice.de\/fr\/p\/appareils-de-mesure\/dry-ps-7400\/","title":{"rendered":"DRY PS 7400"},"content":{"rendered":"<p><img decoding=\"async\" class=\"alignnone size-full wp-image-33794\" src=\"https:\/\/test.burgwaechterservice.de\/international\/wp-content\/uploads\/sites\/7\/2016\/07\/Icons-DRY-4c-pikto.jpg\" alt=\"Icons-DRY-4c-pikto\" width=\"180\" height=\"89\" \/><\/p>\n<h2>Indicateur d\u2018humidit\u00e9 DRY PS 7400<\/h2>\n<p>Indicateur d\u2019humidit\u00e9 populaire avec bouchon \u00e0 charni\u00e8re. Mesure l\u2018humidit\u00e9 \u00e0 l\u2018aide de deux \u00e9lectrodes, par exemple, du bois de chauffage, des murs et des chapes.<\/p>\n<ul>\n<li>Avec \u00e9cran num\u00e9rique de Grand Format.<\/li>\n<li>Plage de mesure :\n<ul>\n<li>Bois: 4 bis 60%<\/li>\n<li>Mat\u00e9riaux durs: 02, bis 3,0%<\/li>\n<\/ul>\n<\/li>\n<li>Pr\u00e9cision:\n<ul>\n<li>Bois: 1%<\/li>\n<li>Solid materials: 0,1 %<\/li>\n<\/ul>\n<\/li>\n<li>Temp\u00e9rature:\n<ul>\n<li>Bois: &lt; 30 %: +\/- 2 %; &gt; 30 %: +\/- 4%<\/li>\n<li>Mat\u00e9riaux durs: &lt; 1,4 %: +\/- 0,1 %; &gt; 1,4 %: +\/- 0,2%<\/li>\n<\/ul>\n<\/li>\n<li>Alimentation: 4 x 1,5 V (p.ex. LR44)<\/li>\n<li>Conditions ambiantes optimales: 0\u00b0C \u00e0 40\u00b0C, Humidit\u00e9 de l\u2018air &lt; 85 %<\/li>\n<li>Temp\u00e9rature de stockage: -10\u00b0C \u00e0 50\u00b0C, Humidit\u00e9 de l\u2018air &lt; 85%<\/li>\n<li>Dimensions: 90 x 50 x 20 mm<\/li>\n<\/ul>\n<p>Jugez les r\u00e9sultats de mesure:<\/p>\n<table>\n<thead>\n<tr>\n<th>Etat d\u2018humidit\u00e9<\/th>\n<th>Bois<\/th>\n<th>Chape en Mortier, pl\u00e2tre, cr\u00e9pi<\/th>\n<\/tr>\n<\/thead>\n<tbody>\n<tr>\n<td>sans crainte<\/td>\n<td>2 &#8211; 15 %<\/td>\n<td>0,2 &#8211; 0,3 %<\/td>\n<\/tr>\n<tr>\n<td>critique<\/td>\n<td>16 &#8211; 19 %<\/td>\n<td>0,4 &#8211; 0,9 %<\/td>\n<\/tr>\n<tr>\n<td>trop humide<\/td>\n<td>&gt; 20 %<\/td>\n<td>&gt; 1,0 %<\/td>\n<\/tr>\n<\/tbody>\n<\/table>\n<p>* \u00a0Degr\u00e9 d\u2018humidit\u00e9 en pourcentage<\/p>\n<table class=\"ausfuehrung\">\n<thead>\n<tr>\n<td>Article<\/td>\n<td>Info<\/td>\n<\/tr>\n<tr>\n<td>DRY PS 7400<\/td>\n<td>Piles et sac inclus<\/td>\n<\/tr>\n<\/thead>\n<\/table>\n","protected":false},"excerpt":{"rendered":"<p>Indicateur d\u2018humidit\u00e9 DRY PS 7400 Indicateur d\u2019humidit\u00e9 populaire avec bouchon \u00e0 charni\u00e8re. Mesure l\u2018humidit\u00e9 \u00e0 l\u2018aide de deux \u00e9lectrodes, par exemple, du bois de chauffage, des murs et des chapes. Avec \u00e9cran num\u00e9rique de Grand Format. Plage de mesure : &hellip; <a class=\"kt-excerpt-readmore\" href=\"https:\/\/test.burgwaechterservice.de\/fr\/p\/appareils-de-mesure\/dry-ps-7400\/\" aria-label=\"DRY PS 7400\">Lire la suite<\/a><\/p>\n","protected":false},"featured_media":32277,"comment_status":"closed","ping_status":"closed","template":"","meta":[],"product_cat":[585],"product_tag":[],"yoast_head":"<!-- This site is optimized with the Yoast SEO Premium plugin v18.4 (Yoast SEO v19.13) - https:\/\/yoast.com\/wordpress\/plugins\/seo\/ -->\n<title>DRY PS 7400 - Burg-W\u00e4chter<\/title>\n<meta name=\"description\" content=\"Indicateur d\u2018humidit\u00e9 DRY PS 7400 Indicateur d\u2019humidit\u00e9 populaire avec bouchon \u00e0 charni\u00e8re. Mesure l\u2018humidit\u00e9 \u00e0 l\u2018aide de deux \u00e9lectrodes, par exemple, du\" \/>\n<meta name=\"robots\" content=\"index, follow, max-snippet:-1, max-image-preview:large, max-video-preview:-1\" \/>\n<link rel=\"canonical\" href=\"https:\/\/test.burgwaechterservice.de\/fr\/p\/appareils-de-mesure\/dry-ps-7400\/\" \/>\n<meta property=\"og:locale\" content=\"fr_FR\" \/>\n<meta property=\"og:type\" content=\"article\" \/>\n<meta property=\"og:title\" content=\"DRY PS 7400\" \/>\n<meta property=\"og:description\" content=\"Indicateur d\u2018humidit\u00e9 DRY PS 7400 Indicateur d\u2019humidit\u00e9 populaire avec bouchon \u00e0 charni\u00e8re. Mesure l\u2018humidit\u00e9 \u00e0 l\u2018aide de deux \u00e9lectrodes, par exemple, du\" \/>\n<meta property=\"og:url\" content=\"https:\/\/test.burgwaechterservice.de\/fr\/p\/appareils-de-mesure\/dry-ps-7400\/\" \/>\n<meta property=\"og:site_name\" content=\"Burg-W\u00e4chter France\" \/>\n<meta property=\"article:modified_time\" content=\"2018-06-21T05:43:59+00:00\" \/>\n<meta property=\"og:image\" content=\"https:\/\/test.burgwaechterservice.de\/fr\/wp-content\/uploads\/sites\/4\/2016\/07\/Feuchtemesser_DRY_PS_7400_740002-01.jpg\" \/>\n\t<meta property=\"og:image:width\" content=\"1181\" \/>\n\t<meta property=\"og:image:height\" content=\"1181\" \/>\n\t<meta property=\"og:image:type\" content=\"image\/jpeg\" \/>\n<meta name=\"twitter:card\" content=\"summary_large_image\" \/>\n<meta name=\"twitter:label1\" content=\"Dur\u00e9e de lecture estim\u00e9e\" \/>\n\t<meta name=\"twitter:data1\" content=\"1 minute\" \/>\n<!-- \/ Yoast SEO Premium plugin. -->","yoast_head_json":{"title":"DRY PS 7400 - Burg-W\u00e4chter","description":"Indicateur d\u2018humidit\u00e9 DRY PS 7400 Indicateur d\u2019humidit\u00e9 populaire avec bouchon \u00e0 charni\u00e8re. Mesure l\u2018humidit\u00e9 \u00e0 l\u2018aide de deux \u00e9lectrodes, par exemple, du","robots":{"index":"index","follow":"follow","max-snippet":"max-snippet:-1","max-image-preview":"max-image-preview:large","max-video-preview":"max-video-preview:-1"},"canonical":"https:\/\/test.burgwaechterservice.de\/fr\/p\/appareils-de-mesure\/dry-ps-7400\/","og_locale":"fr_FR","og_type":"article","og_title":"DRY PS 7400","og_description":"Indicateur d\u2018humidit\u00e9 DRY PS 7400 Indicateur d\u2019humidit\u00e9 populaire avec bouchon \u00e0 charni\u00e8re. Mesure l\u2018humidit\u00e9 \u00e0 l\u2018aide de deux \u00e9lectrodes, par exemple, du","og_url":"https:\/\/test.burgwaechterservice.de\/fr\/p\/appareils-de-mesure\/dry-ps-7400\/","og_site_name":"Burg-W\u00e4chter France","article_modified_time":"2018-06-21T05:43:59+00:00","og_image":[{"width":1181,"height":1181,"url":"https:\/\/test.burgwaechterservice.de\/fr\/wp-content\/uploads\/sites\/4\/2016\/07\/Feuchtemesser_DRY_PS_7400_740002-01.jpg","type":"image\/jpeg"}],"twitter_card":"summary_large_image","twitter_misc":{"Dur\u00e9e de lecture estim\u00e9e":"1 minute"},"schema":{"@context":"https:\/\/schema.org","@graph":[{"@type":"WebPage","@id":"https:\/\/test.burgwaechterservice.de\/fr\/p\/appareils-de-mesure\/dry-ps-7400\/","url":"https:\/\/test.burgwaechterservice.de\/fr\/p\/appareils-de-mesure\/dry-ps-7400\/","name":"DRY PS 7400 - Burg-W\u00e4chter","isPartOf":{"@id":"https:\/\/test.burgwaechterservice.de\/fr\/#website"},"datePublished":"2016-07-18T12:21:21+00:00","dateModified":"2018-06-21T05:43:59+00:00","description":"Indicateur d\u2018humidit\u00e9 DRY PS 7400 Indicateur d\u2019humidit\u00e9 populaire avec bouchon \u00e0 charni\u00e8re. Mesure l\u2018humidit\u00e9 \u00e0 l\u2018aide de deux \u00e9lectrodes, par exemple, du","breadcrumb":{"@id":"https:\/\/test.burgwaechterservice.de\/fr\/p\/appareils-de-mesure\/dry-ps-7400\/#breadcrumb"},"inLanguage":"fr-FR","potentialAction":[{"@type":"ReadAction","target":["https:\/\/test.burgwaechterservice.de\/fr\/p\/appareils-de-mesure\/dry-ps-7400\/"]}]},{"@type":"BreadcrumbList","@id":"https:\/\/test.burgwaechterservice.de\/fr\/p\/appareils-de-mesure\/dry-ps-7400\/#breadcrumb","itemListElement":[{"@type":"ListItem","position":1,"name":"Accueil","item":"https:\/\/test.burgwaechterservice.de\/fr\/"},{"@type":"ListItem","position":2,"name":"Produits","item":"https:\/\/test.burgwaechterservice.de\/fr\/p\/"},{"@type":"ListItem","position":3,"name":"DRY PS 7400"}]},{"@type":"WebSite","@id":"https:\/\/test.burgwaechterservice.de\/fr\/#website","url":"https:\/\/test.burgwaechterservice.de\/fr\/","name":"Burg-W\u00e4chter France","description":"Le choix le plus s\u00fbr!","potentialAction":[{"@type":"SearchAction","target":{"@type":"EntryPoint","urlTemplate":"https:\/\/test.burgwaechterservice.de\/fr\/?s={search_term_string}"},"query-input":"required name=search_term_string"}],"inLanguage":"fr-FR"}]}},"_links":{"self":[{"href":"https:\/\/test.burgwaechterservice.de\/fr\/wp-json\/wp\/v2\/product\/31954"}],"collection":[{"href":"https:\/\/test.burgwaechterservice.de\/fr\/wp-json\/wp\/v2\/product"}],"about":[{"href":"https:\/\/test.burgwaechterservice.de\/fr\/wp-json\/wp\/v2\/types\/product"}],"replies":[{"embeddable":true,"href":"https:\/\/test.burgwaechterservice.de\/fr\/wp-json\/wp\/v2\/comments?post=31954"}],"wp:featuredmedia":[{"embeddable":true,"href":"https:\/\/test.burgwaechterservice.de\/fr\/wp-json\/wp\/v2\/media\/32277"}],"wp:attachment":[{"href":"https:\/\/test.burgwaechterservice.de\/fr\/wp-json\/wp\/v2\/media?parent=31954"}],"wp:term":[{"taxonomy":"product_cat","embeddable":true,"href":"https:\/\/test.burgwaechterservice.de\/fr\/wp-json\/wp\/v2\/product_cat?post=31954"},{"taxonomy":"product_tag","embeddable":true,"href":"https:\/\/test.burgwaechterservice.de\/fr\/wp-json\/wp\/v2\/product_tag?post=31954"}],"curies":[{"name":"wp","href":"https:\/\/api.w.org\/{rel}","templated":true}]}}