{"id":31951,"date":"2016-07-18T12:49:59","date_gmt":"2016-07-18T10:49:59","guid":{"rendered":"https:\/\/www.burg.biz\/?post_type=product&#038;p=31951"},"modified":"2018-07-30T13:36:39","modified_gmt":"2018-07-30T11:36:39","slug":"fkl-2090-t","status":"publish","type":"product","link":"https:\/\/test.burgwaechterservice.de\/fr\/p\/portes-et-fenetres\/fkl-2090-t\/","title":{"rendered":"Prot\u00e8ge-fen\u00eatre FKL 2090 T"},"content":{"rendered":"<h2>Prot\u00e8ge-fen\u00eatre<\/h2>\n<p>\u2022 emp\u00eache les portes et les vantaux de fen\u00eatres de claquer<br \/>\n\u2022 largeur 90 mm<\/p>\n<p>&nbsp;<\/p>\n<table class=\"ausfuehrung\">\n<thead>\n<tr>\n<td>Article<\/td>\n<td>Couleurs<\/td>\n<\/tr>\n<tr>\n<td>FKL 2090 T<\/td>\n<td>transparent<\/td>\n<\/tr>\n<\/thead>\n<\/table>\n","protected":false},"excerpt":{"rendered":"<p>Prot\u00e8ge-fen\u00eatre \u2022 emp\u00eache les portes et les vantaux de fen\u00eatres de claquer \u2022 largeur 90 mm &nbsp; Article Couleurs FKL 2090 T transparent<\/p>\n","protected":false},"featured_media":32297,"comment_status":"closed","ping_status":"closed","template":"","meta":[],"product_cat":[35,3899],"product_tag":[],"yoast_head":"<!-- This site is optimized with the Yoast SEO Premium plugin v18.4 (Yoast SEO v19.13) - https:\/\/yoast.com\/wordpress\/plugins\/seo\/ -->\n<title>Prot\u00e8ge-fen\u00eatre FKL 2090 T - BURG-W\u00c4CHTER<\/title>\n<meta name=\"description\" content=\"Prot\u00e8ge-fen\u00eatre \u2022 emp\u00eache les portes et les vantaux de fen\u00eatres de claquer \u2022 largeur 90 mm  &nbsp;    Article Couleurs   FKL 2090 T transparent\" \/>\n<meta name=\"robots\" content=\"index, follow, max-snippet:-1, max-image-preview:large, max-video-preview:-1\" \/>\n<link rel=\"canonical\" href=\"https:\/\/test.burgwaechterservice.de\/fr\/p\/portes-et-fenetres\/fkl-2090-t\/\" \/>\n<meta property=\"og:locale\" content=\"fr_FR\" \/>\n<meta property=\"og:type\" content=\"article\" \/>\n<meta property=\"og:title\" content=\"Prot\u00e8ge-fen\u00eatre FKL 2090 T\" \/>\n<meta property=\"og:description\" content=\"Prot\u00e8ge-fen\u00eatre \u2022 emp\u00eache les portes et les vantaux de fen\u00eatres de claquer \u2022 largeur 90 mm  &nbsp;    Article Couleurs   FKL 2090 T transparent\" \/>\n<meta property=\"og:url\" content=\"https:\/\/test.burgwaechterservice.de\/fr\/p\/portes-et-fenetres\/fkl-2090-t\/\" \/>\n<meta property=\"og:site_name\" content=\"Burg-W\u00e4chter France\" \/>\n<meta property=\"article:modified_time\" content=\"2018-07-30T11:36:39+00:00\" \/>\n<meta property=\"og:image\" content=\"https:\/\/test.burgwaechterservice.de\/fr\/wp-content\/uploads\/sites\/4\/2016\/07\/Fensterklammer_FKL_2090_T_154403-01.jpg\" \/>\n\t<meta property=\"og:image:width\" content=\"1000\" \/>\n\t<meta property=\"og:image:height\" content=\"1000\" \/>\n\t<meta property=\"og:image:type\" content=\"image\/jpeg\" \/>\n<meta name=\"twitter:card\" content=\"summary_large_image\" \/>\n<!-- \/ Yoast SEO Premium plugin. -->","yoast_head_json":{"title":"Prot\u00e8ge-fen\u00eatre FKL 2090 T - BURG-W\u00c4CHTER","description":"Prot\u00e8ge-fen\u00eatre \u2022 emp\u00eache les portes et les vantaux de fen\u00eatres de claquer \u2022 largeur 90 mm  &nbsp;    Article Couleurs   FKL 2090 T transparent","robots":{"index":"index","follow":"follow","max-snippet":"max-snippet:-1","max-image-preview":"max-image-preview:large","max-video-preview":"max-video-preview:-1"},"canonical":"https:\/\/test.burgwaechterservice.de\/fr\/p\/portes-et-fenetres\/fkl-2090-t\/","og_locale":"fr_FR","og_type":"article","og_title":"Prot\u00e8ge-fen\u00eatre FKL 2090 T","og_description":"Prot\u00e8ge-fen\u00eatre \u2022 emp\u00eache les portes et les vantaux de fen\u00eatres de claquer \u2022 largeur 90 mm  &nbsp;    Article Couleurs   FKL 2090 T transparent","og_url":"https:\/\/test.burgwaechterservice.de\/fr\/p\/portes-et-fenetres\/fkl-2090-t\/","og_site_name":"Burg-W\u00e4chter France","article_modified_time":"2018-07-30T11:36:39+00:00","og_image":[{"width":1000,"height":1000,"url":"https:\/\/test.burgwaechterservice.de\/fr\/wp-content\/uploads\/sites\/4\/2016\/07\/Fensterklammer_FKL_2090_T_154403-01.jpg","type":"image\/jpeg"}],"twitter_card":"summary_large_image","schema":{"@context":"https:\/\/schema.org","@graph":[{"@type":"WebPage","@id":"https:\/\/test.burgwaechterservice.de\/fr\/p\/portes-et-fenetres\/fkl-2090-t\/","url":"https:\/\/test.burgwaechterservice.de\/fr\/p\/portes-et-fenetres\/fkl-2090-t\/","name":"Prot\u00e8ge-fen\u00eatre FKL 2090 T - BURG-W\u00c4CHTER","isPartOf":{"@id":"https:\/\/test.burgwaechterservice.de\/fr\/#website"},"datePublished":"2016-07-18T10:49:59+00:00","dateModified":"2018-07-30T11:36:39+00:00","description":"Prot\u00e8ge-fen\u00eatre \u2022 emp\u00eache les portes et les vantaux de fen\u00eatres de claquer \u2022 largeur 90 mm &nbsp; Article Couleurs FKL 2090 T transparent","breadcrumb":{"@id":"https:\/\/test.burgwaechterservice.de\/fr\/p\/portes-et-fenetres\/fkl-2090-t\/#breadcrumb"},"inLanguage":"fr-FR","potentialAction":[{"@type":"ReadAction","target":["https:\/\/test.burgwaechterservice.de\/fr\/p\/portes-et-fenetres\/fkl-2090-t\/"]}]},{"@type":"BreadcrumbList","@id":"https:\/\/test.burgwaechterservice.de\/fr\/p\/portes-et-fenetres\/fkl-2090-t\/#breadcrumb","itemListElement":[{"@type":"ListItem","position":1,"name":"Accueil","item":"https:\/\/test.burgwaechterservice.de\/fr\/"},{"@type":"ListItem","position":2,"name":"Produits","item":"https:\/\/test.burgwaechterservice.de\/fr\/p\/"},{"@type":"ListItem","position":3,"name":"Prot\u00e8ge-fen\u00eatre FKL 2090 T"}]},{"@type":"WebSite","@id":"https:\/\/test.burgwaechterservice.de\/fr\/#website","url":"https:\/\/test.burgwaechterservice.de\/fr\/","name":"Burg-W\u00e4chter France","description":"Le choix le plus s\u00fbr!","potentialAction":[{"@type":"SearchAction","target":{"@type":"EntryPoint","urlTemplate":"https:\/\/test.burgwaechterservice.de\/fr\/?s={search_term_string}"},"query-input":"required name=search_term_string"}],"inLanguage":"fr-FR"}]}},"_links":{"self":[{"href":"https:\/\/test.burgwaechterservice.de\/fr\/wp-json\/wp\/v2\/product\/31951"}],"collection":[{"href":"https:\/\/test.burgwaechterservice.de\/fr\/wp-json\/wp\/v2\/product"}],"about":[{"href":"https:\/\/test.burgwaechterservice.de\/fr\/wp-json\/wp\/v2\/types\/product"}],"replies":[{"embeddable":true,"href":"https:\/\/test.burgwaechterservice.de\/fr\/wp-json\/wp\/v2\/comments?post=31951"}],"wp:featuredmedia":[{"embeddable":true,"href":"https:\/\/test.burgwaechterservice.de\/fr\/wp-json\/wp\/v2\/media\/32297"}],"wp:attachment":[{"href":"https:\/\/test.burgwaechterservice.de\/fr\/wp-json\/wp\/v2\/media?parent=31951"}],"wp:term":[{"taxonomy":"product_cat","embeddable":true,"href":"https:\/\/test.burgwaechterservice.de\/fr\/wp-json\/wp\/v2\/product_cat?post=31951"},{"taxonomy":"product_tag","embeddable":true,"href":"https:\/\/test.burgwaechterservice.de\/fr\/wp-json\/wp\/v2\/product_tag?post=31951"}],"curies":[{"name":"wp","href":"https:\/\/api.w.org\/{rel}","templated":true}]}}