{"id":31929,"date":"2016-07-18T12:00:01","date_gmt":"2016-07-18T10:00:01","guid":{"rendered":"https:\/\/www.burg.biz\/?post_type=product&#038;p=31929"},"modified":"2018-07-30T13:36:40","modified_gmt":"2018-07-30T11:36:40","slug":"doorman-2195","status":"publish","type":"product","link":"https:\/\/test.burgwaechterservice.de\/fr\/p\/portes-et-fenetres\/doorman-2195\/","title":{"rendered":"Butoir de porte Doorman 2195"},"content":{"rendered":"<h2>Butoir de porte Doorman 2195<\/h2>\n<p>\u2022 le cale-porte fut\u00e9, en mati\u00e8re r\u00e9sistante<br \/>\n\u2022 n\u2019ab\u00eeme pas les surfaces d\u00e9licates<br \/>\n\u2022 fonctionne sur tous types de rev\u00eatements de sols<br \/>\n\u2022 cale \u00e9galement des portes lourdes<br \/>\n\u2022 coloris assortis bleu, orange et vert<\/p>\n<p>&nbsp;<\/p>\n<table class=\"ausfuehrung\">\n<thead>\n<tr>\n<td>Article<\/td>\n<td>Couleurs<\/td>\n<\/tr>\n<tr>\n<td>Doorman 2195<\/td>\n<td>bleu, orange, vert<\/td>\n<\/tr>\n<\/thead>\n<\/table>\n","protected":false},"excerpt":{"rendered":"<p>Butoir de porte Doorman 2195 \u2022 le cale-porte fut\u00e9, en mati\u00e8re r\u00e9sistante \u2022 n\u2019ab\u00eeme pas les surfaces d\u00e9licates \u2022 fonctionne sur tous types de rev\u00eatements de sols \u2022 cale \u00e9galement des portes lourdes \u2022 coloris assortis bleu, orange et vert &hellip; <a class=\"kt-excerpt-readmore\" href=\"https:\/\/test.burgwaechterservice.de\/fr\/p\/portes-et-fenetres\/doorman-2195\/\" aria-label=\"Butoir de porte Doorman 2195\">Lire la suite<\/a><\/p>\n","protected":false},"featured_media":32303,"comment_status":"closed","ping_status":"closed","template":"","meta":[],"product_cat":[35,3899],"product_tag":[],"yoast_head":"<!-- This site is optimized with the Yoast SEO Premium plugin v18.4 (Yoast SEO v19.13) - https:\/\/yoast.com\/wordpress\/plugins\/seo\/ -->\n<title>Butoir de porte Doorman 2195 - BURG-W\u00c4CHTER<\/title>\n<meta name=\"description\" content=\"Butoir de porte Doorman 2195 \u2022 le cale-porte fut\u00e9, en mati\u00e8re r\u00e9sistante \u2022 n\u2019ab\u00eeme pas les surfaces d\u00e9licates \u2022 fonctionne sur tous types de rev\u00eatements\" \/>\n<meta name=\"robots\" content=\"index, follow, max-snippet:-1, max-image-preview:large, max-video-preview:-1\" \/>\n<link rel=\"canonical\" href=\"https:\/\/test.burgwaechterservice.de\/fr\/p\/portes-et-fenetres\/doorman-2195\/\" \/>\n<meta property=\"og:locale\" content=\"fr_FR\" \/>\n<meta property=\"og:type\" content=\"article\" \/>\n<meta property=\"og:title\" content=\"Butoir de porte Doorman 2195\" \/>\n<meta property=\"og:description\" content=\"Butoir de porte Doorman 2195 \u2022 le cale-porte fut\u00e9, en mati\u00e8re r\u00e9sistante \u2022 n\u2019ab\u00eeme pas les surfaces d\u00e9licates \u2022 fonctionne sur tous types de rev\u00eatements\" \/>\n<meta property=\"og:url\" content=\"https:\/\/test.burgwaechterservice.de\/fr\/p\/portes-et-fenetres\/doorman-2195\/\" \/>\n<meta property=\"og:site_name\" content=\"Burg-W\u00e4chter France\" \/>\n<meta property=\"article:modified_time\" content=\"2018-07-30T11:36:40+00:00\" \/>\n<meta property=\"og:image\" content=\"https:\/\/test.burgwaechterservice.de\/fr\/wp-content\/uploads\/sites\/4\/2016\/07\/T\u00fcrkeil_Doorman_2195_158401-01.jpg\" \/>\n\t<meta property=\"og:image:width\" content=\"1181\" \/>\n\t<meta property=\"og:image:height\" content=\"939\" \/>\n\t<meta property=\"og:image:type\" content=\"image\/jpeg\" \/>\n<meta name=\"twitter:card\" content=\"summary_large_image\" \/>\n<!-- \/ Yoast SEO Premium plugin. -->","yoast_head_json":{"title":"Butoir de porte Doorman 2195 - BURG-W\u00c4CHTER","description":"Butoir de porte Doorman 2195 \u2022 le cale-porte fut\u00e9, en mati\u00e8re r\u00e9sistante \u2022 n\u2019ab\u00eeme pas les surfaces d\u00e9licates \u2022 fonctionne sur tous types de rev\u00eatements","robots":{"index":"index","follow":"follow","max-snippet":"max-snippet:-1","max-image-preview":"max-image-preview:large","max-video-preview":"max-video-preview:-1"},"canonical":"https:\/\/test.burgwaechterservice.de\/fr\/p\/portes-et-fenetres\/doorman-2195\/","og_locale":"fr_FR","og_type":"article","og_title":"Butoir de porte Doorman 2195","og_description":"Butoir de porte Doorman 2195 \u2022 le cale-porte fut\u00e9, en mati\u00e8re r\u00e9sistante \u2022 n\u2019ab\u00eeme pas les surfaces d\u00e9licates \u2022 fonctionne sur tous types de rev\u00eatements","og_url":"https:\/\/test.burgwaechterservice.de\/fr\/p\/portes-et-fenetres\/doorman-2195\/","og_site_name":"Burg-W\u00e4chter France","article_modified_time":"2018-07-30T11:36:40+00:00","og_image":[{"width":1181,"height":939,"url":"https:\/\/test.burgwaechterservice.de\/fr\/wp-content\/uploads\/sites\/4\/2016\/07\/T\u00fcrkeil_Doorman_2195_158401-01.jpg","type":"image\/jpeg"}],"twitter_card":"summary_large_image","schema":{"@context":"https:\/\/schema.org","@graph":[{"@type":"WebPage","@id":"https:\/\/test.burgwaechterservice.de\/fr\/p\/portes-et-fenetres\/doorman-2195\/","url":"https:\/\/test.burgwaechterservice.de\/fr\/p\/portes-et-fenetres\/doorman-2195\/","name":"Butoir de porte Doorman 2195 - BURG-W\u00c4CHTER","isPartOf":{"@id":"https:\/\/test.burgwaechterservice.de\/fr\/#website"},"datePublished":"2016-07-18T10:00:01+00:00","dateModified":"2018-07-30T11:36:40+00:00","description":"Butoir de porte Doorman 2195 \u2022 le cale-porte fut\u00e9, en mati\u00e8re r\u00e9sistante \u2022 n\u2019ab\u00eeme pas les surfaces d\u00e9licates \u2022 fonctionne sur tous types de rev\u00eatements","breadcrumb":{"@id":"https:\/\/test.burgwaechterservice.de\/fr\/p\/portes-et-fenetres\/doorman-2195\/#breadcrumb"},"inLanguage":"fr-FR","potentialAction":[{"@type":"ReadAction","target":["https:\/\/test.burgwaechterservice.de\/fr\/p\/portes-et-fenetres\/doorman-2195\/"]}]},{"@type":"BreadcrumbList","@id":"https:\/\/test.burgwaechterservice.de\/fr\/p\/portes-et-fenetres\/doorman-2195\/#breadcrumb","itemListElement":[{"@type":"ListItem","position":1,"name":"Accueil","item":"https:\/\/test.burgwaechterservice.de\/fr\/"},{"@type":"ListItem","position":2,"name":"Produits","item":"https:\/\/test.burgwaechterservice.de\/fr\/p\/"},{"@type":"ListItem","position":3,"name":"Butoir de porte Doorman 2195"}]},{"@type":"WebSite","@id":"https:\/\/test.burgwaechterservice.de\/fr\/#website","url":"https:\/\/test.burgwaechterservice.de\/fr\/","name":"Burg-W\u00e4chter France","description":"Le choix le plus s\u00fbr!","potentialAction":[{"@type":"SearchAction","target":{"@type":"EntryPoint","urlTemplate":"https:\/\/test.burgwaechterservice.de\/fr\/?s={search_term_string}"},"query-input":"required name=search_term_string"}],"inLanguage":"fr-FR"}]}},"_links":{"self":[{"href":"https:\/\/test.burgwaechterservice.de\/fr\/wp-json\/wp\/v2\/product\/31929"}],"collection":[{"href":"https:\/\/test.burgwaechterservice.de\/fr\/wp-json\/wp\/v2\/product"}],"about":[{"href":"https:\/\/test.burgwaechterservice.de\/fr\/wp-json\/wp\/v2\/types\/product"}],"replies":[{"embeddable":true,"href":"https:\/\/test.burgwaechterservice.de\/fr\/wp-json\/wp\/v2\/comments?post=31929"}],"wp:featuredmedia":[{"embeddable":true,"href":"https:\/\/test.burgwaechterservice.de\/fr\/wp-json\/wp\/v2\/media\/32303"}],"wp:attachment":[{"href":"https:\/\/test.burgwaechterservice.de\/fr\/wp-json\/wp\/v2\/media?parent=31929"}],"wp:term":[{"taxonomy":"product_cat","embeddable":true,"href":"https:\/\/test.burgwaechterservice.de\/fr\/wp-json\/wp\/v2\/product_cat?post=31929"},{"taxonomy":"product_tag","embeddable":true,"href":"https:\/\/test.burgwaechterservice.de\/fr\/wp-json\/wp\/v2\/product_tag?post=31929"}],"curies":[{"name":"wp","href":"https:\/\/api.w.org\/{rel}","templated":true}]}}