{"id":31904,"date":"2016-07-18T11:09:31","date_gmt":"2016-07-18T09:09:31","guid":{"rendered":"https:\/\/www.burg.biz\/?post_type=product&#038;p=31904"},"modified":"2018-07-30T13:36:41","modified_gmt":"2018-07-30T11:36:41","slug":"tbm-2430","status":"publish","type":"product","link":"https:\/\/test.burgwaechterservice.de\/fr\/p\/portes-et-fenetres\/tbm-2430\/","title":{"rendered":"Butoirs de porte magn\u00e9tiques TBM 2430 Ni"},"content":{"rendered":"<h2>Butoirs de porte magn\u00e9tiques<\/h2>\n<p>\u2022 pour la fixation au sol, \u00e9l\u00e9gant, fonctionnel et fiable<br \/>\n\u2022 apparence inox \u2013 bross\u00e9 et laqu\u00e9<br \/>\n\u2022 hauteur 30 mm<br \/>\n\u2022 mat\u00e9riau de fixation inclus<br \/>\n\u2022 force de maintien : +- 6 \u00e0 7Kg<\/p>\n<p>&nbsp;<\/p>\n<table class=\"ausfuehrung\">\n<thead>\n<tr>\n<td>Article<\/td>\n<td>Finition<\/td>\n<\/tr>\n<tr>\n<td>TBM 2430 Ni SB<\/td>\n<td>apparence inox<\/td>\n<\/tr>\n<\/thead>\n<\/table>\n","protected":false},"excerpt":{"rendered":"<p>Butoirs de porte magn\u00e9tiques \u2022 pour la fixation au sol, \u00e9l\u00e9gant, fonctionnel et fiable \u2022 apparence inox \u2013 bross\u00e9 et laqu\u00e9 \u2022 hauteur 30 mm \u2022 mat\u00e9riau de fixation inclus \u2022 force de maintien : +- 6 \u00e0 7Kg &nbsp; &hellip; <a class=\"kt-excerpt-readmore\" href=\"https:\/\/test.burgwaechterservice.de\/fr\/p\/portes-et-fenetres\/tbm-2430\/\" aria-label=\"Butoirs de porte magn\u00e9tiques TBM 2430 Ni\">Lire la suite<\/a><\/p>\n","protected":false},"featured_media":32305,"comment_status":"closed","ping_status":"closed","template":"","meta":[],"product_cat":[35,3899],"product_tag":[],"yoast_head":"<!-- This site is optimized with the Yoast SEO Premium plugin v18.4 (Yoast SEO v19.13) - https:\/\/yoast.com\/wordpress\/plugins\/seo\/ -->\n<title>Butoirs de porte magn\u00e9tiques TBM 2430 Ni - BURG-W\u00c4CHTER<\/title>\n<meta name=\"description\" content=\"Butoirs de porte magn\u00e9tiques \u2022 pour la fixation au sol, \u00e9l\u00e9gant, fonctionnel et fiable \u2022 apparence inox \u2013 bross\u00e9 et laqu\u00e9 \u2022 hauteur 30 mm \u2022 mat\u00e9riau de\" \/>\n<meta name=\"robots\" content=\"index, follow, max-snippet:-1, max-image-preview:large, max-video-preview:-1\" \/>\n<link rel=\"canonical\" href=\"https:\/\/test.burgwaechterservice.de\/fr\/p\/portes-et-fenetres\/tbm-2430\/\" \/>\n<meta property=\"og:locale\" content=\"fr_FR\" \/>\n<meta property=\"og:type\" content=\"article\" \/>\n<meta property=\"og:title\" content=\"Butoirs de porte magn\u00e9tiques TBM 2430 Ni\" \/>\n<meta property=\"og:description\" content=\"Butoirs de porte magn\u00e9tiques \u2022 pour la fixation au sol, \u00e9l\u00e9gant, fonctionnel et fiable \u2022 apparence inox \u2013 bross\u00e9 et laqu\u00e9 \u2022 hauteur 30 mm \u2022 mat\u00e9riau de\" \/>\n<meta property=\"og:url\" content=\"https:\/\/test.burgwaechterservice.de\/fr\/p\/portes-et-fenetres\/tbm-2430\/\" \/>\n<meta property=\"og:site_name\" content=\"Burg-W\u00e4chter France\" \/>\n<meta property=\"article:modified_time\" content=\"2018-07-30T11:36:41+00:00\" \/>\n<meta property=\"og:image\" content=\"https:\/\/test.burgwaechterservice.de\/fr\/wp-content\/uploads\/sites\/4\/2016\/07\/T\u00fcrstopper_Magnet_TBM_2430_Ni_158616-01.jpg\" \/>\n\t<meta property=\"og:image:width\" content=\"1181\" \/>\n\t<meta property=\"og:image:height\" content=\"1181\" \/>\n\t<meta property=\"og:image:type\" content=\"image\/jpeg\" \/>\n<meta name=\"twitter:card\" content=\"summary_large_image\" \/>\n<!-- \/ Yoast SEO Premium plugin. -->","yoast_head_json":{"title":"Butoirs de porte magn\u00e9tiques TBM 2430 Ni - BURG-W\u00c4CHTER","description":"Butoirs de porte magn\u00e9tiques \u2022 pour la fixation au sol, \u00e9l\u00e9gant, fonctionnel et fiable \u2022 apparence inox \u2013 bross\u00e9 et laqu\u00e9 \u2022 hauteur 30 mm \u2022 mat\u00e9riau de","robots":{"index":"index","follow":"follow","max-snippet":"max-snippet:-1","max-image-preview":"max-image-preview:large","max-video-preview":"max-video-preview:-1"},"canonical":"https:\/\/test.burgwaechterservice.de\/fr\/p\/portes-et-fenetres\/tbm-2430\/","og_locale":"fr_FR","og_type":"article","og_title":"Butoirs de porte magn\u00e9tiques TBM 2430 Ni","og_description":"Butoirs de porte magn\u00e9tiques \u2022 pour la fixation au sol, \u00e9l\u00e9gant, fonctionnel et fiable \u2022 apparence inox \u2013 bross\u00e9 et laqu\u00e9 \u2022 hauteur 30 mm \u2022 mat\u00e9riau de","og_url":"https:\/\/test.burgwaechterservice.de\/fr\/p\/portes-et-fenetres\/tbm-2430\/","og_site_name":"Burg-W\u00e4chter France","article_modified_time":"2018-07-30T11:36:41+00:00","og_image":[{"width":1181,"height":1181,"url":"https:\/\/test.burgwaechterservice.de\/fr\/wp-content\/uploads\/sites\/4\/2016\/07\/T\u00fcrstopper_Magnet_TBM_2430_Ni_158616-01.jpg","type":"image\/jpeg"}],"twitter_card":"summary_large_image","schema":{"@context":"https:\/\/schema.org","@graph":[{"@type":"WebPage","@id":"https:\/\/test.burgwaechterservice.de\/fr\/p\/portes-et-fenetres\/tbm-2430\/","url":"https:\/\/test.burgwaechterservice.de\/fr\/p\/portes-et-fenetres\/tbm-2430\/","name":"Butoirs de porte magn\u00e9tiques TBM 2430 Ni - BURG-W\u00c4CHTER","isPartOf":{"@id":"https:\/\/test.burgwaechterservice.de\/fr\/#website"},"datePublished":"2016-07-18T09:09:31+00:00","dateModified":"2018-07-30T11:36:41+00:00","description":"Butoirs de porte magn\u00e9tiques \u2022 pour la fixation au sol, \u00e9l\u00e9gant, fonctionnel et fiable \u2022 apparence inox \u2013 bross\u00e9 et laqu\u00e9 \u2022 hauteur 30 mm \u2022 mat\u00e9riau de","breadcrumb":{"@id":"https:\/\/test.burgwaechterservice.de\/fr\/p\/portes-et-fenetres\/tbm-2430\/#breadcrumb"},"inLanguage":"fr-FR","potentialAction":[{"@type":"ReadAction","target":["https:\/\/test.burgwaechterservice.de\/fr\/p\/portes-et-fenetres\/tbm-2430\/"]}]},{"@type":"BreadcrumbList","@id":"https:\/\/test.burgwaechterservice.de\/fr\/p\/portes-et-fenetres\/tbm-2430\/#breadcrumb","itemListElement":[{"@type":"ListItem","position":1,"name":"Accueil","item":"https:\/\/test.burgwaechterservice.de\/fr\/"},{"@type":"ListItem","position":2,"name":"Produits","item":"https:\/\/test.burgwaechterservice.de\/fr\/p\/"},{"@type":"ListItem","position":3,"name":"Butoirs de porte magn\u00e9tiques TBM 2430 Ni"}]},{"@type":"WebSite","@id":"https:\/\/test.burgwaechterservice.de\/fr\/#website","url":"https:\/\/test.burgwaechterservice.de\/fr\/","name":"Burg-W\u00e4chter France","description":"Le choix le plus s\u00fbr!","potentialAction":[{"@type":"SearchAction","target":{"@type":"EntryPoint","urlTemplate":"https:\/\/test.burgwaechterservice.de\/fr\/?s={search_term_string}"},"query-input":"required name=search_term_string"}],"inLanguage":"fr-FR"}]}},"_links":{"self":[{"href":"https:\/\/test.burgwaechterservice.de\/fr\/wp-json\/wp\/v2\/product\/31904"}],"collection":[{"href":"https:\/\/test.burgwaechterservice.de\/fr\/wp-json\/wp\/v2\/product"}],"about":[{"href":"https:\/\/test.burgwaechterservice.de\/fr\/wp-json\/wp\/v2\/types\/product"}],"replies":[{"embeddable":true,"href":"https:\/\/test.burgwaechterservice.de\/fr\/wp-json\/wp\/v2\/comments?post=31904"}],"wp:featuredmedia":[{"embeddable":true,"href":"https:\/\/test.burgwaechterservice.de\/fr\/wp-json\/wp\/v2\/media\/32305"}],"wp:attachment":[{"href":"https:\/\/test.burgwaechterservice.de\/fr\/wp-json\/wp\/v2\/media?parent=31904"}],"wp:term":[{"taxonomy":"product_cat","embeddable":true,"href":"https:\/\/test.burgwaechterservice.de\/fr\/wp-json\/wp\/v2\/product_cat?post=31904"},{"taxonomy":"product_tag","embeddable":true,"href":"https:\/\/test.burgwaechterservice.de\/fr\/wp-json\/wp\/v2\/product_tag?post=31904"}],"curies":[{"name":"wp","href":"https:\/\/api.w.org\/{rel}","templated":true}]}}