{"id":31902,"date":"2016-07-18T11:02:01","date_gmt":"2016-07-18T09:02:01","guid":{"rendered":"https:\/\/www.burg.biz\/?post_type=product&#038;p=31902"},"modified":"2018-07-30T13:36:41","modified_gmt":"2018-07-30T11:36:41","slug":"twm-2495-ni-sb","status":"publish","type":"product","link":"https:\/\/test.burgwaechterservice.de\/fr\/p\/portes-et-fenetres\/twm-2495-ni-sb\/","title":{"rendered":"Butoir de porte magn\u00e9tique TWM 2495 Ni"},"content":{"rendered":"<h2>Butoir de porte magn\u00e9tique<\/h2>\n<p>\u2022 pour fixation au mur<br \/>\n\u2022 arr\u00eate et bloque la porte<br \/>\n\u2022 surface en apparence inox, bross\u00e9e<br \/>\n\u2022 laqu\u00e9e<br \/>\n\u2022 avec mat\u00e9riau de fixation<br \/>\n\u2022 \u00d8 33\/45 mm, longueur 95 mm<br \/>\n\u2022 force de maintien : +- 6 \u00e0 7Kg<\/p>\n<p>&nbsp;<\/p>\n<table class=\"ausfuehrung\">\n<thead>\n<tr>\n<td>Article<\/td>\n<td>Finition<\/td>\n<\/tr>\n<tr>\n<td>TWM 2495 Ni SB<\/td>\n<td>apparence inox<\/td>\n<\/tr>\n<\/thead>\n<\/table>\n","protected":false},"excerpt":{"rendered":"<p>Butoir de porte magn\u00e9tique \u2022 pour fixation au mur \u2022 arr\u00eate et bloque la porte \u2022 surface en apparence inox, bross\u00e9e \u2022 laqu\u00e9e \u2022 avec mat\u00e9riau de fixation \u2022 \u00d8 33\/45 mm, longueur 95 mm \u2022 force de maintien : &hellip; <a class=\"kt-excerpt-readmore\" href=\"https:\/\/test.burgwaechterservice.de\/fr\/p\/portes-et-fenetres\/twm-2495-ni-sb\/\" aria-label=\"Butoir de porte magn\u00e9tique TWM 2495 Ni\">Lire la suite<\/a><\/p>\n","protected":false},"featured_media":32306,"comment_status":"closed","ping_status":"closed","template":"","meta":[],"product_cat":[35,3899],"product_tag":[],"yoast_head":"<!-- This site is optimized with the Yoast SEO Premium plugin v18.4 (Yoast SEO v19.13) - https:\/\/yoast.com\/wordpress\/plugins\/seo\/ -->\n<title>Butoir de porte magn\u00e9tique TWM 2495 Ni - BURG-W\u00c4CHTER<\/title>\n<meta name=\"description\" content=\"Butoir de porte magn\u00e9tique \u2022 pour fixation au mur \u2022 arr\u00eate et bloque la porte \u2022 surface en apparence inox, bross\u00e9e \u2022 laqu\u00e9e \u2022 avec mat\u00e9riau de fixation \u2022\" \/>\n<meta name=\"robots\" content=\"index, follow, max-snippet:-1, max-image-preview:large, max-video-preview:-1\" \/>\n<link rel=\"canonical\" href=\"https:\/\/test.burgwaechterservice.de\/fr\/p\/portes-et-fenetres\/twm-2495-ni-sb\/\" \/>\n<meta property=\"og:locale\" content=\"fr_FR\" \/>\n<meta property=\"og:type\" content=\"article\" \/>\n<meta property=\"og:title\" content=\"Butoir de porte magn\u00e9tique TWM 2495 Ni\" \/>\n<meta property=\"og:description\" content=\"Butoir de porte magn\u00e9tique \u2022 pour fixation au mur \u2022 arr\u00eate et bloque la porte \u2022 surface en apparence inox, bross\u00e9e \u2022 laqu\u00e9e \u2022 avec mat\u00e9riau de fixation \u2022\" \/>\n<meta property=\"og:url\" content=\"https:\/\/test.burgwaechterservice.de\/fr\/p\/portes-et-fenetres\/twm-2495-ni-sb\/\" \/>\n<meta property=\"og:site_name\" content=\"Burg-W\u00e4chter France\" \/>\n<meta property=\"article:modified_time\" content=\"2018-07-30T11:36:41+00:00\" \/>\n<meta property=\"og:image\" content=\"https:\/\/test.burgwaechterservice.de\/fr\/wp-content\/uploads\/sites\/4\/2016\/07\/T\u00fcrstopper_Magnet_TWM_2495_Ni_157213-01.jpg\" \/>\n\t<meta property=\"og:image:width\" content=\"1000\" \/>\n\t<meta property=\"og:image:height\" content=\"1000\" \/>\n\t<meta property=\"og:image:type\" content=\"image\/jpeg\" \/>\n<meta name=\"twitter:card\" content=\"summary_large_image\" \/>\n<!-- \/ Yoast SEO Premium plugin. -->","yoast_head_json":{"title":"Butoir de porte magn\u00e9tique TWM 2495 Ni - BURG-W\u00c4CHTER","description":"Butoir de porte magn\u00e9tique \u2022 pour fixation au mur \u2022 arr\u00eate et bloque la porte \u2022 surface en apparence inox, bross\u00e9e \u2022 laqu\u00e9e \u2022 avec mat\u00e9riau de fixation \u2022","robots":{"index":"index","follow":"follow","max-snippet":"max-snippet:-1","max-image-preview":"max-image-preview:large","max-video-preview":"max-video-preview:-1"},"canonical":"https:\/\/test.burgwaechterservice.de\/fr\/p\/portes-et-fenetres\/twm-2495-ni-sb\/","og_locale":"fr_FR","og_type":"article","og_title":"Butoir de porte magn\u00e9tique TWM 2495 Ni","og_description":"Butoir de porte magn\u00e9tique \u2022 pour fixation au mur \u2022 arr\u00eate et bloque la porte \u2022 surface en apparence inox, bross\u00e9e \u2022 laqu\u00e9e \u2022 avec mat\u00e9riau de fixation \u2022","og_url":"https:\/\/test.burgwaechterservice.de\/fr\/p\/portes-et-fenetres\/twm-2495-ni-sb\/","og_site_name":"Burg-W\u00e4chter France","article_modified_time":"2018-07-30T11:36:41+00:00","og_image":[{"width":1000,"height":1000,"url":"https:\/\/test.burgwaechterservice.de\/fr\/wp-content\/uploads\/sites\/4\/2016\/07\/T\u00fcrstopper_Magnet_TWM_2495_Ni_157213-01.jpg","type":"image\/jpeg"}],"twitter_card":"summary_large_image","schema":{"@context":"https:\/\/schema.org","@graph":[{"@type":"WebPage","@id":"https:\/\/test.burgwaechterservice.de\/fr\/p\/portes-et-fenetres\/twm-2495-ni-sb\/","url":"https:\/\/test.burgwaechterservice.de\/fr\/p\/portes-et-fenetres\/twm-2495-ni-sb\/","name":"Butoir de porte magn\u00e9tique TWM 2495 Ni - BURG-W\u00c4CHTER","isPartOf":{"@id":"https:\/\/test.burgwaechterservice.de\/fr\/#website"},"datePublished":"2016-07-18T09:02:01+00:00","dateModified":"2018-07-30T11:36:41+00:00","description":"Butoir de porte magn\u00e9tique \u2022 pour fixation au mur \u2022 arr\u00eate et bloque la porte \u2022 surface en apparence inox, bross\u00e9e \u2022 laqu\u00e9e \u2022 avec mat\u00e9riau de fixation \u2022","breadcrumb":{"@id":"https:\/\/test.burgwaechterservice.de\/fr\/p\/portes-et-fenetres\/twm-2495-ni-sb\/#breadcrumb"},"inLanguage":"fr-FR","potentialAction":[{"@type":"ReadAction","target":["https:\/\/test.burgwaechterservice.de\/fr\/p\/portes-et-fenetres\/twm-2495-ni-sb\/"]}]},{"@type":"BreadcrumbList","@id":"https:\/\/test.burgwaechterservice.de\/fr\/p\/portes-et-fenetres\/twm-2495-ni-sb\/#breadcrumb","itemListElement":[{"@type":"ListItem","position":1,"name":"Accueil","item":"https:\/\/test.burgwaechterservice.de\/fr\/"},{"@type":"ListItem","position":2,"name":"Produits","item":"https:\/\/test.burgwaechterservice.de\/fr\/p\/"},{"@type":"ListItem","position":3,"name":"Butoir de porte magn\u00e9tique TWM 2495 Ni"}]},{"@type":"WebSite","@id":"https:\/\/test.burgwaechterservice.de\/fr\/#website","url":"https:\/\/test.burgwaechterservice.de\/fr\/","name":"Burg-W\u00e4chter France","description":"Le choix le plus s\u00fbr!","potentialAction":[{"@type":"SearchAction","target":{"@type":"EntryPoint","urlTemplate":"https:\/\/test.burgwaechterservice.de\/fr\/?s={search_term_string}"},"query-input":"required name=search_term_string"}],"inLanguage":"fr-FR"}]}},"_links":{"self":[{"href":"https:\/\/test.burgwaechterservice.de\/fr\/wp-json\/wp\/v2\/product\/31902"}],"collection":[{"href":"https:\/\/test.burgwaechterservice.de\/fr\/wp-json\/wp\/v2\/product"}],"about":[{"href":"https:\/\/test.burgwaechterservice.de\/fr\/wp-json\/wp\/v2\/types\/product"}],"replies":[{"embeddable":true,"href":"https:\/\/test.burgwaechterservice.de\/fr\/wp-json\/wp\/v2\/comments?post=31902"}],"wp:featuredmedia":[{"embeddable":true,"href":"https:\/\/test.burgwaechterservice.de\/fr\/wp-json\/wp\/v2\/media\/32306"}],"wp:attachment":[{"href":"https:\/\/test.burgwaechterservice.de\/fr\/wp-json\/wp\/v2\/media?parent=31902"}],"wp:term":[{"taxonomy":"product_cat","embeddable":true,"href":"https:\/\/test.burgwaechterservice.de\/fr\/wp-json\/wp\/v2\/product_cat?post=31902"},{"taxonomy":"product_tag","embeddable":true,"href":"https:\/\/test.burgwaechterservice.de\/fr\/wp-json\/wp\/v2\/product_tag?post=31902"}],"curies":[{"name":"wp","href":"https:\/\/api.w.org\/{rel}","templated":true}]}}