{"id":31900,"date":"2016-07-18T10:54:43","date_gmt":"2016-07-18T08:54:43","guid":{"rendered":"https:\/\/www.burg.biz\/?post_type=product&#038;p=31900"},"modified":"2018-07-30T13:36:41","modified_gmt":"2018-07-30T11:36:41","slug":"tsb-2585","status":"publish","type":"product","link":"https:\/\/test.burgwaechterservice.de\/fr\/p\/portes-et-fenetres\/tsb-2585\/","title":{"rendered":"Butoir de porte en c\u00f4ne TSB 2585"},"content":{"rendered":"<h2>Butoir de porte en c\u00f4ne<\/h2>\n<p>\u00c0 cause de sa construction et le c\u00f4ne en caoutchouc tr\u00e8s haut, le butoir de porte TSB 2585 se pr\u00eate tr\u00e8s bien aux portes du balcon ou des battants de fen\u00eatre, ayant un \u00e9cart plus haut au sol ou \u00e0 la tablette d\u2019appui.<\/p>\n<p>\u2022 efficace et esth\u00e9tique<br \/>\n\u2022 acier chrom\u00e9 &#8211; inoxydable<br \/>\n\u2022 pas de fixation \u2013 nombreuses applications<br \/>\n\u2022 pied et capot en caoutchouc pour un arr\u00eat en douceur<br \/>\n\u2022 \u00d8 85 mm, hauteur : 62 mm, poids : 1050 g<\/p>\n<p>&nbsp;<\/p>\n<table class=\"ausfuehrung\">\n<thead>\n<tr>\n<td>Article<\/td>\n<td>Finition<\/td>\n<\/tr>\n<tr>\n<td>TSB 2585 CR<\/td>\n<td>acier chrom\u00e9<\/td>\n<\/tr>\n<\/thead>\n<\/table>\n","protected":false},"excerpt":{"rendered":"<p>Butoir de porte en c\u00f4ne \u00c0 cause de sa construction et le c\u00f4ne en caoutchouc tr\u00e8s haut, le butoir de porte TSB 2585 se pr\u00eate tr\u00e8s bien aux portes du balcon ou des battants de fen\u00eatre, ayant un \u00e9cart plus &hellip; <a class=\"kt-excerpt-readmore\" href=\"https:\/\/test.burgwaechterservice.de\/fr\/p\/portes-et-fenetres\/tsb-2585\/\" aria-label=\"Butoir de porte en c\u00f4ne TSB 2585\">Lire la suite<\/a><\/p>\n","protected":false},"featured_media":32307,"comment_status":"closed","ping_status":"closed","template":"","meta":[],"product_cat":[35,3899],"product_tag":[],"yoast_head":"<!-- This site is optimized with the Yoast SEO Premium plugin v18.4 (Yoast SEO v19.13) - https:\/\/yoast.com\/wordpress\/plugins\/seo\/ -->\n<title>TSB 2585 - Burg-W\u00e4chter<\/title>\n<meta name=\"description\" content=\"Butoir de porte en c\u00f4ne \u00c0 cause de sa construction et le c\u00f4ne en caoutchouc tr\u00e8s haut, le butoir de porte TSB 2585 se pr\u00eate tr\u00e8s bien aux portes du balcon\" \/>\n<meta name=\"robots\" content=\"index, follow, max-snippet:-1, max-image-preview:large, max-video-preview:-1\" \/>\n<link rel=\"canonical\" href=\"https:\/\/test.burgwaechterservice.de\/fr\/p\/portes-et-fenetres\/tsb-2585\/\" \/>\n<meta property=\"og:locale\" content=\"fr_FR\" \/>\n<meta property=\"og:type\" content=\"article\" \/>\n<meta property=\"og:title\" content=\"Butoir de porte en c\u00f4ne TSB 2585\" \/>\n<meta property=\"og:description\" content=\"Butoir de porte en c\u00f4ne \u00c0 cause de sa construction et le c\u00f4ne en caoutchouc tr\u00e8s haut, le butoir de porte TSB 2585 se pr\u00eate tr\u00e8s bien aux portes du balcon\" \/>\n<meta property=\"og:url\" content=\"https:\/\/test.burgwaechterservice.de\/fr\/p\/portes-et-fenetres\/tsb-2585\/\" \/>\n<meta property=\"og:site_name\" content=\"Burg-W\u00e4chter France\" \/>\n<meta property=\"article:modified_time\" content=\"2018-07-30T11:36:41+00:00\" \/>\n<meta property=\"og:image\" content=\"https:\/\/test.burgwaechterservice.de\/fr\/wp-content\/uploads\/sites\/4\/2016\/07\/T\u00fcrstopper_TSB_2585_CR_159200-01.jpg\" \/>\n\t<meta property=\"og:image:width\" content=\"1181\" \/>\n\t<meta property=\"og:image:height\" content=\"1181\" \/>\n\t<meta property=\"og:image:type\" content=\"image\/jpeg\" \/>\n<meta name=\"twitter:card\" content=\"summary_large_image\" \/>\n<!-- \/ Yoast SEO Premium plugin. -->","yoast_head_json":{"title":"TSB 2585 - Burg-W\u00e4chter","description":"Butoir de porte en c\u00f4ne \u00c0 cause de sa construction et le c\u00f4ne en caoutchouc tr\u00e8s haut, le butoir de porte TSB 2585 se pr\u00eate tr\u00e8s bien aux portes du balcon","robots":{"index":"index","follow":"follow","max-snippet":"max-snippet:-1","max-image-preview":"max-image-preview:large","max-video-preview":"max-video-preview:-1"},"canonical":"https:\/\/test.burgwaechterservice.de\/fr\/p\/portes-et-fenetres\/tsb-2585\/","og_locale":"fr_FR","og_type":"article","og_title":"Butoir de porte en c\u00f4ne TSB 2585","og_description":"Butoir de porte en c\u00f4ne \u00c0 cause de sa construction et le c\u00f4ne en caoutchouc tr\u00e8s haut, le butoir de porte TSB 2585 se pr\u00eate tr\u00e8s bien aux portes du balcon","og_url":"https:\/\/test.burgwaechterservice.de\/fr\/p\/portes-et-fenetres\/tsb-2585\/","og_site_name":"Burg-W\u00e4chter France","article_modified_time":"2018-07-30T11:36:41+00:00","og_image":[{"width":1181,"height":1181,"url":"https:\/\/test.burgwaechterservice.de\/fr\/wp-content\/uploads\/sites\/4\/2016\/07\/T\u00fcrstopper_TSB_2585_CR_159200-01.jpg","type":"image\/jpeg"}],"twitter_card":"summary_large_image","schema":{"@context":"https:\/\/schema.org","@graph":[{"@type":"WebPage","@id":"https:\/\/test.burgwaechterservice.de\/fr\/p\/portes-et-fenetres\/tsb-2585\/","url":"https:\/\/test.burgwaechterservice.de\/fr\/p\/portes-et-fenetres\/tsb-2585\/","name":"TSB 2585 - Burg-W\u00e4chter","isPartOf":{"@id":"https:\/\/test.burgwaechterservice.de\/fr\/#website"},"datePublished":"2016-07-18T08:54:43+00:00","dateModified":"2018-07-30T11:36:41+00:00","description":"Butoir de porte en c\u00f4ne \u00c0 cause de sa construction et le c\u00f4ne en caoutchouc tr\u00e8s haut, le butoir de porte TSB 2585 se pr\u00eate tr\u00e8s bien aux portes du balcon","breadcrumb":{"@id":"https:\/\/test.burgwaechterservice.de\/fr\/p\/portes-et-fenetres\/tsb-2585\/#breadcrumb"},"inLanguage":"fr-FR","potentialAction":[{"@type":"ReadAction","target":["https:\/\/test.burgwaechterservice.de\/fr\/p\/portes-et-fenetres\/tsb-2585\/"]}]},{"@type":"BreadcrumbList","@id":"https:\/\/test.burgwaechterservice.de\/fr\/p\/portes-et-fenetres\/tsb-2585\/#breadcrumb","itemListElement":[{"@type":"ListItem","position":1,"name":"Accueil","item":"https:\/\/test.burgwaechterservice.de\/fr\/"},{"@type":"ListItem","position":2,"name":"Produits","item":"https:\/\/test.burgwaechterservice.de\/fr\/p\/"},{"@type":"ListItem","position":3,"name":"Butoir de porte en c\u00f4ne TSB 2585"}]},{"@type":"WebSite","@id":"https:\/\/test.burgwaechterservice.de\/fr\/#website","url":"https:\/\/test.burgwaechterservice.de\/fr\/","name":"Burg-W\u00e4chter France","description":"Le choix le plus s\u00fbr!","potentialAction":[{"@type":"SearchAction","target":{"@type":"EntryPoint","urlTemplate":"https:\/\/test.burgwaechterservice.de\/fr\/?s={search_term_string}"},"query-input":"required name=search_term_string"}],"inLanguage":"fr-FR"}]}},"_links":{"self":[{"href":"https:\/\/test.burgwaechterservice.de\/fr\/wp-json\/wp\/v2\/product\/31900"}],"collection":[{"href":"https:\/\/test.burgwaechterservice.de\/fr\/wp-json\/wp\/v2\/product"}],"about":[{"href":"https:\/\/test.burgwaechterservice.de\/fr\/wp-json\/wp\/v2\/types\/product"}],"replies":[{"embeddable":true,"href":"https:\/\/test.burgwaechterservice.de\/fr\/wp-json\/wp\/v2\/comments?post=31900"}],"wp:featuredmedia":[{"embeddable":true,"href":"https:\/\/test.burgwaechterservice.de\/fr\/wp-json\/wp\/v2\/media\/32307"}],"wp:attachment":[{"href":"https:\/\/test.burgwaechterservice.de\/fr\/wp-json\/wp\/v2\/media?parent=31900"}],"wp:term":[{"taxonomy":"product_cat","embeddable":true,"href":"https:\/\/test.burgwaechterservice.de\/fr\/wp-json\/wp\/v2\/product_cat?post=31900"},{"taxonomy":"product_tag","embeddable":true,"href":"https:\/\/test.burgwaechterservice.de\/fr\/wp-json\/wp\/v2\/product_tag?post=31900"}],"curies":[{"name":"wp","href":"https:\/\/api.w.org\/{rel}","templated":true}]}}