{"id":31891,"date":"2016-07-18T10:19:39","date_gmt":"2016-07-18T08:19:39","guid":{"rendered":"https:\/\/www.burg.biz\/?post_type=product&#038;p=31891"},"modified":"2019-08-20T10:23:50","modified_gmt":"2019-08-20T08:23:50","slug":"tsb-2590","status":"publish","type":"product","link":"https:\/\/test.burgwaechterservice.de\/fr\/p\/portes-et-fenetres\/tsb-2590\/","title":{"rendered":"Butoir de porte TSB 2590 Ni"},"content":{"rendered":"<h2>\u00a0Butoir de porte<\/h2>\n<ul>\n<li>pas de fixation<\/li>\n<li>utilisation flexible<\/li>\n<li>poids \u00e9lev\u00e9 gr\u00e2ce au c\u0153ur en acier massif<\/li>\n<li>semelle et cercle en caoutchouc pour un arr\u00eat en douceur<\/li>\n<li>hauteur 35 mm, \u00d8 env.95 mm<\/li>\n<li>poids env. 1300 g<\/li>\n<\/ul>\n","protected":false},"excerpt":{"rendered":"<p>\u00a0Butoir de porte pas de fixation utilisation flexible poids \u00e9lev\u00e9 gr\u00e2ce au c\u0153ur en acier massif semelle et cercle en caoutchouc pour un arr\u00eat en douceur hauteur 35 mm, \u00d8 env.95 mm poids env. 1300 g<\/p>\n","protected":false},"featured_media":286122,"comment_status":"closed","ping_status":"closed","template":"","meta":[],"product_cat":[35,3899],"product_tag":[],"yoast_head":"<!-- This site is optimized with the Yoast SEO Premium plugin v18.4 (Yoast SEO v19.13) - https:\/\/yoast.com\/wordpress\/plugins\/seo\/ -->\n<title>TSB 2590 - Burg-W\u00e4chter<\/title>\n<meta name=\"description\" content=\"\u00a0Butoir de porte pas de fixation utilisation flexible poids \u00e9lev\u00e9 gr\u00e2ce au c\u0153ur en acier massif semelle et cercle en caoutchouc pour un arr\u00eat en douceur\" \/>\n<meta name=\"robots\" content=\"index, follow, max-snippet:-1, max-image-preview:large, max-video-preview:-1\" \/>\n<link rel=\"canonical\" href=\"https:\/\/test.burgwaechterservice.de\/fr\/p\/portes-et-fenetres\/tsb-2590\/\" \/>\n<meta property=\"og:locale\" content=\"fr_FR\" \/>\n<meta property=\"og:type\" content=\"article\" \/>\n<meta property=\"og:title\" content=\"Butoir de porte TSB 2590 Ni\" \/>\n<meta property=\"og:description\" content=\"\u00a0Butoir de porte pas de fixation utilisation flexible poids \u00e9lev\u00e9 gr\u00e2ce au c\u0153ur en acier massif semelle et cercle en caoutchouc pour un arr\u00eat en douceur\" \/>\n<meta property=\"og:url\" content=\"https:\/\/test.burgwaechterservice.de\/fr\/p\/portes-et-fenetres\/tsb-2590\/\" \/>\n<meta property=\"og:site_name\" content=\"Burg-W\u00e4chter France\" \/>\n<meta property=\"article:modified_time\" content=\"2019-08-20T08:23:50+00:00\" \/>\n<meta property=\"og:image\" content=\"https:\/\/test.burgwaechterservice.de\/fr\/wp-content\/uploads\/sites\/4\/2016\/07\/Butoir-de-porte-TSB-2590.jpg\" \/>\n\t<meta property=\"og:image:width\" content=\"800\" \/>\n\t<meta property=\"og:image:height\" content=\"800\" \/>\n\t<meta property=\"og:image:type\" content=\"image\/jpeg\" \/>\n<meta name=\"twitter:card\" content=\"summary_large_image\" \/>\n<!-- \/ Yoast SEO Premium plugin. -->","yoast_head_json":{"title":"TSB 2590 - Burg-W\u00e4chter","description":"\u00a0Butoir de porte pas de fixation utilisation flexible poids \u00e9lev\u00e9 gr\u00e2ce au c\u0153ur en acier massif semelle et cercle en caoutchouc pour un arr\u00eat en douceur","robots":{"index":"index","follow":"follow","max-snippet":"max-snippet:-1","max-image-preview":"max-image-preview:large","max-video-preview":"max-video-preview:-1"},"canonical":"https:\/\/test.burgwaechterservice.de\/fr\/p\/portes-et-fenetres\/tsb-2590\/","og_locale":"fr_FR","og_type":"article","og_title":"Butoir de porte TSB 2590 Ni","og_description":"\u00a0Butoir de porte pas de fixation utilisation flexible poids \u00e9lev\u00e9 gr\u00e2ce au c\u0153ur en acier massif semelle et cercle en caoutchouc pour un arr\u00eat en douceur","og_url":"https:\/\/test.burgwaechterservice.de\/fr\/p\/portes-et-fenetres\/tsb-2590\/","og_site_name":"Burg-W\u00e4chter France","article_modified_time":"2019-08-20T08:23:50+00:00","og_image":[{"width":800,"height":800,"url":"https:\/\/test.burgwaechterservice.de\/fr\/wp-content\/uploads\/sites\/4\/2016\/07\/Butoir-de-porte-TSB-2590.jpg","type":"image\/jpeg"}],"twitter_card":"summary_large_image","schema":{"@context":"https:\/\/schema.org","@graph":[{"@type":"WebPage","@id":"https:\/\/test.burgwaechterservice.de\/fr\/p\/portes-et-fenetres\/tsb-2590\/","url":"https:\/\/test.burgwaechterservice.de\/fr\/p\/portes-et-fenetres\/tsb-2590\/","name":"TSB 2590 - Burg-W\u00e4chter","isPartOf":{"@id":"https:\/\/test.burgwaechterservice.de\/fr\/#website"},"datePublished":"2016-07-18T08:19:39+00:00","dateModified":"2019-08-20T08:23:50+00:00","description":"\u00a0Butoir de porte pas de fixation utilisation flexible poids \u00e9lev\u00e9 gr\u00e2ce au c\u0153ur en acier massif semelle et cercle en caoutchouc pour un arr\u00eat en douceur","breadcrumb":{"@id":"https:\/\/test.burgwaechterservice.de\/fr\/p\/portes-et-fenetres\/tsb-2590\/#breadcrumb"},"inLanguage":"fr-FR","potentialAction":[{"@type":"ReadAction","target":["https:\/\/test.burgwaechterservice.de\/fr\/p\/portes-et-fenetres\/tsb-2590\/"]}]},{"@type":"BreadcrumbList","@id":"https:\/\/test.burgwaechterservice.de\/fr\/p\/portes-et-fenetres\/tsb-2590\/#breadcrumb","itemListElement":[{"@type":"ListItem","position":1,"name":"Accueil","item":"https:\/\/test.burgwaechterservice.de\/fr\/"},{"@type":"ListItem","position":2,"name":"Produits","item":"https:\/\/test.burgwaechterservice.de\/fr\/p\/"},{"@type":"ListItem","position":3,"name":"Butoir de porte TSB 2590 Ni"}]},{"@type":"WebSite","@id":"https:\/\/test.burgwaechterservice.de\/fr\/#website","url":"https:\/\/test.burgwaechterservice.de\/fr\/","name":"Burg-W\u00e4chter France","description":"Le choix le plus s\u00fbr!","potentialAction":[{"@type":"SearchAction","target":{"@type":"EntryPoint","urlTemplate":"https:\/\/test.burgwaechterservice.de\/fr\/?s={search_term_string}"},"query-input":"required name=search_term_string"}],"inLanguage":"fr-FR"}]}},"_links":{"self":[{"href":"https:\/\/test.burgwaechterservice.de\/fr\/wp-json\/wp\/v2\/product\/31891"}],"collection":[{"href":"https:\/\/test.burgwaechterservice.de\/fr\/wp-json\/wp\/v2\/product"}],"about":[{"href":"https:\/\/test.burgwaechterservice.de\/fr\/wp-json\/wp\/v2\/types\/product"}],"replies":[{"embeddable":true,"href":"https:\/\/test.burgwaechterservice.de\/fr\/wp-json\/wp\/v2\/comments?post=31891"}],"wp:featuredmedia":[{"embeddable":true,"href":"https:\/\/test.burgwaechterservice.de\/fr\/wp-json\/wp\/v2\/media\/286122"}],"wp:attachment":[{"href":"https:\/\/test.burgwaechterservice.de\/fr\/wp-json\/wp\/v2\/media?parent=31891"}],"wp:term":[{"taxonomy":"product_cat","embeddable":true,"href":"https:\/\/test.burgwaechterservice.de\/fr\/wp-json\/wp\/v2\/product_cat?post=31891"},{"taxonomy":"product_tag","embeddable":true,"href":"https:\/\/test.burgwaechterservice.de\/fr\/wp-json\/wp\/v2\/product_tag?post=31891"}],"curies":[{"name":"wp","href":"https:\/\/api.w.org\/{rel}","templated":true}]}}