{"id":31879,"date":"2016-07-18T09:51:50","date_gmt":"2016-07-18T07:51:50","guid":{"rendered":"https:\/\/www.burg.biz\/?post_type=product&#038;p=31879"},"modified":"2018-07-30T13:37:33","modified_gmt":"2018-07-30T11:37:33","slug":"th-68","status":"publish","type":"product","link":"https:\/\/test.burgwaechterservice.de\/fr\/p\/portes-et-fenetres\/th-68\/","title":{"rendered":"L\u00e8ve-porte TH 68"},"content":{"rendered":"<h2>L\u00e8ve-porte<\/h2>\n<p>\u2022 avec vis<br \/>\n\u2022 lev\u00e9e ajustable de 9 \u00e0 16 mm<\/p>\n<p>&nbsp;<\/p>\n<table class=\"ausfuehrung\">\n<thead>\n<tr>\n<td>Article<\/td>\n<td>Finition<\/td>\n<\/tr>\n<tr>\n<td>TH 68 SB<\/td>\n<td>chrom\u00e9<\/td>\n<\/tr>\n<\/thead>\n<tbody>\n<tr>\n<td>THM 68 SB<\/td>\n<td>laiton<\/td>\n<\/tr>\n<\/tbody>\n<\/table>\n","protected":false},"excerpt":{"rendered":"<p>L\u00e8ve-porte \u2022 avec vis \u2022 lev\u00e9e ajustable de 9 \u00e0 16 mm &nbsp; Article Finition TH 68 SB chrom\u00e9 THM 68 SB laiton<\/p>\n","protected":false},"featured_media":32336,"comment_status":"closed","ping_status":"closed","template":"","meta":[],"product_cat":[35,3902],"product_tag":[],"yoast_head":"<!-- This site is optimized with the Yoast SEO Premium plugin v18.4 (Yoast SEO v19.13) - https:\/\/yoast.com\/wordpress\/plugins\/seo\/ -->\n<title>TH 68 - Burg-W\u00e4chter<\/title>\n<meta name=\"description\" content=\"L\u00e8ve-porte \u2022 avec vis \u2022 lev\u00e9e ajustable de 9 \u00e0 16 mm  &nbsp;    Article Finition   TH 68 SB chrom\u00e9     THM 68 SB laiton\" \/>\n<meta name=\"robots\" content=\"index, follow, max-snippet:-1, max-image-preview:large, max-video-preview:-1\" \/>\n<link rel=\"canonical\" href=\"https:\/\/test.burgwaechterservice.de\/fr\/p\/portes-et-fenetres\/th-68\/\" \/>\n<meta property=\"og:locale\" content=\"fr_FR\" \/>\n<meta property=\"og:type\" content=\"article\" \/>\n<meta property=\"og:title\" content=\"L\u00e8ve-porte TH 68\" \/>\n<meta property=\"og:description\" content=\"L\u00e8ve-porte \u2022 avec vis \u2022 lev\u00e9e ajustable de 9 \u00e0 16 mm  &nbsp;    Article Finition   TH 68 SB chrom\u00e9     THM 68 SB laiton\" \/>\n<meta property=\"og:url\" content=\"https:\/\/test.burgwaechterservice.de\/fr\/p\/portes-et-fenetres\/th-68\/\" \/>\n<meta property=\"og:site_name\" content=\"Burg-W\u00e4chter France\" \/>\n<meta property=\"article:modified_time\" content=\"2018-07-30T11:37:33+00:00\" \/>\n<meta property=\"og:image\" content=\"https:\/\/test.burgwaechterservice.de\/fr\/wp-content\/uploads\/sites\/4\/2016\/07\/T\u00fcrheber_TH_68_054314-01.jpg\" \/>\n\t<meta property=\"og:image:width\" content=\"1722\" \/>\n\t<meta property=\"og:image:height\" content=\"1722\" \/>\n\t<meta property=\"og:image:type\" content=\"image\/jpeg\" \/>\n<meta name=\"twitter:card\" content=\"summary_large_image\" \/>\n<!-- \/ Yoast SEO Premium plugin. -->","yoast_head_json":{"title":"TH 68 - Burg-W\u00e4chter","description":"L\u00e8ve-porte \u2022 avec vis \u2022 lev\u00e9e ajustable de 9 \u00e0 16 mm  &nbsp;    Article Finition   TH 68 SB chrom\u00e9     THM 68 SB laiton","robots":{"index":"index","follow":"follow","max-snippet":"max-snippet:-1","max-image-preview":"max-image-preview:large","max-video-preview":"max-video-preview:-1"},"canonical":"https:\/\/test.burgwaechterservice.de\/fr\/p\/portes-et-fenetres\/th-68\/","og_locale":"fr_FR","og_type":"article","og_title":"L\u00e8ve-porte TH 68","og_description":"L\u00e8ve-porte \u2022 avec vis \u2022 lev\u00e9e ajustable de 9 \u00e0 16 mm  &nbsp;    Article Finition   TH 68 SB chrom\u00e9     THM 68 SB laiton","og_url":"https:\/\/test.burgwaechterservice.de\/fr\/p\/portes-et-fenetres\/th-68\/","og_site_name":"Burg-W\u00e4chter France","article_modified_time":"2018-07-30T11:37:33+00:00","og_image":[{"width":1722,"height":1722,"url":"https:\/\/test.burgwaechterservice.de\/fr\/wp-content\/uploads\/sites\/4\/2016\/07\/T\u00fcrheber_TH_68_054314-01.jpg","type":"image\/jpeg"}],"twitter_card":"summary_large_image","schema":{"@context":"https:\/\/schema.org","@graph":[{"@type":"WebPage","@id":"https:\/\/test.burgwaechterservice.de\/fr\/p\/portes-et-fenetres\/th-68\/","url":"https:\/\/test.burgwaechterservice.de\/fr\/p\/portes-et-fenetres\/th-68\/","name":"TH 68 - Burg-W\u00e4chter","isPartOf":{"@id":"https:\/\/test.burgwaechterservice.de\/fr\/#website"},"datePublished":"2016-07-18T07:51:50+00:00","dateModified":"2018-07-30T11:37:33+00:00","description":"L\u00e8ve-porte \u2022 avec vis \u2022 lev\u00e9e ajustable de 9 \u00e0 16 mm &nbsp; Article Finition TH 68 SB chrom\u00e9 THM 68 SB laiton","breadcrumb":{"@id":"https:\/\/test.burgwaechterservice.de\/fr\/p\/portes-et-fenetres\/th-68\/#breadcrumb"},"inLanguage":"fr-FR","potentialAction":[{"@type":"ReadAction","target":["https:\/\/test.burgwaechterservice.de\/fr\/p\/portes-et-fenetres\/th-68\/"]}]},{"@type":"BreadcrumbList","@id":"https:\/\/test.burgwaechterservice.de\/fr\/p\/portes-et-fenetres\/th-68\/#breadcrumb","itemListElement":[{"@type":"ListItem","position":1,"name":"Accueil","item":"https:\/\/test.burgwaechterservice.de\/fr\/"},{"@type":"ListItem","position":2,"name":"Produits","item":"https:\/\/test.burgwaechterservice.de\/fr\/p\/"},{"@type":"ListItem","position":3,"name":"L\u00e8ve-porte TH 68"}]},{"@type":"WebSite","@id":"https:\/\/test.burgwaechterservice.de\/fr\/#website","url":"https:\/\/test.burgwaechterservice.de\/fr\/","name":"Burg-W\u00e4chter France","description":"Le choix le plus s\u00fbr!","potentialAction":[{"@type":"SearchAction","target":{"@type":"EntryPoint","urlTemplate":"https:\/\/test.burgwaechterservice.de\/fr\/?s={search_term_string}"},"query-input":"required name=search_term_string"}],"inLanguage":"fr-FR"}]}},"_links":{"self":[{"href":"https:\/\/test.burgwaechterservice.de\/fr\/wp-json\/wp\/v2\/product\/31879"}],"collection":[{"href":"https:\/\/test.burgwaechterservice.de\/fr\/wp-json\/wp\/v2\/product"}],"about":[{"href":"https:\/\/test.burgwaechterservice.de\/fr\/wp-json\/wp\/v2\/types\/product"}],"replies":[{"embeddable":true,"href":"https:\/\/test.burgwaechterservice.de\/fr\/wp-json\/wp\/v2\/comments?post=31879"}],"wp:featuredmedia":[{"embeddable":true,"href":"https:\/\/test.burgwaechterservice.de\/fr\/wp-json\/wp\/v2\/media\/32336"}],"wp:attachment":[{"href":"https:\/\/test.burgwaechterservice.de\/fr\/wp-json\/wp\/v2\/media?parent=31879"}],"wp:term":[{"taxonomy":"product_cat","embeddable":true,"href":"https:\/\/test.burgwaechterservice.de\/fr\/wp-json\/wp\/v2\/product_cat?post=31879"},{"taxonomy":"product_tag","embeddable":true,"href":"https:\/\/test.burgwaechterservice.de\/fr\/wp-json\/wp\/v2\/product_tag?post=31879"}],"curies":[{"name":"wp","href":"https:\/\/api.w.org\/{rel}","templated":true}]}}