{"id":31834,"date":"2016-07-21T12:09:03","date_gmt":"2016-07-21T10:09:03","guid":{"rendered":"https:\/\/www.burg.biz\/?post_type=product&#038;p=31834"},"modified":"2018-07-30T13:34:53","modified_gmt":"2018-07-30T11:34:53","slug":"gts-523-514","status":"publish","type":"product","link":"https:\/\/test.burgwaechterservice.de\/fr\/p\/portes-et-fenetres\/gts-523-514\/","title":{"rendered":"Ferme-porte GTS 513-514 \u00e0 bras \u00e0 coulisse"},"content":{"rendered":"<h2>Ferme-porte GTS 500 \u00e0 bras \u00e0 coulisse<\/h2>\n<p>\u2022 ferme-porte hydraulique<br \/>\n\u2022 vitesse de fermeture et \u00e0-coup final r\u00e9glable<br \/>\n\u2022 bras \u00e0 coulisse avec fonction d\u2019arr\u00eat r\u00e9glable<br \/>\n\u2022 la solution \u00e9l\u00e9gante<br \/>\n\u2022 longueur du rail : 425 mm<br \/>\n\u2022 3 ans de garantie<\/p>\n<ul>\n<li>GTS 513: f\u00fcr T\u00fcren bis 95 cm Breite und bis 60 kg Gewicht<\/li>\n<li>GTS 514: f\u00fcr T\u00fcren bis 110 cm Breite und bis 80 kg Gewicht<\/li>\n<\/ul>\n<table class=\"ausfuehrung\">\n<thead>\n<tr>\n<td>Article<\/td>\n<td>H x L x P (mm)<\/td>\n<td>Couleurs<\/td>\n<\/tr>\n<\/thead>\n<tbody>\n<tr>\n<td>GTS 513 S<\/td>\n<td>50 x 196 x 37<\/td>\n<td>argent<\/td>\n<\/tr>\n<tr>\n<td>GTS 514 S<\/td>\n<td>50 x 200 x 41<\/td>\n<td>argent<\/td>\n<\/tr>\n<\/tbody>\n<\/table>\n","protected":false},"excerpt":{"rendered":"<p>Ferme-porte GTS 500 \u00e0 bras \u00e0 coulisse \u2022 ferme-porte hydraulique \u2022 vitesse de fermeture et \u00e0-coup final r\u00e9glable \u2022 bras \u00e0 coulisse avec fonction d\u2019arr\u00eat r\u00e9glable \u2022 la solution \u00e9l\u00e9gante \u2022 longueur du rail : 425 mm \u2022 3 ans &hellip; <a class=\"kt-excerpt-readmore\" href=\"https:\/\/test.burgwaechterservice.de\/fr\/p\/portes-et-fenetres\/gts-523-514\/\" aria-label=\"Ferme-porte GTS 513-514 \u00e0 bras \u00e0 coulisse\">Lire la suite<\/a><\/p>\n","protected":false},"featured_media":32340,"comment_status":"closed","ping_status":"closed","template":"","meta":[],"product_cat":[35,3900],"product_tag":[],"yoast_head":"<!-- This site is optimized with the Yoast SEO Premium plugin v18.4 (Yoast SEO v19.13) - https:\/\/yoast.com\/wordpress\/plugins\/seo\/ -->\n<title>GTS 513-514 - Burg-W\u00e4chter<\/title>\n<meta name=\"description\" content=\"Ferme-porte GTS 500 \u00e0 bras \u00e0 coulisse \u2022 ferme-porte hydraulique \u2022 vitesse de fermeture et \u00e0-coup final r\u00e9glable \u2022 bras \u00e0 coulisse avec fonction d\u2019arr\u00eat\" \/>\n<meta name=\"robots\" content=\"index, follow, max-snippet:-1, max-image-preview:large, max-video-preview:-1\" \/>\n<link rel=\"canonical\" href=\"https:\/\/test.burgwaechterservice.de\/fr\/p\/portes-et-fenetres\/gts-523-514\/\" \/>\n<meta property=\"og:locale\" content=\"fr_FR\" \/>\n<meta property=\"og:type\" content=\"article\" \/>\n<meta property=\"og:title\" content=\"Ferme-porte GTS 513-514 \u00e0 bras \u00e0 coulisse\" \/>\n<meta property=\"og:description\" content=\"Ferme-porte GTS 500 \u00e0 bras \u00e0 coulisse \u2022 ferme-porte hydraulique \u2022 vitesse de fermeture et \u00e0-coup final r\u00e9glable \u2022 bras \u00e0 coulisse avec fonction d\u2019arr\u00eat\" \/>\n<meta property=\"og:url\" content=\"https:\/\/test.burgwaechterservice.de\/fr\/p\/portes-et-fenetres\/gts-523-514\/\" \/>\n<meta property=\"og:site_name\" content=\"Burg-W\u00e4chter France\" \/>\n<meta property=\"article:modified_time\" content=\"2018-07-30T11:34:53+00:00\" \/>\n<meta property=\"og:image\" content=\"https:\/\/test.burgwaechterservice.de\/fr\/wp-content\/uploads\/sites\/4\/2016\/07\/T\u00fcrschlie\u00dfer_GTS_513_S_185100-01.jpg\" \/>\n\t<meta property=\"og:image:width\" content=\"1181\" \/>\n\t<meta property=\"og:image:height\" content=\"1181\" \/>\n\t<meta property=\"og:image:type\" content=\"image\/jpeg\" \/>\n<meta name=\"twitter:card\" content=\"summary_large_image\" \/>\n<!-- \/ Yoast SEO Premium plugin. -->","yoast_head_json":{"title":"GTS 513-514 - Burg-W\u00e4chter","description":"Ferme-porte GTS 500 \u00e0 bras \u00e0 coulisse \u2022 ferme-porte hydraulique \u2022 vitesse de fermeture et \u00e0-coup final r\u00e9glable \u2022 bras \u00e0 coulisse avec fonction d\u2019arr\u00eat","robots":{"index":"index","follow":"follow","max-snippet":"max-snippet:-1","max-image-preview":"max-image-preview:large","max-video-preview":"max-video-preview:-1"},"canonical":"https:\/\/test.burgwaechterservice.de\/fr\/p\/portes-et-fenetres\/gts-523-514\/","og_locale":"fr_FR","og_type":"article","og_title":"Ferme-porte GTS 513-514 \u00e0 bras \u00e0 coulisse","og_description":"Ferme-porte GTS 500 \u00e0 bras \u00e0 coulisse \u2022 ferme-porte hydraulique \u2022 vitesse de fermeture et \u00e0-coup final r\u00e9glable \u2022 bras \u00e0 coulisse avec fonction d\u2019arr\u00eat","og_url":"https:\/\/test.burgwaechterservice.de\/fr\/p\/portes-et-fenetres\/gts-523-514\/","og_site_name":"Burg-W\u00e4chter France","article_modified_time":"2018-07-30T11:34:53+00:00","og_image":[{"width":1181,"height":1181,"url":"https:\/\/test.burgwaechterservice.de\/fr\/wp-content\/uploads\/sites\/4\/2016\/07\/T\u00fcrschlie\u00dfer_GTS_513_S_185100-01.jpg","type":"image\/jpeg"}],"twitter_card":"summary_large_image","schema":{"@context":"https:\/\/schema.org","@graph":[{"@type":"WebPage","@id":"https:\/\/test.burgwaechterservice.de\/fr\/p\/portes-et-fenetres\/gts-523-514\/","url":"https:\/\/test.burgwaechterservice.de\/fr\/p\/portes-et-fenetres\/gts-523-514\/","name":"GTS 513-514 - Burg-W\u00e4chter","isPartOf":{"@id":"https:\/\/test.burgwaechterservice.de\/fr\/#website"},"datePublished":"2016-07-21T10:09:03+00:00","dateModified":"2018-07-30T11:34:53+00:00","description":"Ferme-porte GTS 500 \u00e0 bras \u00e0 coulisse \u2022 ferme-porte hydraulique \u2022 vitesse de fermeture et \u00e0-coup final r\u00e9glable \u2022 bras \u00e0 coulisse avec fonction d\u2019arr\u00eat","breadcrumb":{"@id":"https:\/\/test.burgwaechterservice.de\/fr\/p\/portes-et-fenetres\/gts-523-514\/#breadcrumb"},"inLanguage":"fr-FR","potentialAction":[{"@type":"ReadAction","target":["https:\/\/test.burgwaechterservice.de\/fr\/p\/portes-et-fenetres\/gts-523-514\/"]}]},{"@type":"BreadcrumbList","@id":"https:\/\/test.burgwaechterservice.de\/fr\/p\/portes-et-fenetres\/gts-523-514\/#breadcrumb","itemListElement":[{"@type":"ListItem","position":1,"name":"Accueil","item":"https:\/\/test.burgwaechterservice.de\/fr\/"},{"@type":"ListItem","position":2,"name":"Produits","item":"https:\/\/test.burgwaechterservice.de\/fr\/p\/"},{"@type":"ListItem","position":3,"name":"Ferme-porte GTS 513-514 \u00e0 bras \u00e0 coulisse"}]},{"@type":"WebSite","@id":"https:\/\/test.burgwaechterservice.de\/fr\/#website","url":"https:\/\/test.burgwaechterservice.de\/fr\/","name":"Burg-W\u00e4chter France","description":"Le choix le plus s\u00fbr!","potentialAction":[{"@type":"SearchAction","target":{"@type":"EntryPoint","urlTemplate":"https:\/\/test.burgwaechterservice.de\/fr\/?s={search_term_string}"},"query-input":"required name=search_term_string"}],"inLanguage":"fr-FR"}]}},"_links":{"self":[{"href":"https:\/\/test.burgwaechterservice.de\/fr\/wp-json\/wp\/v2\/product\/31834"}],"collection":[{"href":"https:\/\/test.burgwaechterservice.de\/fr\/wp-json\/wp\/v2\/product"}],"about":[{"href":"https:\/\/test.burgwaechterservice.de\/fr\/wp-json\/wp\/v2\/types\/product"}],"replies":[{"embeddable":true,"href":"https:\/\/test.burgwaechterservice.de\/fr\/wp-json\/wp\/v2\/comments?post=31834"}],"wp:featuredmedia":[{"embeddable":true,"href":"https:\/\/test.burgwaechterservice.de\/fr\/wp-json\/wp\/v2\/media\/32340"}],"wp:attachment":[{"href":"https:\/\/test.burgwaechterservice.de\/fr\/wp-json\/wp\/v2\/media?parent=31834"}],"wp:term":[{"taxonomy":"product_cat","embeddable":true,"href":"https:\/\/test.burgwaechterservice.de\/fr\/wp-json\/wp\/v2\/product_cat?post=31834"},{"taxonomy":"product_tag","embeddable":true,"href":"https:\/\/test.burgwaechterservice.de\/fr\/wp-json\/wp\/v2\/product_tag?post=31834"}],"curies":[{"name":"wp","href":"https:\/\/api.w.org\/{rel}","templated":true}]}}