{"id":31811,"date":"2016-07-15T12:40:13","date_gmt":"2016-07-15T10:40:13","guid":{"rendered":"https:\/\/www.burg.biz\/?post_type=product&#038;p=31811"},"modified":"2019-08-14T11:46:48","modified_gmt":"2019-08-14T09:46:48","slug":"ts-4000","status":"publish","type":"product","link":"https:\/\/test.burgwaechterservice.de\/fr\/p\/portes-et-fenetres\/ts-4000\/","title":{"rendered":"Ferme-porte TS 4000 V"},"content":{"rendered":"<h2>Ferme-porte extra fort avec force de fermeture r\u00e9glable<\/h2>\n<p>\u2022 1 ferme-porte pour 6 forces de fermeture<br \/>\n\u2022 forces 1 &#8211; 6 pour portes avec une largeur de vantail juqu\u2018\u00e0 750, 850, 950, 1100, 1250 et 1400 mm<br \/>\n\u2022 force et vitesse de fermeture ainsi que l\u2018amortissement d\u2018ouverture hydraulique r\u00e9glable par devant<br \/>\n\u2022 montage simple et pratique: Indica tion optique de la force de fermeture<br \/>\n\u2022 \u00e0-coup final r\u00e9glable par le bras \u00e0 compas et la vitesse de fermeture<br \/>\n\u2022 test\u00e9e et fabriqu\u00e9 selon EN 1154<br \/>\n\u2022 admis pour porte coupe-feu et anti-feu (avec plaque de fixation TZB 4035)<br \/>\n\u2022 adapt\u00e9 pour une utilisation en ext\u00e9rieur<br \/>\n\u2022 5 ans de garantie<\/p>\n<p>&nbsp;<\/p>\n<table class=\"ausfuehrung\">\n<thead>\n<tr>\n<td>Article<\/td>\n<td>H x L x P (mm)<\/td>\n<td>Couleurs<\/td>\n<\/tr>\n<\/thead>\n<tbody>\n<tr>\n<td>TS 4000 V S<\/td>\n<td>60 x 288 x 47<\/td>\n<td>argent<\/td>\n<\/tr>\n<tr>\n<td>TS 4000 V W<\/td>\n<td>60 x 288 x 47<\/td>\n<td>blanc<\/td>\n<\/tr>\n<\/tbody>\n<\/table>\n","protected":false},"excerpt":{"rendered":"<p>Ferme-porte extra fort avec force de fermeture r\u00e9glable \u2022 1 ferme-porte pour 6 forces de fermeture \u2022 forces 1 &#8211; 6 pour portes avec une largeur de vantail juqu\u2018\u00e0 750, 850, 950, 1100, 1250 et 1400 mm \u2022 force et &hellip; <a class=\"kt-excerpt-readmore\" href=\"https:\/\/test.burgwaechterservice.de\/fr\/p\/portes-et-fenetres\/ts-4000\/\" aria-label=\"Ferme-porte TS 4000 V\">Lire la suite<\/a><\/p>\n","protected":false},"featured_media":33702,"comment_status":"closed","ping_status":"closed","template":"","meta":[],"product_cat":[35,3900],"product_tag":[],"yoast_head":"<!-- This site is optimized with the Yoast SEO Premium plugin v18.4 (Yoast SEO v19.13) - https:\/\/yoast.com\/wordpress\/plugins\/seo\/ -->\n<title>TS 4000 - Burg-W\u00e4chter<\/title>\n<meta name=\"description\" content=\"Ferme-porte extra fort avec force de fermeture r\u00e9glable \u2022 1 ferme-porte pour 6 forces de fermeture \u2022 forces 1 - 6 pour portes avec une largeur de vantail\" \/>\n<meta name=\"robots\" content=\"index, follow, max-snippet:-1, max-image-preview:large, max-video-preview:-1\" \/>\n<link rel=\"canonical\" href=\"https:\/\/test.burgwaechterservice.de\/fr\/p\/portes-et-fenetres\/ts-4000\/\" \/>\n<meta property=\"og:locale\" content=\"fr_FR\" \/>\n<meta property=\"og:type\" content=\"article\" \/>\n<meta property=\"og:title\" content=\"Ferme-porte TS 4000 V\" \/>\n<meta property=\"og:description\" content=\"Ferme-porte extra fort avec force de fermeture r\u00e9glable \u2022 1 ferme-porte pour 6 forces de fermeture \u2022 forces 1 - 6 pour portes avec une largeur de vantail\" \/>\n<meta property=\"og:url\" content=\"https:\/\/test.burgwaechterservice.de\/fr\/p\/portes-et-fenetres\/ts-4000\/\" \/>\n<meta property=\"og:site_name\" content=\"Burg-W\u00e4chter France\" \/>\n<meta property=\"article:modified_time\" content=\"2019-08-14T09:46:48+00:00\" \/>\n<meta property=\"og:image\" content=\"https:\/\/test.burgwaechterservice.de\/fr\/wp-content\/uploads\/sites\/4\/2016\/07\/TS4000.jpg\" \/>\n\t<meta property=\"og:image:width\" content=\"1008\" \/>\n\t<meta property=\"og:image:height\" content=\"800\" \/>\n\t<meta property=\"og:image:type\" content=\"image\/jpeg\" \/>\n<meta name=\"twitter:card\" content=\"summary_large_image\" \/>\n<meta name=\"twitter:label1\" content=\"Dur\u00e9e de lecture estim\u00e9e\" \/>\n\t<meta name=\"twitter:data1\" content=\"1 minute\" \/>\n<!-- \/ Yoast SEO Premium plugin. -->","yoast_head_json":{"title":"TS 4000 - Burg-W\u00e4chter","description":"Ferme-porte extra fort avec force de fermeture r\u00e9glable \u2022 1 ferme-porte pour 6 forces de fermeture \u2022 forces 1 - 6 pour portes avec une largeur de vantail","robots":{"index":"index","follow":"follow","max-snippet":"max-snippet:-1","max-image-preview":"max-image-preview:large","max-video-preview":"max-video-preview:-1"},"canonical":"https:\/\/test.burgwaechterservice.de\/fr\/p\/portes-et-fenetres\/ts-4000\/","og_locale":"fr_FR","og_type":"article","og_title":"Ferme-porte TS 4000 V","og_description":"Ferme-porte extra fort avec force de fermeture r\u00e9glable \u2022 1 ferme-porte pour 6 forces de fermeture \u2022 forces 1 - 6 pour portes avec une largeur de vantail","og_url":"https:\/\/test.burgwaechterservice.de\/fr\/p\/portes-et-fenetres\/ts-4000\/","og_site_name":"Burg-W\u00e4chter France","article_modified_time":"2019-08-14T09:46:48+00:00","og_image":[{"width":1008,"height":800,"url":"https:\/\/test.burgwaechterservice.de\/fr\/wp-content\/uploads\/sites\/4\/2016\/07\/TS4000.jpg","type":"image\/jpeg"}],"twitter_card":"summary_large_image","twitter_misc":{"Dur\u00e9e de lecture estim\u00e9e":"1 minute"},"schema":{"@context":"https:\/\/schema.org","@graph":[{"@type":"WebPage","@id":"https:\/\/test.burgwaechterservice.de\/fr\/p\/portes-et-fenetres\/ts-4000\/","url":"https:\/\/test.burgwaechterservice.de\/fr\/p\/portes-et-fenetres\/ts-4000\/","name":"TS 4000 - Burg-W\u00e4chter","isPartOf":{"@id":"https:\/\/test.burgwaechterservice.de\/fr\/#website"},"datePublished":"2016-07-15T10:40:13+00:00","dateModified":"2019-08-14T09:46:48+00:00","description":"Ferme-porte extra fort avec force de fermeture r\u00e9glable \u2022 1 ferme-porte pour 6 forces de fermeture \u2022 forces 1 - 6 pour portes avec une largeur de vantail","breadcrumb":{"@id":"https:\/\/test.burgwaechterservice.de\/fr\/p\/portes-et-fenetres\/ts-4000\/#breadcrumb"},"inLanguage":"fr-FR","potentialAction":[{"@type":"ReadAction","target":["https:\/\/test.burgwaechterservice.de\/fr\/p\/portes-et-fenetres\/ts-4000\/"]}]},{"@type":"BreadcrumbList","@id":"https:\/\/test.burgwaechterservice.de\/fr\/p\/portes-et-fenetres\/ts-4000\/#breadcrumb","itemListElement":[{"@type":"ListItem","position":1,"name":"Accueil","item":"https:\/\/test.burgwaechterservice.de\/fr\/"},{"@type":"ListItem","position":2,"name":"Produits","item":"https:\/\/test.burgwaechterservice.de\/fr\/p\/"},{"@type":"ListItem","position":3,"name":"Ferme-porte TS 4000 V"}]},{"@type":"WebSite","@id":"https:\/\/test.burgwaechterservice.de\/fr\/#website","url":"https:\/\/test.burgwaechterservice.de\/fr\/","name":"Burg-W\u00e4chter France","description":"Le choix le plus s\u00fbr!","potentialAction":[{"@type":"SearchAction","target":{"@type":"EntryPoint","urlTemplate":"https:\/\/test.burgwaechterservice.de\/fr\/?s={search_term_string}"},"query-input":"required name=search_term_string"}],"inLanguage":"fr-FR"}]}},"_links":{"self":[{"href":"https:\/\/test.burgwaechterservice.de\/fr\/wp-json\/wp\/v2\/product\/31811"}],"collection":[{"href":"https:\/\/test.burgwaechterservice.de\/fr\/wp-json\/wp\/v2\/product"}],"about":[{"href":"https:\/\/test.burgwaechterservice.de\/fr\/wp-json\/wp\/v2\/types\/product"}],"replies":[{"embeddable":true,"href":"https:\/\/test.burgwaechterservice.de\/fr\/wp-json\/wp\/v2\/comments?post=31811"}],"wp:featuredmedia":[{"embeddable":true,"href":"https:\/\/test.burgwaechterservice.de\/fr\/wp-json\/wp\/v2\/media\/33702"}],"wp:attachment":[{"href":"https:\/\/test.burgwaechterservice.de\/fr\/wp-json\/wp\/v2\/media?parent=31811"}],"wp:term":[{"taxonomy":"product_cat","embeddable":true,"href":"https:\/\/test.burgwaechterservice.de\/fr\/wp-json\/wp\/v2\/product_cat?post=31811"},{"taxonomy":"product_tag","embeddable":true,"href":"https:\/\/test.burgwaechterservice.de\/fr\/wp-json\/wp\/v2\/product_tag?post=31811"}],"curies":[{"name":"wp","href":"https:\/\/api.w.org\/{rel}","templated":true}]}}