{"id":31805,"date":"2016-07-15T12:29:58","date_gmt":"2016-07-15T10:29:58","guid":{"rendered":"https:\/\/www.burg.biz\/?post_type=product&#038;p=31805"},"modified":"2018-07-30T13:34:53","modified_gmt":"2018-07-30T11:34:53","slug":"ts-2000-v-s","status":"publish","type":"product","link":"https:\/\/test.burgwaechterservice.de\/fr\/p\/portes-et-fenetres\/ts-2000-v-s\/","title":{"rendered":"Ferme-porte TS 2000 V"},"content":{"rendered":"<h2>Avec force de fermeture r\u00e9glable et bras \u00e0 compas pour les portes avec une largeur de vantail jusqu\u2019\u00e0 1250 mm<\/h2>\n<p>\u2022 force de fermeture r\u00e9glable EN 3\/4\/5 par un montage d\u00e9centr\u00e9<br \/>\n\u2022 pour portes avec une largeur de vantail jusqu\u2018\u00e0 950, 1100 et 1250 mm<br \/>\n\u2022 design moderne, montage simple<br \/>\n\u2022 \u00e0-coup final r\u00e9glable par le bras \u00e0 compas et vitesse de fermeture<br \/>\n\u2022 thermor\u00e9sistant<br \/>\n\u2022 test\u00e9 et fabriqu\u00e9 selon EN 1154<br \/>\n\u2022 5 ans de garantie<\/p>\n<p>&nbsp;<\/p>\n<table class=\"ausfuehrung\">\n<thead>\n<tr>\n<td>Article<\/td>\n<td>H x L x P (mm)<\/td>\n<td>Couleurs<\/td>\n<\/tr>\n<\/thead>\n<tbody>\n<tr>\n<td>TS 2000 V S<\/td>\n<td>60 x 226 x 50<\/td>\n<td>argent<\/td>\n<\/tr>\n<tr>\n<td>TS 2000 V W<\/td>\n<td>60 x 226 x 50<\/td>\n<td>blanc<\/td>\n<\/tr>\n<tr>\n<td>FA TS 2000 V S<\/td>\n<td>60 x 226 x 50<\/td>\n<td>argent<\/td>\n<\/tr>\n<\/tbody>\n<\/table>\n","protected":false},"excerpt":{"rendered":"<p>Avec force de fermeture r\u00e9glable et bras \u00e0 compas pour les portes avec une largeur de vantail jusqu\u2019\u00e0 1250 mm \u2022 force de fermeture r\u00e9glable EN 3\/4\/5 par un montage d\u00e9centr\u00e9 \u2022 pour portes avec une largeur de vantail jusqu\u2018\u00e0 &hellip; <a class=\"kt-excerpt-readmore\" href=\"https:\/\/test.burgwaechterservice.de\/fr\/p\/portes-et-fenetres\/ts-2000-v-s\/\" aria-label=\"Ferme-porte TS 2000 V\">Lire la suite<\/a><\/p>\n","protected":false},"featured_media":33700,"comment_status":"closed","ping_status":"closed","template":"","meta":[],"product_cat":[35,3900],"product_tag":[],"yoast_head":"<!-- This site is optimized with the Yoast SEO Premium plugin v18.4 (Yoast SEO v19.13) - https:\/\/yoast.com\/wordpress\/plugins\/seo\/ -->\n<title>TS 2000 V - Burg-W\u00e4chter<\/title>\n<meta name=\"description\" content=\"Avec force de fermeture r\u00e9glable et bras \u00e0 compas pour les portes avec une largeur de vantail jusqu\u2019\u00e0 1250 mm \u2022 force de fermeture r\u00e9glable EN 3\/4\/5 par\" \/>\n<meta name=\"robots\" content=\"index, follow, max-snippet:-1, max-image-preview:large, max-video-preview:-1\" \/>\n<link rel=\"canonical\" href=\"https:\/\/test.burgwaechterservice.de\/fr\/p\/portes-et-fenetres\/ts-2000-v-s\/\" \/>\n<meta property=\"og:locale\" content=\"fr_FR\" \/>\n<meta property=\"og:type\" content=\"article\" \/>\n<meta property=\"og:title\" content=\"Ferme-porte TS 2000 V\" \/>\n<meta property=\"og:description\" content=\"Avec force de fermeture r\u00e9glable et bras \u00e0 compas pour les portes avec une largeur de vantail jusqu\u2019\u00e0 1250 mm \u2022 force de fermeture r\u00e9glable EN 3\/4\/5 par\" \/>\n<meta property=\"og:url\" content=\"https:\/\/test.burgwaechterservice.de\/fr\/p\/portes-et-fenetres\/ts-2000-v-s\/\" \/>\n<meta property=\"og:site_name\" content=\"Burg-W\u00e4chter France\" \/>\n<meta property=\"article:modified_time\" content=\"2018-07-30T11:34:53+00:00\" \/>\n<meta property=\"og:image\" content=\"https:\/\/test.burgwaechterservice.de\/fr\/wp-content\/uploads\/sites\/4\/2016\/07\/TS2000.jpg\" \/>\n\t<meta property=\"og:image:width\" content=\"1008\" \/>\n\t<meta property=\"og:image:height\" content=\"800\" \/>\n\t<meta property=\"og:image:type\" content=\"image\/jpeg\" \/>\n<meta name=\"twitter:card\" content=\"summary_large_image\" \/>\n<!-- \/ Yoast SEO Premium plugin. -->","yoast_head_json":{"title":"TS 2000 V - Burg-W\u00e4chter","description":"Avec force de fermeture r\u00e9glable et bras \u00e0 compas pour les portes avec une largeur de vantail jusqu\u2019\u00e0 1250 mm \u2022 force de fermeture r\u00e9glable EN 3\/4\/5 par","robots":{"index":"index","follow":"follow","max-snippet":"max-snippet:-1","max-image-preview":"max-image-preview:large","max-video-preview":"max-video-preview:-1"},"canonical":"https:\/\/test.burgwaechterservice.de\/fr\/p\/portes-et-fenetres\/ts-2000-v-s\/","og_locale":"fr_FR","og_type":"article","og_title":"Ferme-porte TS 2000 V","og_description":"Avec force de fermeture r\u00e9glable et bras \u00e0 compas pour les portes avec une largeur de vantail jusqu\u2019\u00e0 1250 mm \u2022 force de fermeture r\u00e9glable EN 3\/4\/5 par","og_url":"https:\/\/test.burgwaechterservice.de\/fr\/p\/portes-et-fenetres\/ts-2000-v-s\/","og_site_name":"Burg-W\u00e4chter France","article_modified_time":"2018-07-30T11:34:53+00:00","og_image":[{"width":1008,"height":800,"url":"https:\/\/test.burgwaechterservice.de\/fr\/wp-content\/uploads\/sites\/4\/2016\/07\/TS2000.jpg","type":"image\/jpeg"}],"twitter_card":"summary_large_image","schema":{"@context":"https:\/\/schema.org","@graph":[{"@type":"WebPage","@id":"https:\/\/test.burgwaechterservice.de\/fr\/p\/portes-et-fenetres\/ts-2000-v-s\/","url":"https:\/\/test.burgwaechterservice.de\/fr\/p\/portes-et-fenetres\/ts-2000-v-s\/","name":"TS 2000 V - Burg-W\u00e4chter","isPartOf":{"@id":"https:\/\/test.burgwaechterservice.de\/fr\/#website"},"datePublished":"2016-07-15T10:29:58+00:00","dateModified":"2018-07-30T11:34:53+00:00","description":"Avec force de fermeture r\u00e9glable et bras \u00e0 compas pour les portes avec une largeur de vantail jusqu\u2019\u00e0 1250 mm \u2022 force de fermeture r\u00e9glable EN 3\/4\/5 par","breadcrumb":{"@id":"https:\/\/test.burgwaechterservice.de\/fr\/p\/portes-et-fenetres\/ts-2000-v-s\/#breadcrumb"},"inLanguage":"fr-FR","potentialAction":[{"@type":"ReadAction","target":["https:\/\/test.burgwaechterservice.de\/fr\/p\/portes-et-fenetres\/ts-2000-v-s\/"]}]},{"@type":"BreadcrumbList","@id":"https:\/\/test.burgwaechterservice.de\/fr\/p\/portes-et-fenetres\/ts-2000-v-s\/#breadcrumb","itemListElement":[{"@type":"ListItem","position":1,"name":"Accueil","item":"https:\/\/test.burgwaechterservice.de\/fr\/"},{"@type":"ListItem","position":2,"name":"Produits","item":"https:\/\/test.burgwaechterservice.de\/fr\/p\/"},{"@type":"ListItem","position":3,"name":"Ferme-porte TS 2000 V"}]},{"@type":"WebSite","@id":"https:\/\/test.burgwaechterservice.de\/fr\/#website","url":"https:\/\/test.burgwaechterservice.de\/fr\/","name":"Burg-W\u00e4chter France","description":"Le choix le plus s\u00fbr!","potentialAction":[{"@type":"SearchAction","target":{"@type":"EntryPoint","urlTemplate":"https:\/\/test.burgwaechterservice.de\/fr\/?s={search_term_string}"},"query-input":"required name=search_term_string"}],"inLanguage":"fr-FR"}]}},"_links":{"self":[{"href":"https:\/\/test.burgwaechterservice.de\/fr\/wp-json\/wp\/v2\/product\/31805"}],"collection":[{"href":"https:\/\/test.burgwaechterservice.de\/fr\/wp-json\/wp\/v2\/product"}],"about":[{"href":"https:\/\/test.burgwaechterservice.de\/fr\/wp-json\/wp\/v2\/types\/product"}],"replies":[{"embeddable":true,"href":"https:\/\/test.burgwaechterservice.de\/fr\/wp-json\/wp\/v2\/comments?post=31805"}],"wp:featuredmedia":[{"embeddable":true,"href":"https:\/\/test.burgwaechterservice.de\/fr\/wp-json\/wp\/v2\/media\/33700"}],"wp:attachment":[{"href":"https:\/\/test.burgwaechterservice.de\/fr\/wp-json\/wp\/v2\/media?parent=31805"}],"wp:term":[{"taxonomy":"product_cat","embeddable":true,"href":"https:\/\/test.burgwaechterservice.de\/fr\/wp-json\/wp\/v2\/product_cat?post=31805"},{"taxonomy":"product_tag","embeddable":true,"href":"https:\/\/test.burgwaechterservice.de\/fr\/wp-json\/wp\/v2\/product_tag?post=31805"}],"curies":[{"name":"wp","href":"https:\/\/api.w.org\/{rel}","templated":true}]}}