{"id":31790,"date":"2016-07-15T11:58:45","date_gmt":"2016-07-15T09:58:45","guid":{"rendered":"https:\/\/www.burg.biz\/?post_type=product&#038;p=31790"},"modified":"2016-09-12T15:18:39","modified_gmt":"2016-09-12T13:18:39","slug":"pieces-prefabriquees-winprotec","status":"publish","type":"product","link":"https:\/\/test.burgwaechterservice.de\/fr\/p\/portes-et-fenetres\/pieces-prefabriquees-winprotec\/","title":{"rendered":"Pi\u00e8ces pr\u00e9fabriqu\u00e9es winProtec"},"content":{"rendered":"<h2>Pi\u00e8ces pr\u00e9fabriqu\u00e9es pour le bricoleur<\/h2>\n<h3>Grilles de s\u00e9curit\u00e9 pour portes et fen\u00eatres<\/h3>\n<p>\u2022 apparence \u00e9l\u00e9gante<br \/>\n\u2022 \u00e0 ajuster individuellement<br \/>\n\u2022 montage facile<br \/>\n\u2022 profil\u00e9s en aluminium avec noyau d\u2019acier sp\u00e9cialement tremp\u00e9<br \/>\n\u2022 fixation non d\u00e9tachable, vis sans t\u00eate et billes en acier inoxydable<br \/>\n\u2022 plus de s\u00e9curit\u00e9, plus de qualit\u00e9 de vie<\/p>\n<p><a href=\"https:\/\/test.burgwaechterservice.de\/fr\/wp-content\/uploads\/sites\/4\/2016\/07\/WP-Bestellbogen_FR_WEB.pdf\" target=\"_blank\">Ici vous trouvez le formulaire de demande winProtec et le syst\u00e8me de commande avec une explication pour votre grille de s\u00e9curit\u00e9 selon vos sp\u00e9cifications. (PDF)<\/a><\/p>\n<table class=\"ausfuehrung\">\n<thead>\n<tr>\n<td>Article<\/td>\n<td><\/td>\n<\/tr>\n<\/thead>\n<tbody>\n<tr>\n<td>WP Profil 100<\/td>\n<td>Profil\u00e9 1.000 mm<\/td>\n<\/tr>\n<tr>\n<td>WP Profil 150<\/td>\n<td>Profil\u00e9 1.500 mm<\/td>\n<\/tr>\n<tr>\n<td>WP MS 101 SB<\/td>\n<td>Croisillon<\/td>\n<\/tr>\n<tr>\n<td>WP MS 102 SB<\/td>\n<td>2 pi\u00e8ces de fixation<\/td>\n<\/tr>\n<tr>\n<td>WP MP 103 SB<\/td>\n<td>Plaque d\u2018extension 1: inclinaison 15\u00b0<\/td>\n<\/tr>\n<tr>\n<td>WP MP 104 SB<\/td>\n<td>Plaque d\u2018extension 2: 16 &#8211; 25\u00b0 inclinaison<\/td>\n<\/tr>\n<tr>\n<td>WP SK 107 SB<\/td>\n<td>7 tiges en acier pour profil\u00e9 100<\/td>\n<\/tr>\n<tr>\n<td>WP SK 110 SB<\/td>\n<td>10 tiges en acier pour profil\u00e9 150<\/td>\n<\/tr>\n<\/tbody>\n<\/table>\n","protected":false},"excerpt":{"rendered":"<p>Pi\u00e8ces pr\u00e9fabriqu\u00e9es pour le bricoleur Grilles de s\u00e9curit\u00e9 pour portes et fen\u00eatres \u2022 apparence \u00e9l\u00e9gante \u2022 \u00e0 ajuster individuellement \u2022 montage facile \u2022 profil\u00e9s en aluminium avec noyau d\u2019acier sp\u00e9cialement tremp\u00e9 \u2022 fixation non d\u00e9tachable, vis sans t\u00eate et billes &hellip; <a class=\"kt-excerpt-readmore\" href=\"https:\/\/test.burgwaechterservice.de\/fr\/p\/portes-et-fenetres\/pieces-prefabriquees-winprotec\/\" aria-label=\"Pi\u00e8ces pr\u00e9fabriqu\u00e9es winProtec\">Lire la suite<\/a><\/p>\n","protected":false},"featured_media":33692,"comment_status":"closed","ping_status":"closed","template":"","meta":[],"product_cat":[35,51],"product_tag":[],"yoast_head":"<!-- This site is optimized with the Yoast SEO Premium plugin v18.4 (Yoast SEO v19.13) - https:\/\/yoast.com\/wordpress\/plugins\/seo\/ -->\n<title>winProtect - Burg-W\u00e4chter<\/title>\n<meta name=\"description\" content=\"Pi\u00e8ces pr\u00e9fabriqu\u00e9es pour le bricoleur Grilles de s\u00e9curit\u00e9 pour portes et fen\u00eatres \u2022 apparence \u00e9l\u00e9gante \u2022 \u00e0 ajuster individuellement \u2022 montage facile \u2022\" \/>\n<meta name=\"robots\" content=\"index, follow, max-snippet:-1, max-image-preview:large, max-video-preview:-1\" \/>\n<link rel=\"canonical\" href=\"https:\/\/test.burgwaechterservice.de\/fr\/p\/portes-et-fenetres\/pieces-prefabriquees-winprotec\/\" \/>\n<meta property=\"og:locale\" content=\"fr_FR\" \/>\n<meta property=\"og:type\" content=\"article\" \/>\n<meta property=\"og:title\" content=\"Pi\u00e8ces pr\u00e9fabriqu\u00e9es winProtec\" \/>\n<meta property=\"og:description\" content=\"Pi\u00e8ces pr\u00e9fabriqu\u00e9es pour le bricoleur Grilles de s\u00e9curit\u00e9 pour portes et fen\u00eatres \u2022 apparence \u00e9l\u00e9gante \u2022 \u00e0 ajuster individuellement \u2022 montage facile \u2022\" \/>\n<meta property=\"og:url\" content=\"https:\/\/test.burgwaechterservice.de\/fr\/p\/portes-et-fenetres\/pieces-prefabriquees-winprotec\/\" \/>\n<meta property=\"og:site_name\" content=\"Burg-W\u00e4chter France\" \/>\n<meta property=\"article:modified_time\" content=\"2016-09-12T13:18:39+00:00\" \/>\n<meta property=\"og:image\" content=\"https:\/\/test.burgwaechterservice.de\/fr\/wp-content\/uploads\/sites\/4\/2016\/07\/FensterDetails-1.jpg\" \/>\n\t<meta property=\"og:image:width\" content=\"1200\" \/>\n\t<meta property=\"og:image:height\" content=\"1200\" \/>\n\t<meta property=\"og:image:type\" content=\"image\/jpeg\" \/>\n<meta name=\"twitter:card\" content=\"summary_large_image\" \/>\n<meta name=\"twitter:label1\" content=\"Dur\u00e9e de lecture estim\u00e9e\" \/>\n\t<meta name=\"twitter:data1\" content=\"1 minute\" \/>\n<!-- \/ Yoast SEO Premium plugin. -->","yoast_head_json":{"title":"winProtect - Burg-W\u00e4chter","description":"Pi\u00e8ces pr\u00e9fabriqu\u00e9es pour le bricoleur Grilles de s\u00e9curit\u00e9 pour portes et fen\u00eatres \u2022 apparence \u00e9l\u00e9gante \u2022 \u00e0 ajuster individuellement \u2022 montage facile \u2022","robots":{"index":"index","follow":"follow","max-snippet":"max-snippet:-1","max-image-preview":"max-image-preview:large","max-video-preview":"max-video-preview:-1"},"canonical":"https:\/\/test.burgwaechterservice.de\/fr\/p\/portes-et-fenetres\/pieces-prefabriquees-winprotec\/","og_locale":"fr_FR","og_type":"article","og_title":"Pi\u00e8ces pr\u00e9fabriqu\u00e9es winProtec","og_description":"Pi\u00e8ces pr\u00e9fabriqu\u00e9es pour le bricoleur Grilles de s\u00e9curit\u00e9 pour portes et fen\u00eatres \u2022 apparence \u00e9l\u00e9gante \u2022 \u00e0 ajuster individuellement \u2022 montage facile \u2022","og_url":"https:\/\/test.burgwaechterservice.de\/fr\/p\/portes-et-fenetres\/pieces-prefabriquees-winprotec\/","og_site_name":"Burg-W\u00e4chter France","article_modified_time":"2016-09-12T13:18:39+00:00","og_image":[{"width":1200,"height":1200,"url":"https:\/\/test.burgwaechterservice.de\/fr\/wp-content\/uploads\/sites\/4\/2016\/07\/FensterDetails-1.jpg","type":"image\/jpeg"}],"twitter_card":"summary_large_image","twitter_misc":{"Dur\u00e9e de lecture estim\u00e9e":"1 minute"},"schema":{"@context":"https:\/\/schema.org","@graph":[{"@type":"WebPage","@id":"https:\/\/test.burgwaechterservice.de\/fr\/p\/portes-et-fenetres\/pieces-prefabriquees-winprotec\/","url":"https:\/\/test.burgwaechterservice.de\/fr\/p\/portes-et-fenetres\/pieces-prefabriquees-winprotec\/","name":"winProtect - Burg-W\u00e4chter","isPartOf":{"@id":"https:\/\/test.burgwaechterservice.de\/fr\/#website"},"datePublished":"2016-07-15T09:58:45+00:00","dateModified":"2016-09-12T13:18:39+00:00","description":"Pi\u00e8ces pr\u00e9fabriqu\u00e9es pour le bricoleur Grilles de s\u00e9curit\u00e9 pour portes et fen\u00eatres \u2022 apparence \u00e9l\u00e9gante \u2022 \u00e0 ajuster individuellement \u2022 montage facile \u2022","breadcrumb":{"@id":"https:\/\/test.burgwaechterservice.de\/fr\/p\/portes-et-fenetres\/pieces-prefabriquees-winprotec\/#breadcrumb"},"inLanguage":"fr-FR","potentialAction":[{"@type":"ReadAction","target":["https:\/\/test.burgwaechterservice.de\/fr\/p\/portes-et-fenetres\/pieces-prefabriquees-winprotec\/"]}]},{"@type":"BreadcrumbList","@id":"https:\/\/test.burgwaechterservice.de\/fr\/p\/portes-et-fenetres\/pieces-prefabriquees-winprotec\/#breadcrumb","itemListElement":[{"@type":"ListItem","position":1,"name":"Accueil","item":"https:\/\/test.burgwaechterservice.de\/fr\/"},{"@type":"ListItem","position":2,"name":"Produits","item":"https:\/\/test.burgwaechterservice.de\/fr\/p\/"},{"@type":"ListItem","position":3,"name":"Pi\u00e8ces pr\u00e9fabriqu\u00e9es winProtec"}]},{"@type":"WebSite","@id":"https:\/\/test.burgwaechterservice.de\/fr\/#website","url":"https:\/\/test.burgwaechterservice.de\/fr\/","name":"Burg-W\u00e4chter France","description":"Le choix le plus s\u00fbr!","potentialAction":[{"@type":"SearchAction","target":{"@type":"EntryPoint","urlTemplate":"https:\/\/test.burgwaechterservice.de\/fr\/?s={search_term_string}"},"query-input":"required name=search_term_string"}],"inLanguage":"fr-FR"}]}},"_links":{"self":[{"href":"https:\/\/test.burgwaechterservice.de\/fr\/wp-json\/wp\/v2\/product\/31790"}],"collection":[{"href":"https:\/\/test.burgwaechterservice.de\/fr\/wp-json\/wp\/v2\/product"}],"about":[{"href":"https:\/\/test.burgwaechterservice.de\/fr\/wp-json\/wp\/v2\/types\/product"}],"replies":[{"embeddable":true,"href":"https:\/\/test.burgwaechterservice.de\/fr\/wp-json\/wp\/v2\/comments?post=31790"}],"wp:featuredmedia":[{"embeddable":true,"href":"https:\/\/test.burgwaechterservice.de\/fr\/wp-json\/wp\/v2\/media\/33692"}],"wp:attachment":[{"href":"https:\/\/test.burgwaechterservice.de\/fr\/wp-json\/wp\/v2\/media?parent=31790"}],"wp:term":[{"taxonomy":"product_cat","embeddable":true,"href":"https:\/\/test.burgwaechterservice.de\/fr\/wp-json\/wp\/v2\/product_cat?post=31790"},{"taxonomy":"product_tag","embeddable":true,"href":"https:\/\/test.burgwaechterservice.de\/fr\/wp-json\/wp\/v2\/product_tag?post=31790"}],"curies":[{"name":"wp","href":"https:\/\/api.w.org\/{rel}","templated":true}]}}