{"id":31784,"date":"2016-07-15T11:42:30","date_gmt":"2016-07-15T09:42:30","guid":{"rendered":"https:\/\/www.burg.biz\/?post_type=product&#038;p=31784"},"modified":"2016-09-07T07:22:59","modified_gmt":"2016-09-07T05:22:59","slug":"winprotec","status":"publish","type":"product","link":"https:\/\/test.burgwaechterservice.de\/fr\/p\/portes-et-fenetres\/winprotec\/","title":{"rendered":"Grilles de s\u00e9curit\u00e9 selon vos sp\u00e9cifications &#8211; winProtec"},"content":{"rendered":"<h2>Grilles de s\u00e9curit\u00e9 selon vos sp\u00e9cifications<\/h2>\n<p>\u2022 grilles de s\u00e9curit\u00e9 pr\u00e9assembl\u00e9es pour l\u00b4installation imm\u00e9diate<br \/>\n\u2022 fabriqu\u00e9es pr\u00e9cis\u00e9ment selon vos mesures<br \/>\n\u2022 vis non d\u00e9tachables<\/p>\n<p><a href=\"https:\/\/test.burgwaechterservice.de\/fr\/wp-content\/uploads\/sites\/4\/2016\/07\/WP-Bestellbogen_FR_WEB.pdf\" target=\"_blank\">Ici <\/a>vous trouvez le formulaire de demande winProtec et le syst\u00e8me de commande avec une explication pour votre grille de s\u00e9curit\u00e9 selon vos sp\u00e9cifications. (PDF)<\/p>\n<table class=\"ausfuehrung\">\n<thead>\n<tr>\n<td>Article<\/td>\n<td><\/td>\n<\/tr>\n<\/thead>\n<tbody>\n<tr>\n<td>ifm.WP Profil avec WP-SK<\/td>\n<td>M\u00e8tre courant de profil\u00e9 en aluminium avec tiges en acier<\/td>\n<\/tr>\n<tr>\n<td>Ifm. WP Profil sans WP-SK<\/td>\n<td>M\u00e8tre courant de profil\u00e9 en aluminium sans tiges en acier<\/td>\n<\/tr>\n<tr>\n<td>WP-MS 101 pr\u00e9assembl\u00e9es<\/td>\n<td>Croisillon mont\u00e9<\/td>\n<\/tr>\n<tr>\n<td>emballage sp\u00e9cial<\/td>\n<td>pour une livraison sans d\u00e9gradations<\/td>\n<\/tr>\n<\/tbody>\n<\/table>\n","protected":false},"excerpt":{"rendered":"<p>Grilles de s\u00e9curit\u00e9 selon vos sp\u00e9cifications \u2022 grilles de s\u00e9curit\u00e9 pr\u00e9assembl\u00e9es pour l\u00b4installation imm\u00e9diate \u2022 fabriqu\u00e9es pr\u00e9cis\u00e9ment selon vos mesures \u2022 vis non d\u00e9tachables Ici vous trouvez le formulaire de demande winProtec et le syst\u00e8me de commande avec une explication &hellip; <a class=\"kt-excerpt-readmore\" href=\"https:\/\/test.burgwaechterservice.de\/fr\/p\/portes-et-fenetres\/winprotec\/\" aria-label=\"Grilles de s\u00e9curit\u00e9 selon vos sp\u00e9cifications &#8211; winProtec\">Lire la suite<\/a><\/p>\n","protected":false},"featured_media":33679,"comment_status":"closed","ping_status":"closed","template":"","meta":[],"product_cat":[35,51],"product_tag":[],"yoast_head":"<!-- This site is optimized with the Yoast SEO Premium plugin v18.4 (Yoast SEO v19.13) - https:\/\/yoast.com\/wordpress\/plugins\/seo\/ -->\n<title>winProtect - Burg-W\u00e4chter<\/title>\n<meta name=\"description\" content=\"Grilles de s\u00e9curit\u00e9 selon vos sp\u00e9cifications \u2022 grilles de s\u00e9curit\u00e9 pr\u00e9assembl\u00e9es pour l\u00b4installation imm\u00e9diate \u2022 fabriqu\u00e9es pr\u00e9cis\u00e9ment selon vos mesures\" \/>\n<meta name=\"robots\" content=\"index, follow, max-snippet:-1, max-image-preview:large, max-video-preview:-1\" \/>\n<link rel=\"canonical\" href=\"https:\/\/test.burgwaechterservice.de\/fr\/p\/portes-et-fenetres\/winprotec\/\" \/>\n<meta property=\"og:locale\" content=\"fr_FR\" \/>\n<meta property=\"og:type\" content=\"article\" \/>\n<meta property=\"og:title\" content=\"Grilles de s\u00e9curit\u00e9 selon vos sp\u00e9cifications - winProtec\" \/>\n<meta property=\"og:description\" content=\"Grilles de s\u00e9curit\u00e9 selon vos sp\u00e9cifications \u2022 grilles de s\u00e9curit\u00e9 pr\u00e9assembl\u00e9es pour l\u00b4installation imm\u00e9diate \u2022 fabriqu\u00e9es pr\u00e9cis\u00e9ment selon vos mesures\" \/>\n<meta property=\"og:url\" content=\"https:\/\/test.burgwaechterservice.de\/fr\/p\/portes-et-fenetres\/winprotec\/\" \/>\n<meta property=\"og:site_name\" content=\"Burg-W\u00e4chter France\" \/>\n<meta property=\"article:modified_time\" content=\"2016-09-07T05:22:59+00:00\" \/>\n<meta property=\"og:image\" content=\"https:\/\/test.burgwaechterservice.de\/fr\/wp-content\/uploads\/sites\/4\/2016\/07\/WPProfil.jpg\" \/>\n\t<meta property=\"og:image:width\" content=\"727\" \/>\n\t<meta property=\"og:image:height\" content=\"742\" \/>\n\t<meta property=\"og:image:type\" content=\"image\/jpeg\" \/>\n<meta name=\"twitter:card\" content=\"summary_large_image\" \/>\n<meta name=\"twitter:label1\" content=\"Dur\u00e9e de lecture estim\u00e9e\" \/>\n\t<meta name=\"twitter:data1\" content=\"1 minute\" \/>\n<!-- \/ Yoast SEO Premium plugin. -->","yoast_head_json":{"title":"winProtect - Burg-W\u00e4chter","description":"Grilles de s\u00e9curit\u00e9 selon vos sp\u00e9cifications \u2022 grilles de s\u00e9curit\u00e9 pr\u00e9assembl\u00e9es pour l\u00b4installation imm\u00e9diate \u2022 fabriqu\u00e9es pr\u00e9cis\u00e9ment selon vos mesures","robots":{"index":"index","follow":"follow","max-snippet":"max-snippet:-1","max-image-preview":"max-image-preview:large","max-video-preview":"max-video-preview:-1"},"canonical":"https:\/\/test.burgwaechterservice.de\/fr\/p\/portes-et-fenetres\/winprotec\/","og_locale":"fr_FR","og_type":"article","og_title":"Grilles de s\u00e9curit\u00e9 selon vos sp\u00e9cifications - winProtec","og_description":"Grilles de s\u00e9curit\u00e9 selon vos sp\u00e9cifications \u2022 grilles de s\u00e9curit\u00e9 pr\u00e9assembl\u00e9es pour l\u00b4installation imm\u00e9diate \u2022 fabriqu\u00e9es pr\u00e9cis\u00e9ment selon vos mesures","og_url":"https:\/\/test.burgwaechterservice.de\/fr\/p\/portes-et-fenetres\/winprotec\/","og_site_name":"Burg-W\u00e4chter France","article_modified_time":"2016-09-07T05:22:59+00:00","og_image":[{"width":727,"height":742,"url":"https:\/\/test.burgwaechterservice.de\/fr\/wp-content\/uploads\/sites\/4\/2016\/07\/WPProfil.jpg","type":"image\/jpeg"}],"twitter_card":"summary_large_image","twitter_misc":{"Dur\u00e9e de lecture estim\u00e9e":"1 minute"},"schema":{"@context":"https:\/\/schema.org","@graph":[{"@type":"WebPage","@id":"https:\/\/test.burgwaechterservice.de\/fr\/p\/portes-et-fenetres\/winprotec\/","url":"https:\/\/test.burgwaechterservice.de\/fr\/p\/portes-et-fenetres\/winprotec\/","name":"winProtect - Burg-W\u00e4chter","isPartOf":{"@id":"https:\/\/test.burgwaechterservice.de\/fr\/#website"},"datePublished":"2016-07-15T09:42:30+00:00","dateModified":"2016-09-07T05:22:59+00:00","description":"Grilles de s\u00e9curit\u00e9 selon vos sp\u00e9cifications \u2022 grilles de s\u00e9curit\u00e9 pr\u00e9assembl\u00e9es pour l\u00b4installation imm\u00e9diate \u2022 fabriqu\u00e9es pr\u00e9cis\u00e9ment selon vos mesures","breadcrumb":{"@id":"https:\/\/test.burgwaechterservice.de\/fr\/p\/portes-et-fenetres\/winprotec\/#breadcrumb"},"inLanguage":"fr-FR","potentialAction":[{"@type":"ReadAction","target":["https:\/\/test.burgwaechterservice.de\/fr\/p\/portes-et-fenetres\/winprotec\/"]}]},{"@type":"BreadcrumbList","@id":"https:\/\/test.burgwaechterservice.de\/fr\/p\/portes-et-fenetres\/winprotec\/#breadcrumb","itemListElement":[{"@type":"ListItem","position":1,"name":"Accueil","item":"https:\/\/test.burgwaechterservice.de\/fr\/"},{"@type":"ListItem","position":2,"name":"Produits","item":"https:\/\/test.burgwaechterservice.de\/fr\/p\/"},{"@type":"ListItem","position":3,"name":"Grilles de s\u00e9curit\u00e9 selon vos sp\u00e9cifications &#8211; winProtec"}]},{"@type":"WebSite","@id":"https:\/\/test.burgwaechterservice.de\/fr\/#website","url":"https:\/\/test.burgwaechterservice.de\/fr\/","name":"Burg-W\u00e4chter France","description":"Le choix le plus s\u00fbr!","potentialAction":[{"@type":"SearchAction","target":{"@type":"EntryPoint","urlTemplate":"https:\/\/test.burgwaechterservice.de\/fr\/?s={search_term_string}"},"query-input":"required name=search_term_string"}],"inLanguage":"fr-FR"}]}},"_links":{"self":[{"href":"https:\/\/test.burgwaechterservice.de\/fr\/wp-json\/wp\/v2\/product\/31784"}],"collection":[{"href":"https:\/\/test.burgwaechterservice.de\/fr\/wp-json\/wp\/v2\/product"}],"about":[{"href":"https:\/\/test.burgwaechterservice.de\/fr\/wp-json\/wp\/v2\/types\/product"}],"replies":[{"embeddable":true,"href":"https:\/\/test.burgwaechterservice.de\/fr\/wp-json\/wp\/v2\/comments?post=31784"}],"wp:featuredmedia":[{"embeddable":true,"href":"https:\/\/test.burgwaechterservice.de\/fr\/wp-json\/wp\/v2\/media\/33679"}],"wp:attachment":[{"href":"https:\/\/test.burgwaechterservice.de\/fr\/wp-json\/wp\/v2\/media?parent=31784"}],"wp:term":[{"taxonomy":"product_cat","embeddable":true,"href":"https:\/\/test.burgwaechterservice.de\/fr\/wp-json\/wp\/v2\/product_cat?post=31784"},{"taxonomy":"product_tag","embeddable":true,"href":"https:\/\/test.burgwaechterservice.de\/fr\/wp-json\/wp\/v2\/product_tag?post=31784"}],"curies":[{"name":"wp","href":"https:\/\/api.w.org\/{rel}","templated":true}]}}