{"id":31778,"date":"2016-07-15T11:30:17","date_gmt":"2016-07-15T09:30:17","guid":{"rendered":"https:\/\/www.burg.biz\/?post_type=product&#038;p=31778"},"modified":"2016-09-16T08:58:55","modified_gmt":"2016-09-16T06:58:55","slug":"winprotect","status":"publish","type":"product","link":"https:\/\/test.burgwaechterservice.de\/fr\/p\/portes-et-fenetres\/winprotect\/","title":{"rendered":"Grilles de s\u00e9curit\u00e9 winPROTEC"},"content":{"rendered":"<h2>Grilles de s\u00e9curit\u00e9 compl\u00e8tement assembl\u00e9es en 4 tailles<\/h2>\n<p>\u2022 grilles de s\u00e9curit\u00e9 compl\u00e8tement assembl\u00e9es, accessoires inclus<br \/>\n\u2022 facile \u00e0 commander<br \/>\n\u2022 vis non d\u00e9tachables<br \/>\n\u2022 livr\u00e9 complet avec mat\u00e9riaux de fixation<br \/>\n\u2022 Couleur: RAL 9003 blanc de s\u00e9curit\u00e9<\/p>\n<p><a href=\"https:\/\/test.burgwaechterservice.de\/fr\/wp-content\/uploads\/sites\/4\/2016\/07\/WP-Bestellbogen_FR_WEB.pdf\" target=\"_blank\">Ici<\/a><a href=\"https:\/\/test.burgwaechterservice.de\/fr\/wp-content\/uploads\/sites\/4\/2016\/07\/WP-Bestellbogen_FR_WEB.pdf\"> vous trouvez le formulaire de demande winProtec et le syst\u00e8me de commande avec une explication pour votre grille de s\u00e9curit\u00e9 selon vos sp\u00e9cifications. (PDF)<\/a><\/p>\n<table class=\"ausfuehrung\">\n<thead>\n<tr>\n<td>Article<\/td>\n<td>dimension de grille<\/td>\n<\/tr>\n<\/thead>\n<tbody>\n<tr>\n<td>Grille de s\u00e9curit\u00e9 S<\/td>\n<td>70 x 90 cm<\/td>\n<\/tr>\n<tr>\n<td>Grille de s\u00e9curit\u00e9 M<\/td>\n<td>80 x 100 cm<\/td>\n<\/tr>\n<tr>\n<td>Grille de s\u00e9curit\u00e9 L<\/td>\n<td>100 x 120 cm<\/td>\n<\/tr>\n<tr>\n<td>Grille de s\u00e9curit\u00e9 XL<\/td>\n<td>120 x 140 cm<\/td>\n<\/tr>\n<\/tbody>\n<\/table>\n","protected":false},"excerpt":{"rendered":"<p>Grilles de s\u00e9curit\u00e9 compl\u00e8tement assembl\u00e9es en 4 tailles \u2022 grilles de s\u00e9curit\u00e9 compl\u00e8tement assembl\u00e9es, accessoires inclus \u2022 facile \u00e0 commander \u2022 vis non d\u00e9tachables \u2022 livr\u00e9 complet avec mat\u00e9riaux de fixation \u2022 Couleur: RAL 9003 blanc de s\u00e9curit\u00e9 Ici vous &hellip; <a class=\"kt-excerpt-readmore\" href=\"https:\/\/test.burgwaechterservice.de\/fr\/p\/portes-et-fenetres\/winprotect\/\" aria-label=\"Grilles de s\u00e9curit\u00e9 winPROTEC\">Lire la suite<\/a><\/p>\n","protected":false},"featured_media":32588,"comment_status":"closed","ping_status":"closed","template":"","meta":[],"product_cat":[35,51],"product_tag":[],"yoast_head":"<!-- This site is optimized with the Yoast SEO Premium plugin v18.4 (Yoast SEO v19.13) - https:\/\/yoast.com\/wordpress\/plugins\/seo\/ -->\n<title>winProtect - Burg-W\u00e4chter<\/title>\n<meta name=\"description\" content=\"Grilles de s\u00e9curit\u00e9 compl\u00e8tement assembl\u00e9es en 4 tailles \u2022 grilles de s\u00e9curit\u00e9 compl\u00e8tement assembl\u00e9es, accessoires inclus \u2022 facile \u00e0 commander \u2022 vis non\" \/>\n<meta name=\"robots\" content=\"index, follow, max-snippet:-1, max-image-preview:large, max-video-preview:-1\" \/>\n<link rel=\"canonical\" href=\"https:\/\/test.burgwaechterservice.de\/fr\/p\/portes-et-fenetres\/winprotect\/\" \/>\n<meta property=\"og:locale\" content=\"fr_FR\" \/>\n<meta property=\"og:type\" content=\"article\" \/>\n<meta property=\"og:title\" content=\"Grilles de s\u00e9curit\u00e9 winPROTEC\" \/>\n<meta property=\"og:description\" content=\"Grilles de s\u00e9curit\u00e9 compl\u00e8tement assembl\u00e9es en 4 tailles \u2022 grilles de s\u00e9curit\u00e9 compl\u00e8tement assembl\u00e9es, accessoires inclus \u2022 facile \u00e0 commander \u2022 vis non\" \/>\n<meta property=\"og:url\" content=\"https:\/\/test.burgwaechterservice.de\/fr\/p\/portes-et-fenetres\/winprotect\/\" \/>\n<meta property=\"og:site_name\" content=\"Burg-W\u00e4chter France\" \/>\n<meta property=\"article:modified_time\" content=\"2016-09-16T06:58:55+00:00\" \/>\n<meta property=\"og:image\" content=\"https:\/\/test.burgwaechterservice.de\/fr\/wp-content\/uploads\/sites\/4\/2016\/07\/TuF_WinProtec_XL_832509-01.jpg\" \/>\n\t<meta property=\"og:image:width\" content=\"307\" \/>\n\t<meta property=\"og:image:height\" content=\"343\" \/>\n\t<meta property=\"og:image:type\" content=\"image\/jpeg\" \/>\n<meta name=\"twitter:card\" content=\"summary_large_image\" \/>\n<!-- \/ Yoast SEO Premium plugin. -->","yoast_head_json":{"title":"winProtect - Burg-W\u00e4chter","description":"Grilles de s\u00e9curit\u00e9 compl\u00e8tement assembl\u00e9es en 4 tailles \u2022 grilles de s\u00e9curit\u00e9 compl\u00e8tement assembl\u00e9es, accessoires inclus \u2022 facile \u00e0 commander \u2022 vis non","robots":{"index":"index","follow":"follow","max-snippet":"max-snippet:-1","max-image-preview":"max-image-preview:large","max-video-preview":"max-video-preview:-1"},"canonical":"https:\/\/test.burgwaechterservice.de\/fr\/p\/portes-et-fenetres\/winprotect\/","og_locale":"fr_FR","og_type":"article","og_title":"Grilles de s\u00e9curit\u00e9 winPROTEC","og_description":"Grilles de s\u00e9curit\u00e9 compl\u00e8tement assembl\u00e9es en 4 tailles \u2022 grilles de s\u00e9curit\u00e9 compl\u00e8tement assembl\u00e9es, accessoires inclus \u2022 facile \u00e0 commander \u2022 vis non","og_url":"https:\/\/test.burgwaechterservice.de\/fr\/p\/portes-et-fenetres\/winprotect\/","og_site_name":"Burg-W\u00e4chter France","article_modified_time":"2016-09-16T06:58:55+00:00","og_image":[{"width":307,"height":343,"url":"https:\/\/test.burgwaechterservice.de\/fr\/wp-content\/uploads\/sites\/4\/2016\/07\/TuF_WinProtec_XL_832509-01.jpg","type":"image\/jpeg"}],"twitter_card":"summary_large_image","schema":{"@context":"https:\/\/schema.org","@graph":[{"@type":"WebPage","@id":"https:\/\/test.burgwaechterservice.de\/fr\/p\/portes-et-fenetres\/winprotect\/","url":"https:\/\/test.burgwaechterservice.de\/fr\/p\/portes-et-fenetres\/winprotect\/","name":"winProtect - Burg-W\u00e4chter","isPartOf":{"@id":"https:\/\/test.burgwaechterservice.de\/fr\/#website"},"datePublished":"2016-07-15T09:30:17+00:00","dateModified":"2016-09-16T06:58:55+00:00","description":"Grilles de s\u00e9curit\u00e9 compl\u00e8tement assembl\u00e9es en 4 tailles \u2022 grilles de s\u00e9curit\u00e9 compl\u00e8tement assembl\u00e9es, accessoires inclus \u2022 facile \u00e0 commander \u2022 vis non","breadcrumb":{"@id":"https:\/\/test.burgwaechterservice.de\/fr\/p\/portes-et-fenetres\/winprotect\/#breadcrumb"},"inLanguage":"fr-FR","potentialAction":[{"@type":"ReadAction","target":["https:\/\/test.burgwaechterservice.de\/fr\/p\/portes-et-fenetres\/winprotect\/"]}]},{"@type":"BreadcrumbList","@id":"https:\/\/test.burgwaechterservice.de\/fr\/p\/portes-et-fenetres\/winprotect\/#breadcrumb","itemListElement":[{"@type":"ListItem","position":1,"name":"Accueil","item":"https:\/\/test.burgwaechterservice.de\/fr\/"},{"@type":"ListItem","position":2,"name":"Produits","item":"https:\/\/test.burgwaechterservice.de\/fr\/p\/"},{"@type":"ListItem","position":3,"name":"Grilles de s\u00e9curit\u00e9 winPROTEC"}]},{"@type":"WebSite","@id":"https:\/\/test.burgwaechterservice.de\/fr\/#website","url":"https:\/\/test.burgwaechterservice.de\/fr\/","name":"Burg-W\u00e4chter France","description":"Le choix le plus s\u00fbr!","potentialAction":[{"@type":"SearchAction","target":{"@type":"EntryPoint","urlTemplate":"https:\/\/test.burgwaechterservice.de\/fr\/?s={search_term_string}"},"query-input":"required name=search_term_string"}],"inLanguage":"fr-FR"}]}},"_links":{"self":[{"href":"https:\/\/test.burgwaechterservice.de\/fr\/wp-json\/wp\/v2\/product\/31778"}],"collection":[{"href":"https:\/\/test.burgwaechterservice.de\/fr\/wp-json\/wp\/v2\/product"}],"about":[{"href":"https:\/\/test.burgwaechterservice.de\/fr\/wp-json\/wp\/v2\/types\/product"}],"replies":[{"embeddable":true,"href":"https:\/\/test.burgwaechterservice.de\/fr\/wp-json\/wp\/v2\/comments?post=31778"}],"wp:featuredmedia":[{"embeddable":true,"href":"https:\/\/test.burgwaechterservice.de\/fr\/wp-json\/wp\/v2\/media\/32588"}],"wp:attachment":[{"href":"https:\/\/test.burgwaechterservice.de\/fr\/wp-json\/wp\/v2\/media?parent=31778"}],"wp:term":[{"taxonomy":"product_cat","embeddable":true,"href":"https:\/\/test.burgwaechterservice.de\/fr\/wp-json\/wp\/v2\/product_cat?post=31778"},{"taxonomy":"product_tag","embeddable":true,"href":"https:\/\/test.burgwaechterservice.de\/fr\/wp-json\/wp\/v2\/product_tag?post=31778"}],"curies":[{"name":"wp","href":"https:\/\/api.w.org\/{rel}","templated":true}]}}