{"id":31776,"date":"2016-07-15T11:07:17","date_gmt":"2016-07-15T09:07:17","guid":{"rendered":"https:\/\/www.burg.biz\/?post_type=product&#038;p=31776"},"modified":"2016-12-02T13:58:48","modified_gmt":"2016-12-02T12:58:48","slug":"ma-99-duo","status":"publish","type":"product","link":"https:\/\/test.burgwaechterservice.de\/fr\/p\/portes-et-fenetres\/ma-99-duo\/","title":{"rendered":"MA 99 DUO"},"content":{"rendered":"<h2>MA 99 DUO<\/h2>\n<h3>Ancre de fixation \u00e0 combiner avec les s\u00e9curit\u00e9s pour portes et fen\u00eatres BURG-W\u00c4CHTER (approuv\u00e9 VdS)<\/h3>\n<p>\u2022 montage facile<br \/>\n\u2022 haute protection contre l\u00b4effraction<br \/>\n\u2022 r\u00e9sistance \u00e0 l\u00b4arrachage accrue pour ch\u00e2ssis en PVC, bois et aluminium<\/p>\n","protected":false},"excerpt":{"rendered":"<p>MA 99 DUO Ancre de fixation \u00e0 combiner avec les s\u00e9curit\u00e9s pour portes et fen\u00eatres BURG-W\u00c4CHTER (approuv\u00e9 VdS) \u2022 montage facile \u2022 haute protection contre l\u00b4effraction \u2022 r\u00e9sistance \u00e0 l\u00b4arrachage accrue pour ch\u00e2ssis en PVC, bois et aluminium<\/p>\n","protected":false},"featured_media":32584,"comment_status":"closed","ping_status":"closed","template":"","meta":[],"product_cat":[35,57],"product_tag":[],"yoast_head":"<!-- This site is optimized with the Yoast SEO Premium plugin v18.4 (Yoast SEO v19.13) - https:\/\/yoast.com\/wordpress\/plugins\/seo\/ -->\n<title>MA 99 DUO - Burg-W\u00e4chter<\/title>\n<meta name=\"description\" content=\"MA 99 DUO Ancre de fixation \u00e0 combiner avec les s\u00e9curit\u00e9s pour portes et fen\u00eatres BURG-W\u00c4CHTER (approuv\u00e9 VdS) \u2022 montage facile \u2022 haute protection contre\" \/>\n<meta name=\"robots\" content=\"index, follow, max-snippet:-1, max-image-preview:large, max-video-preview:-1\" \/>\n<link rel=\"canonical\" href=\"https:\/\/test.burgwaechterservice.de\/fr\/p\/portes-et-fenetres\/ma-99-duo\/\" \/>\n<meta property=\"og:locale\" content=\"fr_FR\" \/>\n<meta property=\"og:type\" content=\"article\" \/>\n<meta property=\"og:title\" content=\"MA 99 DUO\" \/>\n<meta property=\"og:description\" content=\"MA 99 DUO Ancre de fixation \u00e0 combiner avec les s\u00e9curit\u00e9s pour portes et fen\u00eatres BURG-W\u00c4CHTER (approuv\u00e9 VdS) \u2022 montage facile \u2022 haute protection contre\" \/>\n<meta property=\"og:url\" content=\"https:\/\/test.burgwaechterservice.de\/fr\/p\/portes-et-fenetres\/ma-99-duo\/\" \/>\n<meta property=\"og:site_name\" content=\"Burg-W\u00e4chter France\" \/>\n<meta property=\"article:modified_time\" content=\"2016-12-02T12:58:48+00:00\" \/>\n<meta property=\"og:image\" content=\"https:\/\/test.burgwaechterservice.de\/fr\/wp-content\/uploads\/sites\/4\/2016\/07\/tiv5mok7.jpg\" \/>\n\t<meta property=\"og:image:width\" content=\"455\" \/>\n\t<meta property=\"og:image:height\" content=\"455\" \/>\n\t<meta property=\"og:image:type\" content=\"image\/jpeg\" \/>\n<meta name=\"twitter:card\" content=\"summary_large_image\" \/>\n<!-- \/ Yoast SEO Premium plugin. -->","yoast_head_json":{"title":"MA 99 DUO - Burg-W\u00e4chter","description":"MA 99 DUO Ancre de fixation \u00e0 combiner avec les s\u00e9curit\u00e9s pour portes et fen\u00eatres BURG-W\u00c4CHTER (approuv\u00e9 VdS) \u2022 montage facile \u2022 haute protection contre","robots":{"index":"index","follow":"follow","max-snippet":"max-snippet:-1","max-image-preview":"max-image-preview:large","max-video-preview":"max-video-preview:-1"},"canonical":"https:\/\/test.burgwaechterservice.de\/fr\/p\/portes-et-fenetres\/ma-99-duo\/","og_locale":"fr_FR","og_type":"article","og_title":"MA 99 DUO","og_description":"MA 99 DUO Ancre de fixation \u00e0 combiner avec les s\u00e9curit\u00e9s pour portes et fen\u00eatres BURG-W\u00c4CHTER (approuv\u00e9 VdS) \u2022 montage facile \u2022 haute protection contre","og_url":"https:\/\/test.burgwaechterservice.de\/fr\/p\/portes-et-fenetres\/ma-99-duo\/","og_site_name":"Burg-W\u00e4chter France","article_modified_time":"2016-12-02T12:58:48+00:00","og_image":[{"width":455,"height":455,"url":"https:\/\/test.burgwaechterservice.de\/fr\/wp-content\/uploads\/sites\/4\/2016\/07\/tiv5mok7.jpg","type":"image\/jpeg"}],"twitter_card":"summary_large_image","schema":{"@context":"https:\/\/schema.org","@graph":[{"@type":"WebPage","@id":"https:\/\/test.burgwaechterservice.de\/fr\/p\/portes-et-fenetres\/ma-99-duo\/","url":"https:\/\/test.burgwaechterservice.de\/fr\/p\/portes-et-fenetres\/ma-99-duo\/","name":"MA 99 DUO - Burg-W\u00e4chter","isPartOf":{"@id":"https:\/\/test.burgwaechterservice.de\/fr\/#website"},"datePublished":"2016-07-15T09:07:17+00:00","dateModified":"2016-12-02T12:58:48+00:00","description":"MA 99 DUO Ancre de fixation \u00e0 combiner avec les s\u00e9curit\u00e9s pour portes et fen\u00eatres BURG-W\u00c4CHTER (approuv\u00e9 VdS) \u2022 montage facile \u2022 haute protection contre","breadcrumb":{"@id":"https:\/\/test.burgwaechterservice.de\/fr\/p\/portes-et-fenetres\/ma-99-duo\/#breadcrumb"},"inLanguage":"fr-FR","potentialAction":[{"@type":"ReadAction","target":["https:\/\/test.burgwaechterservice.de\/fr\/p\/portes-et-fenetres\/ma-99-duo\/"]}]},{"@type":"BreadcrumbList","@id":"https:\/\/test.burgwaechterservice.de\/fr\/p\/portes-et-fenetres\/ma-99-duo\/#breadcrumb","itemListElement":[{"@type":"ListItem","position":1,"name":"Accueil","item":"https:\/\/test.burgwaechterservice.de\/fr\/"},{"@type":"ListItem","position":2,"name":"Produits","item":"https:\/\/test.burgwaechterservice.de\/fr\/p\/"},{"@type":"ListItem","position":3,"name":"MA 99 DUO"}]},{"@type":"WebSite","@id":"https:\/\/test.burgwaechterservice.de\/fr\/#website","url":"https:\/\/test.burgwaechterservice.de\/fr\/","name":"Burg-W\u00e4chter France","description":"Le choix le plus s\u00fbr!","potentialAction":[{"@type":"SearchAction","target":{"@type":"EntryPoint","urlTemplate":"https:\/\/test.burgwaechterservice.de\/fr\/?s={search_term_string}"},"query-input":"required name=search_term_string"}],"inLanguage":"fr-FR"}]}},"_links":{"self":[{"href":"https:\/\/test.burgwaechterservice.de\/fr\/wp-json\/wp\/v2\/product\/31776"}],"collection":[{"href":"https:\/\/test.burgwaechterservice.de\/fr\/wp-json\/wp\/v2\/product"}],"about":[{"href":"https:\/\/test.burgwaechterservice.de\/fr\/wp-json\/wp\/v2\/types\/product"}],"replies":[{"embeddable":true,"href":"https:\/\/test.burgwaechterservice.de\/fr\/wp-json\/wp\/v2\/comments?post=31776"}],"wp:featuredmedia":[{"embeddable":true,"href":"https:\/\/test.burgwaechterservice.de\/fr\/wp-json\/wp\/v2\/media\/32584"}],"wp:attachment":[{"href":"https:\/\/test.burgwaechterservice.de\/fr\/wp-json\/wp\/v2\/media?parent=31776"}],"wp:term":[{"taxonomy":"product_cat","embeddable":true,"href":"https:\/\/test.burgwaechterservice.de\/fr\/wp-json\/wp\/v2\/product_cat?post=31776"},{"taxonomy":"product_tag","embeddable":true,"href":"https:\/\/test.burgwaechterservice.de\/fr\/wp-json\/wp\/v2\/product_tag?post=31776"}],"curies":[{"name":"wp","href":"https:\/\/api.w.org\/{rel}","templated":true}]}}