{"id":31765,"date":"2016-07-15T12:56:09","date_gmt":"2016-07-15T10:56:09","guid":{"rendered":"https:\/\/www.burg.biz\/?post_type=product&#038;p=31765"},"modified":"2021-08-25T08:15:12","modified_gmt":"2021-08-25T06:15:12","slug":"blocksafe-bs-2","status":"publish","type":"product","link":"https:\/\/test.burgwaechterservice.de\/fr\/p\/portes-et-fenetres\/blocksafe-bs-2\/","title":{"rendered":"BlockSafe BS 2"},"content":{"rendered":"<p><img decoding=\"async\" class=\"alignnone size-full wp-image-33676\" src=\"https:\/\/test.burgwaechterservice.de\/fr\/wp-content\/uploads\/sites\/4\/2016\/07\/vds.jpg\" alt=\"Druck\" width=\"80\" height=\"79\" \/><\/p>\n<h2>Fermeture de s\u00e9curit\u00e9 massive pour portes et fen\u00eatres BlockSafe BS 2 avec blocage de l&#8217;abattant<\/h2>\n<p>Outre un verrouillage fiable de vos fen\u00eatres ou de vos portes ferm\u00e9es, cette fermeture propose une fonction pratique suppl\u00e9mentaire\u00a0: le blocage de l&#8217;abattant <strong>prot\u00e8ge de mani\u00e8re optimale vos fen\u00eatres et vos portes de l&#8217;effraction aussi lorsqu&#8217;elles sont entrouvertes\u00a0!<\/strong><\/p>\n<h3>Haute protection contre l&#8217;effraction gr\u00e2ce \u00e0 sa conception solide<\/h3>\n<p>Le bo\u00eetier solide du BlockSafe BS 2 est fabriqu\u00e9 dans de la fonte robuste. Le <strong>verrou en acier massif<\/strong> et l&#8217;insertion particuli\u00e8rement profonde prot\u00e8gent vos portes et fen\u00eatres de mani\u00e8re optimale et vous assurent un niveau de s\u00e9curit\u00e9 \u00e9lev\u00e9 contre le d\u00e9coupage du verrou et le relevage. Gr\u00e2ce au <strong>blocage suppl\u00e9mentaire robuste<\/strong>, vos fen\u00eatres et vos portes sont aussi s\u00e9curis\u00e9es \u00e0 partir de maintenant m\u00eame lorsqu&#8217;elles sont entrouvertes ou bascul\u00e9es. Cette fermeture en position semi-ouverte offre une <strong>protection contre l&#8217;intrusion v\u00e9rifi\u00e9e par le VdS.<\/strong><br \/>\nLe guidage pr\u00e9cis du verrou et le cylindre exact garantissent en outre une ouverture et une fermeture facile et sure.<\/p>\n<h3>Parfait pour \u00e9quiper fen\u00eatres et portes<\/h3>\n<p>La fermeture BlockSafe BS 2 de BURG-W\u00c4CHTER peut \u00eatre <strong>utilis\u00e9e dans de nombreuses situations<\/strong>. Elle convient aussi bien pour les fen\u00eatres et portes s&#8217;ouvrant vers la droite que vers la gauche.<br \/>\nSes lignes simples s&#8217;int\u00e8grent parfaitement \u00e0 celles de boiseries en tout genre.<\/p>\n<p>Cette fermeture est disponible en blanc ou marron.<\/p>\n<p><strong>Caract\u00e9ristique pratique\u00a0:<\/strong> \u00e9quipez votre logement de plusieurs fermetures de protection BlockSafe (B1 et BS 2) et demandez \u00e0 ce qu&#8217;elles aient toutes la m\u00eame serrure. Ainsi, vous n&#8217;avez besoin que d&#8217;une seule cl\u00e9 pour toutes vos fermetures BlockSafe\u00a0!<\/p>\n<h3>La fermeture BlockSafe BS 2 de BURG-W\u00c4CHTER<\/h3>\n<ul>\n<li>Pour s\u00e9curiser portes et fen\u00eatres<\/li>\n<li>3 positions\u00a0:<br \/>\nVerrouillage total<br \/>\n2. S\u00e9curisation de la position entrouverte, par ex. pour a\u00e9rer<br \/>\n3. Ouverture<\/li>\n<li>Protection extr\u00eame contre l&#8217;effraction<\/li>\n<li>Verrou massif en acier<\/li>\n<li>Bo\u00eetier massif en fonte<\/li>\n<li>Guidage pr\u00e9cis du verrou<\/li>\n<li>Insertion particuli\u00e8rement profonde du verrou<\/li>\n<li>Tr\u00e8s haute s\u00e9curit\u00e9 contre le d\u00e9coupage du verrou et le relevage<\/li>\n<li>Avec cylindre de pr\u00e9cision<\/li>\n<li>Le verrou extr\u00eamement solide apporte une protection contre l&#8217;intrusion v\u00e9rifi\u00e9e par le VdS pour les fen\u00eatres\/portes entrouvertes\/bascul\u00e9es.<\/li>\n<li>Convient pour les fen\u00eatres et les portes s&#8217;ouvrant vers la droite ou vers la gauche<\/li>\n<li>Disponible en blanc ou marron<\/li>\n<li>Possibilit\u00e9 d&#8217;avoir une serrure unique pour toutes les fermetures (aussi avec BlockSafe 1), sur demande, sans surco\u00fbt<\/li>\n<\/ul>\n<p>&nbsp;<\/p>\n<p>&nbsp;<\/p>\n<table class=\"ausfuehrung\">\n<thead>\n<tr>\n<td>Article<\/td>\n<td>Couleurs<\/td>\n<\/tr>\n<\/thead>\n<tbody>\n<tr>\n<td>BS 2 W SB<\/td>\n<td>blanc<\/td>\n<\/tr>\n<tr>\n<td>BS 2 BR SB<\/td>\n<td>marron<\/td>\n<\/tr>\n<tr>\n<td>BS 2 W Z1 GL<\/td>\n<td>blanc<\/td>\n<\/tr>\n<tr>\n<td>BS 2 BR Z1 GL<\/td>\n<td>marron<\/td>\n<\/tr>\n<\/tbody>\n<\/table>\n","protected":false},"excerpt":{"rendered":"<p>Fermeture de s\u00e9curit\u00e9 massive pour portes et fen\u00eatres BlockSafe BS 2 avec blocage de l&#8217;abattant Outre un verrouillage fiable de vos fen\u00eatres ou de vos portes ferm\u00e9es, cette fermeture propose une fonction pratique suppl\u00e9mentaire\u00a0: le blocage de l&#8217;abattant prot\u00e8ge de &hellip; <a class=\"kt-excerpt-readmore\" href=\"https:\/\/test.burgwaechterservice.de\/fr\/p\/portes-et-fenetres\/blocksafe-bs-2\/\" aria-label=\"BlockSafe BS 2\">Lire la suite<\/a><\/p>\n","protected":false},"featured_media":53606,"comment_status":"closed","ping_status":"closed","template":"","meta":[],"product_cat":[35,57],"product_tag":[506],"yoast_head":"<!-- This site is optimized with the Yoast SEO Premium plugin v18.4 (Yoast SEO v19.13) - https:\/\/yoast.com\/wordpress\/plugins\/seo\/ -->\n<title>BlockSafe BS 2 - Burg-W\u00e4chter<\/title>\n<meta name=\"description\" content=\"Fermeture de s\u00e9curit\u00e9 massive pour portes et fen\u00eatres BlockSafe BS 2 avec blocage de l&#039;abattant Outre un verrouillage fiable de vos fen\u00eatres ou de vos\" \/>\n<meta name=\"robots\" content=\"index, follow, max-snippet:-1, max-image-preview:large, max-video-preview:-1\" \/>\n<link rel=\"canonical\" href=\"https:\/\/test.burgwaechterservice.de\/fr\/p\/portes-et-fenetres\/blocksafe-bs-2\/\" \/>\n<meta property=\"og:locale\" content=\"fr_FR\" \/>\n<meta property=\"og:type\" content=\"article\" \/>\n<meta property=\"og:title\" content=\"BlockSafe BS 2\" \/>\n<meta property=\"og:description\" content=\"Fermeture de s\u00e9curit\u00e9 massive pour portes et fen\u00eatres BlockSafe BS 2 avec blocage de l&#039;abattant Outre un verrouillage fiable de vos fen\u00eatres ou de vos\" \/>\n<meta property=\"og:url\" content=\"https:\/\/test.burgwaechterservice.de\/fr\/p\/portes-et-fenetres\/blocksafe-bs-2\/\" \/>\n<meta property=\"og:site_name\" content=\"Burg-W\u00e4chter France\" \/>\n<meta property=\"article:modified_time\" content=\"2021-08-25T06:15:12+00:00\" \/>\n<meta property=\"og:image\" content=\"https:\/\/test.burgwaechterservice.de\/fr\/wp-content\/uploads\/sites\/4\/2016\/07\/BS_2_seitlich-1024x873.jpg\" \/>\n\t<meta property=\"og:image:width\" content=\"1024\" \/>\n\t<meta property=\"og:image:height\" content=\"873\" \/>\n\t<meta property=\"og:image:type\" content=\"image\/jpeg\" \/>\n<meta name=\"twitter:card\" content=\"summary_large_image\" \/>\n<meta name=\"twitter:label1\" content=\"Dur\u00e9e de lecture estim\u00e9e\" \/>\n\t<meta name=\"twitter:data1\" content=\"2 minutes\" \/>\n<!-- \/ Yoast SEO Premium plugin. -->","yoast_head_json":{"title":"BlockSafe BS 2 - Burg-W\u00e4chter","description":"Fermeture de s\u00e9curit\u00e9 massive pour portes et fen\u00eatres BlockSafe BS 2 avec blocage de l'abattant Outre un verrouillage fiable de vos fen\u00eatres ou de vos","robots":{"index":"index","follow":"follow","max-snippet":"max-snippet:-1","max-image-preview":"max-image-preview:large","max-video-preview":"max-video-preview:-1"},"canonical":"https:\/\/test.burgwaechterservice.de\/fr\/p\/portes-et-fenetres\/blocksafe-bs-2\/","og_locale":"fr_FR","og_type":"article","og_title":"BlockSafe BS 2","og_description":"Fermeture de s\u00e9curit\u00e9 massive pour portes et fen\u00eatres BlockSafe BS 2 avec blocage de l'abattant Outre un verrouillage fiable de vos fen\u00eatres ou de vos","og_url":"https:\/\/test.burgwaechterservice.de\/fr\/p\/portes-et-fenetres\/blocksafe-bs-2\/","og_site_name":"Burg-W\u00e4chter France","article_modified_time":"2021-08-25T06:15:12+00:00","og_image":[{"width":1024,"height":873,"url":"https:\/\/test.burgwaechterservice.de\/fr\/wp-content\/uploads\/sites\/4\/2016\/07\/BS_2_seitlich-1024x873.jpg","type":"image\/jpeg"}],"twitter_card":"summary_large_image","twitter_misc":{"Dur\u00e9e de lecture estim\u00e9e":"2 minutes"},"schema":{"@context":"https:\/\/schema.org","@graph":[{"@type":"WebPage","@id":"https:\/\/test.burgwaechterservice.de\/fr\/p\/portes-et-fenetres\/blocksafe-bs-2\/","url":"https:\/\/test.burgwaechterservice.de\/fr\/p\/portes-et-fenetres\/blocksafe-bs-2\/","name":"BlockSafe BS 2 - Burg-W\u00e4chter","isPartOf":{"@id":"https:\/\/test.burgwaechterservice.de\/fr\/#website"},"datePublished":"2016-07-15T10:56:09+00:00","dateModified":"2021-08-25T06:15:12+00:00","description":"Fermeture de s\u00e9curit\u00e9 massive pour portes et fen\u00eatres BlockSafe BS 2 avec blocage de l'abattant Outre un verrouillage fiable de vos fen\u00eatres ou de vos","breadcrumb":{"@id":"https:\/\/test.burgwaechterservice.de\/fr\/p\/portes-et-fenetres\/blocksafe-bs-2\/#breadcrumb"},"inLanguage":"fr-FR","potentialAction":[{"@type":"ReadAction","target":["https:\/\/test.burgwaechterservice.de\/fr\/p\/portes-et-fenetres\/blocksafe-bs-2\/"]}]},{"@type":"BreadcrumbList","@id":"https:\/\/test.burgwaechterservice.de\/fr\/p\/portes-et-fenetres\/blocksafe-bs-2\/#breadcrumb","itemListElement":[{"@type":"ListItem","position":1,"name":"Accueil","item":"https:\/\/test.burgwaechterservice.de\/fr\/"},{"@type":"ListItem","position":2,"name":"Produits","item":"https:\/\/test.burgwaechterservice.de\/fr\/p\/"},{"@type":"ListItem","position":3,"name":"BlockSafe BS 2"}]},{"@type":"WebSite","@id":"https:\/\/test.burgwaechterservice.de\/fr\/#website","url":"https:\/\/test.burgwaechterservice.de\/fr\/","name":"Burg-W\u00e4chter France","description":"Le choix le plus s\u00fbr!","potentialAction":[{"@type":"SearchAction","target":{"@type":"EntryPoint","urlTemplate":"https:\/\/test.burgwaechterservice.de\/fr\/?s={search_term_string}"},"query-input":"required name=search_term_string"}],"inLanguage":"fr-FR"}]}},"_links":{"self":[{"href":"https:\/\/test.burgwaechterservice.de\/fr\/wp-json\/wp\/v2\/product\/31765"}],"collection":[{"href":"https:\/\/test.burgwaechterservice.de\/fr\/wp-json\/wp\/v2\/product"}],"about":[{"href":"https:\/\/test.burgwaechterservice.de\/fr\/wp-json\/wp\/v2\/types\/product"}],"replies":[{"embeddable":true,"href":"https:\/\/test.burgwaechterservice.de\/fr\/wp-json\/wp\/v2\/comments?post=31765"}],"wp:featuredmedia":[{"embeddable":true,"href":"https:\/\/test.burgwaechterservice.de\/fr\/wp-json\/wp\/v2\/media\/53606"}],"wp:attachment":[{"href":"https:\/\/test.burgwaechterservice.de\/fr\/wp-json\/wp\/v2\/media?parent=31765"}],"wp:term":[{"taxonomy":"product_cat","embeddable":true,"href":"https:\/\/test.burgwaechterservice.de\/fr\/wp-json\/wp\/v2\/product_cat?post=31765"},{"taxonomy":"product_tag","embeddable":true,"href":"https:\/\/test.burgwaechterservice.de\/fr\/wp-json\/wp\/v2\/product_tag?post=31765"}],"curies":[{"name":"wp","href":"https:\/\/api.w.org\/{rel}","templated":true}]}}