{"id":31759,"date":"2016-07-15T10:39:40","date_gmt":"2016-07-15T08:39:40","guid":{"rendered":"https:\/\/www.burg.biz\/?post_type=product&#038;p=31759"},"modified":"2017-08-07T13:01:00","modified_gmt":"2017-08-07T11:01:00","slug":"blocksafe-b1","status":"publish","type":"product","link":"https:\/\/test.burgwaechterservice.de\/fr\/p\/portes-et-fenetres\/blocksafe-b1\/","title":{"rendered":"BlockSafe B1"},"content":{"rendered":"<p><img decoding=\"async\" class=\"alignnone size-full wp-image-33676\" src=\"https:\/\/test.burgwaechterservice.de\/fr\/wp-content\/uploads\/sites\/4\/2016\/07\/vds.jpg\" alt=\"Druck\" width=\"80\" height=\"79\" \/><\/p>\n<h2>Utile dans de nombreuses situations\u00a0: la fermeture de s\u00e9curit\u00e9 massive BlockSafe B1 pour vos fen\u00eatres et vos portes<\/h2>\n<p>La fermeture de s\u00e9curit\u00e9 solide pour fen\u00eatres de la gamme BlockSafe de BURG-W\u00c4CHTER prot\u00e8ge parfaitement de l&#8217;effraction non seulement vos fen\u00eatres mais aussi vos portes.<\/p>\n<h3>Structure massive, reconnue par l&#8217;association allemande VdS<\/h3>\n<p>Le bo\u00eetier de la fermeture de s\u00e9curit\u00e9 pour fen\u00eatres est r\u00e9alis\u00e9 en fonte solide. Il a \u00e9t\u00e9 <strong>test\u00e9 et reconnu par le VdS<\/strong>. Le <strong>verrou massif en acier<\/strong> et son guidage extr\u00eamement pr\u00e9cis permettent d&#8217;ouvrir et de fermer confortablement et en toute s\u00e9curit\u00e9 vos portes et vos fen\u00eatres. Gr\u00e2ce au verrou massif en acier et \u00e0 sa longue profondeur d&#8217;insertion, la fermeture est extr\u00eamement performante contre le d\u00e9coupage du verrou et le relevage.<br \/>\nLe cylindre assure une fermeture pr\u00e9cise et agr\u00e9able.<\/p>\n<p><strong>Caract\u00e9ristique pratique\u00a0:<\/strong> si vous achetez plusieurs fermetures de protection BlockSafe (B1 et BS 2), vous pouvez demander \u00e0 ce qu&#8217;elles aient toutes la m\u00eame serrure. Ainsi, vous n&#8217;avez besoin que d&#8217;une seule cl\u00e9.<\/p>\n<h3>Utile dans de nombreuses situations<\/h3>\n<p>La fermeture de protection massive convient pour les fen\u00eatres s&#8217;ouvrant vers la droite, vers la gauche, vers l&#8217;int\u00e9rieur et vers l&#8217;ext\u00e9rieur. La fermeture BlockSafe B1 n&#8217;est pas con\u00e7ue uniquement pour \u00e9quiper vos fen\u00eatres, vous pouvez \u00e9galement en \u00e9quiper vos portes.<\/p>\n<p>Ses lignes \u00e9pur\u00e9es lui permettent de s&#8217;int\u00e9grer \u00e0 chaque style de boiserie. Vous pouvez choisir parmi le blanc et le marron pour trouver la fermeture correspondant \u00e0 vos fen\u00eatres.<\/p>\n<h3>En bref\u00a0: La fermeture de s\u00e9curit\u00e9 BlockSafe B1 pour vos fen\u00eatres et vos portes<\/h3>\n<ul>\n<li>Convient \u00e9galement en tant que fermeture suppl\u00e9mentaire pour portes<\/li>\n<li>Protection extr\u00eame contre l&#8217;effraction<\/li>\n<li>Reconnue par le VdS<\/li>\n<li>Verrou massif en acier<\/li>\n<li>Bo\u00eetier massif en fonte<\/li>\n<li>Guidage pr\u00e9cis du verrou<\/li>\n<li>Insertion particuli\u00e8rement profonde du verrou<\/li>\n<li>Tr\u00e8s haute s\u00e9curit\u00e9 contre le d\u00e9coupage du verrou et le relevage<\/li>\n<li>Utile dans de nombreuses situations<\/li>\n<li>Avec cylindre de pr\u00e9cision<\/li>\n<li>Convient pour les fen\u00eatres et les portes s&#8217;ouvrant vers la droite, vers la gauche, vers l&#8217;int\u00e9rieur<\/li>\n<li>Disponible en blanc ou marron<\/li>\n<li>Possibilit\u00e9 d&#8217;avoir une serrure unique pour toutes les fermetures (aussi avec BlockSafe BS 2), sur demande, sans surco\u00fbt<\/li>\n<\/ul>\n<p>&nbsp;<\/p>\n<p>&nbsp;<\/p>\n<table class=\"ausfuehrung\">\n<thead>\n<tr>\n<td>Article<\/td>\n<td>Couleurs<\/td>\n<\/tr>\n<\/thead>\n<tbody>\n<tr>\n<td>B1 W SB<\/td>\n<td>blanc<\/td>\n<\/tr>\n<tr>\n<td>B1 BR SB<\/td>\n<td>marron<\/td>\n<\/tr>\n<tr>\n<td>B1 W Z1 GL<\/td>\n<td>blanc<\/td>\n<\/tr>\n<tr>\n<td>B1 BR Z1 GL<\/td>\n<td>marron<\/td>\n<\/tr>\n<\/tbody>\n<\/table>\n","protected":false},"excerpt":{"rendered":"<p>Utile dans de nombreuses situations\u00a0: la fermeture de s\u00e9curit\u00e9 massive BlockSafe B1 pour vos fen\u00eatres et vos portes La fermeture de s\u00e9curit\u00e9 solide pour fen\u00eatres de la gamme BlockSafe de BURG-W\u00c4CHTER prot\u00e8ge parfaitement de l&#8217;effraction non seulement vos fen\u00eatres mais &hellip; <a class=\"kt-excerpt-readmore\" href=\"https:\/\/test.burgwaechterservice.de\/fr\/p\/portes-et-fenetres\/blocksafe-b1\/\" aria-label=\"BlockSafe B1\">Lire la suite<\/a><\/p>\n","protected":false},"featured_media":53605,"comment_status":"closed","ping_status":"closed","template":"","meta":[],"product_cat":[35,57],"product_tag":[506],"yoast_head":"<!-- This site is optimized with the Yoast SEO Premium plugin v18.4 (Yoast SEO v19.13) - https:\/\/yoast.com\/wordpress\/plugins\/seo\/ -->\n<title>BlockSafe B1 - Burg-W\u00e4chter<\/title>\n<meta name=\"description\" content=\"Utile dans de nombreuses situations\u00a0: la fermeture de s\u00e9curit\u00e9 massive BlockSafe B1 pour vos fen\u00eatres et vos portes La fermeture de s\u00e9curit\u00e9 solide pour\" \/>\n<meta name=\"robots\" content=\"index, follow, max-snippet:-1, max-image-preview:large, max-video-preview:-1\" \/>\n<link rel=\"canonical\" href=\"https:\/\/test.burgwaechterservice.de\/fr\/p\/portes-et-fenetres\/blocksafe-b1\/\" \/>\n<meta property=\"og:locale\" content=\"fr_FR\" \/>\n<meta property=\"og:type\" content=\"article\" \/>\n<meta property=\"og:title\" content=\"BlockSafe B1\" \/>\n<meta property=\"og:description\" content=\"Utile dans de nombreuses situations\u00a0: la fermeture de s\u00e9curit\u00e9 massive BlockSafe B1 pour vos fen\u00eatres et vos portes La fermeture de s\u00e9curit\u00e9 solide pour\" \/>\n<meta property=\"og:url\" content=\"https:\/\/test.burgwaechterservice.de\/fr\/p\/portes-et-fenetres\/blocksafe-b1\/\" \/>\n<meta property=\"og:site_name\" content=\"Burg-W\u00e4chter France\" \/>\n<meta property=\"article:modified_time\" content=\"2017-08-07T11:01:00+00:00\" \/>\n<meta property=\"og:image\" content=\"https:\/\/test.burgwaechterservice.de\/fr\/wp-content\/uploads\/sites\/4\/2016\/07\/B1_seitlich.jpg\" \/>\n\t<meta property=\"og:image:width\" content=\"2516\" \/>\n\t<meta property=\"og:image:height\" content=\"2248\" \/>\n\t<meta property=\"og:image:type\" content=\"image\/jpeg\" \/>\n<meta name=\"twitter:card\" content=\"summary_large_image\" \/>\n<meta name=\"twitter:label1\" content=\"Dur\u00e9e de lecture estim\u00e9e\" \/>\n\t<meta name=\"twitter:data1\" content=\"2 minutes\" \/>\n<!-- \/ Yoast SEO Premium plugin. -->","yoast_head_json":{"title":"BlockSafe B1 - Burg-W\u00e4chter","description":"Utile dans de nombreuses situations\u00a0: la fermeture de s\u00e9curit\u00e9 massive BlockSafe B1 pour vos fen\u00eatres et vos portes La fermeture de s\u00e9curit\u00e9 solide pour","robots":{"index":"index","follow":"follow","max-snippet":"max-snippet:-1","max-image-preview":"max-image-preview:large","max-video-preview":"max-video-preview:-1"},"canonical":"https:\/\/test.burgwaechterservice.de\/fr\/p\/portes-et-fenetres\/blocksafe-b1\/","og_locale":"fr_FR","og_type":"article","og_title":"BlockSafe B1","og_description":"Utile dans de nombreuses situations\u00a0: la fermeture de s\u00e9curit\u00e9 massive BlockSafe B1 pour vos fen\u00eatres et vos portes La fermeture de s\u00e9curit\u00e9 solide pour","og_url":"https:\/\/test.burgwaechterservice.de\/fr\/p\/portes-et-fenetres\/blocksafe-b1\/","og_site_name":"Burg-W\u00e4chter France","article_modified_time":"2017-08-07T11:01:00+00:00","og_image":[{"width":2516,"height":2248,"url":"https:\/\/test.burgwaechterservice.de\/fr\/wp-content\/uploads\/sites\/4\/2016\/07\/B1_seitlich.jpg","type":"image\/jpeg"}],"twitter_card":"summary_large_image","twitter_misc":{"Dur\u00e9e de lecture estim\u00e9e":"2 minutes"},"schema":{"@context":"https:\/\/schema.org","@graph":[{"@type":"WebPage","@id":"https:\/\/test.burgwaechterservice.de\/fr\/p\/portes-et-fenetres\/blocksafe-b1\/","url":"https:\/\/test.burgwaechterservice.de\/fr\/p\/portes-et-fenetres\/blocksafe-b1\/","name":"BlockSafe B1 - Burg-W\u00e4chter","isPartOf":{"@id":"https:\/\/test.burgwaechterservice.de\/fr\/#website"},"datePublished":"2016-07-15T08:39:40+00:00","dateModified":"2017-08-07T11:01:00+00:00","description":"Utile dans de nombreuses situations\u00a0: la fermeture de s\u00e9curit\u00e9 massive BlockSafe B1 pour vos fen\u00eatres et vos portes La fermeture de s\u00e9curit\u00e9 solide pour","breadcrumb":{"@id":"https:\/\/test.burgwaechterservice.de\/fr\/p\/portes-et-fenetres\/blocksafe-b1\/#breadcrumb"},"inLanguage":"fr-FR","potentialAction":[{"@type":"ReadAction","target":["https:\/\/test.burgwaechterservice.de\/fr\/p\/portes-et-fenetres\/blocksafe-b1\/"]}]},{"@type":"BreadcrumbList","@id":"https:\/\/test.burgwaechterservice.de\/fr\/p\/portes-et-fenetres\/blocksafe-b1\/#breadcrumb","itemListElement":[{"@type":"ListItem","position":1,"name":"Accueil","item":"https:\/\/test.burgwaechterservice.de\/fr\/"},{"@type":"ListItem","position":2,"name":"Produits","item":"https:\/\/test.burgwaechterservice.de\/fr\/p\/"},{"@type":"ListItem","position":3,"name":"BlockSafe B1"}]},{"@type":"WebSite","@id":"https:\/\/test.burgwaechterservice.de\/fr\/#website","url":"https:\/\/test.burgwaechterservice.de\/fr\/","name":"Burg-W\u00e4chter France","description":"Le choix le plus s\u00fbr!","potentialAction":[{"@type":"SearchAction","target":{"@type":"EntryPoint","urlTemplate":"https:\/\/test.burgwaechterservice.de\/fr\/?s={search_term_string}"},"query-input":"required name=search_term_string"}],"inLanguage":"fr-FR"}]}},"_links":{"self":[{"href":"https:\/\/test.burgwaechterservice.de\/fr\/wp-json\/wp\/v2\/product\/31759"}],"collection":[{"href":"https:\/\/test.burgwaechterservice.de\/fr\/wp-json\/wp\/v2\/product"}],"about":[{"href":"https:\/\/test.burgwaechterservice.de\/fr\/wp-json\/wp\/v2\/types\/product"}],"replies":[{"embeddable":true,"href":"https:\/\/test.burgwaechterservice.de\/fr\/wp-json\/wp\/v2\/comments?post=31759"}],"wp:featuredmedia":[{"embeddable":true,"href":"https:\/\/test.burgwaechterservice.de\/fr\/wp-json\/wp\/v2\/media\/53605"}],"wp:attachment":[{"href":"https:\/\/test.burgwaechterservice.de\/fr\/wp-json\/wp\/v2\/media?parent=31759"}],"wp:term":[{"taxonomy":"product_cat","embeddable":true,"href":"https:\/\/test.burgwaechterservice.de\/fr\/wp-json\/wp\/v2\/product_cat?post=31759"},{"taxonomy":"product_tag","embeddable":true,"href":"https:\/\/test.burgwaechterservice.de\/fr\/wp-json\/wp\/v2\/product_tag?post=31759"}],"curies":[{"name":"wp","href":"https:\/\/api.w.org\/{rel}","templated":true}]}}