{"id":31755,"date":"2016-07-15T10:29:21","date_gmt":"2016-07-15T08:29:21","guid":{"rendered":"https:\/\/www.burg.biz\/?post_type=product&#038;p=31755"},"modified":"2018-07-17T09:25:46","modified_gmt":"2018-07-17T07:25:46","slug":"winsafe-wx-4","status":"publish","type":"product","link":"https:\/\/test.burgwaechterservice.de\/fr\/p\/portes-et-fenetres\/winsafe-wx-4\/","title":{"rendered":"WinSafe WX 4"},"content":{"rendered":"<p><img decoding=\"async\" class=\"alignnone size-full wp-image-33676\" src=\"https:\/\/test.burgwaechterservice.de\/fr\/wp-content\/uploads\/sites\/4\/2016\/07\/vds.jpg\" alt=\"Druck\" width=\"80\" height=\"79\" \/><\/p>\n<h2>Protection \u00e9lev\u00e9e contre l&#8217;effraction et confort d&#8217;utilisation avec le dispositif de s\u00e9curit\u00e9 pour fen\u00eatres WinSafe WX 4<\/h2>\n<p>Avec ce dispositif de s\u00e9curit\u00e9 mont\u00e9 \u00e0 votre fen\u00eatre, vous opposez une r\u00e9sistance maximale aux cambrioleurs en cas de tentative d&#8217;effraction avec un pied-de-biche. Le dispositif de s\u00e9curit\u00e9 pour fen\u00eatres WinSafe WX 4 <strong>supporte une pression de 600 kg.<\/strong><br \/>\nEn plus de la protection extr\u00eamement \u00e9lev\u00e9e contre l&#8217;effraction, le maniement du dispositif m\u00e9canique de s\u00e9curit\u00e9 est <strong>facile et confortable.<\/strong><\/p>\n<p>Le dispositif de s\u00e9curit\u00e9 pour fen\u00eatres WinSafe WX 4 a re\u00e7u la note <strong>BON (1,8)<\/strong> lors du test qualit\u00e9 effectu\u00e9 par <strong>Stiftung Warentest, une organisation allemande de consommateurs<\/strong> (revue de 5\/2014).<\/p>\n<h3>Tr\u00e8s grand confort de verrouillage<\/h3>\n<p>Pour ce dispositif de s\u00e9curit\u00e9, <strong>nul besoin de cl\u00e9.<\/strong> Lors de la fermeture normale de votre fen\u00eatre, le WinSafe WX 4 se verrouille automatiquement. Ici, pas besoin de contr\u00f4le p\u00e9nible\u00a0: Votre fen\u00eatre est <strong>toujours verrouill\u00e9e et s\u00e9curis\u00e9e de fa\u00e7on optimale<\/strong> apr\u00e8s sa fermeture.<br \/>\nPour une ouverture confortable, il suffit d&#8217;abaisser le loquet situ\u00e9 en haut.<\/p>\n<p>Conseils de s\u00e9curit\u00e9\u00a0: Lors du montage sur des portes-fen\u00eatres, il faut veiller \u00e0 ne pas s&#8217;enfermer dehors par m\u00e9garde \u00e0 cause du m\u00e9canisme de fermeture automatique.<\/p>\n<h3>Structure tr\u00e8s stable<\/h3>\n<p>L&#8217;<strong>ancrage int\u00e9rieur<\/strong> du dispositif de s\u00e9curit\u00e9 est <strong>en acier tremp\u00e9 <\/strong>et garantit un encastrement s\u00fbr et stable lors de la fermeture de la fen\u00eatre. Le dispositif de s\u00e9curit\u00e9 pour fen\u00eatres est \u00e9galement <strong>test\u00e9 et approuv\u00e9 par le Vds.<\/strong><\/p>\n<p>En blanc et en marron, le design sobre se marie parfaitement avec chaque mod\u00e8le de fen\u00eatre.<\/p>\n<h3>Montage facile r\u00e9alisable soi-m\u00eame<\/h3>\n<p>Avec le <strong>gabarit de montage professionnel <\/strong>de s\u00e9rie fourni \u00e1 la livraison, le montage s&#8217;effectue <strong>rapidement et simplement.<\/strong> Le dispositif m\u00e9canique de s\u00e9curit\u00e9 pour fen\u00eatres est <strong>souple d&#8217;utilisation\u00a0<\/strong>: Le montage est possible sur les quatre c\u00f4t\u00e9s d&#8217;une fen\u00eatre ou d&#8217;une porte ouvrant vers l&#8217;int\u00e9rieur. La diff\u00e9rence de niveau entre le ventail et le cadre de la fen\u00eatre peut aller jusqu&#8217;\u00e0 23 mm. Avec les entretoises, vous ajustez exactement le dispositif de s\u00e9curit\u00e9 \u00e0 votre fen\u00eatre.<br \/>\nConseil lors de la fixation sur le c\u00f4t\u00e9 des charni\u00e8res\u00a0: Assurez-vous que l&#8217;angle d\u2018ouverture soit d\u00e8s maintenant de 95 degr\u00e9s.<\/p>\n<p>Ayez confiance en le dispositif de s\u00e9curit\u00e9 pour fen\u00eatres WinSafe WX 4 BURG-W\u00c4CHTER \u2013 avec lui, vous \u00eates assur\u00e9 de verrouiller tous les risques\u00a0!<\/p>\n<h3>Les caract\u00e9ristiques du dispositif de s\u00e9curit\u00e9 pour fen\u00eatres WinSafe WX 4 en r\u00e9sum\u00e9<\/h3>\n<p><strong>Haute protection contre l&#8217;effraction<\/strong><\/p>\n<ul>\n<li>Approuv\u00e9 par le VdS<\/li>\n<li>Extr\u00eamement stable<\/li>\n<li>Ancrage en acier c\u00e9ment\u00e9<\/li>\n<li>Tr\u00e8s grande r\u00e9sistance aux tentatives d\u2018effraction avec pied-de-biche.<br \/>\nForce de pression test\u00e9e\u00a0:\u00a0600 kg<\/li>\n<li>Avec fonction charni\u00e8res de s\u00e9curit\u00e9<\/li>\n<\/ul>\n<p><strong>Utilisation pratique<\/strong><\/p>\n<ul>\n<li>Verrouiller les fen\u00eatres \u2013 S\u00e9curisation automatique<\/li>\n<li>Ouverture confortable\u00a0:<br \/>\nUtilisation avec une seule main, sans cl\u00e9<\/li>\n<li>Montage flexible pour toutes les fen\u00eatres ouvrant vers l\u2018int\u00e9rieur<\/li>\n<li>Utilisable sur les quatre c\u00f4t\u00e9s de la fen\u00eatre<\/li>\n<li>Angle d\u2018ouverture pour un montage du c\u00f4t\u00e9 charni\u00e8res\u00a0:\u00a095 degr\u00e9s\u00a0!<\/li>\n<li>Montage facile gr\u00e2ce au gabarit de montage professionnel (inclus de s\u00e9rie)<\/li>\n<li>Jusqu&#8217;\u00e0 23 mm de diff\u00e9rence de niveau<\/li>\n<li>R\u00e9sultat du test qualit\u00e9\u00a0: BON (1,8)<br \/>\n(test\u00e9 par Stiftung Warentest, une organisation de consommateurs allemande, revue de 5\/2014)<\/li>\n<li>Disponible en blanc et marron<\/li>\n<\/ul>\n<p>&nbsp;<\/p>\n<p>&nbsp;<\/p>\n<table class=\"ausfuehrung\">\n<thead>\n<tr>\n<td>Article<\/td>\n<td>Couleurs<\/td>\n<\/tr>\n<\/thead>\n<tbody>\n<tr>\n<td>WX 4 W SB<\/td>\n<td>blanc<\/td>\n<\/tr>\n<tr>\n<td>WX 4 BR SB<\/td>\n<td>marron<\/td>\n<\/tr>\n<\/tbody>\n<\/table>\n","protected":false},"excerpt":{"rendered":"<p>Protection \u00e9lev\u00e9e contre l&#8217;effraction et confort d&#8217;utilisation avec le dispositif de s\u00e9curit\u00e9 pour fen\u00eatres WinSafe WX 4 Avec ce dispositif de s\u00e9curit\u00e9 mont\u00e9 \u00e0 votre fen\u00eatre, vous opposez une r\u00e9sistance maximale aux cambrioleurs en cas de tentative d&#8217;effraction avec un &hellip; <a class=\"kt-excerpt-readmore\" href=\"https:\/\/test.burgwaechterservice.de\/fr\/p\/portes-et-fenetres\/winsafe-wx-4\/\" aria-label=\"WinSafe WX 4\">Lire la suite<\/a><\/p>\n","protected":false},"featured_media":32577,"comment_status":"closed","ping_status":"closed","template":"","meta":[],"product_cat":[35,57],"product_tag":[581],"yoast_head":"<!-- This site is optimized with the Yoast SEO Premium plugin v18.4 (Yoast SEO v19.13) - https:\/\/yoast.com\/wordpress\/plugins\/seo\/ -->\n<title>WinSafe WX 4 - Burg-W\u00e4chter<\/title>\n<meta name=\"description\" content=\"Protection \u00e9lev\u00e9e contre l&#039;effraction et confort d&#039;utilisation avec le dispositif de s\u00e9curit\u00e9 pour fen\u00eatres WinSafe WX 4 Avec ce dispositif de s\u00e9curit\u00e9\" \/>\n<meta name=\"robots\" content=\"index, follow, max-snippet:-1, max-image-preview:large, max-video-preview:-1\" \/>\n<link rel=\"canonical\" href=\"https:\/\/test.burgwaechterservice.de\/fr\/p\/portes-et-fenetres\/winsafe-wx-4\/\" \/>\n<meta property=\"og:locale\" content=\"fr_FR\" \/>\n<meta property=\"og:type\" content=\"article\" \/>\n<meta property=\"og:title\" content=\"WinSafe WX 4\" \/>\n<meta property=\"og:description\" content=\"Protection \u00e9lev\u00e9e contre l&#039;effraction et confort d&#039;utilisation avec le dispositif de s\u00e9curit\u00e9 pour fen\u00eatres WinSafe WX 4 Avec ce dispositif de s\u00e9curit\u00e9\" \/>\n<meta property=\"og:url\" content=\"https:\/\/test.burgwaechterservice.de\/fr\/p\/portes-et-fenetres\/winsafe-wx-4\/\" \/>\n<meta property=\"og:site_name\" content=\"Burg-W\u00e4chter France\" \/>\n<meta property=\"article:modified_time\" content=\"2018-07-17T07:25:46+00:00\" \/>\n<meta property=\"og:image\" content=\"https:\/\/test.burgwaechterservice.de\/fr\/wp-content\/uploads\/sites\/4\/2016\/07\/TuF_WinSafe_WX_4_W_SB_301814-04.jpg\" \/>\n\t<meta property=\"og:image:width\" content=\"1000\" \/>\n\t<meta property=\"og:image:height\" content=\"1000\" \/>\n\t<meta property=\"og:image:type\" content=\"image\/jpeg\" \/>\n<meta name=\"twitter:card\" content=\"summary_large_image\" \/>\n<meta name=\"twitter:label1\" content=\"Dur\u00e9e de lecture estim\u00e9e\" \/>\n\t<meta name=\"twitter:data1\" content=\"3 minutes\" \/>\n<!-- \/ Yoast SEO Premium plugin. -->","yoast_head_json":{"title":"WinSafe WX 4 - Burg-W\u00e4chter","description":"Protection \u00e9lev\u00e9e contre l'effraction et confort d'utilisation avec le dispositif de s\u00e9curit\u00e9 pour fen\u00eatres WinSafe WX 4 Avec ce dispositif de s\u00e9curit\u00e9","robots":{"index":"index","follow":"follow","max-snippet":"max-snippet:-1","max-image-preview":"max-image-preview:large","max-video-preview":"max-video-preview:-1"},"canonical":"https:\/\/test.burgwaechterservice.de\/fr\/p\/portes-et-fenetres\/winsafe-wx-4\/","og_locale":"fr_FR","og_type":"article","og_title":"WinSafe WX 4","og_description":"Protection \u00e9lev\u00e9e contre l'effraction et confort d'utilisation avec le dispositif de s\u00e9curit\u00e9 pour fen\u00eatres WinSafe WX 4 Avec ce dispositif de s\u00e9curit\u00e9","og_url":"https:\/\/test.burgwaechterservice.de\/fr\/p\/portes-et-fenetres\/winsafe-wx-4\/","og_site_name":"Burg-W\u00e4chter France","article_modified_time":"2018-07-17T07:25:46+00:00","og_image":[{"width":1000,"height":1000,"url":"https:\/\/test.burgwaechterservice.de\/fr\/wp-content\/uploads\/sites\/4\/2016\/07\/TuF_WinSafe_WX_4_W_SB_301814-04.jpg","type":"image\/jpeg"}],"twitter_card":"summary_large_image","twitter_misc":{"Dur\u00e9e de lecture estim\u00e9e":"3 minutes"},"schema":{"@context":"https:\/\/schema.org","@graph":[{"@type":"WebPage","@id":"https:\/\/test.burgwaechterservice.de\/fr\/p\/portes-et-fenetres\/winsafe-wx-4\/","url":"https:\/\/test.burgwaechterservice.de\/fr\/p\/portes-et-fenetres\/winsafe-wx-4\/","name":"WinSafe WX 4 - Burg-W\u00e4chter","isPartOf":{"@id":"https:\/\/test.burgwaechterservice.de\/fr\/#website"},"datePublished":"2016-07-15T08:29:21+00:00","dateModified":"2018-07-17T07:25:46+00:00","description":"Protection \u00e9lev\u00e9e contre l'effraction et confort d'utilisation avec le dispositif de s\u00e9curit\u00e9 pour fen\u00eatres WinSafe WX 4 Avec ce dispositif de s\u00e9curit\u00e9","breadcrumb":{"@id":"https:\/\/test.burgwaechterservice.de\/fr\/p\/portes-et-fenetres\/winsafe-wx-4\/#breadcrumb"},"inLanguage":"fr-FR","potentialAction":[{"@type":"ReadAction","target":["https:\/\/test.burgwaechterservice.de\/fr\/p\/portes-et-fenetres\/winsafe-wx-4\/"]}]},{"@type":"BreadcrumbList","@id":"https:\/\/test.burgwaechterservice.de\/fr\/p\/portes-et-fenetres\/winsafe-wx-4\/#breadcrumb","itemListElement":[{"@type":"ListItem","position":1,"name":"Accueil","item":"https:\/\/test.burgwaechterservice.de\/fr\/"},{"@type":"ListItem","position":2,"name":"Produits","item":"https:\/\/test.burgwaechterservice.de\/fr\/p\/"},{"@type":"ListItem","position":3,"name":"WinSafe WX 4"}]},{"@type":"WebSite","@id":"https:\/\/test.burgwaechterservice.de\/fr\/#website","url":"https:\/\/test.burgwaechterservice.de\/fr\/","name":"Burg-W\u00e4chter France","description":"Le choix le plus s\u00fbr!","potentialAction":[{"@type":"SearchAction","target":{"@type":"EntryPoint","urlTemplate":"https:\/\/test.burgwaechterservice.de\/fr\/?s={search_term_string}"},"query-input":"required name=search_term_string"}],"inLanguage":"fr-FR"}]}},"_links":{"self":[{"href":"https:\/\/test.burgwaechterservice.de\/fr\/wp-json\/wp\/v2\/product\/31755"}],"collection":[{"href":"https:\/\/test.burgwaechterservice.de\/fr\/wp-json\/wp\/v2\/product"}],"about":[{"href":"https:\/\/test.burgwaechterservice.de\/fr\/wp-json\/wp\/v2\/types\/product"}],"replies":[{"embeddable":true,"href":"https:\/\/test.burgwaechterservice.de\/fr\/wp-json\/wp\/v2\/comments?post=31755"}],"wp:featuredmedia":[{"embeddable":true,"href":"https:\/\/test.burgwaechterservice.de\/fr\/wp-json\/wp\/v2\/media\/32577"}],"wp:attachment":[{"href":"https:\/\/test.burgwaechterservice.de\/fr\/wp-json\/wp\/v2\/media?parent=31755"}],"wp:term":[{"taxonomy":"product_cat","embeddable":true,"href":"https:\/\/test.burgwaechterservice.de\/fr\/wp-json\/wp\/v2\/product_cat?post=31755"},{"taxonomy":"product_tag","embeddable":true,"href":"https:\/\/test.burgwaechterservice.de\/fr\/wp-json\/wp\/v2\/product_tag?post=31755"}],"curies":[{"name":"wp","href":"https:\/\/api.w.org\/{rel}","templated":true}]}}