{"id":31748,"date":"2016-07-15T10:16:54","date_gmt":"2016-07-15T08:16:54","guid":{"rendered":"https:\/\/www.burg.biz\/?post_type=product&#038;p=31748"},"modified":"2020-11-18T12:18:39","modified_gmt":"2020-11-18T11:18:39","slug":"winsafe-wd3","status":"publish","type":"product","link":"https:\/\/test.burgwaechterservice.de\/fr\/p\/portes-et-fenetres\/winsafe-wd3\/","title":{"rendered":"WinSafe WD3"},"content":{"rendered":"<p><img decoding=\"async\" class=\"alignnone wp-image-33694 size-full\" src=\"https:\/\/test.burgwaechterservice.de\/fr\/wp-content\/uploads\/sites\/4\/2016\/07\/vds-wd3-1-e1473334164809.jpg\" alt=\"Druck\" width=\"79\" height=\"79\" \/><\/p>\n<h2>WinSafe WD 3: Dispositif de s\u00e9curit\u00e9 pour fen\u00eatres avec deux verrous pivotants robustes<\/h2>\n<p>Montage simple, gros effet\u00a0: Avec le dispositif de s\u00e9curit\u00e9 pour portes et fen\u00eatres WinSafe WD 3 de BURG-W\u00c4CHTER, vous \u00e9quipez votre habitation de fa\u00e7on optimale contre l&#8217;effraction. Les deux verrous pivotants stables apportent <strong>une r\u00e9sistance \u00e9lev\u00e9e <\/strong>et permettent une <strong>utilisation facile<\/strong>.<\/p>\n<h3>Double verrous pivotants \u2013 double s\u00e9curit\u00e9<\/h3>\n<p>Le coffret en <strong>zinc moul\u00e9 sous pression<\/strong> s\u00e9curise de mani\u00e8re particuli\u00e8rement efficace vos fen\u00eatres gr\u00e2ce aux <strong>deux verrous pivotants<\/strong>. Les deux verrous peuvent \u00eatre utilis\u00e9s pour une ouverture \u00e0 gauche et \u00e0 droite, et peuvent \u00eatre actionn\u00e9s dans les deux directions. Vous d\u00e9cidez, si vous souhaitez prot\u00e9ger simultan\u00e9ment deux fen\u00eatres ou en s\u00e9curiser une seule avec une double protection. La<strong> double s\u00e9curit\u00e9 d&#8217;une fen\u00eatre \u00e0 simple battant<\/strong> avec le WinSafe WD 3 est<strong> contr\u00f4l\u00e9e par le VdS et reconnue.<\/strong><br \/>\nLes verrous pivotants s&#8217;enclenchent automatiquement et apportent ainsi un <strong>grand confort de fermeture.<\/strong><\/p>\n<p>Le module WinSafe WD 3 est \u00e9quip\u00e9 d&#8217;un serrure \u00e0 cylindre pour un verrouillage optimal. Sur demande, vous pouvez choisir une serrure avec une fermeture identique lors de l&#8217;achat de plusieurs syst\u00e8mes de s\u00e9curit\u00e9 pour fen\u00eatres WinSafe WD 3. Ainsi, vous n&#8217;avez besoin que d&#8217;une seule cl\u00e9 pour toutes les unit\u00e9s et minimisez de cette fa\u00e7on le risque de perte de cl\u00e9s.<\/p>\n<p>Les deux couleurs diff\u00e9rentes (blanc ou gris-brun) et le design sobre se marient parfaitement avec votre fen\u00eatre.<\/p>\n<h3>Il suffit d&#8217;effectuer soi-m\u00eame la mise \u00e0 niveau<\/h3>\n<p>Tous les dispositifs de s\u00e9curit\u00e9 WinSafe de BURG-W\u00c4CHTER sont <strong>rapides<\/strong> et <strong>faciles<\/strong> \u00e0 installer. Pour le montage du dispositif de s\u00e9curit\u00e9 WinSafe WD 3, vous devez simplement percer de petits trous dans le cadre de la fen\u00eatre, <strong>les battants demeurent intacts.<\/strong><\/p>\n<p>La s\u00e9curit\u00e9 avant tout\u00a0: Avec les produits haut de gamme WinSafe de BURG-W\u00c4CHTER\u00a0!<\/p>\n<h3>Aper\u00e7u du dispositif de s\u00e9curit\u00e9 pour fen\u00eatres WinSafe WD 3 en bref<\/h3>\n<ul>\n<li>Dispositif de s\u00e9curit\u00e9 avec deux verrous pivotants stables<\/li>\n<li>Montage uniquement sur cadre de fen\u00eatre, le battant ne sera pas endommag\u00e9<\/li>\n<li>Avec serrure \u00e0 cylindre, sur demande avec la m\u00eame fermeture, sans suppl\u00e9ment<\/li>\n<li>En zinc moul\u00e9 sous pression robuste<\/li>\n<li>Utilisation possible pour ouvertures gauche et droite<\/li>\n<li>Tr\u00e8s grand confort de verrouillage<\/li>\n<li>Approuv\u00e9 par le VdS pour une utilisation sur fen\u00eatre \u00e0 simple battant<\/li>\n<li>Verrous pivotants avec enclenchement automatique<\/li>\n<li>Disponible en blanc et gris-brun<\/li>\n<\/ul>\n<p>&nbsp;<\/p>\n<p>&nbsp;<\/p>\n<table class=\"ausfuehrung\">\n<thead>\n<tr>\n<td>Article<\/td>\n<td>Couleurs<\/td>\n<\/tr>\n<\/thead>\n<tbody>\n<tr>\n<td>WD 3 W SB<\/td>\n<td>blanc<\/td>\n<\/tr>\n<tr>\n<td>WD 3 BR SB<\/td>\n<td>marron<\/td>\n<\/tr>\n<tr>\n<td>WD 3 W Z1 GL<\/td>\n<td>blanc<\/td>\n<\/tr>\n<tr>\n<td>WD 3 BR Z1 GL<\/td>\n<td>marron<\/td>\n<\/tr>\n<\/tbody>\n<\/table>\n","protected":false},"excerpt":{"rendered":"<p>WinSafe WD 3: Dispositif de s\u00e9curit\u00e9 pour fen\u00eatres avec deux verrous pivotants robustes Montage simple, gros effet\u00a0: Avec le dispositif de s\u00e9curit\u00e9 pour portes et fen\u00eatres WinSafe WD 3 de BURG-W\u00c4CHTER, vous \u00e9quipez votre habitation de fa\u00e7on optimale contre l&#8217;effraction. &hellip; <a class=\"kt-excerpt-readmore\" href=\"https:\/\/test.burgwaechterservice.de\/fr\/p\/portes-et-fenetres\/winsafe-wd3\/\" aria-label=\"WinSafe WD3\">Lire la suite<\/a><\/p>\n","protected":false},"featured_media":32576,"comment_status":"closed","ping_status":"closed","template":"","meta":[],"product_cat":[35,57],"product_tag":[581],"yoast_head":"<!-- This site is optimized with the Yoast SEO Premium plugin v18.4 (Yoast SEO v19.13) - https:\/\/yoast.com\/wordpress\/plugins\/seo\/ -->\n<title>WinSafe WD3 - Burg-W\u00e4chter<\/title>\n<meta name=\"description\" content=\"WinSafe WD 3: Dispositif de s\u00e9curit\u00e9 pour fen\u00eatres avec deux verrous pivotants robustes Montage simple, gros effet\u00a0: Avec le dispositif de s\u00e9curit\u00e9 pour\" \/>\n<meta name=\"robots\" content=\"index, follow, max-snippet:-1, max-image-preview:large, max-video-preview:-1\" \/>\n<link rel=\"canonical\" href=\"https:\/\/test.burgwaechterservice.de\/fr\/p\/portes-et-fenetres\/winsafe-wd3\/\" \/>\n<meta property=\"og:locale\" content=\"fr_FR\" \/>\n<meta property=\"og:type\" content=\"article\" \/>\n<meta property=\"og:title\" content=\"WinSafe WD3\" \/>\n<meta property=\"og:description\" content=\"WinSafe WD 3: Dispositif de s\u00e9curit\u00e9 pour fen\u00eatres avec deux verrous pivotants robustes Montage simple, gros effet\u00a0: Avec le dispositif de s\u00e9curit\u00e9 pour\" \/>\n<meta property=\"og:url\" content=\"https:\/\/test.burgwaechterservice.de\/fr\/p\/portes-et-fenetres\/winsafe-wd3\/\" \/>\n<meta property=\"og:site_name\" content=\"Burg-W\u00e4chter France\" \/>\n<meta property=\"article:modified_time\" content=\"2020-11-18T11:18:39+00:00\" \/>\n<meta property=\"og:image\" content=\"https:\/\/test.burgwaechterservice.de\/fr\/wp-content\/uploads\/sites\/4\/2016\/07\/TuF_WinSafe_WD_3_W_SB_302514-01.jpg\" \/>\n\t<meta property=\"og:image:width\" content=\"1249\" \/>\n\t<meta property=\"og:image:height\" content=\"1249\" \/>\n\t<meta property=\"og:image:type\" content=\"image\/jpeg\" \/>\n<meta name=\"twitter:card\" content=\"summary_large_image\" \/>\n<meta name=\"twitter:label1\" content=\"Dur\u00e9e de lecture estim\u00e9e\" \/>\n\t<meta name=\"twitter:data1\" content=\"2 minutes\" \/>\n<!-- \/ Yoast SEO Premium plugin. -->","yoast_head_json":{"title":"WinSafe WD3 - Burg-W\u00e4chter","description":"WinSafe WD 3: Dispositif de s\u00e9curit\u00e9 pour fen\u00eatres avec deux verrous pivotants robustes Montage simple, gros effet\u00a0: Avec le dispositif de s\u00e9curit\u00e9 pour","robots":{"index":"index","follow":"follow","max-snippet":"max-snippet:-1","max-image-preview":"max-image-preview:large","max-video-preview":"max-video-preview:-1"},"canonical":"https:\/\/test.burgwaechterservice.de\/fr\/p\/portes-et-fenetres\/winsafe-wd3\/","og_locale":"fr_FR","og_type":"article","og_title":"WinSafe WD3","og_description":"WinSafe WD 3: Dispositif de s\u00e9curit\u00e9 pour fen\u00eatres avec deux verrous pivotants robustes Montage simple, gros effet\u00a0: Avec le dispositif de s\u00e9curit\u00e9 pour","og_url":"https:\/\/test.burgwaechterservice.de\/fr\/p\/portes-et-fenetres\/winsafe-wd3\/","og_site_name":"Burg-W\u00e4chter France","article_modified_time":"2020-11-18T11:18:39+00:00","og_image":[{"width":1249,"height":1249,"url":"https:\/\/test.burgwaechterservice.de\/fr\/wp-content\/uploads\/sites\/4\/2016\/07\/TuF_WinSafe_WD_3_W_SB_302514-01.jpg","type":"image\/jpeg"}],"twitter_card":"summary_large_image","twitter_misc":{"Dur\u00e9e de lecture estim\u00e9e":"2 minutes"},"schema":{"@context":"https:\/\/schema.org","@graph":[{"@type":"WebPage","@id":"https:\/\/test.burgwaechterservice.de\/fr\/p\/portes-et-fenetres\/winsafe-wd3\/","url":"https:\/\/test.burgwaechterservice.de\/fr\/p\/portes-et-fenetres\/winsafe-wd3\/","name":"WinSafe WD3 - Burg-W\u00e4chter","isPartOf":{"@id":"https:\/\/test.burgwaechterservice.de\/fr\/#website"},"datePublished":"2016-07-15T08:16:54+00:00","dateModified":"2020-11-18T11:18:39+00:00","description":"WinSafe WD 3: Dispositif de s\u00e9curit\u00e9 pour fen\u00eatres avec deux verrous pivotants robustes Montage simple, gros effet\u00a0: Avec le dispositif de s\u00e9curit\u00e9 pour","breadcrumb":{"@id":"https:\/\/test.burgwaechterservice.de\/fr\/p\/portes-et-fenetres\/winsafe-wd3\/#breadcrumb"},"inLanguage":"fr-FR","potentialAction":[{"@type":"ReadAction","target":["https:\/\/test.burgwaechterservice.de\/fr\/p\/portes-et-fenetres\/winsafe-wd3\/"]}]},{"@type":"BreadcrumbList","@id":"https:\/\/test.burgwaechterservice.de\/fr\/p\/portes-et-fenetres\/winsafe-wd3\/#breadcrumb","itemListElement":[{"@type":"ListItem","position":1,"name":"Accueil","item":"https:\/\/test.burgwaechterservice.de\/fr\/"},{"@type":"ListItem","position":2,"name":"Produits","item":"https:\/\/test.burgwaechterservice.de\/fr\/p\/"},{"@type":"ListItem","position":3,"name":"WinSafe WD3"}]},{"@type":"WebSite","@id":"https:\/\/test.burgwaechterservice.de\/fr\/#website","url":"https:\/\/test.burgwaechterservice.de\/fr\/","name":"Burg-W\u00e4chter France","description":"Le choix le plus s\u00fbr!","potentialAction":[{"@type":"SearchAction","target":{"@type":"EntryPoint","urlTemplate":"https:\/\/test.burgwaechterservice.de\/fr\/?s={search_term_string}"},"query-input":"required name=search_term_string"}],"inLanguage":"fr-FR"}]}},"_links":{"self":[{"href":"https:\/\/test.burgwaechterservice.de\/fr\/wp-json\/wp\/v2\/product\/31748"}],"collection":[{"href":"https:\/\/test.burgwaechterservice.de\/fr\/wp-json\/wp\/v2\/product"}],"about":[{"href":"https:\/\/test.burgwaechterservice.de\/fr\/wp-json\/wp\/v2\/types\/product"}],"replies":[{"embeddable":true,"href":"https:\/\/test.burgwaechterservice.de\/fr\/wp-json\/wp\/v2\/comments?post=31748"}],"wp:featuredmedia":[{"embeddable":true,"href":"https:\/\/test.burgwaechterservice.de\/fr\/wp-json\/wp\/v2\/media\/32576"}],"wp:attachment":[{"href":"https:\/\/test.burgwaechterservice.de\/fr\/wp-json\/wp\/v2\/media?parent=31748"}],"wp:term":[{"taxonomy":"product_cat","embeddable":true,"href":"https:\/\/test.burgwaechterservice.de\/fr\/wp-json\/wp\/v2\/product_cat?post=31748"},{"taxonomy":"product_tag","embeddable":true,"href":"https:\/\/test.burgwaechterservice.de\/fr\/wp-json\/wp\/v2\/product_tag?post=31748"}],"curies":[{"name":"wp","href":"https:\/\/api.w.org\/{rel}","templated":true}]}}