{"id":31743,"date":"2016-07-15T10:03:26","date_gmt":"2016-07-15T08:03:26","guid":{"rendered":"https:\/\/www.burg.biz\/?post_type=product&#038;p=31743"},"modified":"2016-11-21T11:23:50","modified_gmt":"2016-11-21T10:23:50","slug":"winsafe-ws-44","status":"publish","type":"product","link":"https:\/\/test.burgwaechterservice.de\/fr\/p\/portes-et-fenetres\/winsafe-ws-44\/","title":{"rendered":"WinSafe WS 44"},"content":{"rendered":"<p><img decoding=\"async\" class=\"alignnone size-full wp-image-33572\" src=\"https:\/\/test.burgwaechterservice.de\/wp-content\/uploads\/2016\/04\/winsafe-1.jpg\" alt=\"Druck\" width=\"375\" height=\"85\" \/><\/p>\n<h2>Le dispositif de verrouillage pour le c\u00f4t\u00e9 charni\u00e8re WinSafe WS 44 pour votre fen\u00eatre<\/h2>\n<p>Beaucoup de tentatives d&#8217;effraction \u00e9chouent face \u00e0 la technique de s\u00e9curit\u00e9 ad\u00e9quate. Avec le dispositif de s\u00e9curit\u00e9 pour portes et fen\u00eatres WinSafe WS 44, BURG-W\u00c4CHTER vous aide \u00e0 rendre votre habitation inviolable de fa\u00e7on optimale.<\/p>\n<h3>Structure approuv\u00e9e par le VdS<\/h3>\n<p>Le bo\u00eetier du dispositif de s\u00e9curit\u00e9 pour fen\u00eatres est en <strong>zinc moul\u00e9 sous pression<\/strong> solide et est <strong>approuv\u00e9 par le VdS <\/strong>et <strong>certifi\u00e9 par l&#8217;ECB\u2022S<\/strong> pour les fen\u00eatres en bois, aluminium ou PVC avec insert m\u00e9tallique. Le WinSafe WS 44 est utilisable avec des <strong>fen\u00eatres ouvrant vers l\u2018int\u00e9rieur et des portes-fen\u00eatres<\/strong>, avec<strong> une \u00e9paisseur de pliage maximale de 3 \u00e0 31 mm.<\/strong><br \/>\nLe maniement est particuli\u00e8rement confortable gr\u00e2ce au<strong> m\u00e9canisme coulissant.<\/strong> Un autre avantage\u00a0: vous pouvez \u00e0 tout moment reconna\u00eetre si le verrou est en position verrouill\u00e9e. Ici, nul besoin de contr\u00f4le p\u00e9nible.<\/p>\n<p>Pour une adaptation optique, le dispositif de s\u00e9curit\u00e9 pour fen\u00eatres WS 44 est disponible en blanc et gris-brun.<\/p>\n<h3>Montage facile r\u00e9alisable soi-m\u00eame<\/h3>\n<p>Les dispositifs de s\u00e9curit\u00e9 pour fen\u00eatres sont parfaits pour la mise \u00e0 niveau de votre habitation. Le WS 44 est con\u00e7u pour le verrouillage<strong> c\u00f4t\u00e9 charni\u00e8re<\/strong> de vos fen\u00eatres et portes-fen\u00eatres et offre une r\u00e9sistance maximale en cas d&#8217;effraction.<br \/>\nLe dispositif m\u00e9canique de s\u00e9curit\u00e9 se monte rapidement, <strong>en un tour de main.<\/strong> Vous pouvez commencer le montage imm\u00e9diatement, \u00e9tant donn\u00e9 que les pi\u00e8ces d\u00e9tach\u00e9es sont pr\u00e9assembl\u00e9es.<\/p>\n<p>Dans cette notice de montage, nous vous montrons comme il peut \u00eatre facile et rapide de monter le dispositif de s\u00e9curit\u00e9 pour fen\u00eatres WS 44\u00a0!<\/p>\n<p>&nbsp;<\/p>\n<p>Avec le dispositif de s\u00e9curit\u00e9 pour portes et fen\u00eatres WinSafe de BURG-W\u00c4CHTER, vous parez toujours \u00e0 toute \u00e9ventualit\u00e9\u00a0!<\/p>\n<h3>Toutes les caract\u00e9ristiques du dispositif de s\u00e9curit\u00e9 pour fen\u00eatres WinSafe WS 44<\/h3>\n<ul>\n<li>Syst\u00e8me de verrouillage pour le c\u00f4t\u00e9 charni\u00e8re des fen\u00eatres<\/li>\n<li>Dispositif de s\u00e9curit\u00e9 approuv\u00e9 par le Vds, certifi\u00e9 par l&#8217;ECB\u2022S pour les fen\u00eatres avec ouverture vers l&#8217;int\u00e9rieur et les portes-fen\u00eatres<\/li>\n<li>Simplicit\u00e9 d&#8217;utilisation et de montage<\/li>\n<li>\u00c9paisseur de pliage de 3 \u00e0 31 mm max<\/li>\n<li>Pas d\u2019assemblage de pi\u00e8ces d\u00e9tach\u00e9es n\u00e9cessaire<\/li>\n<li>Bo\u00eetier solide en zinc moul\u00e9 sous pression<\/li>\n<li>Approuv\u00e9 par le Vds pour fen\u00eatres en bois, en aluminium ou en PVC avec insert m\u00e9tallique<\/li>\n<li>M\u00e9canisme de pivotement confortable<\/li>\n<li>Reconnaissable visuellement, si le dispositif est en position verrouill\u00e9<\/li>\n<li>Disponible en blanc et gris-brun<\/li>\n<\/ul>\n<p>&nbsp;<\/p>\n<p>&nbsp;<\/p>\n<table class=\"ausfuehrung\">\n<thead>\n<tr>\n<td>Article<\/td>\n<td>Couleurs<\/td>\n<\/tr>\n<\/thead>\n<tbody>\n<tr>\n<td>\u00a0WS 44 W SB<\/td>\n<td>\u00a0blanc<\/td>\n<\/tr>\n<tr>\n<td>\u00a0WS 44 BR SB<\/td>\n<td>marron<\/td>\n<\/tr>\n<\/tbody>\n<\/table>\n","protected":false},"excerpt":{"rendered":"<p>Le dispositif de verrouillage pour le c\u00f4t\u00e9 charni\u00e8re WinSafe WS 44 pour votre fen\u00eatre Beaucoup de tentatives d&#8217;effraction \u00e9chouent face \u00e0 la technique de s\u00e9curit\u00e9 ad\u00e9quate. Avec le dispositif de s\u00e9curit\u00e9 pour portes et fen\u00eatres WinSafe WS 44, BURG-W\u00c4CHTER vous &hellip; <a class=\"kt-excerpt-readmore\" href=\"https:\/\/test.burgwaechterservice.de\/fr\/p\/portes-et-fenetres\/winsafe-ws-44\/\" aria-label=\"WinSafe WS 44\">Lire la suite<\/a><\/p>\n","protected":false},"featured_media":32575,"comment_status":"closed","ping_status":"closed","template":"","meta":[],"product_cat":[35,57],"product_tag":[581],"yoast_head":"<!-- This site is optimized with the Yoast SEO Premium plugin v18.4 (Yoast SEO v19.13) - https:\/\/yoast.com\/wordpress\/plugins\/seo\/ -->\n<title>WinSafe WS 44 - Burg-W\u00e4chter<\/title>\n<meta name=\"description\" content=\"Le dispositif de verrouillage pour le c\u00f4t\u00e9 charni\u00e8re WinSafe WS 44 pour votre fen\u00eatre Beaucoup de tentatives d&#039;effraction \u00e9chouent face \u00e0 la technique de\" \/>\n<meta name=\"robots\" content=\"index, follow, max-snippet:-1, max-image-preview:large, max-video-preview:-1\" \/>\n<link rel=\"canonical\" href=\"https:\/\/test.burgwaechterservice.de\/fr\/p\/portes-et-fenetres\/winsafe-ws-44\/\" \/>\n<meta property=\"og:locale\" content=\"fr_FR\" \/>\n<meta property=\"og:type\" content=\"article\" \/>\n<meta property=\"og:title\" content=\"WinSafe WS 44\" \/>\n<meta property=\"og:description\" content=\"Le dispositif de verrouillage pour le c\u00f4t\u00e9 charni\u00e8re WinSafe WS 44 pour votre fen\u00eatre Beaucoup de tentatives d&#039;effraction \u00e9chouent face \u00e0 la technique de\" \/>\n<meta property=\"og:url\" content=\"https:\/\/test.burgwaechterservice.de\/fr\/p\/portes-et-fenetres\/winsafe-ws-44\/\" \/>\n<meta property=\"og:site_name\" content=\"Burg-W\u00e4chter France\" \/>\n<meta property=\"article:modified_time\" content=\"2016-11-21T10:23:50+00:00\" \/>\n<meta property=\"og:image\" content=\"https:\/\/test.burgwaechterservice.de\/fr\/wp-content\/uploads\/sites\/4\/2016\/07\/TuF_WinSafe_WS_44_W_SB_385616-01.jpg\" \/>\n\t<meta property=\"og:image:width\" content=\"2595\" \/>\n\t<meta property=\"og:image:height\" content=\"2595\" \/>\n\t<meta property=\"og:image:type\" content=\"image\/jpeg\" \/>\n<meta name=\"twitter:card\" content=\"summary_large_image\" \/>\n<meta name=\"twitter:label1\" content=\"Dur\u00e9e de lecture estim\u00e9e\" \/>\n\t<meta name=\"twitter:data1\" content=\"2 minutes\" \/>\n<!-- \/ Yoast SEO Premium plugin. -->","yoast_head_json":{"title":"WinSafe WS 44 - Burg-W\u00e4chter","description":"Le dispositif de verrouillage pour le c\u00f4t\u00e9 charni\u00e8re WinSafe WS 44 pour votre fen\u00eatre Beaucoup de tentatives d'effraction \u00e9chouent face \u00e0 la technique de","robots":{"index":"index","follow":"follow","max-snippet":"max-snippet:-1","max-image-preview":"max-image-preview:large","max-video-preview":"max-video-preview:-1"},"canonical":"https:\/\/test.burgwaechterservice.de\/fr\/p\/portes-et-fenetres\/winsafe-ws-44\/","og_locale":"fr_FR","og_type":"article","og_title":"WinSafe WS 44","og_description":"Le dispositif de verrouillage pour le c\u00f4t\u00e9 charni\u00e8re WinSafe WS 44 pour votre fen\u00eatre Beaucoup de tentatives d'effraction \u00e9chouent face \u00e0 la technique de","og_url":"https:\/\/test.burgwaechterservice.de\/fr\/p\/portes-et-fenetres\/winsafe-ws-44\/","og_site_name":"Burg-W\u00e4chter France","article_modified_time":"2016-11-21T10:23:50+00:00","og_image":[{"width":2595,"height":2595,"url":"https:\/\/test.burgwaechterservice.de\/fr\/wp-content\/uploads\/sites\/4\/2016\/07\/TuF_WinSafe_WS_44_W_SB_385616-01.jpg","type":"image\/jpeg"}],"twitter_card":"summary_large_image","twitter_misc":{"Dur\u00e9e de lecture estim\u00e9e":"2 minutes"},"schema":{"@context":"https:\/\/schema.org","@graph":[{"@type":"WebPage","@id":"https:\/\/test.burgwaechterservice.de\/fr\/p\/portes-et-fenetres\/winsafe-ws-44\/","url":"https:\/\/test.burgwaechterservice.de\/fr\/p\/portes-et-fenetres\/winsafe-ws-44\/","name":"WinSafe WS 44 - Burg-W\u00e4chter","isPartOf":{"@id":"https:\/\/test.burgwaechterservice.de\/fr\/#website"},"datePublished":"2016-07-15T08:03:26+00:00","dateModified":"2016-11-21T10:23:50+00:00","description":"Le dispositif de verrouillage pour le c\u00f4t\u00e9 charni\u00e8re WinSafe WS 44 pour votre fen\u00eatre Beaucoup de tentatives d'effraction \u00e9chouent face \u00e0 la technique de","breadcrumb":{"@id":"https:\/\/test.burgwaechterservice.de\/fr\/p\/portes-et-fenetres\/winsafe-ws-44\/#breadcrumb"},"inLanguage":"fr-FR","potentialAction":[{"@type":"ReadAction","target":["https:\/\/test.burgwaechterservice.de\/fr\/p\/portes-et-fenetres\/winsafe-ws-44\/"]}]},{"@type":"BreadcrumbList","@id":"https:\/\/test.burgwaechterservice.de\/fr\/p\/portes-et-fenetres\/winsafe-ws-44\/#breadcrumb","itemListElement":[{"@type":"ListItem","position":1,"name":"Accueil","item":"https:\/\/test.burgwaechterservice.de\/fr\/"},{"@type":"ListItem","position":2,"name":"Produits","item":"https:\/\/test.burgwaechterservice.de\/fr\/p\/"},{"@type":"ListItem","position":3,"name":"WinSafe WS 44"}]},{"@type":"WebSite","@id":"https:\/\/test.burgwaechterservice.de\/fr\/#website","url":"https:\/\/test.burgwaechterservice.de\/fr\/","name":"Burg-W\u00e4chter France","description":"Le choix le plus s\u00fbr!","potentialAction":[{"@type":"SearchAction","target":{"@type":"EntryPoint","urlTemplate":"https:\/\/test.burgwaechterservice.de\/fr\/?s={search_term_string}"},"query-input":"required name=search_term_string"}],"inLanguage":"fr-FR"}]}},"_links":{"self":[{"href":"https:\/\/test.burgwaechterservice.de\/fr\/wp-json\/wp\/v2\/product\/31743"}],"collection":[{"href":"https:\/\/test.burgwaechterservice.de\/fr\/wp-json\/wp\/v2\/product"}],"about":[{"href":"https:\/\/test.burgwaechterservice.de\/fr\/wp-json\/wp\/v2\/types\/product"}],"replies":[{"embeddable":true,"href":"https:\/\/test.burgwaechterservice.de\/fr\/wp-json\/wp\/v2\/comments?post=31743"}],"wp:featuredmedia":[{"embeddable":true,"href":"https:\/\/test.burgwaechterservice.de\/fr\/wp-json\/wp\/v2\/media\/32575"}],"wp:attachment":[{"href":"https:\/\/test.burgwaechterservice.de\/fr\/wp-json\/wp\/v2\/media?parent=31743"}],"wp:term":[{"taxonomy":"product_cat","embeddable":true,"href":"https:\/\/test.burgwaechterservice.de\/fr\/wp-json\/wp\/v2\/product_cat?post=31743"},{"taxonomy":"product_tag","embeddable":true,"href":"https:\/\/test.burgwaechterservice.de\/fr\/wp-json\/wp\/v2\/product_tag?post=31743"}],"curies":[{"name":"wp","href":"https:\/\/api.w.org\/{rel}","templated":true}]}}