{"id":31737,"date":"2016-07-15T09:52:29","date_gmt":"2016-07-15T07:52:29","guid":{"rendered":"https:\/\/www.burg.biz\/?post_type=product&#038;p=31737"},"modified":"2022-05-05T09:02:13","modified_gmt":"2022-05-05T07:02:13","slug":"winsafe-ws-33","status":"publish","type":"product","link":"https:\/\/test.burgwaechterservice.de\/fr\/p\/portes-et-fenetres\/winsafe-ws-33\/","title":{"rendered":"WinSafe WS 33"},"content":{"rendered":"<p><img decoding=\"async\" class=\"alignnone size-full wp-image-33572\" src=\"https:\/\/test.burgwaechterservice.de\/wp-content\/uploads\/2016\/04\/winsafe-1.jpg\" alt=\"Druck\" width=\"375\" height=\"85\" \/><\/p>\n<h2>WinSafe WS 33\u00a0: Le nouveau dispositif de s\u00e9curit\u00e9 pour fen\u00eatres, approuv\u00e9 par le VdS, pour un montage du c\u00f4t\u00e9 de la poign\u00e9e<\/h2>\n<p>Le dispositif de s\u00e9curit\u00e9 pour fen\u00eatres WinSafe WS 33 de BURG-W\u00c4CHTER,<strong> test\u00e9 par le Vds et certifi\u00e9 par l&#8217;ECB\u2022S, <\/strong>peut \u00eatre install\u00e9<strong> sans difficult\u00e9 <\/strong>et prot\u00e8ge efficacement contre l&#8217;effraction. Parfait pour la mise \u00e0 niveau de votre habitation.<\/p>\n<h3>S\u00e9curit\u00e9 reconnue<\/h3>\n<p>Le bo\u00eetier du dispositif de s\u00e9curit\u00e9 WinSafe WS 33 est en <strong>zinc moul\u00e9 sous pression robuste <\/strong>et offre ainsi une r\u00e9sistance \u00e9lev\u00e9e contre l&#8217;effraction. Le dispositif m\u00e9canique de s\u00e9curit\u00e9 pour fen\u00eatres en bois, en aluminium ou en PVC avec insert m\u00e9tallique est <strong>test\u00e9 par le Vds et certifi\u00e9 par l&#8217;ECB\u2022S.<\/strong><\/p>\n<p>Les deux couleurs disponibles (blanc et gris-brun) se marient parfaitement avec toutes les fen\u00eatres ou portes.<\/p>\n<h3>M\u00e9canisme de pivotement confortable<\/h3>\n<p>Le maniement est extr\u00eamement simple et confortable gr\u00e2ce au syst\u00e8me de verrouillage et de d\u00e9verrouillage avec <strong>m\u00e9canisme de pivotement.<\/strong> Si le cylindre de fermeture se trouve en position ouverte, la serrure peut \u00eatre d\u00e9verrouill\u00e9e sans cl\u00e9, en tournant. En position ferm\u00e9e, la cl\u00e9 est n\u00e9cessaire pour d\u00e9verrouiller.<br \/>\nUn autre avantage\u00a0: Il est possible de v\u00e9rifier \u00e0 l&#8217;\u0153il nu en permanence, si le dispositif m\u00e9canique de s\u00e9curit\u00e9 est en position verrouill\u00e9e. Ici, nul besoin de contr\u00f4le p\u00e9nible.<\/p>\n<p>Sur demande, \u00e0 l&#8217;achat de plusieurs dispositifs de s\u00e9curit\u00e9 WinSafe (WS 11, WS 22 et WS 33), vous pouvez optez pour un <strong>syst\u00e8me de fermeture identique<\/strong>. De cette fa\u00e7on, vous n&#8217;avez besoin que d&#8217;une seule et m\u00eame cl\u00e9 pour toutes vos unit\u00e9s. Ainsi, vous minimisez le risque de perdre des cl\u00e9s et surveillez la s\u00e9curit\u00e9 int\u00e9grale de votre habitation.<\/p>\n<h3>Simplicit\u00e9 de mise \u00e0 niveau<\/h3>\n<p>Vous pouvez <strong>monter vous-m\u00eam<\/strong>e tr\u00e8s simplement ce dispositif de s\u00e9curit\u00e9 pour fen\u00eatres. Avec peu de petits per\u00e7ages et en un tour de main, l&#8217;unit\u00e9 WinSafe est stable et solidement fix\u00e9e. Ici, les pi\u00e8ces d\u00e9tach\u00e9es ne doivent pas \u00eatre p\u00e9niblement assembl\u00e9es. Le v\u00e9ritable montage peut commencer imm\u00e9diatement.<\/p>\n<p>Veuillez noter que seul le dispositif de s\u00e9curit\u00e9 pour fen\u00eatres WinSafe WS 33 est pr\u00e9vu pour le montage <strong>du c\u00f4t\u00e9 de la poign\u00e9e<\/strong> de votre fen\u00eatre avec ouverture vers l&#8217;int\u00e9rieur ou de votre porte-fen\u00eatre.<\/p>\n<p>Pour obtenir une explication d\u00e9taill\u00e9e du d\u00e9roulement du montage, visionnez la vid\u00e9o de montage pratique de BURG-W\u00c4CHTER.<\/p>\n<h3>Aper\u00e7u du dispositif de s\u00e9curit\u00e9 pour fen\u00eatres WinSafe WS 33<\/h3>\n<ul>\n<li>Pour un montage c\u00f4t\u00e9 poign\u00e9e<\/li>\n<li>Dispositif de s\u00e9curit\u00e9 approuv\u00e9 par le Vds, certifi\u00e9 par l&#8217;ECB\u2022S pour les fen\u00eatres avec ouverture vers l&#8217;int\u00e9rieur et les portes-fen\u00eatres<\/li>\n<li>Simplicit\u00e9 d&#8217;utilisation et de montage<\/li>\n<li>D\u00e8s que le cylindre est en position ouverte, le dispositif peut \u00e9galement \u00eatre d\u00e9verrouill\u00e9 sans cl\u00e9<\/li>\n<li>Sur demande avec la m\u00eame fermeture, sans suppl\u00e9ment<\/li>\n<li>Pas d\u2019assemblage de pi\u00e8ces d\u00e9tach\u00e9es n\u00e9cessaire<\/li>\n<li>Bo\u00eetier solide en zinc moul\u00e9 sous pression<\/li>\n<li>Approuv\u00e9 par le Vds pour fen\u00eatres en bois, en aluminium ou en PVC avec insert m\u00e9tallique<\/li>\n<li>M\u00e9canisme de pivotement confortable<\/li>\n<li>Reconnaissable visuellement, si le dispositif est en position verrouill\u00e9<\/li>\n<li>WS 11\/22\/33, sur demande, avec le m\u00eame syst\u00e8me de fermeture<\/li>\n<li>Disponible en blanc ou gris-brun<\/li>\n<\/ul>\n<p>&nbsp;<\/p>\n<p>&nbsp;<\/p>\n<table class=\"ausfuehrung\">\n<thead>\n<tr>\n<td>Article<\/td>\n<td>Couleurs<\/td>\n<td>N\u00b0. d&#8217;\u00e9bauche<\/td>\n<\/tr>\n<\/thead>\n<tbody>\n<tr>\n<td>WS 33 W SB<\/td>\n<td>blanc<\/td>\n<td>79 W<\/td>\n<\/tr>\n<tr>\n<td>WS 33 BR SB<\/td>\n<td>marron<\/td>\n<td>79 W<\/td>\n<\/tr>\n<tr>\n<td>WS 33 F1 GL W<\/td>\n<td>blanc<\/td>\n<td>79 W<\/td>\n<\/tr>\n<tr>\n<td>WS 33 F1 GL BR<\/td>\n<td>marron<\/td>\n<td>79 W<\/td>\n<\/tr>\n<\/tbody>\n<\/table>\n","protected":false},"excerpt":{"rendered":"<p>WinSafe WS 33\u00a0: Le nouveau dispositif de s\u00e9curit\u00e9 pour fen\u00eatres, approuv\u00e9 par le VdS, pour un montage du c\u00f4t\u00e9 de la poign\u00e9e Le dispositif de s\u00e9curit\u00e9 pour fen\u00eatres WinSafe WS 33 de BURG-W\u00c4CHTER, test\u00e9 par le Vds et certifi\u00e9 par &hellip; <a class=\"kt-excerpt-readmore\" href=\"https:\/\/test.burgwaechterservice.de\/fr\/p\/portes-et-fenetres\/winsafe-ws-33\/\" aria-label=\"WinSafe WS 33\">Lire la suite<\/a><\/p>\n","protected":false},"featured_media":32574,"comment_status":"closed","ping_status":"closed","template":"","meta":[],"product_cat":[35,57],"product_tag":[581],"yoast_head":"<!-- This site is optimized with the Yoast SEO Premium plugin v18.4 (Yoast SEO v19.13) - https:\/\/yoast.com\/wordpress\/plugins\/seo\/ -->\n<title>WinSafe WS 33 - Burg-W\u00e4chter<\/title>\n<meta name=\"description\" content=\"WinSafe WS 33\u00a0: Le nouveau dispositif de s\u00e9curit\u00e9 pour fen\u00eatres, approuv\u00e9 par le VdS, pour un montage du c\u00f4t\u00e9 de la poign\u00e9e Le dispositif de s\u00e9curit\u00e9 pour\" \/>\n<meta name=\"robots\" content=\"index, follow, max-snippet:-1, max-image-preview:large, max-video-preview:-1\" \/>\n<link rel=\"canonical\" href=\"https:\/\/test.burgwaechterservice.de\/fr\/p\/portes-et-fenetres\/winsafe-ws-33\/\" \/>\n<meta property=\"og:locale\" content=\"fr_FR\" \/>\n<meta property=\"og:type\" content=\"article\" \/>\n<meta property=\"og:title\" content=\"WinSafe WS 33\" \/>\n<meta property=\"og:description\" content=\"WinSafe WS 33\u00a0: Le nouveau dispositif de s\u00e9curit\u00e9 pour fen\u00eatres, approuv\u00e9 par le VdS, pour un montage du c\u00f4t\u00e9 de la poign\u00e9e Le dispositif de s\u00e9curit\u00e9 pour\" \/>\n<meta property=\"og:url\" content=\"https:\/\/test.burgwaechterservice.de\/fr\/p\/portes-et-fenetres\/winsafe-ws-33\/\" \/>\n<meta property=\"og:site_name\" content=\"Burg-W\u00e4chter France\" \/>\n<meta property=\"article:modified_time\" content=\"2022-05-05T07:02:13+00:00\" \/>\n<meta property=\"og:image\" content=\"https:\/\/test.burgwaechterservice.de\/fr\/wp-content\/uploads\/sites\/4\/2016\/07\/TuF_WinSafe_WS_33_W_SB_385418-01.jpg\" \/>\n\t<meta property=\"og:image:width\" content=\"2707\" \/>\n\t<meta property=\"og:image:height\" content=\"2707\" \/>\n\t<meta property=\"og:image:type\" content=\"image\/jpeg\" \/>\n<meta name=\"twitter:card\" content=\"summary_large_image\" \/>\n<meta name=\"twitter:label1\" content=\"Dur\u00e9e de lecture estim\u00e9e\" \/>\n\t<meta name=\"twitter:data1\" content=\"3 minutes\" \/>\n<!-- \/ Yoast SEO Premium plugin. -->","yoast_head_json":{"title":"WinSafe WS 33 - Burg-W\u00e4chter","description":"WinSafe WS 33\u00a0: Le nouveau dispositif de s\u00e9curit\u00e9 pour fen\u00eatres, approuv\u00e9 par le VdS, pour un montage du c\u00f4t\u00e9 de la poign\u00e9e Le dispositif de s\u00e9curit\u00e9 pour","robots":{"index":"index","follow":"follow","max-snippet":"max-snippet:-1","max-image-preview":"max-image-preview:large","max-video-preview":"max-video-preview:-1"},"canonical":"https:\/\/test.burgwaechterservice.de\/fr\/p\/portes-et-fenetres\/winsafe-ws-33\/","og_locale":"fr_FR","og_type":"article","og_title":"WinSafe WS 33","og_description":"WinSafe WS 33\u00a0: Le nouveau dispositif de s\u00e9curit\u00e9 pour fen\u00eatres, approuv\u00e9 par le VdS, pour un montage du c\u00f4t\u00e9 de la poign\u00e9e Le dispositif de s\u00e9curit\u00e9 pour","og_url":"https:\/\/test.burgwaechterservice.de\/fr\/p\/portes-et-fenetres\/winsafe-ws-33\/","og_site_name":"Burg-W\u00e4chter France","article_modified_time":"2022-05-05T07:02:13+00:00","og_image":[{"width":2707,"height":2707,"url":"https:\/\/test.burgwaechterservice.de\/fr\/wp-content\/uploads\/sites\/4\/2016\/07\/TuF_WinSafe_WS_33_W_SB_385418-01.jpg","type":"image\/jpeg"}],"twitter_card":"summary_large_image","twitter_misc":{"Dur\u00e9e de lecture estim\u00e9e":"3 minutes"},"schema":{"@context":"https:\/\/schema.org","@graph":[{"@type":"WebPage","@id":"https:\/\/test.burgwaechterservice.de\/fr\/p\/portes-et-fenetres\/winsafe-ws-33\/","url":"https:\/\/test.burgwaechterservice.de\/fr\/p\/portes-et-fenetres\/winsafe-ws-33\/","name":"WinSafe WS 33 - Burg-W\u00e4chter","isPartOf":{"@id":"https:\/\/test.burgwaechterservice.de\/fr\/#website"},"datePublished":"2016-07-15T07:52:29+00:00","dateModified":"2022-05-05T07:02:13+00:00","description":"WinSafe WS 33\u00a0: Le nouveau dispositif de s\u00e9curit\u00e9 pour fen\u00eatres, approuv\u00e9 par le VdS, pour un montage du c\u00f4t\u00e9 de la poign\u00e9e Le dispositif de s\u00e9curit\u00e9 pour","breadcrumb":{"@id":"https:\/\/test.burgwaechterservice.de\/fr\/p\/portes-et-fenetres\/winsafe-ws-33\/#breadcrumb"},"inLanguage":"fr-FR","potentialAction":[{"@type":"ReadAction","target":["https:\/\/test.burgwaechterservice.de\/fr\/p\/portes-et-fenetres\/winsafe-ws-33\/"]}]},{"@type":"BreadcrumbList","@id":"https:\/\/test.burgwaechterservice.de\/fr\/p\/portes-et-fenetres\/winsafe-ws-33\/#breadcrumb","itemListElement":[{"@type":"ListItem","position":1,"name":"Accueil","item":"https:\/\/test.burgwaechterservice.de\/fr\/"},{"@type":"ListItem","position":2,"name":"Produits","item":"https:\/\/test.burgwaechterservice.de\/fr\/p\/"},{"@type":"ListItem","position":3,"name":"WinSafe WS 33"}]},{"@type":"WebSite","@id":"https:\/\/test.burgwaechterservice.de\/fr\/#website","url":"https:\/\/test.burgwaechterservice.de\/fr\/","name":"Burg-W\u00e4chter France","description":"Le choix le plus s\u00fbr!","potentialAction":[{"@type":"SearchAction","target":{"@type":"EntryPoint","urlTemplate":"https:\/\/test.burgwaechterservice.de\/fr\/?s={search_term_string}"},"query-input":"required name=search_term_string"}],"inLanguage":"fr-FR"}]}},"_links":{"self":[{"href":"https:\/\/test.burgwaechterservice.de\/fr\/wp-json\/wp\/v2\/product\/31737"}],"collection":[{"href":"https:\/\/test.burgwaechterservice.de\/fr\/wp-json\/wp\/v2\/product"}],"about":[{"href":"https:\/\/test.burgwaechterservice.de\/fr\/wp-json\/wp\/v2\/types\/product"}],"replies":[{"embeddable":true,"href":"https:\/\/test.burgwaechterservice.de\/fr\/wp-json\/wp\/v2\/comments?post=31737"}],"wp:featuredmedia":[{"embeddable":true,"href":"https:\/\/test.burgwaechterservice.de\/fr\/wp-json\/wp\/v2\/media\/32574"}],"wp:attachment":[{"href":"https:\/\/test.burgwaechterservice.de\/fr\/wp-json\/wp\/v2\/media?parent=31737"}],"wp:term":[{"taxonomy":"product_cat","embeddable":true,"href":"https:\/\/test.burgwaechterservice.de\/fr\/wp-json\/wp\/v2\/product_cat?post=31737"},{"taxonomy":"product_tag","embeddable":true,"href":"https:\/\/test.burgwaechterservice.de\/fr\/wp-json\/wp\/v2\/product_tag?post=31737"}],"curies":[{"name":"wp","href":"https:\/\/api.w.org\/{rel}","templated":true}]}}