{"id":31726,"date":"2016-07-15T09:52:01","date_gmt":"2016-07-15T07:52:01","guid":{"rendered":"https:\/\/www.burg.biz\/?post_type=product&#038;p=31726"},"modified":"2017-01-18T10:52:32","modified_gmt":"2017-01-18T09:52:32","slug":"winsafe-ws-22","status":"publish","type":"product","link":"https:\/\/test.burgwaechterservice.de\/fr\/p\/portes-et-fenetres\/winsafe-ws-22\/","title":{"rendered":"WinSafe WS 22"},"content":{"rendered":"<p><img decoding=\"async\" class=\"alignnone size-full wp-image-33572\" src=\"https:\/\/test.burgwaechterservice.de\/wp-content\/uploads\/2016\/04\/winsafe-1.jpg\" alt=\"Druck\" width=\"375\" height=\"85\" \/><\/p>\n<h2>Dispositif de s\u00e9curit\u00e9 pour fen\u00eatres WinSafe WS 22 avec double verrou<\/h2>\n<p>Verrouiller les risques \u00e0 double tour\u00a0: Le<strong> double verrou<\/strong> du WinSafe WS 22 s\u00e9curise efficacement vos fen\u00eatres et vos portes. Mettez votre habitation \u00e0 niveau et offrez une <strong>r\u00e9sistance maximale<\/strong> contre l&#8217;effraction.<\/p>\n<p><strong>Caract\u00e9ristique pratique\u00a0:<\/strong> Les produits WinSafe WS 11, WS 22 &amp; WS 33 peuvent \u00eatre achet\u00e9s avec le m\u00eame syst\u00e8me de fermeture. Cela signifie que vous pouvez s\u00e9curiser et g\u00e9rer diff\u00e9rents produits WinSafe avec une seule et m\u00eame cl\u00e9.<\/p>\n<h3>En zinc moul\u00e9 sous pression robuste<\/h3>\n<p>Le dispositif de s\u00e9curit\u00e9 pour fen\u00eatres WinSafe WS 22 est, gr\u00e2ce \u00e0 <strong>sa structure en zinc moul\u00e9 sous pression<\/strong>, extr\u00eamement <strong>stable<\/strong> et assure une r\u00e9sistance \u00e9lev\u00e9e en cas d&#8217;effraction. Les doubles verrous apportent une double protection\u00a0: C&#8217;est vous qui d\u00e9cidez, si vous souhaitez prot\u00e9ger simultan\u00e9ment deux fen\u00eatres ou en s\u00e9curiser une seule avec une double protection.<\/p>\n<p>La construction est <strong>certifi\u00e9e par le VdS et l&#8217; ECB\u2022S <\/strong>pour le montage sur fen\u00eatres et portes en bois ou en aluminium. Le double verrou convient bien entendu \u00e0 d&#8217;autres fen\u00eatres et portes constitu\u00e9es de mat\u00e9riaux diff\u00e9rents, par exemple en PC.<\/p>\n<p>Le dispositif m\u00e9canique de s\u00e9curit\u00e9 pour fen\u00eatres est disponible en blanc et gris-brun et se marie ainsi \u00e0 vos fen\u00eatres et portes.<\/p>\n<h3>Tr\u00e8s grand confort de verrouillage avec la gamme WinSafe<\/h3>\n<p>La serrure \u00e0 cylindre est <strong>s\u00fbre<\/strong> et <strong>confortable<\/strong> dans son maniement. Une caract\u00e9ristique pratique r\u00e9side en la possibilit\u00e9 d&#8217;acheter plusieurs dispositifs m\u00e9caniques de s\u00e9curit\u00e9 pour fen\u00eatres <strong>avec une serrure<\/strong> identique \u2013 ainsi, vous pouvez <strong>commander tous vos dispositifs avec une seule et m\u00eame cl\u00e9.<\/strong> Le risque de perdre des cl\u00e9s, et par cons\u00e9quent un risque, g\u00e9n\u00e9ral, en mati\u00e8re de s\u00e9curit\u00e9, sont ainsi minimis\u00e9s.<\/p>\n<h3>Montage facile r\u00e9alisable soi-m\u00eame<\/h3>\n<p>Vous pouvez monter la gamme WinSafe de BURG-W\u00c4CHTER en un tour de main \u00e0 vos fen\u00eatres et portes. Id\u00e9al pour un montage entre deux fen\u00eatres ou, \u00e9galement, entre deux fen\u00eatres et portes (de balcon). Il est possible de le montrer \u00e0 une fen\u00eatre ou une porte <strong>en haut, en bas ou du c\u00f4t\u00e9 de la poign\u00e9e.<\/strong><\/p>\n<p>Dans cette notice de montage, nous vous montrons comme il peut \u00eatre facile et rapide de monter le dispositif de s\u00e9curit\u00e9 pour fen\u00eatres WS 22\u00a0!<\/p>\n<p>Avec le dispositif de s\u00e9curit\u00e9 pour fen\u00eatres WS 22,<strong> vous parez toujours \u00e0 toute \u00e9ventualit\u00e9<\/strong>\u00a0!<\/p>\n<h3>En bref\u00a0: Le nouveau WinSafe WS 22 de BURG-W\u00c4CHTER<\/h3>\n<ul>\n<li>Avec double verrou<\/li>\n<li>En zinc moul\u00e9 sous pression robuste<\/li>\n<li>Avec serrure \u00e0 cylindre, sur demande avec la m\u00eame fermeture, sans suppl\u00e9ment<\/li>\n<li>Aspect \u00e9l\u00e9gant et haptique confortable<\/li>\n<li>Verrou approuv\u00e9 par le VdS et certifi\u00e9 par l&#8217;ECB\u2022S pour fen\u00eatres en bois ou en aluminium<\/li>\n<li>Avec deux verrous pivotants stables<\/li>\n<li>Positions de montage possibles\u00a0: En haut, en bas ou du c\u00f4t\u00e9 de la poign\u00e9e<\/li>\n<li>Montage simple \u00e0 r\u00e9aliser soi-m\u00eame<\/li>\n<li>Tr\u00e8s grand confort de verrouillage<\/li>\n<li>WS 11\/22\/33, sur demande, avec le m\u00eame syst\u00e8me de fermeture<\/li>\n<li>M\u00e9canisme de pivotement confortable<\/li>\n<li>Disponible en blanc et gris-brun<\/li>\n<\/ul>\n<p>&nbsp;<\/p>\n<p>&nbsp;<\/p>\n<table class=\"ausfuehrung\">\n<thead>\n<tr>\n<td>Article<\/td>\n<td>Couleurs<\/td>\n<td>N\u00b0. d&#8217;\u00e9bauche<\/td>\n<\/tr>\n<\/thead>\n<tbody>\n<tr>\n<td>WS 22 W SB<\/td>\n<td>blanc<\/td>\n<td>79 W<\/td>\n<\/tr>\n<tr>\n<td>WS 22 BR SB<\/td>\n<td>marron<\/td>\n<td>79 W<\/td>\n<\/tr>\n<tr>\n<td>WS 22 F1 GL W<\/td>\n<td>blanc<\/td>\n<td>79 W<\/td>\n<\/tr>\n<tr>\n<td>WS 22 F1 GL BR<\/td>\n<td>marron<\/td>\n<td>79 W<\/td>\n<\/tr>\n<\/tbody>\n<\/table>\n","protected":false},"excerpt":{"rendered":"<p>Dispositif de s\u00e9curit\u00e9 pour fen\u00eatres WinSafe WS 22 avec double verrou Verrouiller les risques \u00e0 double tour\u00a0: Le double verrou du WinSafe WS 22 s\u00e9curise efficacement vos fen\u00eatres et vos portes. Mettez votre habitation \u00e0 niveau et offrez une r\u00e9sistance &hellip; <a class=\"kt-excerpt-readmore\" href=\"https:\/\/test.burgwaechterservice.de\/fr\/p\/portes-et-fenetres\/winsafe-ws-22\/\" aria-label=\"WinSafe WS 22\">Lire la suite<\/a><\/p>\n","protected":false},"featured_media":35609,"comment_status":"closed","ping_status":"closed","template":"","meta":[],"product_cat":[35,57],"product_tag":[581],"yoast_head":"<!-- This site is optimized with the Yoast SEO Premium plugin v18.4 (Yoast SEO v19.13) - https:\/\/yoast.com\/wordpress\/plugins\/seo\/ -->\n<title>Winsafe WS 22 - Burg-W\u00e4chter<\/title>\n<meta name=\"description\" content=\"Dispositif de s\u00e9curit\u00e9 pour fen\u00eatres WinSafe WS 22 avec double verrou Verrouiller les risques \u00e0 double tour\u00a0: Le double verrou du WinSafe WS 22 s\u00e9curise\" \/>\n<meta name=\"robots\" content=\"index, follow, max-snippet:-1, max-image-preview:large, max-video-preview:-1\" \/>\n<link rel=\"canonical\" href=\"https:\/\/test.burgwaechterservice.de\/fr\/p\/portes-et-fenetres\/winsafe-ws-22\/\" \/>\n<meta property=\"og:locale\" content=\"fr_FR\" \/>\n<meta property=\"og:type\" content=\"article\" \/>\n<meta property=\"og:title\" content=\"WinSafe WS 22\" \/>\n<meta property=\"og:description\" content=\"Dispositif de s\u00e9curit\u00e9 pour fen\u00eatres WinSafe WS 22 avec double verrou Verrouiller les risques \u00e0 double tour\u00a0: Le double verrou du WinSafe WS 22 s\u00e9curise\" \/>\n<meta property=\"og:url\" content=\"https:\/\/test.burgwaechterservice.de\/fr\/p\/portes-et-fenetres\/winsafe-ws-22\/\" \/>\n<meta property=\"og:site_name\" content=\"Burg-W\u00e4chter France\" \/>\n<meta property=\"article:modified_time\" content=\"2017-01-18T09:52:32+00:00\" \/>\n<meta property=\"og:image\" content=\"https:\/\/test.burgwaechterservice.de\/fr\/wp-content\/uploads\/sites\/4\/2016\/07\/WS_W_22_Produktbild-1-1.jpg\" \/>\n\t<meta property=\"og:image:width\" content=\"1000\" \/>\n\t<meta property=\"og:image:height\" content=\"1000\" \/>\n\t<meta property=\"og:image:type\" content=\"image\/jpeg\" \/>\n<meta name=\"twitter:card\" content=\"summary_large_image\" \/>\n<meta name=\"twitter:label1\" content=\"Dur\u00e9e de lecture estim\u00e9e\" \/>\n\t<meta name=\"twitter:data1\" content=\"3 minutes\" \/>\n<!-- \/ Yoast SEO Premium plugin. -->","yoast_head_json":{"title":"Winsafe WS 22 - Burg-W\u00e4chter","description":"Dispositif de s\u00e9curit\u00e9 pour fen\u00eatres WinSafe WS 22 avec double verrou Verrouiller les risques \u00e0 double tour\u00a0: Le double verrou du WinSafe WS 22 s\u00e9curise","robots":{"index":"index","follow":"follow","max-snippet":"max-snippet:-1","max-image-preview":"max-image-preview:large","max-video-preview":"max-video-preview:-1"},"canonical":"https:\/\/test.burgwaechterservice.de\/fr\/p\/portes-et-fenetres\/winsafe-ws-22\/","og_locale":"fr_FR","og_type":"article","og_title":"WinSafe WS 22","og_description":"Dispositif de s\u00e9curit\u00e9 pour fen\u00eatres WinSafe WS 22 avec double verrou Verrouiller les risques \u00e0 double tour\u00a0: Le double verrou du WinSafe WS 22 s\u00e9curise","og_url":"https:\/\/test.burgwaechterservice.de\/fr\/p\/portes-et-fenetres\/winsafe-ws-22\/","og_site_name":"Burg-W\u00e4chter France","article_modified_time":"2017-01-18T09:52:32+00:00","og_image":[{"width":1000,"height":1000,"url":"https:\/\/test.burgwaechterservice.de\/fr\/wp-content\/uploads\/sites\/4\/2016\/07\/WS_W_22_Produktbild-1-1.jpg","type":"image\/jpeg"}],"twitter_card":"summary_large_image","twitter_misc":{"Dur\u00e9e de lecture estim\u00e9e":"3 minutes"},"schema":{"@context":"https:\/\/schema.org","@graph":[{"@type":"WebPage","@id":"https:\/\/test.burgwaechterservice.de\/fr\/p\/portes-et-fenetres\/winsafe-ws-22\/","url":"https:\/\/test.burgwaechterservice.de\/fr\/p\/portes-et-fenetres\/winsafe-ws-22\/","name":"Winsafe WS 22 - Burg-W\u00e4chter","isPartOf":{"@id":"https:\/\/test.burgwaechterservice.de\/fr\/#website"},"datePublished":"2016-07-15T07:52:01+00:00","dateModified":"2017-01-18T09:52:32+00:00","description":"Dispositif de s\u00e9curit\u00e9 pour fen\u00eatres WinSafe WS 22 avec double verrou Verrouiller les risques \u00e0 double tour\u00a0: Le double verrou du WinSafe WS 22 s\u00e9curise","breadcrumb":{"@id":"https:\/\/test.burgwaechterservice.de\/fr\/p\/portes-et-fenetres\/winsafe-ws-22\/#breadcrumb"},"inLanguage":"fr-FR","potentialAction":[{"@type":"ReadAction","target":["https:\/\/test.burgwaechterservice.de\/fr\/p\/portes-et-fenetres\/winsafe-ws-22\/"]}]},{"@type":"BreadcrumbList","@id":"https:\/\/test.burgwaechterservice.de\/fr\/p\/portes-et-fenetres\/winsafe-ws-22\/#breadcrumb","itemListElement":[{"@type":"ListItem","position":1,"name":"Accueil","item":"https:\/\/test.burgwaechterservice.de\/fr\/"},{"@type":"ListItem","position":2,"name":"Produits","item":"https:\/\/test.burgwaechterservice.de\/fr\/p\/"},{"@type":"ListItem","position":3,"name":"WinSafe WS 22"}]},{"@type":"WebSite","@id":"https:\/\/test.burgwaechterservice.de\/fr\/#website","url":"https:\/\/test.burgwaechterservice.de\/fr\/","name":"Burg-W\u00e4chter France","description":"Le choix le plus s\u00fbr!","potentialAction":[{"@type":"SearchAction","target":{"@type":"EntryPoint","urlTemplate":"https:\/\/test.burgwaechterservice.de\/fr\/?s={search_term_string}"},"query-input":"required name=search_term_string"}],"inLanguage":"fr-FR"}]}},"_links":{"self":[{"href":"https:\/\/test.burgwaechterservice.de\/fr\/wp-json\/wp\/v2\/product\/31726"}],"collection":[{"href":"https:\/\/test.burgwaechterservice.de\/fr\/wp-json\/wp\/v2\/product"}],"about":[{"href":"https:\/\/test.burgwaechterservice.de\/fr\/wp-json\/wp\/v2\/types\/product"}],"replies":[{"embeddable":true,"href":"https:\/\/test.burgwaechterservice.de\/fr\/wp-json\/wp\/v2\/comments?post=31726"}],"wp:featuredmedia":[{"embeddable":true,"href":"https:\/\/test.burgwaechterservice.de\/fr\/wp-json\/wp\/v2\/media\/35609"}],"wp:attachment":[{"href":"https:\/\/test.burgwaechterservice.de\/fr\/wp-json\/wp\/v2\/media?parent=31726"}],"wp:term":[{"taxonomy":"product_cat","embeddable":true,"href":"https:\/\/test.burgwaechterservice.de\/fr\/wp-json\/wp\/v2\/product_cat?post=31726"},{"taxonomy":"product_tag","embeddable":true,"href":"https:\/\/test.burgwaechterservice.de\/fr\/wp-json\/wp\/v2\/product_tag?post=31726"}],"curies":[{"name":"wp","href":"https:\/\/api.w.org\/{rel}","templated":true}]}}