{"id":31712,"date":"2016-07-14T16:25:27","date_gmt":"2016-07-14T14:25:27","guid":{"rendered":"https:\/\/www.burg.biz\/?post_type=product&#038;p=31712"},"modified":"2021-11-05T08:48:51","modified_gmt":"2021-11-05T07:48:51","slug":"winsafe-wz-60","status":"publish","type":"product","link":"https:\/\/test.burgwaechterservice.de\/fr\/p\/portes-et-fenetres\/winsafe-wz-60\/","title":{"rendered":"WinSafe WZ 60"},"content":{"rendered":"<h2>Verrou pour portes et fen\u00eatres WinSafe WZ 60 avec serrure \u00e0 cylindre<\/h2>\n<p>Il est fr\u00e9quent qu&#8217;une tentative d&#8217;effraction \u00e9choue \u00e1 cause d&#8217;un dispositif de s\u00e9curit\u00e9 efficace. Prot\u00e9gez efficacement vos fen\u00eatres, portes, portails, et plus encore, contre l&#8217;effraction \u2013 avec les verrous pratiques WinSafe WZ 60 de BURG-W\u00c4CHTER.<\/p>\n<h3>Robuste, s\u00fbr et confortable<\/h3>\n<p>Le bo\u00eetier de fermeture en acier est stable et s\u00e9duit avec son design sobre et \u00e9l\u00e9gant. Disponible en deux couleurs, il se marie bien avec vos portes et vos fen\u00eatres.<br \/>\nDans ce mod\u00e8le, le verrou tout confort pour portes et fen\u00eatres WinSafe dispose d&#8217;<strong>une serrure \u00e0 cylindre<\/strong> pratique. Sur demande, vous pouvez acheter le verrou avec un <strong>syst\u00e8me de fermeture identique<\/strong>. De cette fa\u00e7on, vous n&#8217;avez besoin que d&#8217;une seule et m\u00eame cl\u00e9 pour plusieurs verrous.<\/p>\n<h3>Installation simple \u2013 gros effet<\/h3>\n<p>Le montage de la gamme WinSafe de BURG-W\u00c4CHTER sur les portes et les fen\u00eatres est rapide et simple. Vous pouvez utiliser le verrou tout confort pour portes et fen\u00eatres <strong>des deux cot\u00e9s,<\/strong> \u00e0 droite et \u00e0 gauche. Veuillez noter que ce verrou est viss\u00e9 au cadre et n&#8217;est pas con\u00e7u<strong> pour des \u00e9l\u00e9ments plats.<\/strong><\/p>\n<h3>Utilisation polyvalente<\/h3>\n<p>Le verrou tout confort pour portes et fen\u00eatres WinSafe WZ 60 ne s\u00e9curise pas seulement vos portes et vos fen\u00eatres dans votre habitation. Utilisez-le dans de nombreux autres endroits. Transformez votre caravane ou votre bateau en une forteresse inviolable. Il est possible d&#8217;\u00e9quiper de fa\u00e7on optimale les portes de levage et les portes coulissantes, ainsi que le grenier avec le verrou tout confort.<\/p>\n<h3>Aper\u00e7u des verrous pour portes et fen\u00eatres WinSafe WR 60<\/h3>\n<ul>\n<li>Boitier de fermeture stable en acier<\/li>\n<li>Aspect \u00e9l\u00e9gant et haptique confortable<\/li>\n<li>Applicable \u00e0 droite et \u00e0 gauche, ne convient pas aux \u00e9l\u00e9ments ramass\u00e9s<\/li>\n<li>Montage simple<\/li>\n<li>Avec cylindre<\/li>\n<li>Pour portes, portail, fen\u00eatres, grenier, porte de levage et les porte coulissante, etc.<\/li>\n<li>Disponible en blanc et gris-brun<\/li>\n<\/ul>\n<p>&nbsp;<\/p>\n<p>&nbsp;<\/p>\n<table class=\"ausfuehrung\">\n<thead>\n<tr>\n<td>Article<\/td>\n<td>Couleurs<\/td>\n<td>N\u00b0. d&#8217;\u00e9bauche<\/td>\n<\/tr>\n<\/thead>\n<tbody>\n<tr>\n<td>WZ 60 W SB<\/td>\n<td>blanc<\/td>\n<td>79 W<\/td>\n<\/tr>\n<tr>\n<td>WZ 60 BR SB<\/td>\n<td>marron<\/td>\n<td>79 W<\/td>\n<\/tr>\n<tr>\n<td>WZ 60 F1 GL W<\/td>\n<td>blanc<\/td>\n<td>79 W<\/td>\n<\/tr>\n<tr>\n<td>WZ 60 F1 GL BR<\/td>\n<td>marron<\/td>\n<td>79 W<\/td>\n<\/tr>\n<\/tbody>\n<\/table>\n","protected":false},"excerpt":{"rendered":"<p>Verrou pour portes et fen\u00eatres WinSafe WZ 60 avec serrure \u00e0 cylindre Il est fr\u00e9quent qu&#8217;une tentative d&#8217;effraction \u00e9choue \u00e1 cause d&#8217;un dispositif de s\u00e9curit\u00e9 efficace. Prot\u00e9gez efficacement vos fen\u00eatres, portes, portails, et plus encore, contre l&#8217;effraction \u2013 avec les &hellip; <a class=\"kt-excerpt-readmore\" href=\"https:\/\/test.burgwaechterservice.de\/fr\/p\/portes-et-fenetres\/winsafe-wz-60\/\" aria-label=\"WinSafe WZ 60\">Lire la suite<\/a><\/p>\n","protected":false},"featured_media":33477,"comment_status":"closed","ping_status":"closed","template":"","meta":[],"product_cat":[35,57],"product_tag":[581],"yoast_head":"<!-- This site is optimized with the Yoast SEO Premium plugin v18.4 (Yoast SEO v19.13) - https:\/\/yoast.com\/wordpress\/plugins\/seo\/ -->\n<title>WinSafe WZ 60 - Burg-W\u00e4chter<\/title>\n<meta name=\"description\" content=\"Verrou pour portes et fen\u00eatres WinSafe WZ 60 avec serrure \u00e0 cylindre Il est fr\u00e9quent qu&#039;une tentative d&#039;effraction \u00e9choue \u00e1 cause d&#039;un dispositif de\" \/>\n<meta name=\"robots\" content=\"index, follow, max-snippet:-1, max-image-preview:large, max-video-preview:-1\" \/>\n<link rel=\"canonical\" href=\"https:\/\/test.burgwaechterservice.de\/fr\/p\/portes-et-fenetres\/winsafe-wz-60\/\" \/>\n<meta property=\"og:locale\" content=\"fr_FR\" \/>\n<meta property=\"og:type\" content=\"article\" \/>\n<meta property=\"og:title\" content=\"WinSafe WZ 60\" \/>\n<meta property=\"og:description\" content=\"Verrou pour portes et fen\u00eatres WinSafe WZ 60 avec serrure \u00e0 cylindre Il est fr\u00e9quent qu&#039;une tentative d&#039;effraction \u00e9choue \u00e1 cause d&#039;un dispositif de\" \/>\n<meta property=\"og:url\" content=\"https:\/\/test.burgwaechterservice.de\/fr\/p\/portes-et-fenetres\/winsafe-wz-60\/\" \/>\n<meta property=\"og:site_name\" content=\"Burg-W\u00e4chter France\" \/>\n<meta property=\"article:modified_time\" content=\"2021-11-05T07:48:51+00:00\" \/>\n<meta property=\"og:image\" content=\"https:\/\/test.burgwaechterservice.de\/fr\/wp-content\/uploads\/sites\/4\/2016\/07\/BUW-WZ-60-W-DSC_2890.jpg\" \/>\n\t<meta property=\"og:image:width\" content=\"1200\" \/>\n\t<meta property=\"og:image:height\" content=\"1200\" \/>\n\t<meta property=\"og:image:type\" content=\"image\/jpeg\" \/>\n<meta name=\"twitter:card\" content=\"summary_large_image\" \/>\n<meta name=\"twitter:label1\" content=\"Dur\u00e9e de lecture estim\u00e9e\" \/>\n\t<meta name=\"twitter:data1\" content=\"2 minutes\" \/>\n<!-- \/ Yoast SEO Premium plugin. -->","yoast_head_json":{"title":"WinSafe WZ 60 - Burg-W\u00e4chter","description":"Verrou pour portes et fen\u00eatres WinSafe WZ 60 avec serrure \u00e0 cylindre Il est fr\u00e9quent qu'une tentative d'effraction \u00e9choue \u00e1 cause d'un dispositif de","robots":{"index":"index","follow":"follow","max-snippet":"max-snippet:-1","max-image-preview":"max-image-preview:large","max-video-preview":"max-video-preview:-1"},"canonical":"https:\/\/test.burgwaechterservice.de\/fr\/p\/portes-et-fenetres\/winsafe-wz-60\/","og_locale":"fr_FR","og_type":"article","og_title":"WinSafe WZ 60","og_description":"Verrou pour portes et fen\u00eatres WinSafe WZ 60 avec serrure \u00e0 cylindre Il est fr\u00e9quent qu'une tentative d'effraction \u00e9choue \u00e1 cause d'un dispositif de","og_url":"https:\/\/test.burgwaechterservice.de\/fr\/p\/portes-et-fenetres\/winsafe-wz-60\/","og_site_name":"Burg-W\u00e4chter France","article_modified_time":"2021-11-05T07:48:51+00:00","og_image":[{"width":1200,"height":1200,"url":"https:\/\/test.burgwaechterservice.de\/fr\/wp-content\/uploads\/sites\/4\/2016\/07\/BUW-WZ-60-W-DSC_2890.jpg","type":"image\/jpeg"}],"twitter_card":"summary_large_image","twitter_misc":{"Dur\u00e9e de lecture estim\u00e9e":"2 minutes"},"schema":{"@context":"https:\/\/schema.org","@graph":[{"@type":"WebPage","@id":"https:\/\/test.burgwaechterservice.de\/fr\/p\/portes-et-fenetres\/winsafe-wz-60\/","url":"https:\/\/test.burgwaechterservice.de\/fr\/p\/portes-et-fenetres\/winsafe-wz-60\/","name":"WinSafe WZ 60 - Burg-W\u00e4chter","isPartOf":{"@id":"https:\/\/test.burgwaechterservice.de\/fr\/#website"},"datePublished":"2016-07-14T14:25:27+00:00","dateModified":"2021-11-05T07:48:51+00:00","description":"Verrou pour portes et fen\u00eatres WinSafe WZ 60 avec serrure \u00e0 cylindre Il est fr\u00e9quent qu'une tentative d'effraction \u00e9choue \u00e1 cause d'un dispositif de","breadcrumb":{"@id":"https:\/\/test.burgwaechterservice.de\/fr\/p\/portes-et-fenetres\/winsafe-wz-60\/#breadcrumb"},"inLanguage":"fr-FR","potentialAction":[{"@type":"ReadAction","target":["https:\/\/test.burgwaechterservice.de\/fr\/p\/portes-et-fenetres\/winsafe-wz-60\/"]}]},{"@type":"BreadcrumbList","@id":"https:\/\/test.burgwaechterservice.de\/fr\/p\/portes-et-fenetres\/winsafe-wz-60\/#breadcrumb","itemListElement":[{"@type":"ListItem","position":1,"name":"Accueil","item":"https:\/\/test.burgwaechterservice.de\/fr\/"},{"@type":"ListItem","position":2,"name":"Produits","item":"https:\/\/test.burgwaechterservice.de\/fr\/p\/"},{"@type":"ListItem","position":3,"name":"WinSafe WZ 60"}]},{"@type":"WebSite","@id":"https:\/\/test.burgwaechterservice.de\/fr\/#website","url":"https:\/\/test.burgwaechterservice.de\/fr\/","name":"Burg-W\u00e4chter France","description":"Le choix le plus s\u00fbr!","potentialAction":[{"@type":"SearchAction","target":{"@type":"EntryPoint","urlTemplate":"https:\/\/test.burgwaechterservice.de\/fr\/?s={search_term_string}"},"query-input":"required name=search_term_string"}],"inLanguage":"fr-FR"}]}},"_links":{"self":[{"href":"https:\/\/test.burgwaechterservice.de\/fr\/wp-json\/wp\/v2\/product\/31712"}],"collection":[{"href":"https:\/\/test.burgwaechterservice.de\/fr\/wp-json\/wp\/v2\/product"}],"about":[{"href":"https:\/\/test.burgwaechterservice.de\/fr\/wp-json\/wp\/v2\/types\/product"}],"replies":[{"embeddable":true,"href":"https:\/\/test.burgwaechterservice.de\/fr\/wp-json\/wp\/v2\/comments?post=31712"}],"wp:featuredmedia":[{"embeddable":true,"href":"https:\/\/test.burgwaechterservice.de\/fr\/wp-json\/wp\/v2\/media\/33477"}],"wp:attachment":[{"href":"https:\/\/test.burgwaechterservice.de\/fr\/wp-json\/wp\/v2\/media?parent=31712"}],"wp:term":[{"taxonomy":"product_cat","embeddable":true,"href":"https:\/\/test.burgwaechterservice.de\/fr\/wp-json\/wp\/v2\/product_cat?post=31712"},{"taxonomy":"product_tag","embeddable":true,"href":"https:\/\/test.burgwaechterservice.de\/fr\/wp-json\/wp\/v2\/product_tag?post=31712"}],"curies":[{"name":"wp","href":"https:\/\/api.w.org\/{rel}","templated":true}]}}