{"id":31708,"date":"2016-07-14T16:04:35","date_gmt":"2016-07-14T14:04:35","guid":{"rendered":"https:\/\/www.burg.biz\/?post_type=product&#038;p=31708"},"modified":"2020-07-23T10:04:18","modified_gmt":"2020-07-23T08:04:18","slug":"winsafe-wr-60","status":"publish","type":"product","link":"https:\/\/test.burgwaechterservice.de\/fr\/p\/portes-et-fenetres\/winsafe-wr-60\/","title":{"rendered":"WinSafe WR 60"},"content":{"rendered":"<h2>Les verrous tout confort pour portes et fen\u00eatres WinSafe WR 60 sont s\u00fbrs et simples \u00e0 monter<\/h2>\n<p>Il est fr\u00e9quent qu&#8217;une tentative d&#8217;effraction \u00e9choue \u00e1 cause d&#8217;un dispositif de s\u00e9curit\u00e9 efficace. Prot\u00e9gez efficacement vos fen\u00eatres, portes, portails, et plus encore, contre l&#8217;effraction \u2013 avec les verrous pratiques WinSafe WR 60 de BURG-W\u00c4CHTER.<\/p>\n<h3>Robuste, s\u00fbr et confortable<\/h3>\n<p>Le bo\u00eetier de fermeture en acier est stable et s\u00e9duit avec son design sobre et \u00e9l\u00e9gant. Disponible en deux couleurs, il se marie bien avec vos portes ou vos fen\u00eatres.<br \/>\nDans ce mod\u00e8le, le verrou tout confort pour portes et fen\u00eatres <u>ne <\/u>dispose <u>pas<\/u> de serrure \u00e0 cylindre. Si votre choix se porte sur l&#8217;une des serrures en particulier, vous pouvez mettre \u00e0 niveau votre verrou tout confort avec une serrure \u00e0 cylindre disponible s\u00e9par\u00e9ment, ou optez pour le verrou WinSafe WZ 60 qui dispose d\u00e9j\u00e0 d&#8217;une serrure. <a href=\"https:\/\/test.burgwaechterservice.de\/fr\/p\/portes-et-fenetres\/winsafe-wz-60\/\">D\u00e9couvrez ici le mod\u00e8le avec serrure \u00e0 cylindre\u00a0<\/a>!<\/p>\n<h3>Installation simple \u2013 gros effet<\/h3>\n<p>La gamme WinSafe de BURG-W\u00c4CHTER est rapide et simple \u00e0 monter sur des portes et fen\u00eatres. Vous pouvez utiliser le verrou tout confort pour portes et fen\u00eatres des deux cot\u00e9s, \u00e0 droite et \u00e0 gauche. Veuillez noter que ce verrou est viss\u00e9 au cadre et n&#8217;est pas con\u00e7u pour des \u00e9l\u00e9ments plats.<\/p>\n<h3>Utilisation polyvalente<\/h3>\n<p>Le verrou tout confort pour portes et fen\u00eatres WinSafe WR 60 s\u00e9curise vos portes et vos fen\u00eatres. Utilisez-le dans de nombreux autres endroits. Transformez votre caravane ou votre bateau en une forteresse inviolable. Il est possible d&#8217;\u00e9quiper de fa\u00e7on optimale les portes de levage et les portes coulissantes, ainsi que le grenier avec le verrou tout confort.<\/p>\n<h3>Aper\u00e7u des verrous pour portes et fen\u00eatres WinSafe WR 60<\/h3>\n<ul>\n<li>Boitier de fermeture stable en acier<\/li>\n<li>Aspect \u00e9l\u00e9gant et haptique confortable<\/li>\n<li>Applicable \u00e0 droite et \u00e0 gauche, ne convient pas aux \u00e9l\u00e9ments ramass\u00e9s<\/li>\n<li>Montage simple<\/li>\n<li>Mod\u00e8le de base sans serrure \u00e0 cylindre<\/li>\n<li>Pour portes, portail, fen\u00eatres, grenier, porte de levage et les porte coulissante, etc.<\/li>\n<li>Disponible en blanc et gris-brun<\/li>\n<\/ul>\n<p>&nbsp;<\/p>\n<p>&nbsp;<\/p>\n<table class=\"ausfuehrung\">\n<thead>\n<tr>\n<td>Article<\/td>\n<td>Couleurs<\/td>\n<\/tr>\n<\/thead>\n<tbody>\n<tr>\n<td>WR 60 W SB<\/td>\n<td>blanc<\/td>\n<\/tr>\n<tr>\n<td>WR 60 BR SB<\/td>\n<td>marron<\/td>\n<\/tr>\n<\/tbody>\n<\/table>\n","protected":false},"excerpt":{"rendered":"<p>Les verrous tout confort pour portes et fen\u00eatres WinSafe WR 60 sont s\u00fbrs et simples \u00e0 monter Il est fr\u00e9quent qu&#8217;une tentative d&#8217;effraction \u00e9choue \u00e1 cause d&#8217;un dispositif de s\u00e9curit\u00e9 efficace. Prot\u00e9gez efficacement vos fen\u00eatres, portes, portails, et plus encore, &hellip; <a class=\"kt-excerpt-readmore\" href=\"https:\/\/test.burgwaechterservice.de\/fr\/p\/portes-et-fenetres\/winsafe-wr-60\/\" aria-label=\"WinSafe WR 60\">Lire la suite<\/a><\/p>\n","protected":false},"featured_media":33469,"comment_status":"closed","ping_status":"closed","template":"","meta":[],"product_cat":[35,57],"product_tag":[581],"yoast_head":"<!-- This site is optimized with the Yoast SEO Premium plugin v18.4 (Yoast SEO v19.13) - https:\/\/yoast.com\/wordpress\/plugins\/seo\/ -->\n<title>WinSafe WR 60 - Burg-W\u00e4chter<\/title>\n<meta name=\"description\" content=\"Les verrous tout confort pour portes et fen\u00eatres WinSafe WR 60 sont s\u00fbrs et simples \u00e0 monter Il est fr\u00e9quent qu&#039;une tentative d&#039;effraction \u00e9choue \u00e1 cause\" \/>\n<meta name=\"robots\" content=\"index, follow, max-snippet:-1, max-image-preview:large, max-video-preview:-1\" \/>\n<link rel=\"canonical\" href=\"https:\/\/test.burgwaechterservice.de\/fr\/p\/portes-et-fenetres\/winsafe-wr-60\/\" \/>\n<meta property=\"og:locale\" content=\"fr_FR\" \/>\n<meta property=\"og:type\" content=\"article\" \/>\n<meta property=\"og:title\" content=\"WinSafe WR 60\" \/>\n<meta property=\"og:description\" content=\"Les verrous tout confort pour portes et fen\u00eatres WinSafe WR 60 sont s\u00fbrs et simples \u00e0 monter Il est fr\u00e9quent qu&#039;une tentative d&#039;effraction \u00e9choue \u00e1 cause\" \/>\n<meta property=\"og:url\" content=\"https:\/\/test.burgwaechterservice.de\/fr\/p\/portes-et-fenetres\/winsafe-wr-60\/\" \/>\n<meta property=\"og:site_name\" content=\"Burg-W\u00e4chter France\" \/>\n<meta property=\"article:modified_time\" content=\"2020-07-23T08:04:18+00:00\" \/>\n<meta property=\"og:image\" content=\"https:\/\/test.burgwaechterservice.de\/fr\/wp-content\/uploads\/sites\/4\/2016\/07\/BUW-WR60-W.jpg\" \/>\n\t<meta property=\"og:image:width\" content=\"1200\" \/>\n\t<meta property=\"og:image:height\" content=\"1200\" \/>\n\t<meta property=\"og:image:type\" content=\"image\/jpeg\" \/>\n<meta name=\"twitter:card\" content=\"summary_large_image\" \/>\n<meta name=\"twitter:label1\" content=\"Dur\u00e9e de lecture estim\u00e9e\" \/>\n\t<meta name=\"twitter:data1\" content=\"2 minutes\" \/>\n<!-- \/ Yoast SEO Premium plugin. -->","yoast_head_json":{"title":"WinSafe WR 60 - Burg-W\u00e4chter","description":"Les verrous tout confort pour portes et fen\u00eatres WinSafe WR 60 sont s\u00fbrs et simples \u00e0 monter Il est fr\u00e9quent qu'une tentative d'effraction \u00e9choue \u00e1 cause","robots":{"index":"index","follow":"follow","max-snippet":"max-snippet:-1","max-image-preview":"max-image-preview:large","max-video-preview":"max-video-preview:-1"},"canonical":"https:\/\/test.burgwaechterservice.de\/fr\/p\/portes-et-fenetres\/winsafe-wr-60\/","og_locale":"fr_FR","og_type":"article","og_title":"WinSafe WR 60","og_description":"Les verrous tout confort pour portes et fen\u00eatres WinSafe WR 60 sont s\u00fbrs et simples \u00e0 monter Il est fr\u00e9quent qu'une tentative d'effraction \u00e9choue \u00e1 cause","og_url":"https:\/\/test.burgwaechterservice.de\/fr\/p\/portes-et-fenetres\/winsafe-wr-60\/","og_site_name":"Burg-W\u00e4chter France","article_modified_time":"2020-07-23T08:04:18+00:00","og_image":[{"width":1200,"height":1200,"url":"https:\/\/test.burgwaechterservice.de\/fr\/wp-content\/uploads\/sites\/4\/2016\/07\/BUW-WR60-W.jpg","type":"image\/jpeg"}],"twitter_card":"summary_large_image","twitter_misc":{"Dur\u00e9e de lecture estim\u00e9e":"2 minutes"},"schema":{"@context":"https:\/\/schema.org","@graph":[{"@type":"WebPage","@id":"https:\/\/test.burgwaechterservice.de\/fr\/p\/portes-et-fenetres\/winsafe-wr-60\/","url":"https:\/\/test.burgwaechterservice.de\/fr\/p\/portes-et-fenetres\/winsafe-wr-60\/","name":"WinSafe WR 60 - Burg-W\u00e4chter","isPartOf":{"@id":"https:\/\/test.burgwaechterservice.de\/fr\/#website"},"datePublished":"2016-07-14T14:04:35+00:00","dateModified":"2020-07-23T08:04:18+00:00","description":"Les verrous tout confort pour portes et fen\u00eatres WinSafe WR 60 sont s\u00fbrs et simples \u00e0 monter Il est fr\u00e9quent qu'une tentative d'effraction \u00e9choue \u00e1 cause","breadcrumb":{"@id":"https:\/\/test.burgwaechterservice.de\/fr\/p\/portes-et-fenetres\/winsafe-wr-60\/#breadcrumb"},"inLanguage":"fr-FR","potentialAction":[{"@type":"ReadAction","target":["https:\/\/test.burgwaechterservice.de\/fr\/p\/portes-et-fenetres\/winsafe-wr-60\/"]}]},{"@type":"BreadcrumbList","@id":"https:\/\/test.burgwaechterservice.de\/fr\/p\/portes-et-fenetres\/winsafe-wr-60\/#breadcrumb","itemListElement":[{"@type":"ListItem","position":1,"name":"Accueil","item":"https:\/\/test.burgwaechterservice.de\/fr\/"},{"@type":"ListItem","position":2,"name":"Produits","item":"https:\/\/test.burgwaechterservice.de\/fr\/p\/"},{"@type":"ListItem","position":3,"name":"WinSafe WR 60"}]},{"@type":"WebSite","@id":"https:\/\/test.burgwaechterservice.de\/fr\/#website","url":"https:\/\/test.burgwaechterservice.de\/fr\/","name":"Burg-W\u00e4chter France","description":"Le choix le plus s\u00fbr!","potentialAction":[{"@type":"SearchAction","target":{"@type":"EntryPoint","urlTemplate":"https:\/\/test.burgwaechterservice.de\/fr\/?s={search_term_string}"},"query-input":"required name=search_term_string"}],"inLanguage":"fr-FR"}]}},"_links":{"self":[{"href":"https:\/\/test.burgwaechterservice.de\/fr\/wp-json\/wp\/v2\/product\/31708"}],"collection":[{"href":"https:\/\/test.burgwaechterservice.de\/fr\/wp-json\/wp\/v2\/product"}],"about":[{"href":"https:\/\/test.burgwaechterservice.de\/fr\/wp-json\/wp\/v2\/types\/product"}],"replies":[{"embeddable":true,"href":"https:\/\/test.burgwaechterservice.de\/fr\/wp-json\/wp\/v2\/comments?post=31708"}],"wp:featuredmedia":[{"embeddable":true,"href":"https:\/\/test.burgwaechterservice.de\/fr\/wp-json\/wp\/v2\/media\/33469"}],"wp:attachment":[{"href":"https:\/\/test.burgwaechterservice.de\/fr\/wp-json\/wp\/v2\/media?parent=31708"}],"wp:term":[{"taxonomy":"product_cat","embeddable":true,"href":"https:\/\/test.burgwaechterservice.de\/fr\/wp-json\/wp\/v2\/product_cat?post=31708"},{"taxonomy":"product_tag","embeddable":true,"href":"https:\/\/test.burgwaechterservice.de\/fr\/wp-json\/wp\/v2\/product_tag?post=31708"}],"curies":[{"name":"wp","href":"https:\/\/api.w.org\/{rel}","templated":true}]}}