{"id":31706,"date":"2016-07-14T15:53:58","date_gmt":"2016-07-14T13:53:58","guid":{"rendered":"https:\/\/www.burg.biz\/?post_type=product&#038;p=31706"},"modified":"2018-07-30T13:38:11","modified_gmt":"2018-07-30T11:38:11","slug":"vtk-90","status":"publish","type":"product","link":"https:\/\/test.burgwaechterservice.de\/fr\/p\/portes-et-fenetres\/vtk-90\/","title":{"rendered":"Cha\u00eene de porte VTK 90"},"content":{"rendered":"<h2>Cha\u00eenes de porte VTK 90<\/h2>\n<ul>\n<li>avec vis de fixation<\/li>\n<li>la cha\u00eene de porte verrouillable pour portes et fen\u00eatres<\/li>\n<li>cha\u00eene ultra-dure<\/li>\n<li>longueur de la cha\u00eene env. 14 cm<\/li>\n<\/ul>\n<p>&nbsp;<\/p>\n<table class=\"ausfuehrung\">\n<thead>\n<tr>\n<td>Article<\/td>\n<td>Couleurs<\/td>\n<\/tr>\n<\/thead>\n<tbody>\n<tr>\n<td>VTK 90<\/td>\n<td>chrom\u00e9<\/td>\n<\/tr>\n<\/tbody>\n<\/table>\n","protected":false},"excerpt":{"rendered":"<p>Cha\u00eenes de porte VTK 90 avec vis de fixation la cha\u00eene de porte verrouillable pour portes et fen\u00eatres cha\u00eene ultra-dure longueur de la cha\u00eene env. 14 cm &nbsp; Article Couleurs VTK 90 chrom\u00e9<\/p>\n","protected":false},"featured_media":32562,"comment_status":"closed","ping_status":"closed","template":"","meta":[],"product_cat":[35,3901],"product_tag":[],"yoast_head":"<!-- This site is optimized with the Yoast SEO Premium plugin v18.4 (Yoast SEO v19.13) - https:\/\/yoast.com\/wordpress\/plugins\/seo\/ -->\n<title>VTK 90 - Burg-W\u00e4chter<\/title>\n<meta name=\"description\" content=\"Cha\u00eenes de porte VTK 90 avec vis de fixation la cha\u00eene de porte verrouillable pour portes et fen\u00eatres cha\u00eene ultra-dure longueur de la cha\u00eene env. 14\" \/>\n<meta name=\"robots\" content=\"index, follow, max-snippet:-1, max-image-preview:large, max-video-preview:-1\" \/>\n<link rel=\"canonical\" href=\"https:\/\/test.burgwaechterservice.de\/fr\/p\/portes-et-fenetres\/vtk-90\/\" \/>\n<meta property=\"og:locale\" content=\"fr_FR\" \/>\n<meta property=\"og:type\" content=\"article\" \/>\n<meta property=\"og:title\" content=\"Cha\u00eene de porte VTK 90\" \/>\n<meta property=\"og:description\" content=\"Cha\u00eenes de porte VTK 90 avec vis de fixation la cha\u00eene de porte verrouillable pour portes et fen\u00eatres cha\u00eene ultra-dure longueur de la cha\u00eene env. 14\" \/>\n<meta property=\"og:url\" content=\"https:\/\/test.burgwaechterservice.de\/fr\/p\/portes-et-fenetres\/vtk-90\/\" \/>\n<meta property=\"og:site_name\" content=\"Burg-W\u00e4chter France\" \/>\n<meta property=\"article:modified_time\" content=\"2018-07-30T11:38:11+00:00\" \/>\n<meta property=\"og:image\" content=\"https:\/\/test.burgwaechterservice.de\/fr\/wp-content\/uploads\/sites\/4\/2016\/07\/T\u00fcrkette_VTK_90_053416-01.jpg\" \/>\n\t<meta property=\"og:image:width\" content=\"1000\" \/>\n\t<meta property=\"og:image:height\" content=\"1000\" \/>\n\t<meta property=\"og:image:type\" content=\"image\/jpeg\" \/>\n<meta name=\"twitter:card\" content=\"summary_large_image\" \/>\n<!-- \/ Yoast SEO Premium plugin. -->","yoast_head_json":{"title":"VTK 90 - Burg-W\u00e4chter","description":"Cha\u00eenes de porte VTK 90 avec vis de fixation la cha\u00eene de porte verrouillable pour portes et fen\u00eatres cha\u00eene ultra-dure longueur de la cha\u00eene env. 14","robots":{"index":"index","follow":"follow","max-snippet":"max-snippet:-1","max-image-preview":"max-image-preview:large","max-video-preview":"max-video-preview:-1"},"canonical":"https:\/\/test.burgwaechterservice.de\/fr\/p\/portes-et-fenetres\/vtk-90\/","og_locale":"fr_FR","og_type":"article","og_title":"Cha\u00eene de porte VTK 90","og_description":"Cha\u00eenes de porte VTK 90 avec vis de fixation la cha\u00eene de porte verrouillable pour portes et fen\u00eatres cha\u00eene ultra-dure longueur de la cha\u00eene env. 14","og_url":"https:\/\/test.burgwaechterservice.de\/fr\/p\/portes-et-fenetres\/vtk-90\/","og_site_name":"Burg-W\u00e4chter France","article_modified_time":"2018-07-30T11:38:11+00:00","og_image":[{"width":1000,"height":1000,"url":"https:\/\/test.burgwaechterservice.de\/fr\/wp-content\/uploads\/sites\/4\/2016\/07\/T\u00fcrkette_VTK_90_053416-01.jpg","type":"image\/jpeg"}],"twitter_card":"summary_large_image","schema":{"@context":"https:\/\/schema.org","@graph":[{"@type":"WebPage","@id":"https:\/\/test.burgwaechterservice.de\/fr\/p\/portes-et-fenetres\/vtk-90\/","url":"https:\/\/test.burgwaechterservice.de\/fr\/p\/portes-et-fenetres\/vtk-90\/","name":"VTK 90 - Burg-W\u00e4chter","isPartOf":{"@id":"https:\/\/test.burgwaechterservice.de\/fr\/#website"},"datePublished":"2016-07-14T13:53:58+00:00","dateModified":"2018-07-30T11:38:11+00:00","description":"Cha\u00eenes de porte VTK 90 avec vis de fixation la cha\u00eene de porte verrouillable pour portes et fen\u00eatres cha\u00eene ultra-dure longueur de la cha\u00eene env. 14","breadcrumb":{"@id":"https:\/\/test.burgwaechterservice.de\/fr\/p\/portes-et-fenetres\/vtk-90\/#breadcrumb"},"inLanguage":"fr-FR","potentialAction":[{"@type":"ReadAction","target":["https:\/\/test.burgwaechterservice.de\/fr\/p\/portes-et-fenetres\/vtk-90\/"]}]},{"@type":"BreadcrumbList","@id":"https:\/\/test.burgwaechterservice.de\/fr\/p\/portes-et-fenetres\/vtk-90\/#breadcrumb","itemListElement":[{"@type":"ListItem","position":1,"name":"Accueil","item":"https:\/\/test.burgwaechterservice.de\/fr\/"},{"@type":"ListItem","position":2,"name":"Produits","item":"https:\/\/test.burgwaechterservice.de\/fr\/p\/"},{"@type":"ListItem","position":3,"name":"Cha\u00eene de porte VTK 90"}]},{"@type":"WebSite","@id":"https:\/\/test.burgwaechterservice.de\/fr\/#website","url":"https:\/\/test.burgwaechterservice.de\/fr\/","name":"Burg-W\u00e4chter France","description":"Le choix le plus s\u00fbr!","potentialAction":[{"@type":"SearchAction","target":{"@type":"EntryPoint","urlTemplate":"https:\/\/test.burgwaechterservice.de\/fr\/?s={search_term_string}"},"query-input":"required name=search_term_string"}],"inLanguage":"fr-FR"}]}},"_links":{"self":[{"href":"https:\/\/test.burgwaechterservice.de\/fr\/wp-json\/wp\/v2\/product\/31706"}],"collection":[{"href":"https:\/\/test.burgwaechterservice.de\/fr\/wp-json\/wp\/v2\/product"}],"about":[{"href":"https:\/\/test.burgwaechterservice.de\/fr\/wp-json\/wp\/v2\/types\/product"}],"replies":[{"embeddable":true,"href":"https:\/\/test.burgwaechterservice.de\/fr\/wp-json\/wp\/v2\/comments?post=31706"}],"wp:featuredmedia":[{"embeddable":true,"href":"https:\/\/test.burgwaechterservice.de\/fr\/wp-json\/wp\/v2\/media\/32562"}],"wp:attachment":[{"href":"https:\/\/test.burgwaechterservice.de\/fr\/wp-json\/wp\/v2\/media?parent=31706"}],"wp:term":[{"taxonomy":"product_cat","embeddable":true,"href":"https:\/\/test.burgwaechterservice.de\/fr\/wp-json\/wp\/v2\/product_cat?post=31706"},{"taxonomy":"product_tag","embeddable":true,"href":"https:\/\/test.burgwaechterservice.de\/fr\/wp-json\/wp\/v2\/product_tag?post=31706"}],"curies":[{"name":"wp","href":"https:\/\/api.w.org\/{rel}","templated":true}]}}