{"id":31692,"date":"2016-07-14T15:05:26","date_gmt":"2016-07-14T13:05:26","guid":{"rendered":"https:\/\/www.burg.biz\/?post_type=product&#038;p=31692"},"modified":"2019-10-01T12:28:46","modified_gmt":"2019-10-01T10:28:46","slug":"logiciel-tse","status":"publish","type":"product","link":"https:\/\/test.burgwaechterservice.de\/fr\/p\/serrure-electronique\/logiciel-tse\/","title":{"rendered":"Logiciel TSE"},"content":{"rendered":"<h2>Logiciel TSE pour plus de fonctions<\/h2>\n<p>Vous configurez et g\u00e9rez ainsi de fa\u00e7on professionnelle et claire l&#8217;int\u00e9gralit\u00e9 de votre installation de fermeture.<\/p>\n<h3>Encore plus de fonctions<\/h3>\n<p>Avec le logiciel adapt\u00e9 \u00e0 votre syst\u00e8me de fermeture TSE, vous disposez de nombreuses possibilit\u00e9s<strong> d&#8217;administrer de mani\u00e8re encore plus ais\u00e9e la gestion d&#8217;utilisateur et les supports de fermeture.<\/strong><br \/>\nAvec le logiciel, vous programmez rapidement et simplement des codes PIN et des cl\u00e9s \u00e9lectroniques \u00e0 t\u00e9l\u00e9commande radiofr\u00e9quence\u00a0(TSE E-KEY). Cr\u00e9ez des profils d&#8217;utilisateur clairs et attribuez ou retirez des droits. Des fonctions calendrier sont \u00e9galement disponibles et il est possible de configurer des fen\u00eatres temporelles pour un acc\u00e8s temporaire. L&#8217;historique des acc\u00e8s est consultable et peut \u00eatre retrac\u00e9 \u00e0 tout moment.<\/p>\n<p>Lors de la programmation, il faut respecter une distance allant jusqu&#8217;\u00e0 10 m\u00e8tres entre le PC et le cylindre profil\u00e9 TSE.<\/p>\n<h3>Disponible pour 15 utilisateurs maximum<\/h3>\n<ul>\n<li>TSE 5500 Software LIGHT SB: Pour 8 cylindres pour portes et 15 utilisateurs maximum<\/li>\n<\/ul>\n<h3>Configuration requise<\/h3>\n<p>Le logiciel TSE est compatible avec Windows XP, Vista, Windows 7, Windows 8 et Windows 10 dans la configuration standard. Les tablettes Windows sont \u00e9galement adapt\u00e9es au programme \u00e0 partir de la version 8.1.<br \/>\nR\u00e9solution d&#8217;\u00e9cran recommand\u00e9e\u00a0:\u00a01200 X 1024 (\u00e9galement possible, sans difficult\u00e9, sur les ordinateurs portables).<\/p>\n<h3>Le logiciel TSE pour votre installation de fermeture<\/h3>\n<ul>\n<li>D\u00e9signation des utilisateurs<\/li>\n<li>Programmation de<\/li>\n<li>codes PIN<\/li>\n<li>Cl\u00e9 \u00e0 t\u00e9l\u00e9commande radiofr\u00e9quence (TSE E-KEY)<\/li>\n<li>Attribution de plages d&#8217;acc\u00e8s et de droits, fonction calendrier<\/li>\n<li>Lecture de l&#8217;historique<\/li>\n<li>Distance entre PC et cylindre profil\u00e9 TSE de 10 m lors de la programmation<\/li>\n<li>Syst\u00e8me d&#8217;exploitation requis\u00a0:\u00a0Windows XP, Windows 7, Windows 8 ou Windows 10\u00a0(pour les tablettes PC Windows d\u00e8s la version 8.1)\u00a0en configuration standard, port USB<\/li>\n<li>Aucune liaison radio permanente n\u00e9cessaire entre le PC et\u00a0le cylindre TSE<\/li>\n<li>R\u00e9solution d&#8217;\u00e9cran recommand\u00e9e\u00a01200 X 1024 (\u00e9galement possible, sans difficult\u00e9, sur les ordinateurs portables)<\/li>\n<\/ul>\n<p>&nbsp;<\/p>\n<table class=\"ausfuehrung\">\n<thead>\n<tr>\n<td>Article<\/td>\n<td>Utilisateurs (justqu\u00b4\u00e0)<\/td>\n<td>Serrures de portes (justqu\u00b4\u00e0)<\/td>\n<\/tr>\n<\/thead>\n<tbody>\n<tr>\n<td>TSE 5500 Software Light SB<\/td>\n<td>\u00a015<\/td>\n<td>8<\/td>\n<\/tr>\n<tr>\n<td>TSE 6501 Software System (plus en stock)<\/td>\n<td>\u00a0250<\/td>\n<td>200<\/td>\n<\/tr>\n<\/tbody>\n<\/table>\n","protected":false},"excerpt":{"rendered":"<p>Logiciel TSE pour plus de fonctions Vous configurez et g\u00e9rez ainsi de fa\u00e7on professionnelle et claire l&#8217;int\u00e9gralit\u00e9 de votre installation de fermeture. Encore plus de fonctions Avec le logiciel adapt\u00e9 \u00e0 votre syst\u00e8me de fermeture TSE, vous disposez de nombreuses &hellip; <a class=\"kt-excerpt-readmore\" href=\"https:\/\/test.burgwaechterservice.de\/fr\/p\/serrure-electronique\/logiciel-tse\/\" aria-label=\"Logiciel TSE\">Lire la suite<\/a><\/p>\n","protected":false},"featured_media":33379,"comment_status":"closed","ping_status":"closed","template":"","meta":[],"product_cat":[1137],"product_tag":[561,563],"yoast_head":"<!-- This site is optimized with the Yoast SEO Premium plugin v18.4 (Yoast SEO v19.13) - https:\/\/yoast.com\/wordpress\/plugins\/seo\/ -->\n<title>Logiciel TSE - BURG-W\u00c4CHTER<\/title>\n<meta name=\"description\" content=\"Logiciel TSE pour plus de fonctions Vous configurez et g\u00e9rez ainsi de fa\u00e7on professionnelle et claire l&#039;int\u00e9gralit\u00e9 de votre installation de fermeture.\" \/>\n<meta name=\"robots\" content=\"index, follow, max-snippet:-1, max-image-preview:large, max-video-preview:-1\" \/>\n<link rel=\"canonical\" href=\"https:\/\/test.burgwaechterservice.de\/fr\/p\/serrure-electronique\/logiciel-tse\/\" \/>\n<meta property=\"og:locale\" content=\"fr_FR\" \/>\n<meta property=\"og:type\" content=\"article\" \/>\n<meta property=\"og:title\" content=\"Logiciel TSE\" \/>\n<meta property=\"og:description\" content=\"Logiciel TSE pour plus de fonctions Vous configurez et g\u00e9rez ainsi de fa\u00e7on professionnelle et claire l&#039;int\u00e9gralit\u00e9 de votre installation de fermeture.\" \/>\n<meta property=\"og:url\" content=\"https:\/\/test.burgwaechterservice.de\/fr\/p\/serrure-electronique\/logiciel-tse\/\" \/>\n<meta property=\"og:site_name\" content=\"Burg-W\u00e4chter France\" \/>\n<meta property=\"article:modified_time\" content=\"2019-10-01T10:28:46+00:00\" \/>\n<meta property=\"og:image\" content=\"https:\/\/test.burgwaechterservice.de\/fr\/wp-content\/uploads\/sites\/4\/2016\/07\/TSE-home_fsPackung-1.jpg\" \/>\n\t<meta property=\"og:image:width\" content=\"867\" \/>\n\t<meta property=\"og:image:height\" content=\"867\" \/>\n\t<meta property=\"og:image:type\" content=\"image\/jpeg\" \/>\n<meta name=\"twitter:card\" content=\"summary_large_image\" \/>\n<meta name=\"twitter:label1\" content=\"Dur\u00e9e de lecture estim\u00e9e\" \/>\n\t<meta name=\"twitter:data1\" content=\"2 minutes\" \/>\n<!-- \/ Yoast SEO Premium plugin. -->","yoast_head_json":{"title":"Logiciel TSE - BURG-W\u00c4CHTER","description":"Logiciel TSE pour plus de fonctions Vous configurez et g\u00e9rez ainsi de fa\u00e7on professionnelle et claire l'int\u00e9gralit\u00e9 de votre installation de fermeture.","robots":{"index":"index","follow":"follow","max-snippet":"max-snippet:-1","max-image-preview":"max-image-preview:large","max-video-preview":"max-video-preview:-1"},"canonical":"https:\/\/test.burgwaechterservice.de\/fr\/p\/serrure-electronique\/logiciel-tse\/","og_locale":"fr_FR","og_type":"article","og_title":"Logiciel TSE","og_description":"Logiciel TSE pour plus de fonctions Vous configurez et g\u00e9rez ainsi de fa\u00e7on professionnelle et claire l'int\u00e9gralit\u00e9 de votre installation de fermeture.","og_url":"https:\/\/test.burgwaechterservice.de\/fr\/p\/serrure-electronique\/logiciel-tse\/","og_site_name":"Burg-W\u00e4chter France","article_modified_time":"2019-10-01T10:28:46+00:00","og_image":[{"width":867,"height":867,"url":"https:\/\/test.burgwaechterservice.de\/fr\/wp-content\/uploads\/sites\/4\/2016\/07\/TSE-home_fsPackung-1.jpg","type":"image\/jpeg"}],"twitter_card":"summary_large_image","twitter_misc":{"Dur\u00e9e de lecture estim\u00e9e":"2 minutes"},"schema":{"@context":"https:\/\/schema.org","@graph":[{"@type":"WebPage","@id":"https:\/\/test.burgwaechterservice.de\/fr\/p\/serrure-electronique\/logiciel-tse\/","url":"https:\/\/test.burgwaechterservice.de\/fr\/p\/serrure-electronique\/logiciel-tse\/","name":"Logiciel TSE - BURG-W\u00c4CHTER","isPartOf":{"@id":"https:\/\/test.burgwaechterservice.de\/fr\/#website"},"datePublished":"2016-07-14T13:05:26+00:00","dateModified":"2019-10-01T10:28:46+00:00","description":"Logiciel TSE pour plus de fonctions Vous configurez et g\u00e9rez ainsi de fa\u00e7on professionnelle et claire l'int\u00e9gralit\u00e9 de votre installation de fermeture.","breadcrumb":{"@id":"https:\/\/test.burgwaechterservice.de\/fr\/p\/serrure-electronique\/logiciel-tse\/#breadcrumb"},"inLanguage":"fr-FR","potentialAction":[{"@type":"ReadAction","target":["https:\/\/test.burgwaechterservice.de\/fr\/p\/serrure-electronique\/logiciel-tse\/"]}]},{"@type":"BreadcrumbList","@id":"https:\/\/test.burgwaechterservice.de\/fr\/p\/serrure-electronique\/logiciel-tse\/#breadcrumb","itemListElement":[{"@type":"ListItem","position":1,"name":"Accueil","item":"https:\/\/test.burgwaechterservice.de\/fr\/"},{"@type":"ListItem","position":2,"name":"Produits","item":"https:\/\/test.burgwaechterservice.de\/fr\/p\/"},{"@type":"ListItem","position":3,"name":"Logiciel TSE"}]},{"@type":"WebSite","@id":"https:\/\/test.burgwaechterservice.de\/fr\/#website","url":"https:\/\/test.burgwaechterservice.de\/fr\/","name":"Burg-W\u00e4chter France","description":"Le choix le plus s\u00fbr!","potentialAction":[{"@type":"SearchAction","target":{"@type":"EntryPoint","urlTemplate":"https:\/\/test.burgwaechterservice.de\/fr\/?s={search_term_string}"},"query-input":"required name=search_term_string"}],"inLanguage":"fr-FR"}]}},"_links":{"self":[{"href":"https:\/\/test.burgwaechterservice.de\/fr\/wp-json\/wp\/v2\/product\/31692"}],"collection":[{"href":"https:\/\/test.burgwaechterservice.de\/fr\/wp-json\/wp\/v2\/product"}],"about":[{"href":"https:\/\/test.burgwaechterservice.de\/fr\/wp-json\/wp\/v2\/types\/product"}],"replies":[{"embeddable":true,"href":"https:\/\/test.burgwaechterservice.de\/fr\/wp-json\/wp\/v2\/comments?post=31692"}],"wp:featuredmedia":[{"embeddable":true,"href":"https:\/\/test.burgwaechterservice.de\/fr\/wp-json\/wp\/v2\/media\/33379"}],"wp:attachment":[{"href":"https:\/\/test.burgwaechterservice.de\/fr\/wp-json\/wp\/v2\/media?parent=31692"}],"wp:term":[{"taxonomy":"product_cat","embeddable":true,"href":"https:\/\/test.burgwaechterservice.de\/fr\/wp-json\/wp\/v2\/product_cat?post=31692"},{"taxonomy":"product_tag","embeddable":true,"href":"https:\/\/test.burgwaechterservice.de\/fr\/wp-json\/wp\/v2\/product_tag?post=31692"}],"curies":[{"name":"wp","href":"https:\/\/api.w.org\/{rel}","templated":true}]}}