{"id":31688,"date":"2016-07-14T14:40:29","date_gmt":"2016-07-14T12:40:29","guid":{"rendered":"https:\/\/www.burg.biz\/?post_type=product&#038;p=31688"},"modified":"2019-08-20T11:49:52","modified_gmt":"2019-08-20T09:49:52","slug":"tse-set-5013-e-key","status":"publish","type":"product","link":"https:\/\/test.burgwaechterservice.de\/fr\/p\/serrure-electronique\/tse-set-5013-e-key\/","title":{"rendered":"TSE Set 5013 E-Key"},"content":{"rendered":"<h2>TSE PRIME SET 5013 E-KEY: La cl\u00e9 \u00e9lectronique pratique remplace la variante classique<\/h2>\n<p>Vous pouvez d\u00e8s maintenant d\u00e9verrouiller vos portes <strong>d&#8217;une mani\u00e8re infiniment plus rapide et plus ais\u00e9e<\/strong> avec la cl\u00e9 \u00e9lectronique. Le cylindre profil\u00e9 TSE peut \u00eatre install\u00e9 rapidement dans votre porte et peut \u00eatre activ\u00e9 par onde radio gr\u00e2ce \u00e0 la E-KEY.<\/p>\n<h3>La TSE E-KEY peut \u00eatre utilis\u00e9e selon 2 modes pratiques\u00a0:<\/h3>\n<ul>\n<li><strong>Mode manuel\u00a0:<\/strong> Avec ce mode, vous tenez la cl\u00e9 dans votre main et devez simplement actionner le bouton pressoir. Le cylindre \u00e9lectronique est alors activ\u00e9 et le bouton de porte peut \u00eatre actionn\u00e9.<\/li>\n<li><strong>Mode automatique<\/strong> (avec clavier)\u00a0: Avec ce mode, votre E-KEY peut m\u00eame rester dans votre sac. Apr\u00e8s activation du clavier TSE disponible en option, il suffit que la cl\u00e9 se trouve \u00e0 proximit\u00e9 imm\u00e9diate du cylindre (dans un p\u00e9rim\u00e8tre de 3 m\u00e8tres selon l&#8217;environnement). Le cylindre est alors automatiquement activ\u00e9 et vous autorise l&#8217;acc\u00e8s.<\/li>\n<\/ul>\n<p>La transmission des donn\u00e9es est s\u00e9curis\u00e9e par cryptage AES et est ainsi prot\u00e9g\u00e9e de mani\u00e8re efficace contre toute manipulation.<\/p>\n<h3>Convient \u00e0 presque toutes les portes<\/h3>\n<p>Le cylindre \u00e9lectronique profil\u00e9 peut \u00eatre facilement install\u00e9, en un tour de main, dans toutes les portes dont l&#8217;\u00e9paisseur n&#8217;exc\u00e8de pas 118 mm (59\/59). Ce cylindre offre une flexibilit\u00e9 hors du commun, car il peut \u00eatre s&#8217;adapter au millim\u00e8tre pr\u00e8s \u00e0 votre porte lorsqu&#8217;il s&#8217;enclenche.<br \/>\nLe montage ne n\u00e9cessite aucun per\u00e7age suppl\u00e9mentaire ou c\u00e2blage p\u00e9nible. Le cylindre profil\u00e9 m\u00e9canique est simplement \u00e9chang\u00e9 contre le cylindre \u00e9lectronique TSE, afin de pouvoir conserver intactes les garnitures existantes.<br \/>\nVeillez \u00e0 ce que la face int\u00e9rieure du cylindre soit install\u00e9e <strong>dans un endroit \u00e0 l&#8217;abri des intemp\u00e9ries.<\/strong><\/p>\n<h3>Gestion d&#8217;utilisateur et autres fonctions avec le logiciel pratique TSE pour PC<\/h3>\n<p>Le <strong>logiciel TSE disponible en option <\/strong>offre de nombreuses fonctions suppl\u00e9mentaires et pratiques pour votre PC.<br \/>\nG\u00e9rez tous les utilisateurs, cr\u00e9er des profils d&#8217;utilisateur, et attribuez ou retirez des droits d&#8217;acc\u00e8s. Il est \u00e9galement possible de programmer des droits d&#8217;acc\u00e8s temporaires.<br \/>\nPour assurer une vue d&#8217;ensemble optimale des ouvertures, vous pouvez consulter l&#8217;historique int\u00e9gral.<\/p>\n<p>Le set complet contient\u00a0: Un cylindre \u00e9lectronique profil\u00e9 reli\u00e9 par liaison radio \u00e0 la cl\u00e9 \u00e0 t\u00e9l\u00e9commande radiofr\u00e9quence E-KEY, les piles, ainsi qu&#8217;un manuel d&#8217;utilisation et des instructions de montage.<\/p>\n<h3>Le cylindre \u00e9lectronique pour portes TSE PRIME SET 5013 E-KEY en bref<\/h3>\n<h4>S\u00c9CURIT\u00c9<\/h4>\n<ul>\n<li>Jusqu&#8217;\u00e1 47 TSE E-KEYS programmables (enregistrement avec le logiciel TSE pour PC)<\/li>\n<li>Clavier TSE PINCODE\/FINGERSCAN en option<\/li>\n<li>Protection optimale contre toute manipulation<\/li>\n<li>Avec serrure de secours m\u00e9canique (2 cl\u00e9s)<\/li>\n<\/ul>\n<h4>COMPATIBILIT\u00c9<\/h4>\n<ul>\n<li>Convient \u00e0 toutes les \u00e9paisseurs de porte allant jusqu&#8217;\u00e0 118 mm (59\/59)<\/li>\n<li>Pour portes int\u00e9rieures et ext\u00e9rieures<\/li>\n<\/ul>\n<h4>WIRELESS<\/h4>\n<ul>\n<li>Activation du clavier par TSE E-KEY<\/li>\n<\/ul>\n<h4>SIMPLICIT\u00c9<\/h4>\n<ul>\n<li>Montage sans c\u00e2ble ni per\u00e7age, etc.<\/li>\n<li>Le cylindre profil\u00e9 TSE \u00e0 commande \u00e9lectronique remplace le cylindre m\u00e9canique profil\u00e9<\/li>\n<li>On conserve en place les garnitures existantes<\/li>\n<li>Aucun per\u00e7age\u00a0\u2013 mise \u00e0 niveau extr\u00eamement simple<\/li>\n<li>Face int\u00e9rieure du cylindre \u00e0 l&#8217;abri des intemp\u00e9ries<\/li>\n<\/ul>\n<h4>COMPATIBILIT\u00c9 AVEC PC<\/h4>\n<ul>\n<li>Via le logiciel pour PC disponible en option, il est possible d&#8217;acc\u00e9der, entre autres, \u00e0 des fonctions telles que<\/li>\n<li>Gestion d&#8217;utilisateur uniquement de code PIN ou E-Keys<\/li>\n<li>Sans gestion d&#8217;utilisateur via lecteur d&#8217;empreintes digitales<\/li>\n<li>Attribution de p\u00e9riodes d&#8217;acc\u00e8s et de droits pour codes PIN et E-Keys<\/li>\n<li>La lecture de l&#8217;historique, etc.<\/li>\n<\/ul>\n","protected":false},"excerpt":{"rendered":"<p>TSE PRIME SET 5013 E-KEY: La cl\u00e9 \u00e9lectronique pratique remplace la variante classique Vous pouvez d\u00e8s maintenant d\u00e9verrouiller vos portes d&#8217;une mani\u00e8re infiniment plus rapide et plus ais\u00e9e avec la cl\u00e9 \u00e9lectronique. Le cylindre profil\u00e9 TSE peut \u00eatre install\u00e9 rapidement &hellip; <a class=\"kt-excerpt-readmore\" href=\"https:\/\/test.burgwaechterservice.de\/fr\/p\/serrure-electronique\/tse-set-5013-e-key\/\" aria-label=\"TSE Set 5013 E-Key\">Lire la suite<\/a><\/p>\n","protected":false},"featured_media":286127,"comment_status":"closed","ping_status":"closed","template":"","meta":[],"product_cat":[1137],"product_tag":[509,561,562],"yoast_head":"<!-- This site is optimized with the Yoast SEO Premium plugin v18.4 (Yoast SEO v19.13) - https:\/\/yoast.com\/wordpress\/plugins\/seo\/ -->\n<title>TSE Set 5013 E-Key - BURG-W\u00c4CHTER<\/title>\n<meta name=\"description\" content=\"TSE PRIME SET 5013 E-KEY: La cl\u00e9 \u00e9lectronique pratique remplace la variante classique Vous pouvez d\u00e8s maintenant d\u00e9verrouiller vos portes d&#039;une mani\u00e8re\" \/>\n<meta name=\"robots\" content=\"index, follow, max-snippet:-1, max-image-preview:large, max-video-preview:-1\" \/>\n<link rel=\"canonical\" href=\"https:\/\/test.burgwaechterservice.de\/fr\/p\/serrure-electronique\/tse-set-5013-e-key\/\" \/>\n<meta property=\"og:locale\" content=\"fr_FR\" \/>\n<meta property=\"og:type\" content=\"article\" \/>\n<meta property=\"og:title\" content=\"TSE Set 5013 E-Key\" \/>\n<meta property=\"og:description\" content=\"TSE PRIME SET 5013 E-KEY: La cl\u00e9 \u00e9lectronique pratique remplace la variante classique Vous pouvez d\u00e8s maintenant d\u00e9verrouiller vos portes d&#039;une mani\u00e8re\" \/>\n<meta property=\"og:url\" content=\"https:\/\/test.burgwaechterservice.de\/fr\/p\/serrure-electronique\/tse-set-5013-e-key\/\" \/>\n<meta property=\"og:site_name\" content=\"Burg-W\u00e4chter France\" \/>\n<meta property=\"article:modified_time\" content=\"2019-08-20T09:49:52+00:00\" \/>\n<meta property=\"og:image\" content=\"https:\/\/test.burgwaechterservice.de\/fr\/wp-content\/uploads\/sites\/4\/2016\/07\/TSE-PRIME-Set-5013-E-KEY.jpg\" \/>\n\t<meta property=\"og:image:width\" content=\"800\" \/>\n\t<meta property=\"og:image:height\" content=\"800\" \/>\n\t<meta property=\"og:image:type\" content=\"image\/jpeg\" \/>\n<meta name=\"twitter:card\" content=\"summary_large_image\" \/>\n<meta name=\"twitter:label1\" content=\"Dur\u00e9e de lecture estim\u00e9e\" \/>\n\t<meta name=\"twitter:data1\" content=\"3 minutes\" \/>\n<!-- \/ Yoast SEO Premium plugin. -->","yoast_head_json":{"title":"TSE Set 5013 E-Key - BURG-W\u00c4CHTER","description":"TSE PRIME SET 5013 E-KEY: La cl\u00e9 \u00e9lectronique pratique remplace la variante classique Vous pouvez d\u00e8s maintenant d\u00e9verrouiller vos portes d'une mani\u00e8re","robots":{"index":"index","follow":"follow","max-snippet":"max-snippet:-1","max-image-preview":"max-image-preview:large","max-video-preview":"max-video-preview:-1"},"canonical":"https:\/\/test.burgwaechterservice.de\/fr\/p\/serrure-electronique\/tse-set-5013-e-key\/","og_locale":"fr_FR","og_type":"article","og_title":"TSE Set 5013 E-Key","og_description":"TSE PRIME SET 5013 E-KEY: La cl\u00e9 \u00e9lectronique pratique remplace la variante classique Vous pouvez d\u00e8s maintenant d\u00e9verrouiller vos portes d'une mani\u00e8re","og_url":"https:\/\/test.burgwaechterservice.de\/fr\/p\/serrure-electronique\/tse-set-5013-e-key\/","og_site_name":"Burg-W\u00e4chter France","article_modified_time":"2019-08-20T09:49:52+00:00","og_image":[{"width":800,"height":800,"url":"https:\/\/test.burgwaechterservice.de\/fr\/wp-content\/uploads\/sites\/4\/2016\/07\/TSE-PRIME-Set-5013-E-KEY.jpg","type":"image\/jpeg"}],"twitter_card":"summary_large_image","twitter_misc":{"Dur\u00e9e de lecture estim\u00e9e":"3 minutes"},"schema":{"@context":"https:\/\/schema.org","@graph":[{"@type":"WebPage","@id":"https:\/\/test.burgwaechterservice.de\/fr\/p\/serrure-electronique\/tse-set-5013-e-key\/","url":"https:\/\/test.burgwaechterservice.de\/fr\/p\/serrure-electronique\/tse-set-5013-e-key\/","name":"TSE Set 5013 E-Key - BURG-W\u00c4CHTER","isPartOf":{"@id":"https:\/\/test.burgwaechterservice.de\/fr\/#website"},"datePublished":"2016-07-14T12:40:29+00:00","dateModified":"2019-08-20T09:49:52+00:00","description":"TSE PRIME SET 5013 E-KEY: La cl\u00e9 \u00e9lectronique pratique remplace la variante classique Vous pouvez d\u00e8s maintenant d\u00e9verrouiller vos portes d'une mani\u00e8re","breadcrumb":{"@id":"https:\/\/test.burgwaechterservice.de\/fr\/p\/serrure-electronique\/tse-set-5013-e-key\/#breadcrumb"},"inLanguage":"fr-FR","potentialAction":[{"@type":"ReadAction","target":["https:\/\/test.burgwaechterservice.de\/fr\/p\/serrure-electronique\/tse-set-5013-e-key\/"]}]},{"@type":"BreadcrumbList","@id":"https:\/\/test.burgwaechterservice.de\/fr\/p\/serrure-electronique\/tse-set-5013-e-key\/#breadcrumb","itemListElement":[{"@type":"ListItem","position":1,"name":"Accueil","item":"https:\/\/test.burgwaechterservice.de\/fr\/"},{"@type":"ListItem","position":2,"name":"Produits","item":"https:\/\/test.burgwaechterservice.de\/fr\/p\/"},{"@type":"ListItem","position":3,"name":"TSE Set 5013 E-Key"}]},{"@type":"WebSite","@id":"https:\/\/test.burgwaechterservice.de\/fr\/#website","url":"https:\/\/test.burgwaechterservice.de\/fr\/","name":"Burg-W\u00e4chter France","description":"Le choix le plus s\u00fbr!","potentialAction":[{"@type":"SearchAction","target":{"@type":"EntryPoint","urlTemplate":"https:\/\/test.burgwaechterservice.de\/fr\/?s={search_term_string}"},"query-input":"required name=search_term_string"}],"inLanguage":"fr-FR"}]}},"_links":{"self":[{"href":"https:\/\/test.burgwaechterservice.de\/fr\/wp-json\/wp\/v2\/product\/31688"}],"collection":[{"href":"https:\/\/test.burgwaechterservice.de\/fr\/wp-json\/wp\/v2\/product"}],"about":[{"href":"https:\/\/test.burgwaechterservice.de\/fr\/wp-json\/wp\/v2\/types\/product"}],"replies":[{"embeddable":true,"href":"https:\/\/test.burgwaechterservice.de\/fr\/wp-json\/wp\/v2\/comments?post=31688"}],"wp:featuredmedia":[{"embeddable":true,"href":"https:\/\/test.burgwaechterservice.de\/fr\/wp-json\/wp\/v2\/media\/286127"}],"wp:attachment":[{"href":"https:\/\/test.burgwaechterservice.de\/fr\/wp-json\/wp\/v2\/media?parent=31688"}],"wp:term":[{"taxonomy":"product_cat","embeddable":true,"href":"https:\/\/test.burgwaechterservice.de\/fr\/wp-json\/wp\/v2\/product_cat?post=31688"},{"taxonomy":"product_tag","embeddable":true,"href":"https:\/\/test.burgwaechterservice.de\/fr\/wp-json\/wp\/v2\/product_tag?post=31688"}],"curies":[{"name":"wp","href":"https:\/\/api.w.org\/{rel}","templated":true}]}}