{"id":31683,"date":"2016-07-14T14:26:47","date_gmt":"2016-07-14T12:26:47","guid":{"rendered":"https:\/\/www.burg.biz\/?post_type=product&#038;p=31683"},"modified":"2019-08-20T11:51:44","modified_gmt":"2019-08-20T09:51:44","slug":"tse-set-5021-pincode","status":"publish","type":"product","link":"https:\/\/test.burgwaechterservice.de\/fr\/p\/serrure-electronique\/tse-set-5021-pincode\/","title":{"rendered":"TSE Set 5021 Pincode"},"content":{"rendered":"<h2>Simple et rapide\u00a0: D\u00e9verrouiller des portes avec un code secret \u00e0 6 chiffres<\/h2>\n<p>La technique moderne pour d\u00e9verrouiller ou verrouiller<strong> en toute s\u00e9curit\u00e9<\/strong> vos portes\u00a0: Le cylindre \u00e9lectronique pour portes TSE PRIME avec code PIN de BURG-W\u00c4CHTER offre <strong>un grand confort d&#8217;ouverture.<\/strong> On tape confortablement le <strong>code secret \u00e0 6 chiffres <\/strong>sur le clavier TSE, et le cylindre \u00e9lectronique profil\u00e9 est imm\u00e9diatement activ\u00e9\u00a0;\u00a0vous pouvez alors actionner le bouton de porte pivotant pour ouvrir.<\/p>\n<h3>Diff\u00e9rents syst\u00e8mes d&#8217;ouverture possibles<\/h3>\n<p>Le mod\u00e8le TSE PRIME avec code PIN offre deux possibilit\u00e9s pour d\u00e9verrouiller confortablement vos portes en toute s\u00e9curit\u00e9.<\/p>\n<ul>\n<li>L&#8217;acc\u00e8s est rapide et simple avec le <strong>code \u00e0 6 chiffres, programm\u00e9 <\/strong>au pr\u00e9alable, \u00e0 taper sur le clavier TSE. Il est possible de programmer jusqu&#8217;\u00e0 48 utilisateurs (dont un code administrateur). Au total, il est possible de programmer un million de codes diff\u00e9rents.<\/li>\n<li>Vous avez \u00e9galement la possibilit\u00e9 d&#8217;acheter des <strong>cl\u00e9s \u00e9lectroniques \u00e0 t\u00e9l\u00e9commande radiofr\u00e9quence<\/strong><strong>TSE E-KEY pratiques.<\/strong> Vous devez simplement les avoir sur vous, pour que le cylindre soit automatiquement activ\u00e9, ou vous pouvez l&#8217;actionner manuellement au moyen du bouton-pressoir. Les deux m\u00e9thodes offrent \u00e0 la fois confort et s\u00e9curit\u00e9.<\/li>\n<\/ul>\n<p>Tous les syst\u00e8mes d&#8217;ouverture sont prot\u00e9g\u00e9s de fa\u00e7on optimale contre la manipulation gr\u00e2ce au cryptage AES.<\/p>\n<h3>Pour les portes en int\u00e9rieur et en ext\u00e9rieur prot\u00e9g\u00e9<\/h3>\n<p>Le cylindre \u00e9lectrique TSE PRIME <strong>peut \u00eatre utilis\u00e9 avec toutes les portes avec une \u00e9paisseur allant jusqu&#8217;\u00e0 118 mm <\/strong>(59\/59). Ce cylindre offre une flexibilit\u00e9 hors du commun, car il peut s&#8217;adapter au millim\u00e8tre pr\u00e8s \u00e0 votre porte lorsqu&#8217;il s&#8217;enclenche.<br \/>\nLe montage est <strong>simple<\/strong> et s&#8217;effectue en un tour de main\u00a0: Aucun per\u00e7age suppl\u00e9mentaire n&#8217;est n\u00e9cessaire. Le cylindre profil\u00e9 m\u00e9canique est tout simplement et facilement remplac\u00e9 par le cylindre \u00e9lectronique profil\u00e9. Les garnitures existantes demeurent donc intactes.<br \/>\nVeillez \u00e0 ce que la face int\u00e9rieure du cylindre soit install\u00e9e <strong>dans un endroit \u00e0 l&#8217;abri des intemp\u00e9ries.<\/strong><\/p>\n<p>Le <strong>clavier<\/strong> TSE PRIME (indice de protection IP 65) est <strong>r\u00e9sistant<\/strong> <strong>aux intemp\u00e9ries<\/strong> et se fixe \u00e0 proximit\u00e9 de la porte \u00e0 une distance de 4 m maximum. De cette fa\u00e7on, une liaison radio est assur\u00e9e.<br \/>\nLe clavier fonctionne avec des piles et consomme tr\u00e8s peu d&#8217;\u00e9nergie gr\u00e2ce \u00e0 une technologie ultra-moderne. De plus, le clavier est r\u00e9tro\u00e9clair\u00e9, afin que vous puissiez d\u00e9verrouiller votre porte facilement, m\u00eame avec de mauvaises conditions d&#8217;\u00e9clairage.<br \/>\nAvec le pav\u00e9 tactile, taper le code est particuli\u00e8rement ais\u00e9 et rapide.<\/p>\n<h3>Gestion d&#8217;utilisateur avec le logiciel pratique TSE pour PC<\/h3>\n<p>Le <strong>logiciel TSE disponible en option <\/strong>offre de nombreuses fonctions suppl\u00e9mentaires et pratiques pour votre PC.<br \/>\nG\u00e9rez tous les utilisateurs, cr\u00e9ez des profils d&#8217;utilisateur, et attribuez ou retirez des droits d&#8217;acc\u00e8s. Il est \u00e9galement possible de programmer des droits d&#8217;acc\u00e8s temporaires.<br \/>\nPour assurer une vue d&#8217;ensemble optimale des ouvertures, vous pouvez consulter l&#8217;historique int\u00e9gral. \u00c0 cet \u00e9gard, aucune liaison radio permanente avec l&#8217;unit\u00e9 TSE n&#8217;est n\u00e9cessaire.<\/p>\n<p>Ce produit contient\u00a0: Un cylindre \u00e9lectronique profil\u00e9 TSE, un clavier PINCODE, des piles, ainsi qu&#8217;un manuel d&#8217;utilisation et des instructions de montage.<\/p>\n<h3>Le cylindre \u00e9lectronique pour portes TSE PRIME SET 5021 PINCODE de BURG-W\u00c4CHTER<\/h3>\n<h4>FEATURES<\/h4>\n<ul>\n<li>Nouvelle technologie \u00e9conome en \u00e9nergie<\/li>\n<li>Dur\u00e9e de vie plus longue<\/li>\n<li>Encore plus de confort de fermeture<\/li>\n<li>Fonctions fiables, m\u00eame en cas de mauvaises conditions d&#8217;\u00e9clairage<\/li>\n<\/ul>\n<h4>S\u00c9CURIT\u00c9<\/h4>\n<ul>\n<li>Il est possible de programmer jusqu&#8217;\u00e0 48 utilisateurs (dont un code administrateur)<\/li>\n<li>1 million de codes possibles<\/li>\n<li>Code secret \u00e0 6 chiffres (cl\u00e9 \u00e9lectronique \u00e0 t\u00e9l\u00e9commande radiofr\u00e9quence\u00a0TSE E-KEY en option)<\/li>\n<li>Protection optimale contre toute manipulation<\/li>\n<li>Avec serrure de secours m\u00e9canique (2 cl\u00e9s)<\/li>\n<li>Clavier \u00e9tanche, indice de protection IP 55<\/li>\n<\/ul>\n<h4>COMPATIBILIT\u00c9<\/h4>\n<ul>\n<li>Convient \u00e0 toutes les \u00e9paisseurs de porte allant jusqu&#8217;\u00e0 118 mm (59\/59)<\/li>\n<li>Pour portes int\u00e9rieures et ext\u00e9rieures<\/li>\n<\/ul>\n<h4>WIRELESS<\/h4>\n<ul>\n<li>Installation du clavier dans un p\u00e9rim\u00e8tre de 4 m maximum de la porte<\/li>\n<li>Clavier r\u00e9tro\u00e9clair\u00e9<\/li>\n<li>Activation du clavier via un pav\u00e9 tactile<\/li>\n<\/ul>\n<h4>SIMPLICIT\u00c9<\/h4>\n<ul>\n<li>Montage sans c\u00e2ble ni per\u00e7age, etc.<\/li>\n<li>Le cylindre profil\u00e9 TSE \u00e0 commande \u00e9lectronique remplace le cylindre m\u00e9canique profil\u00e9<\/li>\n<li>On conserve en place les garnitures existantes<\/li>\n<li>Aucun per\u00e7age\u00a0\u2013 mise \u00e0 niveau extr\u00eamement simple<\/li>\n<li>Face int\u00e9rieure du cylindre \u00e0 l&#8217;abri des intemp\u00e9ries<\/li>\n<\/ul>\n<h4>COMPATIBILIT\u00c9 AVEC PC<\/h4>\n<ul>\n<li>Via le logiciel pour PC disponible en option, il est possible d&#8217;acc\u00e9der, entre autres, \u00e0 des fonctions telles que<\/li>\n<li>Gestion d&#8217;utilisateur uniquement de code PIN ou E-Keys<\/li>\n<li>Sans gestion d&#8217;utilisateur via lecteur d&#8217;empreintes digitales<\/li>\n<li>Attribution de p\u00e9riodes d&#8217;acc\u00e8s et de droits pour codes PIN et E-Keys<\/li>\n<li>La lecture de l&#8217;historique, etc.<\/li>\n<\/ul>\n","protected":false},"excerpt":{"rendered":"<p>Simple et rapide\u00a0: D\u00e9verrouiller des portes avec un code secret \u00e0 6 chiffres La technique moderne pour d\u00e9verrouiller ou verrouiller en toute s\u00e9curit\u00e9 vos portes\u00a0: Le cylindre \u00e9lectronique pour portes TSE PRIME avec code PIN de BURG-W\u00c4CHTER offre un grand &hellip; <a class=\"kt-excerpt-readmore\" href=\"https:\/\/test.burgwaechterservice.de\/fr\/p\/serrure-electronique\/tse-set-5021-pincode\/\" aria-label=\"TSE Set 5021 Pincode\">Lire la suite<\/a><\/p>\n","protected":false},"featured_media":286128,"comment_status":"closed","ping_status":"closed","template":"","meta":[],"product_cat":[1137],"product_tag":[543,561,562],"yoast_head":"<!-- This site is optimized with the Yoast SEO Premium plugin v18.4 (Yoast SEO v19.13) - https:\/\/yoast.com\/wordpress\/plugins\/seo\/ -->\n<title>TSE Set 5021 Pincode - BURG-W\u00c4CHTER<\/title>\n<meta name=\"description\" content=\"Simple et rapide\u00a0: D\u00e9verrouiller des portes avec un code secret \u00e0 6 chiffres La technique moderne pour d\u00e9verrouiller ou verrouiller en toute s\u00e9curit\u00e9 vos\" \/>\n<meta name=\"robots\" content=\"index, follow, max-snippet:-1, max-image-preview:large, max-video-preview:-1\" \/>\n<link rel=\"canonical\" href=\"https:\/\/test.burgwaechterservice.de\/fr\/p\/serrure-electronique\/tse-set-5021-pincode\/\" \/>\n<meta property=\"og:locale\" content=\"fr_FR\" \/>\n<meta property=\"og:type\" content=\"article\" \/>\n<meta property=\"og:title\" content=\"TSE Set 5021 Pincode\" \/>\n<meta property=\"og:description\" content=\"Simple et rapide\u00a0: D\u00e9verrouiller des portes avec un code secret \u00e0 6 chiffres La technique moderne pour d\u00e9verrouiller ou verrouiller en toute s\u00e9curit\u00e9 vos\" \/>\n<meta property=\"og:url\" content=\"https:\/\/test.burgwaechterservice.de\/fr\/p\/serrure-electronique\/tse-set-5021-pincode\/\" \/>\n<meta property=\"og:site_name\" content=\"Burg-W\u00e4chter France\" \/>\n<meta property=\"article:modified_time\" content=\"2019-08-20T09:51:44+00:00\" \/>\n<meta property=\"og:image\" content=\"https:\/\/test.burgwaechterservice.de\/fr\/wp-content\/uploads\/sites\/4\/2016\/07\/TSE-PRIME-Set-5021-PINCODE.jpg\" \/>\n\t<meta property=\"og:image:width\" content=\"800\" \/>\n\t<meta property=\"og:image:height\" content=\"800\" \/>\n\t<meta property=\"og:image:type\" content=\"image\/jpeg\" \/>\n<meta name=\"twitter:card\" content=\"summary_large_image\" \/>\n<meta name=\"twitter:label1\" content=\"Dur\u00e9e de lecture estim\u00e9e\" \/>\n\t<meta name=\"twitter:data1\" content=\"4 minutes\" \/>\n<!-- \/ Yoast SEO Premium plugin. -->","yoast_head_json":{"title":"TSE Set 5021 Pincode - BURG-W\u00c4CHTER","description":"Simple et rapide\u00a0: D\u00e9verrouiller des portes avec un code secret \u00e0 6 chiffres La technique moderne pour d\u00e9verrouiller ou verrouiller en toute s\u00e9curit\u00e9 vos","robots":{"index":"index","follow":"follow","max-snippet":"max-snippet:-1","max-image-preview":"max-image-preview:large","max-video-preview":"max-video-preview:-1"},"canonical":"https:\/\/test.burgwaechterservice.de\/fr\/p\/serrure-electronique\/tse-set-5021-pincode\/","og_locale":"fr_FR","og_type":"article","og_title":"TSE Set 5021 Pincode","og_description":"Simple et rapide\u00a0: D\u00e9verrouiller des portes avec un code secret \u00e0 6 chiffres La technique moderne pour d\u00e9verrouiller ou verrouiller en toute s\u00e9curit\u00e9 vos","og_url":"https:\/\/test.burgwaechterservice.de\/fr\/p\/serrure-electronique\/tse-set-5021-pincode\/","og_site_name":"Burg-W\u00e4chter France","article_modified_time":"2019-08-20T09:51:44+00:00","og_image":[{"width":800,"height":800,"url":"https:\/\/test.burgwaechterservice.de\/fr\/wp-content\/uploads\/sites\/4\/2016\/07\/TSE-PRIME-Set-5021-PINCODE.jpg","type":"image\/jpeg"}],"twitter_card":"summary_large_image","twitter_misc":{"Dur\u00e9e de lecture estim\u00e9e":"4 minutes"},"schema":{"@context":"https:\/\/schema.org","@graph":[{"@type":"WebPage","@id":"https:\/\/test.burgwaechterservice.de\/fr\/p\/serrure-electronique\/tse-set-5021-pincode\/","url":"https:\/\/test.burgwaechterservice.de\/fr\/p\/serrure-electronique\/tse-set-5021-pincode\/","name":"TSE Set 5021 Pincode - BURG-W\u00c4CHTER","isPartOf":{"@id":"https:\/\/test.burgwaechterservice.de\/fr\/#website"},"datePublished":"2016-07-14T12:26:47+00:00","dateModified":"2019-08-20T09:51:44+00:00","description":"Simple et rapide\u00a0: D\u00e9verrouiller des portes avec un code secret \u00e0 6 chiffres La technique moderne pour d\u00e9verrouiller ou verrouiller en toute s\u00e9curit\u00e9 vos","breadcrumb":{"@id":"https:\/\/test.burgwaechterservice.de\/fr\/p\/serrure-electronique\/tse-set-5021-pincode\/#breadcrumb"},"inLanguage":"fr-FR","potentialAction":[{"@type":"ReadAction","target":["https:\/\/test.burgwaechterservice.de\/fr\/p\/serrure-electronique\/tse-set-5021-pincode\/"]}]},{"@type":"BreadcrumbList","@id":"https:\/\/test.burgwaechterservice.de\/fr\/p\/serrure-electronique\/tse-set-5021-pincode\/#breadcrumb","itemListElement":[{"@type":"ListItem","position":1,"name":"Accueil","item":"https:\/\/test.burgwaechterservice.de\/fr\/"},{"@type":"ListItem","position":2,"name":"Produits","item":"https:\/\/test.burgwaechterservice.de\/fr\/p\/"},{"@type":"ListItem","position":3,"name":"TSE Set 5021 Pincode"}]},{"@type":"WebSite","@id":"https:\/\/test.burgwaechterservice.de\/fr\/#website","url":"https:\/\/test.burgwaechterservice.de\/fr\/","name":"Burg-W\u00e4chter France","description":"Le choix le plus s\u00fbr!","potentialAction":[{"@type":"SearchAction","target":{"@type":"EntryPoint","urlTemplate":"https:\/\/test.burgwaechterservice.de\/fr\/?s={search_term_string}"},"query-input":"required name=search_term_string"}],"inLanguage":"fr-FR"}]}},"_links":{"self":[{"href":"https:\/\/test.burgwaechterservice.de\/fr\/wp-json\/wp\/v2\/product\/31683"}],"collection":[{"href":"https:\/\/test.burgwaechterservice.de\/fr\/wp-json\/wp\/v2\/product"}],"about":[{"href":"https:\/\/test.burgwaechterservice.de\/fr\/wp-json\/wp\/v2\/types\/product"}],"replies":[{"embeddable":true,"href":"https:\/\/test.burgwaechterservice.de\/fr\/wp-json\/wp\/v2\/comments?post=31683"}],"wp:featuredmedia":[{"embeddable":true,"href":"https:\/\/test.burgwaechterservice.de\/fr\/wp-json\/wp\/v2\/media\/286128"}],"wp:attachment":[{"href":"https:\/\/test.burgwaechterservice.de\/fr\/wp-json\/wp\/v2\/media?parent=31683"}],"wp:term":[{"taxonomy":"product_cat","embeddable":true,"href":"https:\/\/test.burgwaechterservice.de\/fr\/wp-json\/wp\/v2\/product_cat?post=31683"},{"taxonomy":"product_tag","embeddable":true,"href":"https:\/\/test.burgwaechterservice.de\/fr\/wp-json\/wp\/v2\/product_tag?post=31683"}],"curies":[{"name":"wp","href":"https:\/\/api.w.org\/{rel}","templated":true}]}}